{"id":1232,"date":"2021-06-30T16:45:07","date_gmt":"2021-06-30T16:45:07","guid":{"rendered":"http:\/\/toravilla.com\/?page_id=1232"},"modified":"2022-12-13T18:01:10","modified_gmt":"2022-12-13T18:01:10","slug":"turkiyede-alanyaya-yatirim","status":"publish","type":"page","link":"https:\/\/toravilla.com\/ar\/turkiyede-alanyaya-yatirim\/","title":{"rendered":"T\u00fcrkiye&#8217;de Alanya&#8217;ya Yat\u0131r\u0131m"},"content":{"rendered":"<h1>T\u00fcrkiye Alanya Yat\u0131r\u0131m?<\/h1>\n<p>Bu makale yazmaya ba\u015flamadan \u00f6nce, rica ediyorum, l\u00fctfen dikkatlice okuyunuz. E\u011fer\u00a0 <strong>Alanya, T\u00fcrkiye&#8217;de yat\u0131r\u0131m <\/strong>yapmay\u0131 planl\u0131yorsan\u0131z, a\u015fa\u011f\u0131da verilenleri bilmelisiniz.<\/p>\n<p>1. Para kazanmak i\u00e7in mi yat\u0131r\u0131m yap\u0131yorsunuz?\u00a0<strong>EVET do\u011fru cevap!<\/strong><br \/>\n2. Sence! T\u00fcrkiye&#8217;de bir veya iki ev al\u0131p gelecek y\u0131l satabilirim ve b\u00f6ylece para kazanabilirim &#8211;<strong> Cevap EVET!<\/strong><br \/>\n3. Arazi\/arsa sat\u0131n al\u0131p ve bu arazi\/arsa satarak, para kazanabilirim. &#8211; <strong>Cevap EVET!<\/strong><\/p>","protected":false},"excerpt":{"rendered":"<p>T\u00fcrkiye Alanya Yat\u0131r\u0131m? Bu makale yazmaya ba\u015flamadan \u00f6nce, rica ediyorum, l\u00fctfen dikkatlice okuyunuz. E\u011fer\u00a0 Alanya, T\u00fcrkiye&#8217;de yat\u0131r\u0131m yapmay\u0131 planl\u0131yorsan\u0131z, a\u015fa\u011f\u0131da verilenleri bilmelisiniz. 1. Para kazanmak i\u00e7in mi yat\u0131r\u0131m yap\u0131yorsunuz?\u00a0EVET do\u011fru cevap! 2. Sence! T\u00fcrkiye&#8217;de bir veya iki ev al\u0131p gelecek y\u0131l satabilirim ve b\u00f6ylece para kazanabilirim &#8211; Cevap EVET! 3. Arazi\/arsa sat\u0131n al\u0131p ve bu&#8230;<\/p>","protected":false},"author":1,"featured_media":0,"parent":0,"menu_order":0,"comment_status":"closed","ping_status":"closed","template":"","meta":{"_mi_skip_tracking":false,"footnotes":""},"class_list":["post-1232","page","type-page","status-publish","hentry"],"yoast_head":"<!-- This site is optimized with the Yoast SEO plugin v20.1 - https:\/\/yoast.com\/wordpress\/plugins\/seo\/ -->\n<title>T\u00fcrkiye&#039;de Alanya&#039;ya Yat\u0131r\u0131m - Toravilla<\/title>\n<meta name=\"robots\" content=\"index, follow, max-snippet:-1, max-image-preview:large, max-video-preview:-1\" \/>\n<link rel=\"canonical\" href=\"https:\/\/toravilla.com\/ar\/turkiyede-alanyaya-yatirim\/\" \/>\n<meta property=\"og:locale\" content=\"ar_AR\" \/>\n<meta property=\"og:type\" content=\"article\" \/>\n<meta property=\"og:title\" content=\"T\u00fcrkiye&#039;de Alanya&#039;ya Yat\u0131r\u0131m - Toravilla\" \/>\n<meta property=\"og:description\" content=\"T\u00fcrkiye Alanya Yat\u0131r\u0131m? Bu makale yazmaya ba\u015flamadan \u00f6nce, rica ediyorum, l\u00fctfen dikkatlice okuyunuz. E\u011fer\u00a0 Alanya, T\u00fcrkiye&#8217;de yat\u0131r\u0131m yapmay\u0131 planl\u0131yorsan\u0131z, a\u015fa\u011f\u0131da verilenleri bilmelisiniz. 1. Para kazanmak i\u00e7in mi yat\u0131r\u0131m yap\u0131yorsunuz?\u00a0EVET do\u011fru cevap! 2. Sence! T\u00fcrkiye&#8217;de bir veya iki ev al\u0131p gelecek y\u0131l satabilirim ve b\u00f6ylece para kazanabilirim &#8211; Cevap EVET! 3. Arazi\/arsa sat\u0131n al\u0131p ve bu...\" \/>\n<meta property=\"og:url\" content=\"https:\/\/toravilla.com\/ar\/turkiyede-alanyaya-yatirim\/\" \/>\n<meta property=\"og:site_name\" content=\"Toravilla\" \/>\n<meta property=\"article:publisher\" content=\"https:\/\/www.facebook.com\/people\/Toravilla-Alanya\/100086007282611\/\" \/>\n<meta property=\"article:modified_time\" content=\"2022-12-13T18:01:10+00:00\" \/>\n<meta name=\"twitter:card\" content=\"summary_large_image\" \/>\n<meta name=\"twitter:site\" content=\"@Toravilla\" \/>\n<script type=\"application\/ld+json\" class=\"yoast-schema-graph\">{\"@context\":\"https:\/\/schema.org\",\"@graph\":[{\"@type\":\"WebPage\",\"@id\":\"https:\/\/toravilla.com\/turkiyede-alanyaya-yatirim\/\",\"url\":\"https:\/\/toravilla.com\/turkiyede-alanyaya-yatirim\/\",\"name\":\"T\u00fcrkiye'de Alanya'ya Yat\u0131r\u0131m - Toravilla\",\"isPartOf\":{\"@id\":\"https:\/\/toravilla.com\/#website\"},\"datePublished\":\"2021-06-30T16:45:07+00:00\",\"dateModified\":\"2022-12-13T18:01:10+00:00\",\"breadcrumb\":{\"@id\":\"https:\/\/toravilla.com\/turkiyede-alanyaya-yatirim\/#breadcrumb\"},\"inLanguage\":\"ar\",\"potentialAction\":[{\"@type\":\"ReadAction\",\"target\":[\"https:\/\/toravilla.com\/turkiyede-alanyaya-yatirim\/\"]}]},{\"@type\":\"BreadcrumbList\",\"@id\":\"https:\/\/toravilla.com\/turkiyede-alanyaya-yatirim\/#breadcrumb\",\"itemListElement\":[{\"@type\":\"ListItem\",\"position\":1,\"name\":\"Anasayfa\",\"item\":\"https:\/\/toravilla.com\/\"},{\"@type\":\"ListItem\",\"position\":2,\"name\":\"T\u00fcrkiye&#8217;de Alanya&#8217;ya Yat\u0131r\u0131m\"}]},{\"@type\":\"WebSite\",\"@id\":\"https:\/\/toravilla.com\/#website\",\"url\":\"https:\/\/toravilla.com\/\",\"name\":\"Toravilla\",\"description\":\"building your future\",\"publisher\":{\"@id\":\"https:\/\/toravilla.com\/#organization\"},\"potentialAction\":[{\"@type\":\"SearchAction\",\"target\":{\"@type\":\"EntryPoint\",\"urlTemplate\":\"https:\/\/toravilla.com\/?s={search_term_string}\"},\"query-input\":\"required name=search_term_string\"}],\"inLanguage\":\"ar\"},{\"@type\":\"Organization\",\"@id\":\"https:\/\/toravilla.com\/#organization\",\"name\":\"Toravilla\",\"url\":\"https:\/\/toravilla.com\/\",\"logo\":{\"@type\":\"ImageObject\",\"inLanguage\":\"ar\",\"@id\":\"https:\/\/toravilla.com\/#\/schema\/logo\/image\/\",\"url\":\"https:\/\/toravilla.com\/wp-content\/uploads\/2020\/02\/toravilla-site-logo-yeni-2.png\",\"contentUrl\":\"https:\/\/toravilla.com\/wp-content\/uploads\/2020\/02\/toravilla-site-logo-yeni-2.png\",\"width\":300,\"height\":100,\"caption\":\"Toravilla\"},\"image\":{\"@id\":\"https:\/\/toravilla.com\/#\/schema\/logo\/image\/\"},\"sameAs\":[\"https:\/\/www.facebook.com\/people\/Toravilla-Alanya\/100086007282611\/\",\"https:\/\/twitter.com\/Toravilla\",\"https:\/\/www.instagram.com\/toravillaemlak\/\",\"https:\/\/www.linkedin.com\/company\/toravilla\/\",\"https:\/\/www.youtube.com\/channel\/UCQWd3zRkPFLlIlRuDRZafNg\"]}]}<\/script>\n<!-- \/ Yoast SEO plugin. -->","yoast_head_json":{"title":"T\u00fcrkiye'de Alanya'ya Yat\u0131r\u0131m - Toravilla","robots":{"index":"index","follow":"follow","max-snippet":"max-snippet:-1","max-image-preview":"max-image-preview:large","max-video-preview":"max-video-preview:-1"},"canonical":"https:\/\/toravilla.com\/ar\/turkiyede-alanyaya-yatirim\/","og_locale":"ar_AR","og_type":"article","og_title":"T\u00fcrkiye'de Alanya'ya Yat\u0131r\u0131m - Toravilla","og_description":"T\u00fcrkiye Alanya Yat\u0131r\u0131m? Bu makale yazmaya ba\u015flamadan \u00f6nce, rica ediyorum, l\u00fctfen dikkatlice okuyunuz. E\u011fer\u00a0 Alanya, T\u00fcrkiye&#8217;de yat\u0131r\u0131m yapmay\u0131 planl\u0131yorsan\u0131z, a\u015fa\u011f\u0131da verilenleri bilmelisiniz. 1. Para kazanmak i\u00e7in mi yat\u0131r\u0131m yap\u0131yorsunuz?\u00a0EVET do\u011fru cevap! 2. Sence! T\u00fcrkiye&#8217;de bir veya iki ev al\u0131p gelecek y\u0131l satabilirim ve b\u00f6ylece para kazanabilirim &#8211; Cevap EVET! 3. Arazi\/arsa sat\u0131n al\u0131p ve bu...","og_url":"https:\/\/toravilla.com\/ar\/turkiyede-alanyaya-yatirim\/","og_site_name":"Toravilla","article_publisher":"https:\/\/www.facebook.com\/people\/Toravilla-Alanya\/100086007282611\/","article_modified_time":"2022-12-13T18:01:10+00:00","twitter_card":"summary_large_image","twitter_site":"@Toravilla","schema":{"@context":"https:\/\/schema.org","@graph":[{"@type":"WebPage","@id":"https:\/\/toravilla.com\/turkiyede-alanyaya-yatirim\/","url":"https:\/\/toravilla.com\/turkiyede-alanyaya-yatirim\/","name":"T\u00fcrkiye'de Alanya'ya Yat\u0131r\u0131m - Toravilla","isPartOf":{"@id":"https:\/\/toravilla.com\/#website"},"datePublished":"2021-06-30T16:45:07+00:00","dateModified":"2022-12-13T18:01:10+00:00","breadcrumb":{"@id":"https:\/\/toravilla.com\/turkiyede-alanyaya-yatirim\/#breadcrumb"},"inLanguage":"ar","potentialAction":[{"@type":"ReadAction","target":["https:\/\/toravilla.com\/turkiyede-alanyaya-yatirim\/"]}]},{"@type":"BreadcrumbList","@id":"https:\/\/toravilla.com\/turkiyede-alanyaya-yatirim\/#breadcrumb","itemListElement":[{"@type":"ListItem","position":1,"name":"Anasayfa","item":"https:\/\/toravilla.com\/"},{"@type":"ListItem","position":2,"name":"T\u00fcrkiye&#8217;de Alanya&#8217;ya Yat\u0131r\u0131m"}]},{"@type":"WebSite","@id":"https:\/\/toravilla.com\/#website","url":"https:\/\/toravilla.com\/","name":"Toravilla","description":"building your future","publisher":{"@id":"https:\/\/toravilla.com\/#organization"},"potentialAction":[{"@type":"SearchAction","target":{"@type":"EntryPoint","urlTemplate":"https:\/\/toravilla.com\/?s={search_term_string}"},"query-input":"required name=search_term_string"}],"inLanguage":"ar"},{"@type":"Organization","@id":"https:\/\/toravilla.com\/#organization","name":"Toravilla","url":"https:\/\/toravilla.com\/","logo":{"@type":"ImageObject","inLanguage":"ar","@id":"https:\/\/toravilla.com\/#\/schema\/logo\/image\/","url":"https:\/\/toravilla.com\/wp-content\/uploads\/2020\/02\/toravilla-site-logo-yeni-2.png","contentUrl":"https:\/\/toravilla.com\/wp-content\/uploads\/2020\/02\/toravilla-site-logo-yeni-2.png","width":300,"height":100,"caption":"Toravilla"},"image":{"@id":"https:\/\/toravilla.com\/#\/schema\/logo\/image\/"},"sameAs":["https:\/\/www.facebook.com\/people\/Toravilla-Alanya\/100086007282611\/","https:\/\/twitter.com\/Toravilla","https:\/\/www.instagram.com\/toravillaemlak\/","https:\/\/www.linkedin.com\/company\/toravilla\/","https:\/\/www.youtube.com\/channel\/UCQWd3zRkPFLlIlRuDRZafNg"]}]}},"_links":{"self":[{"href":"https:\/\/toravilla.com\/ar\/wp-json\/wp\/v2\/pages\/1232","targetHints":{"allow":["GET"]}}],"collection":[{"href":"https:\/\/toravilla.com\/ar\/wp-json\/wp\/v2\/pages"}],"about":[{"href":"https:\/\/toravilla.com\/ar\/wp-json\/wp\/v2\/types\/page"}],"author":[{"embeddable":true,"href":"https:\/\/toravilla.com\/ar\/wp-json\/wp\/v2\/users\/1"}],"replies":[{"embeddable":true,"href":"https:\/\/toravilla.com\/ar\/wp-json\/wp\/v2\/comments?post=1232"}],"version-history":[{"count":1,"href":"https:\/\/toravilla.com\/ar\/wp-json\/wp\/v2\/pages\/1232\/revisions"}],"predecessor-version":[{"id":7888,"href":"https:\/\/toravilla.com\/ar\/wp-json\/wp\/v2\/pages\/1232\/revisions\/7888"}],"wp:attachment":[{"href":"https:\/\/toravilla.com\/ar\/wp-json\/wp\/v2\/media?parent=1232"}],"curies":[{"name":"wp","href":"https:\/\/api.w.org\/{rel}","templated":true}]}}