{"id":1235,"date":"2021-06-30T16:46:09","date_gmt":"2021-06-30T16:46:09","guid":{"rendered":"http:\/\/toravilla.com\/?page_id=1235"},"modified":"2023-03-17T13:20:44","modified_gmt":"2023-03-17T13:20:44","slug":"bilgi-sayfalari","status":"publish","type":"page","link":"https:\/\/toravilla.com\/ar\/bilgi-sayfalari\/","title":{"rendered":"Bilgi Sayfalar\u0131"},"content":{"rendered":"<div data-elementor-type=\"wp-page\" data-elementor-id=\"1235\" class=\"elementor elementor-1235\">\n\t\t\t\t\t\t\t\t\t<section class=\"elementor-section elementor-top-section elementor-element elementor-element-3dfcebae elementor-section-boxed elementor-section-height-default elementor-section-height-default\" data-id=\"3dfcebae\" data-element_type=\"section\">\n\t\t\t\t\t\t<div class=\"elementor-container elementor-column-gap-default\">\n\t\t\t\t\t<div class=\"elementor-column elementor-col-100 elementor-top-column elementor-element elementor-element-558084c4\" data-id=\"558084c4\" data-element_type=\"column\">\n\t\t\t<div class=\"elementor-widget-wrap elementor-element-populated\">\n\t\t\t\t\t\t\t\t<div class=\"elementor-element elementor-element-7b03eecb animated-fast elementor-invisible elementor-widget elementor-widget-text-editor\" data-id=\"7b03eecb\" data-element_type=\"widget\" data-settings=\"{&quot;_animation&quot;:&quot;fadeInDown&quot;}\" data-widget_type=\"text-editor.default\">\n\t\t\t\t<div class=\"elementor-widget-container\">\n\t\t\t<style>\/*! elementor - v3.11.2 - 22-02-2023 *\/\n.elementor-widget-text-editor.elementor-drop-cap-view-stacked .elementor-drop-cap{background-color:#818a91;color:#fff}.elementor-widget-text-editor.elementor-drop-cap-view-framed .elementor-drop-cap{color:#818a91;border:3px solid;background-color:transparent}.elementor-widget-text-editor:not(.elementor-drop-cap-view-default) .elementor-drop-cap{margin-top:8px}.elementor-widget-text-editor:not(.elementor-drop-cap-view-default) .elementor-drop-cap-letter{width:1em;height:1em}.elementor-widget-text-editor .elementor-drop-cap{float:left;text-align:center;line-height:1;font-size:50px}.elementor-widget-text-editor .elementor-drop-cap-letter{display:inline-block}<\/style>\t\t\t\t<p><img loading=\"lazy\" decoding=\"async\" class=\"wp-image-8615 alignright\" src=\"https:\/\/toravilla.com\/wp-content\/uploads\/2020\/02\/SeVVRstI5E0-300x185.jpg\" alt=\"\" width=\"545\" height=\"336\" srcset=\"https:\/\/toravilla.com\/wp-content\/uploads\/2020\/02\/SeVVRstI5E0-300x185.jpg?v=1679792493 300w, https:\/\/toravilla.com\/wp-content\/uploads\/2020\/02\/SeVVRstI5E0-1024x631.jpg?v=1679792493 1024w, https:\/\/toravilla.com\/wp-content\/uploads\/2020\/02\/SeVVRstI5E0-768x474.jpg?v=1679792493 768w, https:\/\/toravilla.com\/wp-content\/uploads\/2020\/02\/SeVVRstI5E0-18x12.jpg?v=1679792493 18w, https:\/\/toravilla.com\/wp-content\/uploads\/2020\/02\/SeVVRstI5E0-150x93.jpg?v=1679792493 150w, https:\/\/toravilla.com\/wp-content\/uploads\/2020\/02\/SeVVRstI5E0.jpg?v=1679792493 1200w\" sizes=\"auto, (max-width: 545px) 100vw, 545px\" \/><\/p><p>GAYR\u0130MENKUL DE\u011eERLEME RAPORU NED\u0130R?<\/p><p>Gayrimenkul de\u011ferleme raporu, yabanc\u0131 gayrimenkul al\u0131c\u0131lar\u0131n\u0131 korumak i\u00e7in zorunlu olan bir rapordur. Bu sayfada gayrimenkul\u00fcn\u00fcz i\u00e7in de\u011ferleme raporu al\u0131rken ihtiyac\u0131n\u0131z olacak evraklar ve zorunlu \u00a0de\u011ferleme raporu hakk\u0131nda bilgi bulabilirsiniz.<\/p><p>T.C. \u00c7evre ve \u015eehircilik Bakanl\u0131\u011f\u0131 Tapu ve Kadastro Genel M\u00fcd\u00fcrl\u00fc\u011f\u00fc Yabanc\u0131 \u0130\u015fler Daire Ba\u015fkanl\u0131\u011f\u0131\u2019n\u0131n\u00a0<a href=\"https:\/\/www.tkgm.gov.tr\/sites\/default\/files\/icerik\/ekleri\/yabancilarin_tasinmaz_ediniminde_degerleme_raporu_alinmasi_hakkinda_2019-1_ocr.pdf\">15.02.2019 tarihli genelgesi<\/a>\u00a0ile\u00a0T\u00fcrkiye\u2019de yer alan ta\u015f\u0131nmazlar\u0131n yabanc\u0131 uyruklu ger\u00e7ek ki\u015filerin taraf oldu\u011fu al\u0131m-sat\u0131m i\u015flemlerinde\u00a0ta\u015f\u0131nmaz de\u011ferleme raporunun al\u0131nmas\u0131 zorunlu hale gelmi\u015ftir.<\/p><p>Yabanc\u0131 ki\u015filerin gerek al\u0131c\u0131, gerek sat\u0131c\u0131 olarak taraf oldu\u011fu b\u00fct\u00fcn sat\u0131\u015f i\u015flemlerinde ta\u015f\u0131nmaz de\u011ferleme raporu aranacak olup Tapu M\u00fcd\u00fcrl\u00fc\u011f\u00fc\u2019ne sunulan de\u011ferleme raporlar\u0131n\u0131n d\u00fczenlendi\u011fi tarihten itibaren 3 ayl\u0131k s\u00fcre i\u00e7erisinde ba\u015fvurulmak kayd\u0131yla i\u015flem tamamlan\u0131ncaya kadar ge\u00e7erlili\u011fi bulunmaktad\u0131r.<\/p><p>Yabanc\u0131ya sat\u0131\u015f, yabanc\u0131 sat\u0131\u015f\u0131 i\u015flemlerinde kullan\u0131lmak \u00fczere gayrimenkul de\u011ferleme raporu,\u00a0yabanc\u0131 i\u00e7in ekspertiz raporu alma \u00a0t\u00fcm yabanc\u0131 gayrimenkul al\u0131c\u0131lar\u0131n\u0131n almas\u0131 gereken bir zorunluluktur.<\/p><p><strong>De\u011ferleme raporu a\u015fa\u011f\u0131daki istatistikleri i\u00e7erecektir<\/strong>\u00a0:<\/p><ul><li>Otantik resimler<\/li><li>Tapu bilgileri<\/li><li>Konum bazl\u0131 bilgiler<\/li><li>Tapu ve Kadastro Genel M\u00fcd\u00fcrl\u00fc\u011f\u00fc taraf\u0131ndan sa\u011flanan teknik bilgiler ve bor\u00e7 durumu<\/li><li>Yak\u0131ndaki benzer m\u00fclklerin fiyatlar\u0131n\u0131n yan\u0131 s\u0131ra fiyat tahmini<\/li><\/ul><p><strong><span style=\"vertical-align: inherit;\">T\u00fcrkiye&#8217;de \u0130ki \u00c7e\u015fit De\u011ferleme Raporu Vard\u0131r<\/span><\/strong><\/p><ul><li><span style=\"vertical-align: inherit;\">Gayrimenkul de\u011ferlendirme raporu i\u00e7in ge\u00e7erli: <\/span><br \/><em><span style=\"vertical-align: inherit;\">Apartman dairesi ya da m\u00fcstakil ev, al\u0131\u015fveri\u015f merkezleri, ofisler, tar\u0131m alanlar\u0131, vs.<\/span><\/em><\/li><li><span style=\"vertical-align: inherit;\">Fizibilite raporlu proje de\u011ferlendirme oteli i\u00e7in ge\u00e7erlidir: <\/span><br \/><em><span style=\"vertical-align: inherit;\">Arsa yat\u0131r\u0131mlar\u0131, ticari ve yat\u0131r\u0131mlar\u0131, \u00e7evre yat\u0131r\u0131mlar\u0131, al\u0131\u015fveri\u015f merkezi yat\u0131r\u0131mlar\u0131, in\u015faat yat\u0131r\u0131mlar\u0131, vs.<\/span><\/em><\/li><\/ul><h4><span style=\"vertical-align: inherit;\">Toravilla Gayrimenkul Olarak Rol\u00fcm\u00fcz&#8230;<\/span><\/h4><p><span style=\"vertical-align: inherit;\">Toravilla Emlak olarak, kolay bir i\u015fi i\u00e7in \u00e7ok \u00e7aba sarf etmek. Sadece SPK taraf\u0131ndan yetkilendirilen puanlanma ile yard\u0131m yap\u0131yoruz. <\/span><em><span style=\"vertical-align: inherit;\">De\u011ferleme raporu gayrimenkuller i\u00e7in 2-3 g\u00fcn kadar bir s\u00fcre i\u00e7inde <\/span><\/em>\u00a0<em><span style=\"vertical-align: inherit;\">, i\u015f, ya da arazi i\u00e7in fizibilite \u00e7\u0131karken 2 haftadan 1 aya kadar s\u00fcrebilmektedir.\u00a0<\/span><\/em><\/p><p>\u00a0<\/p>\t\t\t\t\t\t<\/div>\n\t\t\t\t<\/div>\n\t\t\t\t\t<\/div>\n\t\t<\/div>\n\t\t\t\t\t\t\t<\/div>\n\t\t<\/section>\n\t\t\t\t\t\t\t<\/div>","protected":false},"excerpt":{"rendered":"<p>GAYR\u0130MENKUL DE\u011eERLEME RAPORU NED\u0130R? Gayrimenkul de\u011ferleme raporu, yabanc\u0131 gayrimenkul al\u0131c\u0131lar\u0131n\u0131 korumak i\u00e7in zorunlu olan bir rapordur. Bu sayfada gayrimenkul\u00fcn\u00fcz i\u00e7in de\u011ferleme raporu al\u0131rken ihtiyac\u0131n\u0131z olacak evraklar ve zorunlu \u00a0de\u011ferleme raporu hakk\u0131nda bilgi bulabilirsiniz. T.C. \u00c7evre ve \u015eehircilik Bakanl\u0131\u011f\u0131 Tapu ve Kadastro Genel M\u00fcd\u00fcrl\u00fc\u011f\u00fc Yabanc\u0131 \u0130\u015fler Daire Ba\u015fkanl\u0131\u011f\u0131\u2019n\u0131n\u00a015.02.2019 tarihli genelgesi\u00a0ile\u00a0T\u00fcrkiye\u2019de yer alan ta\u015f\u0131nmazlar\u0131n yabanc\u0131 uyruklu ger\u00e7ek&#8230;<\/p>","protected":false},"author":1,"featured_media":0,"parent":0,"menu_order":0,"comment_status":"closed","ping_status":"closed","template":"","meta":{"_mi_skip_tracking":false,"footnotes":""},"class_list":["post-1235","page","type-page","status-publish","hentry"],"yoast_head":"<!-- This site is optimized with the Yoast SEO plugin v20.1 - https:\/\/yoast.com\/wordpress\/plugins\/seo\/ -->\n<title>Bilgi Sayfalar\u0131 - Toravilla<\/title>\n<meta name=\"robots\" content=\"index, follow, max-snippet:-1, max-image-preview:large, max-video-preview:-1\" \/>\n<link rel=\"canonical\" href=\"https:\/\/toravilla.com\/ar\/bilgi-sayfalari\/\" \/>\n<meta property=\"og:locale\" content=\"ar_AR\" \/>\n<meta property=\"og:type\" content=\"article\" \/>\n<meta property=\"og:title\" content=\"Bilgi Sayfalar\u0131 - Toravilla\" \/>\n<meta property=\"og:description\" content=\"GAYR\u0130MENKUL DE\u011eERLEME RAPORU NED\u0130R? Gayrimenkul de\u011ferleme raporu, yabanc\u0131 gayrimenkul al\u0131c\u0131lar\u0131n\u0131 korumak i\u00e7in zorunlu olan bir rapordur. Bu sayfada gayrimenkul\u00fcn\u00fcz i\u00e7in de\u011ferleme raporu al\u0131rken ihtiyac\u0131n\u0131z olacak evraklar ve zorunlu \u00a0de\u011ferleme raporu hakk\u0131nda bilgi bulabilirsiniz. T.C. \u00c7evre ve \u015eehircilik Bakanl\u0131\u011f\u0131 Tapu ve Kadastro Genel M\u00fcd\u00fcrl\u00fc\u011f\u00fc Yabanc\u0131 \u0130\u015fler Daire Ba\u015fkanl\u0131\u011f\u0131\u2019n\u0131n\u00a015.02.2019 tarihli genelgesi\u00a0ile\u00a0T\u00fcrkiye\u2019de yer alan ta\u015f\u0131nmazlar\u0131n yabanc\u0131 uyruklu ger\u00e7ek...\" \/>\n<meta property=\"og:url\" content=\"https:\/\/toravilla.com\/ar\/bilgi-sayfalari\/\" \/>\n<meta property=\"og:site_name\" content=\"Toravilla\" \/>\n<meta property=\"article:publisher\" content=\"https:\/\/www.facebook.com\/people\/Toravilla-Alanya\/100086007282611\/\" \/>\n<meta property=\"article:modified_time\" content=\"2023-03-17T13:20:44+00:00\" \/>\n<meta property=\"og:image\" content=\"https:\/\/toravilla.com\/wp-content\/uploads\/2020\/02\/SeVVRstI5E0-300x185.jpg\" \/>\n<meta name=\"twitter:card\" content=\"summary_large_image\" \/>\n<meta name=\"twitter:site\" content=\"@Toravilla\" \/>\n<meta name=\"twitter:label1\" content=\"\u0648\u0642\u062a \u0627\u0644\u0642\u0631\u0627\u0621\u0629 \u0627\u0644\u0645\u064f\u0642\u062f\u0651\u0631\" \/>\n\t<meta name=\"twitter:data1\" content=\"\u062f\u0642\u064a\u0642\u062a\u0627\u0646\" \/>\n<script type=\"application\/ld+json\" class=\"yoast-schema-graph\">{\"@context\":\"https:\/\/schema.org\",\"@graph\":[{\"@type\":\"WebPage\",\"@id\":\"https:\/\/toravilla.com\/bilgi-sayfalari\/\",\"url\":\"https:\/\/toravilla.com\/bilgi-sayfalari\/\",\"name\":\"Bilgi Sayfalar\u0131 - Toravilla\",\"isPartOf\":{\"@id\":\"https:\/\/toravilla.com\/#website\"},\"datePublished\":\"2021-06-30T16:46:09+00:00\",\"dateModified\":\"2023-03-17T13:20:44+00:00\",\"breadcrumb\":{\"@id\":\"https:\/\/toravilla.com\/bilgi-sayfalari\/#breadcrumb\"},\"inLanguage\":\"ar\",\"potentialAction\":[{\"@type\":\"ReadAction\",\"target\":[\"https:\/\/toravilla.com\/bilgi-sayfalari\/\"]}]},{\"@type\":\"BreadcrumbList\",\"@id\":\"https:\/\/toravilla.com\/bilgi-sayfalari\/#breadcrumb\",\"itemListElement\":[{\"@type\":\"ListItem\",\"position\":1,\"name\":\"Anasayfa\",\"item\":\"https:\/\/toravilla.com\/\"},{\"@type\":\"ListItem\",\"position\":2,\"name\":\"Bilgi Sayfalar\u0131\"}]},{\"@type\":\"WebSite\",\"@id\":\"https:\/\/toravilla.com\/#website\",\"url\":\"https:\/\/toravilla.com\/\",\"name\":\"Toravilla\",\"description\":\"building your future\",\"publisher\":{\"@id\":\"https:\/\/toravilla.com\/#organization\"},\"potentialAction\":[{\"@type\":\"SearchAction\",\"target\":{\"@type\":\"EntryPoint\",\"urlTemplate\":\"https:\/\/toravilla.com\/?s={search_term_string}\"},\"query-input\":\"required name=search_term_string\"}],\"inLanguage\":\"ar\"},{\"@type\":\"Organization\",\"@id\":\"https:\/\/toravilla.com\/#organization\",\"name\":\"Toravilla\",\"url\":\"https:\/\/toravilla.com\/\",\"logo\":{\"@type\":\"ImageObject\",\"inLanguage\":\"ar\",\"@id\":\"https:\/\/toravilla.com\/#\/schema\/logo\/image\/\",\"url\":\"https:\/\/toravilla.com\/wp-content\/uploads\/2020\/02\/toravilla-site-logo-yeni-2.png\",\"contentUrl\":\"https:\/\/toravilla.com\/wp-content\/uploads\/2020\/02\/toravilla-site-logo-yeni-2.png\",\"width\":300,\"height\":100,\"caption\":\"Toravilla\"},\"image\":{\"@id\":\"https:\/\/toravilla.com\/#\/schema\/logo\/image\/\"},\"sameAs\":[\"https:\/\/www.facebook.com\/people\/Toravilla-Alanya\/100086007282611\/\",\"https:\/\/twitter.com\/Toravilla\",\"https:\/\/www.instagram.com\/toravillaemlak\/\",\"https:\/\/www.linkedin.com\/company\/toravilla\/\",\"https:\/\/www.youtube.com\/channel\/UCQWd3zRkPFLlIlRuDRZafNg\"]}]}<\/script>\n<!-- \/ Yoast SEO plugin. -->","yoast_head_json":{"title":"Bilgi Sayfalar\u0131 - Toravilla","robots":{"index":"index","follow":"follow","max-snippet":"max-snippet:-1","max-image-preview":"max-image-preview:large","max-video-preview":"max-video-preview:-1"},"canonical":"https:\/\/toravilla.com\/ar\/bilgi-sayfalari\/","og_locale":"ar_AR","og_type":"article","og_title":"Bilgi Sayfalar\u0131 - Toravilla","og_description":"GAYR\u0130MENKUL DE\u011eERLEME RAPORU NED\u0130R? Gayrimenkul de\u011ferleme raporu, yabanc\u0131 gayrimenkul al\u0131c\u0131lar\u0131n\u0131 korumak i\u00e7in zorunlu olan bir rapordur. Bu sayfada gayrimenkul\u00fcn\u00fcz i\u00e7in de\u011ferleme raporu al\u0131rken ihtiyac\u0131n\u0131z olacak evraklar ve zorunlu \u00a0de\u011ferleme raporu hakk\u0131nda bilgi bulabilirsiniz. T.C. \u00c7evre ve \u015eehircilik Bakanl\u0131\u011f\u0131 Tapu ve Kadastro Genel M\u00fcd\u00fcrl\u00fc\u011f\u00fc Yabanc\u0131 \u0130\u015fler Daire Ba\u015fkanl\u0131\u011f\u0131\u2019n\u0131n\u00a015.02.2019 tarihli genelgesi\u00a0ile\u00a0T\u00fcrkiye\u2019de yer alan ta\u015f\u0131nmazlar\u0131n yabanc\u0131 uyruklu ger\u00e7ek...","og_url":"https:\/\/toravilla.com\/ar\/bilgi-sayfalari\/","og_site_name":"Toravilla","article_publisher":"https:\/\/www.facebook.com\/people\/Toravilla-Alanya\/100086007282611\/","article_modified_time":"2023-03-17T13:20:44+00:00","og_image":[{"url":"https:\/\/toravilla.com\/wp-content\/uploads\/2020\/02\/SeVVRstI5E0-300x185.jpg"}],"twitter_card":"summary_large_image","twitter_site":"@Toravilla","twitter_misc":{"\u0648\u0642\u062a \u0627\u0644\u0642\u0631\u0627\u0621\u0629 \u0627\u0644\u0645\u064f\u0642\u062f\u0651\u0631":"\u062f\u0642\u064a\u0642\u062a\u0627\u0646"},"schema":{"@context":"https:\/\/schema.org","@graph":[{"@type":"WebPage","@id":"https:\/\/toravilla.com\/bilgi-sayfalari\/","url":"https:\/\/toravilla.com\/bilgi-sayfalari\/","name":"Bilgi Sayfalar\u0131 - Toravilla","isPartOf":{"@id":"https:\/\/toravilla.com\/#website"},"datePublished":"2021-06-30T16:46:09+00:00","dateModified":"2023-03-17T13:20:44+00:00","breadcrumb":{"@id":"https:\/\/toravilla.com\/bilgi-sayfalari\/#breadcrumb"},"inLanguage":"ar","potentialAction":[{"@type":"ReadAction","target":["https:\/\/toravilla.com\/bilgi-sayfalari\/"]}]},{"@type":"BreadcrumbList","@id":"https:\/\/toravilla.com\/bilgi-sayfalari\/#breadcrumb","itemListElement":[{"@type":"ListItem","position":1,"name":"Anasayfa","item":"https:\/\/toravilla.com\/"},{"@type":"ListItem","position":2,"name":"Bilgi Sayfalar\u0131"}]},{"@type":"WebSite","@id":"https:\/\/toravilla.com\/#website","url":"https:\/\/toravilla.com\/","name":"Toravilla","description":"building your future","publisher":{"@id":"https:\/\/toravilla.com\/#organization"},"potentialAction":[{"@type":"SearchAction","target":{"@type":"EntryPoint","urlTemplate":"https:\/\/toravilla.com\/?s={search_term_string}"},"query-input":"required name=search_term_string"}],"inLanguage":"ar"},{"@type":"Organization","@id":"https:\/\/toravilla.com\/#organization","name":"Toravilla","url":"https:\/\/toravilla.com\/","logo":{"@type":"ImageObject","inLanguage":"ar","@id":"https:\/\/toravilla.com\/#\/schema\/logo\/image\/","url":"https:\/\/toravilla.com\/wp-content\/uploads\/2020\/02\/toravilla-site-logo-yeni-2.png","contentUrl":"https:\/\/toravilla.com\/wp-content\/uploads\/2020\/02\/toravilla-site-logo-yeni-2.png","width":300,"height":100,"caption":"Toravilla"},"image":{"@id":"https:\/\/toravilla.com\/#\/schema\/logo\/image\/"},"sameAs":["https:\/\/www.facebook.com\/people\/Toravilla-Alanya\/100086007282611\/","https:\/\/twitter.com\/Toravilla","https:\/\/www.instagram.com\/toravillaemlak\/","https:\/\/www.linkedin.com\/company\/toravilla\/","https:\/\/www.youtube.com\/channel\/UCQWd3zRkPFLlIlRuDRZafNg"]}]}},"_links":{"self":[{"href":"https:\/\/toravilla.com\/ar\/wp-json\/wp\/v2\/pages\/1235","targetHints":{"allow":["GET"]}}],"collection":[{"href":"https:\/\/toravilla.com\/ar\/wp-json\/wp\/v2\/pages"}],"about":[{"href":"https:\/\/toravilla.com\/ar\/wp-json\/wp\/v2\/types\/page"}],"author":[{"embeddable":true,"href":"https:\/\/toravilla.com\/ar\/wp-json\/wp\/v2\/users\/1"}],"replies":[{"embeddable":true,"href":"https:\/\/toravilla.com\/ar\/wp-json\/wp\/v2\/comments?post=1235"}],"version-history":[{"count":9,"href":"https:\/\/toravilla.com\/ar\/wp-json\/wp\/v2\/pages\/1235\/revisions"}],"predecessor-version":[{"id":8629,"href":"https:\/\/toravilla.com\/ar\/wp-json\/wp\/v2\/pages\/1235\/revisions\/8629"}],"wp:attachment":[{"href":"https:\/\/toravilla.com\/ar\/wp-json\/wp\/v2\/media?parent=1235"}],"curies":[{"name":"wp","href":"https:\/\/api.w.org\/{rel}","templated":true}]}}