{"id":2303,"date":"2022-09-08T09:54:01","date_gmt":"2022-09-08T09:54:01","guid":{"rendered":"https:\/\/toravilla.com\/?page_id=2303"},"modified":"2022-12-13T18:01:12","modified_gmt":"2022-12-13T18:01:12","slug":"yatirim-yoluyla-turk-vatandasligi-alma","status":"publish","type":"page","link":"https:\/\/toravilla.com\/ar\/yatirim-yoluyla-turk-vatandasligi-alma\/","title":{"rendered":"YATIRIM YOLUYLA T\u00dcRK VATANDA\u015eLI\u011eI ALMA"},"content":{"rendered":"<p>YATIRIM YOLUYLA T\u00dcRK VATANDA\u015eLI\u011eI ALMA<\/p>\n<p>Yat\u0131r\u0131m yoluyla T\u00fcrk vatanda\u015fl\u0131\u011f\u0131n\u0131 kazanma, farkl\u0131 farkl\u0131 \u00f6ng\u00f6r\u00fclm\u00fc\u015f yat\u0131r\u0131m \u015fekilleri sonucunda di\u011fer \u015fartlar\u0131n da sa\u011flanmas\u0131 ile ki\u015fiye T\u00fcrk vatanda\u015fl\u0131\u011f\u0131na ba\u015fvurma hakk\u0131 tan\u0131yan bir imkand\u0131r.<\/p>\n<p>Yat\u0131r\u0131m yoluyla vatanda\u015fl\u0131k programlar\u0131, bir g\u00fcvence sa\u011flaman\u0131n en etkili yoludur. Alternatif vatanda\u015fl\u0131k ve pasaport kar\u015f\u0131l\u0131\u011f\u0131nda t\u00fcm faydalar\u0131yla birlikte adanm\u0131\u015f yat\u0131r\u0131md\u0131r.<\/p>","protected":false},"excerpt":{"rendered":"<p>YATIRIM YOLUYLA T\u00dcRK VATANDA\u015eLI\u011eI ALMA Yat\u0131r\u0131m yoluyla T\u00fcrk vatanda\u015fl\u0131\u011f\u0131n\u0131 kazanma, farkl\u0131 farkl\u0131 \u00f6ng\u00f6r\u00fclm\u00fc\u015f yat\u0131r\u0131m \u015fekilleri sonucunda di\u011fer \u015fartlar\u0131n da sa\u011flanmas\u0131 ile ki\u015fiye T\u00fcrk vatanda\u015fl\u0131\u011f\u0131na ba\u015fvurma hakk\u0131 tan\u0131yan bir imkand\u0131r. Yat\u0131r\u0131m yoluyla vatanda\u015fl\u0131k programlar\u0131, bir g\u00fcvence sa\u011flaman\u0131n en etkili yoludur. Alternatif vatanda\u015fl\u0131k ve pasaport kar\u015f\u0131l\u0131\u011f\u0131nda t\u00fcm faydalar\u0131yla birlikte adanm\u0131\u015f yat\u0131r\u0131md\u0131r.<\/p>","protected":false},"author":1,"featured_media":0,"parent":0,"menu_order":0,"comment_status":"closed","ping_status":"closed","template":"","meta":{"_mi_skip_tracking":false,"footnotes":""},"class_list":["post-2303","page","type-page","status-publish","hentry"],"yoast_head":"<!-- This site is optimized with the Yoast SEO plugin v20.1 - https:\/\/yoast.com\/wordpress\/plugins\/seo\/ -->\n<title>YATIRIM YOLUYLA T\u00dcRK VATANDA\u015eLI\u011eI ALMA - Toravilla<\/title>\n<meta name=\"robots\" content=\"index, follow, max-snippet:-1, max-image-preview:large, max-video-preview:-1\" \/>\n<link rel=\"canonical\" href=\"https:\/\/toravilla.com\/ar\/yatirim-yoluyla-turk-vatandasligi-alma\/\" \/>\n<meta property=\"og:locale\" content=\"ar_AR\" \/>\n<meta property=\"og:type\" content=\"article\" \/>\n<meta property=\"og:title\" content=\"YATIRIM YOLUYLA T\u00dcRK VATANDA\u015eLI\u011eI ALMA - Toravilla\" \/>\n<meta property=\"og:description\" content=\"YATIRIM YOLUYLA T\u00dcRK VATANDA\u015eLI\u011eI ALMA Yat\u0131r\u0131m yoluyla T\u00fcrk vatanda\u015fl\u0131\u011f\u0131n\u0131 kazanma, farkl\u0131 farkl\u0131 \u00f6ng\u00f6r\u00fclm\u00fc\u015f yat\u0131r\u0131m \u015fekilleri sonucunda di\u011fer \u015fartlar\u0131n da sa\u011flanmas\u0131 ile ki\u015fiye T\u00fcrk vatanda\u015fl\u0131\u011f\u0131na ba\u015fvurma hakk\u0131 tan\u0131yan bir imkand\u0131r. Yat\u0131r\u0131m yoluyla vatanda\u015fl\u0131k programlar\u0131, bir g\u00fcvence sa\u011flaman\u0131n en etkili yoludur. Alternatif vatanda\u015fl\u0131k ve pasaport kar\u015f\u0131l\u0131\u011f\u0131nda t\u00fcm faydalar\u0131yla birlikte adanm\u0131\u015f yat\u0131r\u0131md\u0131r.\" \/>\n<meta property=\"og:url\" content=\"https:\/\/toravilla.com\/ar\/yatirim-yoluyla-turk-vatandasligi-alma\/\" \/>\n<meta property=\"og:site_name\" content=\"Toravilla\" \/>\n<meta property=\"article:publisher\" content=\"https:\/\/www.facebook.com\/people\/Toravilla-Alanya\/100086007282611\/\" \/>\n<meta property=\"article:modified_time\" content=\"2022-12-13T18:01:12+00:00\" \/>\n<meta name=\"twitter:card\" content=\"summary_large_image\" \/>\n<meta name=\"twitter:site\" content=\"@Toravilla\" \/>\n<meta name=\"twitter:label1\" content=\"\u0648\u0642\u062a \u0627\u0644\u0642\u0631\u0627\u0621\u0629 \u0627\u0644\u0645\u064f\u0642\u062f\u0651\u0631\" \/>\n\t<meta name=\"twitter:data1\" content=\"\u062f\u0642\u064a\u0642\u0629 \u0648\u0627\u062d\u062f\u0629\" \/>\n<script type=\"application\/ld+json\" class=\"yoast-schema-graph\">{\"@context\":\"https:\/\/schema.org\",\"@graph\":[{\"@type\":\"WebPage\",\"@id\":\"https:\/\/toravilla.com\/yatirim-yoluyla-turk-vatandasligi-alma\/\",\"url\":\"https:\/\/toravilla.com\/yatirim-yoluyla-turk-vatandasligi-alma\/\",\"name\":\"YATIRIM YOLUYLA T\u00dcRK VATANDA\u015eLI\u011eI ALMA - Toravilla\",\"isPartOf\":{\"@id\":\"https:\/\/toravilla.com\/#website\"},\"datePublished\":\"2022-09-08T09:54:01+00:00\",\"dateModified\":\"2022-12-13T18:01:12+00:00\",\"breadcrumb\":{\"@id\":\"https:\/\/toravilla.com\/yatirim-yoluyla-turk-vatandasligi-alma\/#breadcrumb\"},\"inLanguage\":\"ar\",\"potentialAction\":[{\"@type\":\"ReadAction\",\"target\":[\"https:\/\/toravilla.com\/yatirim-yoluyla-turk-vatandasligi-alma\/\"]}]},{\"@type\":\"BreadcrumbList\",\"@id\":\"https:\/\/toravilla.com\/yatirim-yoluyla-turk-vatandasligi-alma\/#breadcrumb\",\"itemListElement\":[{\"@type\":\"ListItem\",\"position\":1,\"name\":\"Anasayfa\",\"item\":\"https:\/\/toravilla.com\/\"},{\"@type\":\"ListItem\",\"position\":2,\"name\":\"YATIRIM YOLUYLA T\u00dcRK VATANDA\u015eLI\u011eI ALMA\"}]},{\"@type\":\"WebSite\",\"@id\":\"https:\/\/toravilla.com\/#website\",\"url\":\"https:\/\/toravilla.com\/\",\"name\":\"Toravilla\",\"description\":\"building your future\",\"publisher\":{\"@id\":\"https:\/\/toravilla.com\/#organization\"},\"potentialAction\":[{\"@type\":\"SearchAction\",\"target\":{\"@type\":\"EntryPoint\",\"urlTemplate\":\"https:\/\/toravilla.com\/?s={search_term_string}\"},\"query-input\":\"required name=search_term_string\"}],\"inLanguage\":\"ar\"},{\"@type\":\"Organization\",\"@id\":\"https:\/\/toravilla.com\/#organization\",\"name\":\"Toravilla\",\"url\":\"https:\/\/toravilla.com\/\",\"logo\":{\"@type\":\"ImageObject\",\"inLanguage\":\"ar\",\"@id\":\"https:\/\/toravilla.com\/#\/schema\/logo\/image\/\",\"url\":\"https:\/\/toravilla.com\/wp-content\/uploads\/2020\/02\/toravilla-site-logo-yeni-2.png\",\"contentUrl\":\"https:\/\/toravilla.com\/wp-content\/uploads\/2020\/02\/toravilla-site-logo-yeni-2.png\",\"width\":300,\"height\":100,\"caption\":\"Toravilla\"},\"image\":{\"@id\":\"https:\/\/toravilla.com\/#\/schema\/logo\/image\/\"},\"sameAs\":[\"https:\/\/www.facebook.com\/people\/Toravilla-Alanya\/100086007282611\/\",\"https:\/\/twitter.com\/Toravilla\",\"https:\/\/www.instagram.com\/toravillaemlak\/\",\"https:\/\/www.linkedin.com\/company\/toravilla\/\",\"https:\/\/www.youtube.com\/channel\/UCQWd3zRkPFLlIlRuDRZafNg\"]}]}<\/script>\n<!-- \/ Yoast SEO plugin. -->","yoast_head_json":{"title":"YATIRIM YOLUYLA T\u00dcRK VATANDA\u015eLI\u011eI ALMA - Toravilla","robots":{"index":"index","follow":"follow","max-snippet":"max-snippet:-1","max-image-preview":"max-image-preview:large","max-video-preview":"max-video-preview:-1"},"canonical":"https:\/\/toravilla.com\/ar\/yatirim-yoluyla-turk-vatandasligi-alma\/","og_locale":"ar_AR","og_type":"article","og_title":"YATIRIM YOLUYLA T\u00dcRK VATANDA\u015eLI\u011eI ALMA - Toravilla","og_description":"YATIRIM YOLUYLA T\u00dcRK VATANDA\u015eLI\u011eI ALMA Yat\u0131r\u0131m yoluyla T\u00fcrk vatanda\u015fl\u0131\u011f\u0131n\u0131 kazanma, farkl\u0131 farkl\u0131 \u00f6ng\u00f6r\u00fclm\u00fc\u015f yat\u0131r\u0131m \u015fekilleri sonucunda di\u011fer \u015fartlar\u0131n da sa\u011flanmas\u0131 ile ki\u015fiye T\u00fcrk vatanda\u015fl\u0131\u011f\u0131na ba\u015fvurma hakk\u0131 tan\u0131yan bir imkand\u0131r. Yat\u0131r\u0131m yoluyla vatanda\u015fl\u0131k programlar\u0131, bir g\u00fcvence sa\u011flaman\u0131n en etkili yoludur. Alternatif vatanda\u015fl\u0131k ve pasaport kar\u015f\u0131l\u0131\u011f\u0131nda t\u00fcm faydalar\u0131yla birlikte adanm\u0131\u015f yat\u0131r\u0131md\u0131r.","og_url":"https:\/\/toravilla.com\/ar\/yatirim-yoluyla-turk-vatandasligi-alma\/","og_site_name":"Toravilla","article_publisher":"https:\/\/www.facebook.com\/people\/Toravilla-Alanya\/100086007282611\/","article_modified_time":"2022-12-13T18:01:12+00:00","twitter_card":"summary_large_image","twitter_site":"@Toravilla","twitter_misc":{"\u0648\u0642\u062a \u0627\u0644\u0642\u0631\u0627\u0621\u0629 \u0627\u0644\u0645\u064f\u0642\u062f\u0651\u0631":"\u062f\u0642\u064a\u0642\u0629 \u0648\u0627\u062d\u062f\u0629"},"schema":{"@context":"https:\/\/schema.org","@graph":[{"@type":"WebPage","@id":"https:\/\/toravilla.com\/yatirim-yoluyla-turk-vatandasligi-alma\/","url":"https:\/\/toravilla.com\/yatirim-yoluyla-turk-vatandasligi-alma\/","name":"YATIRIM YOLUYLA T\u00dcRK VATANDA\u015eLI\u011eI ALMA - Toravilla","isPartOf":{"@id":"https:\/\/toravilla.com\/#website"},"datePublished":"2022-09-08T09:54:01+00:00","dateModified":"2022-12-13T18:01:12+00:00","breadcrumb":{"@id":"https:\/\/toravilla.com\/yatirim-yoluyla-turk-vatandasligi-alma\/#breadcrumb"},"inLanguage":"ar","potentialAction":[{"@type":"ReadAction","target":["https:\/\/toravilla.com\/yatirim-yoluyla-turk-vatandasligi-alma\/"]}]},{"@type":"BreadcrumbList","@id":"https:\/\/toravilla.com\/yatirim-yoluyla-turk-vatandasligi-alma\/#breadcrumb","itemListElement":[{"@type":"ListItem","position":1,"name":"Anasayfa","item":"https:\/\/toravilla.com\/"},{"@type":"ListItem","position":2,"name":"YATIRIM YOLUYLA T\u00dcRK VATANDA\u015eLI\u011eI ALMA"}]},{"@type":"WebSite","@id":"https:\/\/toravilla.com\/#website","url":"https:\/\/toravilla.com\/","name":"Toravilla","description":"building your future","publisher":{"@id":"https:\/\/toravilla.com\/#organization"},"potentialAction":[{"@type":"SearchAction","target":{"@type":"EntryPoint","urlTemplate":"https:\/\/toravilla.com\/?s={search_term_string}"},"query-input":"required name=search_term_string"}],"inLanguage":"ar"},{"@type":"Organization","@id":"https:\/\/toravilla.com\/#organization","name":"Toravilla","url":"https:\/\/toravilla.com\/","logo":{"@type":"ImageObject","inLanguage":"ar","@id":"https:\/\/toravilla.com\/#\/schema\/logo\/image\/","url":"https:\/\/toravilla.com\/wp-content\/uploads\/2020\/02\/toravilla-site-logo-yeni-2.png","contentUrl":"https:\/\/toravilla.com\/wp-content\/uploads\/2020\/02\/toravilla-site-logo-yeni-2.png","width":300,"height":100,"caption":"Toravilla"},"image":{"@id":"https:\/\/toravilla.com\/#\/schema\/logo\/image\/"},"sameAs":["https:\/\/www.facebook.com\/people\/Toravilla-Alanya\/100086007282611\/","https:\/\/twitter.com\/Toravilla","https:\/\/www.instagram.com\/toravillaemlak\/","https:\/\/www.linkedin.com\/company\/toravilla\/","https:\/\/www.youtube.com\/channel\/UCQWd3zRkPFLlIlRuDRZafNg"]}]}},"_links":{"self":[{"href":"https:\/\/toravilla.com\/ar\/wp-json\/wp\/v2\/pages\/2303","targetHints":{"allow":["GET"]}}],"collection":[{"href":"https:\/\/toravilla.com\/ar\/wp-json\/wp\/v2\/pages"}],"about":[{"href":"https:\/\/toravilla.com\/ar\/wp-json\/wp\/v2\/types\/page"}],"author":[{"embeddable":true,"href":"https:\/\/toravilla.com\/ar\/wp-json\/wp\/v2\/users\/1"}],"replies":[{"embeddable":true,"href":"https:\/\/toravilla.com\/ar\/wp-json\/wp\/v2\/comments?post=2303"}],"version-history":[{"count":1,"href":"https:\/\/toravilla.com\/ar\/wp-json\/wp\/v2\/pages\/2303\/revisions"}],"predecessor-version":[{"id":7894,"href":"https:\/\/toravilla.com\/ar\/wp-json\/wp\/v2\/pages\/2303\/revisions\/7894"}],"wp:attachment":[{"href":"https:\/\/toravilla.com\/ar\/wp-json\/wp\/v2\/media?parent=2303"}],"curies":[{"name":"wp","href":"https:\/\/api.w.org\/{rel}","templated":true}]}}