{"id":8794,"date":"2023-03-27T08:24:58","date_gmt":"2023-03-27T08:24:58","guid":{"rendered":"https:\/\/toravilla.com\/?page_id=8794"},"modified":"2023-03-29T07:11:44","modified_gmt":"2023-03-29T07:11:44","slug":"gayrimenkul-degerleme-raporu-2","status":"publish","type":"page","link":"https:\/\/toravilla.com\/ar\/hizmetlerimiz\/gayrimenkul-degerleme-raporu-2\/","title":{"rendered":"Gayrimenkul De\u011ferleme Raporu"},"content":{"rendered":"<div data-elementor-type=\"wp-page\" data-elementor-id=\"8794\" class=\"elementor elementor-8794\">\n\t\t\t\t\t\t\t\t\t<section class=\"elementor-section elementor-top-section elementor-element elementor-element-9881914 elementor-section-boxed elementor-section-height-default elementor-section-height-default\" data-id=\"9881914\" data-element_type=\"section\">\n\t\t\t\t\t\t<div class=\"elementor-container elementor-column-gap-default\">\n\t\t\t\t\t<div class=\"elementor-column elementor-col-100 elementor-top-column elementor-element elementor-element-eb69bfe\" data-id=\"eb69bfe\" data-element_type=\"column\">\n\t\t\t<div class=\"elementor-widget-wrap elementor-element-populated\">\n\t\t\t\t\t\t\t\t<div class=\"elementor-element elementor-element-f139662 elementor-widget elementor-widget-text-editor\" data-id=\"f139662\" data-element_type=\"widget\" data-widget_type=\"text-editor.default\">\n\t\t\t\t<div class=\"elementor-widget-container\">\n\t\t\t<style>\/*! elementor - v3.11.2 - 22-02-2023 *\/\n.elementor-widget-text-editor.elementor-drop-cap-view-stacked .elementor-drop-cap{background-color:#818a91;color:#fff}.elementor-widget-text-editor.elementor-drop-cap-view-framed .elementor-drop-cap{color:#818a91;border:3px solid;background-color:transparent}.elementor-widget-text-editor:not(.elementor-drop-cap-view-default) .elementor-drop-cap{margin-top:8px}.elementor-widget-text-editor:not(.elementor-drop-cap-view-default) .elementor-drop-cap-letter{width:1em;height:1em}.elementor-widget-text-editor .elementor-drop-cap{float:left;text-align:center;line-height:1;font-size:50px}.elementor-widget-text-editor .elementor-drop-cap-letter{display:inline-block}<\/style>\t\t\t\t<p><a href=\"https:\/\/toravilla.com\/wp-content\/uploads\/2020\/02\/page_5-1.jpg\"><img loading=\"lazy\" decoding=\"async\" class=\"wp-image-8818  alignright\" src=\"https:\/\/toravilla.com\/wp-content\/uploads\/2020\/02\/page_5-1.jpg\" alt=\"\" width=\"502\" height=\"649\" srcset=\"https:\/\/toravilla.com\/wp-content\/uploads\/2020\/02\/page_5-1.jpg 1159w, https:\/\/toravilla.com\/wp-content\/uploads\/2020\/02\/page_5-1-232x300.jpg 232w, https:\/\/toravilla.com\/wp-content\/uploads\/2020\/02\/page_5-1-792x1024.jpg 792w, https:\/\/toravilla.com\/wp-content\/uploads\/2020\/02\/page_5-1-768x993.jpg 768w, https:\/\/toravilla.com\/wp-content\/uploads\/2020\/02\/page_5-1-9x12.jpg 9w, https:\/\/toravilla.com\/wp-content\/uploads\/2020\/02\/page_5-1-116x150.jpg 116w\" sizes=\"auto, (max-width: 502px) 100vw, 502px\" \/><\/a>Gayrimenkul de\u011ferleme raporu, yabanc\u0131 emlak al\u0131c\u0131lar\u0131n\u0131 do\u011frulamak i\u00e7in olan bir rapordur. Bu m\u00fclk\u00fcn\u00fcz i\u00e7in de\u011ferleme raporundan yap\u0131lacak evraklar ve de\u011ferlendirme raporu hakk\u0131nda bilgi bulabilirsiniz. TC \u00c7evre ve \u015eehircilik Tapu ve Kadastro Genel M\u00fcd\u00fcrl\u00fc\u011f\u00fc Yabanc\u0131 \u0130\u015fler Daire Ba\u015fkanl\u0131\u011f\u0131\u2019n\u0131n.02.2019\u00a0\u00a0<a href=\"https:\/\/www.tkgm.gov.tr\/sites\/default\/files\/icerik\/ekleri\/yabancilarin_tasinmaz_ediniminde_degerleme_raporu_alinmasi_hakkinda_2019-1_ocr.pdf\">genelgesi<\/a>\u00a0\u00a0ile T\u00fcrkiye\u2019de yer gibi ger\u00e7ek olmayan sat\u0131n al\u0131nmak i\u00e7in hale geldi.\u00a0Ger\u00e7ekle\u015ftirilecek, sat\u0131n al\u0131nmak \u00fczere sat\u0131n al\u0131nabilecek bir nesnel m\u00fclk sat\u0131n al\u0131nmak \u00fczere de\u011ferlendirilebilecek bir incelemede aranacak \u015fekilde g\u00f6zden ge\u00e7irilecek 3 s\u00fcre ba\u015fvurulmak kay\u0131tlar\u0131yla tamamlanamayacak kadar ge\u00e7erlili\u011fi.\u00a0Yabanc\u0131ya sat\u0131\u015f, sat\u0131\u015f raporundaki tahmin raporu, tamam\u0131 i\u00e7in ekspertiz raporu al\u0131c\u0131lar\u0131 birtur.\u00a0<strong>De\u011ferleme verileri verileri<\/strong>\u00a0\u00a0:<\/p><ul><li>Otantik resimler<\/li><li>Tapu bilgileri<\/li><li>Konum hakk\u0131nda bilgiler<\/li><li>Tapu ve Kadastro Genel M\u00fcd\u00fcrl\u00fc\u011f\u00fc teknik bilgiler ve bor\u00e7 durumudur<\/li><li>benzer \u015fekilde m\u00fclklerin fiyatlar\u0131n\u0131n yan\u0131 s\u0131ra fiyattan u\u00e7ak bileti<\/li><\/ul><p><strong>T\u00fcrkiye\u2019de \u0130ki \u00c7e\u015fit De\u011ferleme Raporu Vard\u0131r<\/strong><\/p><ul><li>Gayrimenkul de\u011ferlendirme raporu i\u00e7in ge\u00e7erli:\u00a0<em>Apartman dairesi ya da m\u00fcstakil ev, al\u0131\u015fveri\u015f merkezleri, ofisler, tar\u0131m alanlar\u0131, vs.<\/em><\/li><li>Fizibilite raporlu proje de\u011ferlendirme oteli i\u00e7in ge\u00e7erlidir:\u00a0<em>Arsa yat\u0131r\u0131mlar\u0131, ticari ve yat\u0131r\u0131mlar\u0131, \u00e7evre yat\u0131r\u0131mlar\u0131, al\u0131\u015fveri\u015f merkezi yat\u0131r\u0131mlar\u0131, in\u015faat yat\u0131r\u0131mlar\u0131, vs.<\/em><\/li><\/ul><p>\u00a0<\/p><h4>Toravilla Gayrimenkul Olarak Rol\u00fcm\u00fcz\u2026<\/h4><p>Toravilla Emlak olarak, kolay bir i\u015fi i\u00e7in \u00e7ok \u00e7aba sarf etmek.\u00a0Sadece SPK taraf\u0131ndan yetkilendirilen puanlanma ile yard\u0131m yap\u0131yoruz.\u00a0<em>De\u011ferleme raporu gayrimenkuller i\u00e7in 2-3 g\u00fcn kadar bir s\u00fcre i\u00e7inde\u00a0<\/em>\u00a0<em>, i\u015f, ya da arazi i\u00e7in fizibilite \u00e7\u0131karken 2 haftadan 1 aya kadar s\u00fcrebilmektedir.\u00a0<\/em><\/p><p>\u00a0<\/p><p>Whatsapp:\u00a0<span style=\"text-decoration: underline; color: #0000ff;\"><a style=\"color: #0000ff; text-decoration: underline;\" href=\"https:\/\/api.whatsapp.com\/send\/?phone=905322821599&amp;text&amp;type=phone_number&amp;app_absent=0\" target=\"_blank\" rel=\"noopener\">+90 552 677 00 99<\/a><\/span><\/p><p>\u00a0<\/p><p>E-Mail:<span style=\"text-decoration: underline; color: #0000ff;\"> <a style=\"color: #0000ff; text-decoration: underline;\" href=\"mailto:info@toravilla.com\" target=\"_blank\" rel=\"noopener\">info@toravilla.com<\/a><\/span><\/p>\t\t\t\t\t\t<\/div>\n\t\t\t\t<\/div>\n\t\t\t\t\t<\/div>\n\t\t<\/div>\n\t\t\t\t\t\t\t<\/div>\n\t\t<\/section>\n\t\t\t\t\t\t\t<\/div>","protected":false},"excerpt":{"rendered":"<p>Gayrimenkul de\u011ferleme raporu, yabanc\u0131 emlak al\u0131c\u0131lar\u0131n\u0131 do\u011frulamak i\u00e7in olan bir rapordur. Bu m\u00fclk\u00fcn\u00fcz i\u00e7in de\u011ferleme raporundan yap\u0131lacak evraklar ve de\u011ferlendirme raporu hakk\u0131nda bilgi bulabilirsiniz. TC \u00c7evre ve \u015eehircilik Tapu ve Kadastro Genel M\u00fcd\u00fcrl\u00fc\u011f\u00fc Yabanc\u0131 \u0130\u015fler Daire Ba\u015fkanl\u0131\u011f\u0131\u2019n\u0131n.02.2019\u00a0\u00a0genelgesi\u00a0\u00a0ile T\u00fcrkiye\u2019de yer gibi ger\u00e7ek olmayan sat\u0131n al\u0131nmak i\u00e7in hale geldi.\u00a0Ger\u00e7ekle\u015ftirilecek, sat\u0131n al\u0131nmak \u00fczere sat\u0131n al\u0131nabilecek bir nesnel m\u00fclk&#8230;<\/p>","protected":false},"author":1,"featured_media":0,"parent":8765,"menu_order":0,"comment_status":"closed","ping_status":"closed","template":"","meta":{"_mi_skip_tracking":false,"footnotes":""},"class_list":["post-8794","page","type-page","status-publish","hentry"],"yoast_head":"<!-- This site is optimized with the Yoast SEO plugin v20.1 - https:\/\/yoast.com\/wordpress\/plugins\/seo\/ -->\n<title>Gayrimenkul De\u011ferleme Raporu - Toravilla<\/title>\n<meta name=\"description\" content=\"Gayrimenkul De\u011ferleme Raporu hakk\u0131nda ki bilgileri Toravilla Emlak&#039;tan bu sayfadan alabilirsiniz. Bizimle oldu\u011funuz i\u00e7in te\u015fekk\u00fcr ederiz.\" \/>\n<meta name=\"robots\" content=\"index, follow, max-snippet:-1, max-image-preview:large, max-video-preview:-1\" \/>\n<link rel=\"canonical\" href=\"https:\/\/toravilla.com\/ar\/hizmetlerimiz\/gayrimenkul-degerleme-raporu-2\/\" \/>\n<meta property=\"og:locale\" content=\"ar_AR\" \/>\n<meta property=\"og:type\" content=\"article\" \/>\n<meta property=\"og:title\" content=\"Gayrimenkul De\u011ferleme Raporu - Toravilla\" \/>\n<meta property=\"og:description\" content=\"Gayrimenkul De\u011ferleme Raporu hakk\u0131nda ki bilgileri Toravilla Emlak&#039;tan bu sayfadan alabilirsiniz. Bizimle oldu\u011funuz i\u00e7in te\u015fekk\u00fcr ederiz.\" \/>\n<meta property=\"og:url\" content=\"https:\/\/toravilla.com\/ar\/hizmetlerimiz\/gayrimenkul-degerleme-raporu-2\/\" \/>\n<meta property=\"og:site_name\" content=\"Toravilla\" \/>\n<meta property=\"article:publisher\" content=\"https:\/\/www.facebook.com\/people\/Toravilla-Alanya\/100086007282611\/\" \/>\n<meta property=\"article:modified_time\" content=\"2023-03-29T07:11:44+00:00\" \/>\n<meta property=\"og:image\" content=\"https:\/\/toravilla.com\/wp-content\/uploads\/2020\/02\/page_5-1.jpg\" \/>\n<meta name=\"twitter:card\" content=\"summary_large_image\" \/>\n<meta name=\"twitter:site\" content=\"@Toravilla\" \/>\n<meta name=\"twitter:label1\" content=\"\u0648\u0642\u062a \u0627\u0644\u0642\u0631\u0627\u0621\u0629 \u0627\u0644\u0645\u064f\u0642\u062f\u0651\u0631\" \/>\n\t<meta name=\"twitter:data1\" content=\"\u062f\u0642\u064a\u0642\u062a\u0627\u0646\" \/>\n<script type=\"application\/ld+json\" class=\"yoast-schema-graph\">{\"@context\":\"https:\/\/schema.org\",\"@graph\":[{\"@type\":\"WebPage\",\"@id\":\"https:\/\/toravilla.com\/hizmetlerimiz\/gayrimenkul-degerleme-raporu-2\/\",\"url\":\"https:\/\/toravilla.com\/hizmetlerimiz\/gayrimenkul-degerleme-raporu-2\/\",\"name\":\"Gayrimenkul De\u011ferleme Raporu - Toravilla\",\"isPartOf\":{\"@id\":\"https:\/\/toravilla.com\/#website\"},\"datePublished\":\"2023-03-27T08:24:58+00:00\",\"dateModified\":\"2023-03-29T07:11:44+00:00\",\"description\":\"Gayrimenkul De\u011ferleme Raporu hakk\u0131nda ki bilgileri Toravilla Emlak'tan bu sayfadan alabilirsiniz. Bizimle oldu\u011funuz i\u00e7in te\u015fekk\u00fcr ederiz.\",\"breadcrumb\":{\"@id\":\"https:\/\/toravilla.com\/hizmetlerimiz\/gayrimenkul-degerleme-raporu-2\/#breadcrumb\"},\"inLanguage\":\"ar\",\"potentialAction\":[{\"@type\":\"ReadAction\",\"target\":[\"https:\/\/toravilla.com\/hizmetlerimiz\/gayrimenkul-degerleme-raporu-2\/\"]}]},{\"@type\":\"BreadcrumbList\",\"@id\":\"https:\/\/toravilla.com\/hizmetlerimiz\/gayrimenkul-degerleme-raporu-2\/#breadcrumb\",\"itemListElement\":[{\"@type\":\"ListItem\",\"position\":1,\"name\":\"Anasayfa\",\"item\":\"https:\/\/toravilla.com\/\"},{\"@type\":\"ListItem\",\"position\":2,\"name\":\"Hizmetlerimiz\",\"item\":\"https:\/\/toravilla.com\/hizmetlerimiz\/\"},{\"@type\":\"ListItem\",\"position\":3,\"name\":\"Gayrimenkul De\u011ferleme Raporu\"}]},{\"@type\":\"WebSite\",\"@id\":\"https:\/\/toravilla.com\/#website\",\"url\":\"https:\/\/toravilla.com\/\",\"name\":\"Toravilla\",\"description\":\"building your future\",\"publisher\":{\"@id\":\"https:\/\/toravilla.com\/#organization\"},\"potentialAction\":[{\"@type\":\"SearchAction\",\"target\":{\"@type\":\"EntryPoint\",\"urlTemplate\":\"https:\/\/toravilla.com\/?s={search_term_string}\"},\"query-input\":\"required name=search_term_string\"}],\"inLanguage\":\"ar\"},{\"@type\":\"Organization\",\"@id\":\"https:\/\/toravilla.com\/#organization\",\"name\":\"Toravilla\",\"url\":\"https:\/\/toravilla.com\/\",\"logo\":{\"@type\":\"ImageObject\",\"inLanguage\":\"ar\",\"@id\":\"https:\/\/toravilla.com\/#\/schema\/logo\/image\/\",\"url\":\"https:\/\/toravilla.com\/wp-content\/uploads\/2020\/02\/toravilla-site-logo-yeni-2.png\",\"contentUrl\":\"https:\/\/toravilla.com\/wp-content\/uploads\/2020\/02\/toravilla-site-logo-yeni-2.png\",\"width\":300,\"height\":100,\"caption\":\"Toravilla\"},\"image\":{\"@id\":\"https:\/\/toravilla.com\/#\/schema\/logo\/image\/\"},\"sameAs\":[\"https:\/\/www.facebook.com\/people\/Toravilla-Alanya\/100086007282611\/\",\"https:\/\/twitter.com\/Toravilla\",\"https:\/\/www.instagram.com\/toravillaemlak\/\",\"https:\/\/www.linkedin.com\/company\/toravilla\/\",\"https:\/\/www.youtube.com\/channel\/UCQWd3zRkPFLlIlRuDRZafNg\"]}]}<\/script>\n<!-- \/ Yoast SEO plugin. -->","yoast_head_json":{"title":"Gayrimenkul De\u011ferleme Raporu - Toravilla","description":"Gayrimenkul De\u011ferleme Raporu hakk\u0131nda ki bilgileri Toravilla Emlak'tan bu sayfadan alabilirsiniz. Bizimle oldu\u011funuz i\u00e7in te\u015fekk\u00fcr ederiz.","robots":{"index":"index","follow":"follow","max-snippet":"max-snippet:-1","max-image-preview":"max-image-preview:large","max-video-preview":"max-video-preview:-1"},"canonical":"https:\/\/toravilla.com\/ar\/hizmetlerimiz\/gayrimenkul-degerleme-raporu-2\/","og_locale":"ar_AR","og_type":"article","og_title":"Gayrimenkul De\u011ferleme Raporu - Toravilla","og_description":"Gayrimenkul De\u011ferleme Raporu hakk\u0131nda ki bilgileri Toravilla Emlak'tan bu sayfadan alabilirsiniz. Bizimle oldu\u011funuz i\u00e7in te\u015fekk\u00fcr ederiz.","og_url":"https:\/\/toravilla.com\/ar\/hizmetlerimiz\/gayrimenkul-degerleme-raporu-2\/","og_site_name":"Toravilla","article_publisher":"https:\/\/www.facebook.com\/people\/Toravilla-Alanya\/100086007282611\/","article_modified_time":"2023-03-29T07:11:44+00:00","og_image":[{"url":"https:\/\/toravilla.com\/wp-content\/uploads\/2020\/02\/page_5-1.jpg"}],"twitter_card":"summary_large_image","twitter_site":"@Toravilla","twitter_misc":{"\u0648\u0642\u062a \u0627\u0644\u0642\u0631\u0627\u0621\u0629 \u0627\u0644\u0645\u064f\u0642\u062f\u0651\u0631":"\u062f\u0642\u064a\u0642\u062a\u0627\u0646"},"schema":{"@context":"https:\/\/schema.org","@graph":[{"@type":"WebPage","@id":"https:\/\/toravilla.com\/hizmetlerimiz\/gayrimenkul-degerleme-raporu-2\/","url":"https:\/\/toravilla.com\/hizmetlerimiz\/gayrimenkul-degerleme-raporu-2\/","name":"Gayrimenkul De\u011ferleme Raporu - Toravilla","isPartOf":{"@id":"https:\/\/toravilla.com\/#website"},"datePublished":"2023-03-27T08:24:58+00:00","dateModified":"2023-03-29T07:11:44+00:00","description":"Gayrimenkul De\u011ferleme Raporu hakk\u0131nda ki bilgileri Toravilla Emlak'tan bu sayfadan alabilirsiniz. Bizimle oldu\u011funuz i\u00e7in te\u015fekk\u00fcr ederiz.","breadcrumb":{"@id":"https:\/\/toravilla.com\/hizmetlerimiz\/gayrimenkul-degerleme-raporu-2\/#breadcrumb"},"inLanguage":"ar","potentialAction":[{"@type":"ReadAction","target":["https:\/\/toravilla.com\/hizmetlerimiz\/gayrimenkul-degerleme-raporu-2\/"]}]},{"@type":"BreadcrumbList","@id":"https:\/\/toravilla.com\/hizmetlerimiz\/gayrimenkul-degerleme-raporu-2\/#breadcrumb","itemListElement":[{"@type":"ListItem","position":1,"name":"Anasayfa","item":"https:\/\/toravilla.com\/"},{"@type":"ListItem","position":2,"name":"Hizmetlerimiz","item":"https:\/\/toravilla.com\/hizmetlerimiz\/"},{"@type":"ListItem","position":3,"name":"Gayrimenkul De\u011ferleme Raporu"}]},{"@type":"WebSite","@id":"https:\/\/toravilla.com\/#website","url":"https:\/\/toravilla.com\/","name":"Toravilla","description":"building your future","publisher":{"@id":"https:\/\/toravilla.com\/#organization"},"potentialAction":[{"@type":"SearchAction","target":{"@type":"EntryPoint","urlTemplate":"https:\/\/toravilla.com\/?s={search_term_string}"},"query-input":"required name=search_term_string"}],"inLanguage":"ar"},{"@type":"Organization","@id":"https:\/\/toravilla.com\/#organization","name":"Toravilla","url":"https:\/\/toravilla.com\/","logo":{"@type":"ImageObject","inLanguage":"ar","@id":"https:\/\/toravilla.com\/#\/schema\/logo\/image\/","url":"https:\/\/toravilla.com\/wp-content\/uploads\/2020\/02\/toravilla-site-logo-yeni-2.png","contentUrl":"https:\/\/toravilla.com\/wp-content\/uploads\/2020\/02\/toravilla-site-logo-yeni-2.png","width":300,"height":100,"caption":"Toravilla"},"image":{"@id":"https:\/\/toravilla.com\/#\/schema\/logo\/image\/"},"sameAs":["https:\/\/www.facebook.com\/people\/Toravilla-Alanya\/100086007282611\/","https:\/\/twitter.com\/Toravilla","https:\/\/www.instagram.com\/toravillaemlak\/","https:\/\/www.linkedin.com\/company\/toravilla\/","https:\/\/www.youtube.com\/channel\/UCQWd3zRkPFLlIlRuDRZafNg"]}]}},"_links":{"self":[{"href":"https:\/\/toravilla.com\/ar\/wp-json\/wp\/v2\/pages\/8794","targetHints":{"allow":["GET"]}}],"collection":[{"href":"https:\/\/toravilla.com\/ar\/wp-json\/wp\/v2\/pages"}],"about":[{"href":"https:\/\/toravilla.com\/ar\/wp-json\/wp\/v2\/types\/page"}],"author":[{"embeddable":true,"href":"https:\/\/toravilla.com\/ar\/wp-json\/wp\/v2\/users\/1"}],"replies":[{"embeddable":true,"href":"https:\/\/toravilla.com\/ar\/wp-json\/wp\/v2\/comments?post=8794"}],"version-history":[{"count":10,"href":"https:\/\/toravilla.com\/ar\/wp-json\/wp\/v2\/pages\/8794\/revisions"}],"predecessor-version":[{"id":8974,"href":"https:\/\/toravilla.com\/ar\/wp-json\/wp\/v2\/pages\/8794\/revisions\/8974"}],"up":[{"embeddable":true,"href":"https:\/\/toravilla.com\/ar\/wp-json\/wp\/v2\/pages\/8765"}],"wp:attachment":[{"href":"https:\/\/toravilla.com\/ar\/wp-json\/wp\/v2\/media?parent=8794"}],"curies":[{"name":"wp","href":"https:\/\/api.w.org\/{rel}","templated":true}]}}