{"id":1220,"date":"2021-06-30T10:51:37","date_gmt":"2021-06-30T10:51:37","guid":{"rendered":"http:\/\/toravilla.com\/?page_id=1220"},"modified":"2022-12-13T18:00:55","modified_gmt":"2022-12-13T18:00:55","slug":"1220-2","status":"publish","type":"page","link":"https:\/\/toravilla.com\/de\/1220-2\/","title":{"rendered":"\u00fcber uns"},"content":{"rendered":"<p>Toravilla ist seit 2004 am selben Standort t\u00e4tig und hat sich einen Ruf erworben, der auf Respekt, Vertrauen und p\u00fcnktlicher Lieferung beruht.<br \/>\nWir versprechen, was wir sagen, wir f\u00fchren und wir projizieren die Interessen unserer Kunden. Das bedeutet K\u00e4ufer und Verk\u00e4ufer zugleich!<br \/>\nIn meiner langj\u00e4hrigen Erfahrung habe ich gelernt, dass die beste Werbung der gute Ruf ist. Obwohl ich und mein Team viele Wohnungen verkaufen,<br \/>\nVillen, Grundst\u00fccke, Hotels, Gesch\u00e4fte und Investitionsprojekte. Wir sind uns das ganze Jahr \u00fcber bewusst, dass wir mit gro\u00dfen Summen umgehen. Ausgehend von den Interessen unserer Kunden gebe ich mein Bestes, um die richtige Immobilie f\u00fcr Sie oder den richtigen K\u00e4ufer zu finden, sei es f\u00fcr Ihre private Nutzung oder f\u00fcr Investitionszwecke.<br \/>\nWeitere Informationen zu den Angeboten finden Sie auf der Webseite, Beratung f\u00fcr den besten Immobilienkauf in der T\u00fcrkei.<br \/>\nZu unserer Standardprovisionsgeb\u00fchr 2% (+ Steuer) bieten wir alle notwendigen Dienstleistungen f\u00fcr Sie als K\u00e4ufer oder Verk\u00e4ufer erforderlich<br \/>\nMerkmal. Dies sind Standarddienste:<\/p>\n<p>*\u00dcberpr\u00fcfung der korrekten Dokumente der Immobilie (Eigentumsurkunde, Vergleich, Sachverst\u00e4ndigengutachten, usw.)<br \/>\n*\u00dcberpr\u00fcfung und \u00dcberwachung des Verkaufs- und Einkaufsprozesses.<br \/>\n*Erbringung aller administrativen Dienstleistungen (juristische Vertr\u00e4ge, Unterst\u00fctzung bei juristischen Untersuchungen, \u00dcbersetzungen usw.) w\u00e4hrend des Kauf- und Verkaufsprozesses.<br \/>\n*Sichert die Geldtransaktion sicher f\u00fcr den Verk\u00e4ufer und K\u00e4ufer.<br \/>\n*Garantie Sie 100% Kundenzufriedenheit.<\/p>\n<p>Neben unserem Ziel, Ihr Vertrauen und Ihr Interesse an unserem Unternehmen zu erhalten, bieten wir viele weitere Dienstleistungen an. Wir werden unseren Kunden auch nach dem Kauf- oder Leasingvertrag weiter zur Verf\u00fcgung stehen, denn wir erwarten, dass Sie alle in Zukunft als Investoren oder Verk\u00e4ufer wiederkommen werden.<\/p>","protected":false},"excerpt":{"rendered":"<p>Toravilla ayn\u0131 yerde 2004 y\u0131l\u0131ndan beri aktifdir ve sayg\u0131ya dayal\u0131 \u00fcn kazanm\u0131\u015ft\u0131r, g\u00fcven ve zaman\u0131nda teslimat. S\u00f6ylediklerimizi vaat ediyoruz, \u00f6nc\u00fcl\u00fck ediyoruz ve m\u00fc\u015fterilerimizin ilgisini proje ediyoruz. Bu ayn\u0131 zamanda al\u0131c\u0131 ve sat\u0131c\u0131 demektir! Uzun y\u0131llar boyunca deneyim, Ben en iyi reklam itibar oldu\u011funu \u00f6\u011frendim. Her ne kadar ben ve ekibim bir\u00e7ok daire satal\u0131m., Villalar, Arsalar,&#8230;<\/p>","protected":false},"author":1,"featured_media":0,"parent":0,"menu_order":0,"comment_status":"closed","ping_status":"closed","template":"","meta":{"_mi_skip_tracking":false,"footnotes":""},"class_list":["post-1220","page","type-page","status-publish","hentry"],"yoast_head":"<!-- This site is optimized with the Yoast SEO plugin v20.1 - https:\/\/yoast.com\/wordpress\/plugins\/seo\/ -->\n<title>Hakk\u0131m\u0131zda - Toravilla<\/title>\n<meta name=\"robots\" content=\"index, follow, max-snippet:-1, max-image-preview:large, max-video-preview:-1\" \/>\n<link rel=\"canonical\" href=\"https:\/\/toravilla.com\/de\/1220-2\/\" \/>\n<meta property=\"og:locale\" content=\"de_DE\" \/>\n<meta property=\"og:type\" content=\"article\" \/>\n<meta property=\"og:title\" content=\"Hakk\u0131m\u0131zda - Toravilla\" \/>\n<meta property=\"og:description\" content=\"Toravilla ayn\u0131 yerde 2004 y\u0131l\u0131ndan beri aktifdir ve sayg\u0131ya dayal\u0131 \u00fcn kazanm\u0131\u015ft\u0131r, g\u00fcven ve zaman\u0131nda teslimat. S\u00f6ylediklerimizi vaat ediyoruz, \u00f6nc\u00fcl\u00fck ediyoruz ve m\u00fc\u015fterilerimizin ilgisini proje ediyoruz. Bu ayn\u0131 zamanda al\u0131c\u0131 ve sat\u0131c\u0131 demektir! Uzun y\u0131llar boyunca deneyim, Ben en iyi reklam itibar oldu\u011funu \u00f6\u011frendim. Her ne kadar ben ve ekibim bir\u00e7ok daire satal\u0131m., Villalar, Arsalar,...\" \/>\n<meta property=\"og:url\" content=\"https:\/\/toravilla.com\/de\/1220-2\/\" \/>\n<meta property=\"og:site_name\" content=\"Toravilla\" \/>\n<meta property=\"article:publisher\" content=\"https:\/\/www.facebook.com\/people\/Toravilla-Alanya\/100086007282611\/\" \/>\n<meta property=\"article:modified_time\" content=\"2022-12-13T18:00:55+00:00\" \/>\n<meta name=\"twitter:card\" content=\"summary_large_image\" \/>\n<meta name=\"twitter:site\" content=\"@Toravilla\" \/>\n<meta name=\"twitter:label1\" content=\"Gesch\u00e4tzte Lesezeit\" \/>\n\t<meta name=\"twitter:data1\" content=\"1\u00a0Minute\" \/>\n<script type=\"application\/ld+json\" class=\"yoast-schema-graph\">{\"@context\":\"https:\/\/schema.org\",\"@graph\":[{\"@type\":\"WebPage\",\"@id\":\"https:\/\/toravilla.com\/1220-2\/\",\"url\":\"https:\/\/toravilla.com\/1220-2\/\",\"name\":\"Hakk\u0131m\u0131zda - Toravilla\",\"isPartOf\":{\"@id\":\"https:\/\/toravilla.com\/#website\"},\"datePublished\":\"2021-06-30T10:51:37+00:00\",\"dateModified\":\"2022-12-13T18:00:55+00:00\",\"breadcrumb\":{\"@id\":\"https:\/\/toravilla.com\/1220-2\/#breadcrumb\"},\"inLanguage\":\"de\",\"potentialAction\":[{\"@type\":\"ReadAction\",\"target\":[\"https:\/\/toravilla.com\/1220-2\/\"]}]},{\"@type\":\"BreadcrumbList\",\"@id\":\"https:\/\/toravilla.com\/1220-2\/#breadcrumb\",\"itemListElement\":[{\"@type\":\"ListItem\",\"position\":1,\"name\":\"Anasayfa\",\"item\":\"https:\/\/toravilla.com\/\"},{\"@type\":\"ListItem\",\"position\":2,\"name\":\"Hakk\u0131m\u0131zda\"}]},{\"@type\":\"WebSite\",\"@id\":\"https:\/\/toravilla.com\/#website\",\"url\":\"https:\/\/toravilla.com\/\",\"name\":\"Toravilla\",\"description\":\"building your future\",\"publisher\":{\"@id\":\"https:\/\/toravilla.com\/#organization\"},\"potentialAction\":[{\"@type\":\"SearchAction\",\"target\":{\"@type\":\"EntryPoint\",\"urlTemplate\":\"https:\/\/toravilla.com\/?s={search_term_string}\"},\"query-input\":\"required name=search_term_string\"}],\"inLanguage\":\"de\"},{\"@type\":\"Organization\",\"@id\":\"https:\/\/toravilla.com\/#organization\",\"name\":\"Toravilla\",\"url\":\"https:\/\/toravilla.com\/\",\"logo\":{\"@type\":\"ImageObject\",\"inLanguage\":\"de\",\"@id\":\"https:\/\/toravilla.com\/#\/schema\/logo\/image\/\",\"url\":\"https:\/\/toravilla.com\/wp-content\/uploads\/2020\/02\/toravilla-site-logo-yeni-2.png\",\"contentUrl\":\"https:\/\/toravilla.com\/wp-content\/uploads\/2020\/02\/toravilla-site-logo-yeni-2.png\",\"width\":300,\"height\":100,\"caption\":\"Toravilla\"},\"image\":{\"@id\":\"https:\/\/toravilla.com\/#\/schema\/logo\/image\/\"},\"sameAs\":[\"https:\/\/www.facebook.com\/people\/Toravilla-Alanya\/100086007282611\/\",\"https:\/\/twitter.com\/Toravilla\",\"https:\/\/www.instagram.com\/toravillaemlak\/\",\"https:\/\/www.linkedin.com\/company\/toravilla\/\",\"https:\/\/www.youtube.com\/channel\/UCQWd3zRkPFLlIlRuDRZafNg\"]}]}<\/script>\n<!-- \/ Yoast SEO plugin. -->","yoast_head_json":{"title":"Hakk\u0131m\u0131zda - Toravilla","robots":{"index":"index","follow":"follow","max-snippet":"max-snippet:-1","max-image-preview":"max-image-preview:large","max-video-preview":"max-video-preview:-1"},"canonical":"https:\/\/toravilla.com\/de\/1220-2\/","og_locale":"de_DE","og_type":"article","og_title":"Hakk\u0131m\u0131zda - Toravilla","og_description":"Toravilla ayn\u0131 yerde 2004 y\u0131l\u0131ndan beri aktifdir ve sayg\u0131ya dayal\u0131 \u00fcn kazanm\u0131\u015ft\u0131r, g\u00fcven ve zaman\u0131nda teslimat. S\u00f6ylediklerimizi vaat ediyoruz, \u00f6nc\u00fcl\u00fck ediyoruz ve m\u00fc\u015fterilerimizin ilgisini proje ediyoruz. Bu ayn\u0131 zamanda al\u0131c\u0131 ve sat\u0131c\u0131 demektir! Uzun y\u0131llar boyunca deneyim, Ben en iyi reklam itibar oldu\u011funu \u00f6\u011frendim. Her ne kadar ben ve ekibim bir\u00e7ok daire satal\u0131m., Villalar, Arsalar,...","og_url":"https:\/\/toravilla.com\/de\/1220-2\/","og_site_name":"Toravilla","article_publisher":"https:\/\/www.facebook.com\/people\/Toravilla-Alanya\/100086007282611\/","article_modified_time":"2022-12-13T18:00:55+00:00","twitter_card":"summary_large_image","twitter_site":"@Toravilla","twitter_misc":{"Gesch\u00e4tzte Lesezeit":"1\u00a0Minute"},"schema":{"@context":"https:\/\/schema.org","@graph":[{"@type":"WebPage","@id":"https:\/\/toravilla.com\/1220-2\/","url":"https:\/\/toravilla.com\/1220-2\/","name":"Hakk\u0131m\u0131zda - Toravilla","isPartOf":{"@id":"https:\/\/toravilla.com\/#website"},"datePublished":"2021-06-30T10:51:37+00:00","dateModified":"2022-12-13T18:00:55+00:00","breadcrumb":{"@id":"https:\/\/toravilla.com\/1220-2\/#breadcrumb"},"inLanguage":"de","potentialAction":[{"@type":"ReadAction","target":["https:\/\/toravilla.com\/1220-2\/"]}]},{"@type":"BreadcrumbList","@id":"https:\/\/toravilla.com\/1220-2\/#breadcrumb","itemListElement":[{"@type":"ListItem","position":1,"name":"Anasayfa","item":"https:\/\/toravilla.com\/"},{"@type":"ListItem","position":2,"name":"Hakk\u0131m\u0131zda"}]},{"@type":"WebSite","@id":"https:\/\/toravilla.com\/#website","url":"https:\/\/toravilla.com\/","name":"Toravilla","description":"building your future","publisher":{"@id":"https:\/\/toravilla.com\/#organization"},"potentialAction":[{"@type":"SearchAction","target":{"@type":"EntryPoint","urlTemplate":"https:\/\/toravilla.com\/?s={search_term_string}"},"query-input":"required name=search_term_string"}],"inLanguage":"de"},{"@type":"Organization","@id":"https:\/\/toravilla.com\/#organization","name":"Toravilla","url":"https:\/\/toravilla.com\/","logo":{"@type":"ImageObject","inLanguage":"de","@id":"https:\/\/toravilla.com\/#\/schema\/logo\/image\/","url":"https:\/\/toravilla.com\/wp-content\/uploads\/2020\/02\/toravilla-site-logo-yeni-2.png","contentUrl":"https:\/\/toravilla.com\/wp-content\/uploads\/2020\/02\/toravilla-site-logo-yeni-2.png","width":300,"height":100,"caption":"Toravilla"},"image":{"@id":"https:\/\/toravilla.com\/#\/schema\/logo\/image\/"},"sameAs":["https:\/\/www.facebook.com\/people\/Toravilla-Alanya\/100086007282611\/","https:\/\/twitter.com\/Toravilla","https:\/\/www.instagram.com\/toravillaemlak\/","https:\/\/www.linkedin.com\/company\/toravilla\/","https:\/\/www.youtube.com\/channel\/UCQWd3zRkPFLlIlRuDRZafNg"]}]}},"_links":{"self":[{"href":"https:\/\/toravilla.com\/de\/wp-json\/wp\/v2\/pages\/1220","targetHints":{"allow":["GET"]}}],"collection":[{"href":"https:\/\/toravilla.com\/de\/wp-json\/wp\/v2\/pages"}],"about":[{"href":"https:\/\/toravilla.com\/de\/wp-json\/wp\/v2\/types\/page"}],"author":[{"embeddable":true,"href":"https:\/\/toravilla.com\/de\/wp-json\/wp\/v2\/users\/1"}],"replies":[{"embeddable":true,"href":"https:\/\/toravilla.com\/de\/wp-json\/wp\/v2\/comments?post=1220"}],"version-history":[{"count":1,"href":"https:\/\/toravilla.com\/de\/wp-json\/wp\/v2\/pages\/1220\/revisions"}],"predecessor-version":[{"id":7880,"href":"https:\/\/toravilla.com\/de\/wp-json\/wp\/v2\/pages\/1220\/revisions\/7880"}],"wp:attachment":[{"href":"https:\/\/toravilla.com\/de\/wp-json\/wp\/v2\/media?parent=1220"}],"curies":[{"name":"wp","href":"https:\/\/api.w.org\/{rel}","templated":true}]}}