{"id":2298,"date":"2022-09-08T09:45:51","date_gmt":"2022-09-08T09:45:51","guid":{"rendered":"https:\/\/toravilla.com\/?page_id=2298"},"modified":"2022-12-13T18:01:11","modified_gmt":"2022-12-13T18:01:11","slug":"vergi-kimlik-numarasi-alma","status":"publish","type":"page","link":"https:\/\/toravilla.com\/de\/vergi-kimlik-numarasi-alma\/","title":{"rendered":"VERG\u0130 K\u0130ML\u0130K NUMARASI ALMA"},"content":{"rendered":"<p>Vergi kimlik numaras\u0131, T\u00fcrkiye\u2019deki t\u00fcm kay\u0131t i\u015flemleri i\u00e7in g\u00fcnl\u00fck hayat\u0131n\u0131zda kullanaca\u011f\u0131n\u0131z size \u00f6zel kimlik numaran\u0131zd\u0131r. Bu, gayrimenkul al\u0131c\u0131lar\u0131na, m\u00fclk sahiplerine, yat\u0131r\u0131mc\u0131lara veya T\u00fcrkiye&#8217;de 90 g\u00fcnden fazla kalmay\u0131 planlayanlara bireysel olarak atanan on basamakl\u0131 bir say\u0131d\u0131r. \u0130\u015flem, 20 dakikadan az bir s\u00fcrede tamamlan\u0131r. Vergi kimlik numaras\u0131 almak i\u00e7in herhangi bir vergi dairesine gidip ba\u015fvuru yapabilirsiniz. \u0130\u015flem \u00fccretsizdir ve gerekli belgeler yaln\u0131zca\u00a0pasaportunuzun asl\u0131 ile bir kopyas\u0131d\u0131r. Sat\u0131n alma, sat\u0131\u015f gibi t\u00fcm mali i\u015flemler i\u00e7in bir vergi kimlik numaras\u0131na sahip olman\u0131z gerekmektedir. Vergi kimlik numaran\u0131z ile ger\u00e7ekle\u015ftirebilece\u011finiz i\u015flemlerden baz\u0131lar\u0131:<\/p>\n<ul>\n<li>Banka hesab\u0131 a\u00e7ma,<br \/>\n\u2022 Tapu devir i\u015flemi,<br \/>\n\u2022 Vekaletname,<br \/>\n\u2022 Oturma izni ba\u015fvurusu,<br \/>\n\u2022 Sigorta i\u015flemleri,<br \/>\n\u2022 Vergi \u00f6demeleri,<br \/>\n\u2022 Abonelik i\u015flemleri<\/li>\n<\/ul>","protected":false},"excerpt":{"rendered":"<p>Vergi kimlik numaras\u0131, T\u00fcrkiye\u2019deki t\u00fcm kay\u0131t i\u015flemleri i\u00e7in g\u00fcnl\u00fck hayat\u0131n\u0131zda kullanaca\u011f\u0131n\u0131z size \u00f6zel kimlik numaran\u0131zd\u0131r. Bu, gayrimenkul al\u0131c\u0131lar\u0131na, m\u00fclk sahiplerine, yat\u0131r\u0131mc\u0131lara veya T\u00fcrkiye&#8217;de 90 g\u00fcnden fazla kalmay\u0131 planlayanlara bireysel olarak atanan on basamakl\u0131 bir say\u0131d\u0131r. \u0130\u015flem, 20 dakikadan az bir s\u00fcrede tamamlan\u0131r. Vergi kimlik numaras\u0131 almak i\u00e7in herhangi bir vergi dairesine gidip ba\u015fvuru yapabilirsiniz. \u0130\u015flem&#8230;<\/p>","protected":false},"author":1,"featured_media":0,"parent":0,"menu_order":0,"comment_status":"closed","ping_status":"closed","template":"","meta":{"_mi_skip_tracking":false,"footnotes":""},"class_list":["post-2298","page","type-page","status-publish","hentry"],"yoast_head":"<!-- This site is optimized with the Yoast SEO plugin v20.1 - https:\/\/yoast.com\/wordpress\/plugins\/seo\/ -->\n<title>VERG\u0130 K\u0130ML\u0130K NUMARASI ALMA - Toravilla<\/title>\n<meta name=\"robots\" content=\"index, follow, max-snippet:-1, max-image-preview:large, max-video-preview:-1\" \/>\n<link rel=\"canonical\" href=\"https:\/\/toravilla.com\/de\/vergi-kimlik-numarasi-alma\/\" \/>\n<meta property=\"og:locale\" content=\"de_DE\" \/>\n<meta property=\"og:type\" content=\"article\" \/>\n<meta property=\"og:title\" content=\"VERG\u0130 K\u0130ML\u0130K NUMARASI ALMA - Toravilla\" \/>\n<meta property=\"og:description\" content=\"Vergi kimlik numaras\u0131, T\u00fcrkiye\u2019deki t\u00fcm kay\u0131t i\u015flemleri i\u00e7in g\u00fcnl\u00fck hayat\u0131n\u0131zda kullanaca\u011f\u0131n\u0131z size \u00f6zel kimlik numaran\u0131zd\u0131r. Bu, gayrimenkul al\u0131c\u0131lar\u0131na, m\u00fclk sahiplerine, yat\u0131r\u0131mc\u0131lara veya T\u00fcrkiye&#8217;de 90 g\u00fcnden fazla kalmay\u0131 planlayanlara bireysel olarak atanan on basamakl\u0131 bir say\u0131d\u0131r. \u0130\u015flem, 20 dakikadan az bir s\u00fcrede tamamlan\u0131r. Vergi kimlik numaras\u0131 almak i\u00e7in herhangi bir vergi dairesine gidip ba\u015fvuru yapabilirsiniz. \u0130\u015flem...\" \/>\n<meta property=\"og:url\" content=\"https:\/\/toravilla.com\/de\/vergi-kimlik-numarasi-alma\/\" \/>\n<meta property=\"og:site_name\" content=\"Toravilla\" \/>\n<meta property=\"article:publisher\" content=\"https:\/\/www.facebook.com\/people\/Toravilla-Alanya\/100086007282611\/\" \/>\n<meta property=\"article:modified_time\" content=\"2022-12-13T18:01:11+00:00\" \/>\n<meta name=\"twitter:card\" content=\"summary_large_image\" \/>\n<meta name=\"twitter:site\" content=\"@Toravilla\" \/>\n<meta name=\"twitter:label1\" content=\"Gesch\u00e4tzte Lesezeit\" \/>\n\t<meta name=\"twitter:data1\" content=\"1\u00a0Minute\" \/>\n<script type=\"application\/ld+json\" class=\"yoast-schema-graph\">{\"@context\":\"https:\/\/schema.org\",\"@graph\":[{\"@type\":\"WebPage\",\"@id\":\"https:\/\/toravilla.com\/vergi-kimlik-numarasi-alma\/\",\"url\":\"https:\/\/toravilla.com\/vergi-kimlik-numarasi-alma\/\",\"name\":\"VERG\u0130 K\u0130ML\u0130K NUMARASI ALMA - Toravilla\",\"isPartOf\":{\"@id\":\"https:\/\/toravilla.com\/#website\"},\"datePublished\":\"2022-09-08T09:45:51+00:00\",\"dateModified\":\"2022-12-13T18:01:11+00:00\",\"breadcrumb\":{\"@id\":\"https:\/\/toravilla.com\/vergi-kimlik-numarasi-alma\/#breadcrumb\"},\"inLanguage\":\"de\",\"potentialAction\":[{\"@type\":\"ReadAction\",\"target\":[\"https:\/\/toravilla.com\/vergi-kimlik-numarasi-alma\/\"]}]},{\"@type\":\"BreadcrumbList\",\"@id\":\"https:\/\/toravilla.com\/vergi-kimlik-numarasi-alma\/#breadcrumb\",\"itemListElement\":[{\"@type\":\"ListItem\",\"position\":1,\"name\":\"Anasayfa\",\"item\":\"https:\/\/toravilla.com\/\"},{\"@type\":\"ListItem\",\"position\":2,\"name\":\"VERG\u0130 K\u0130ML\u0130K NUMARASI ALMA\"}]},{\"@type\":\"WebSite\",\"@id\":\"https:\/\/toravilla.com\/#website\",\"url\":\"https:\/\/toravilla.com\/\",\"name\":\"Toravilla\",\"description\":\"building your future\",\"publisher\":{\"@id\":\"https:\/\/toravilla.com\/#organization\"},\"potentialAction\":[{\"@type\":\"SearchAction\",\"target\":{\"@type\":\"EntryPoint\",\"urlTemplate\":\"https:\/\/toravilla.com\/?s={search_term_string}\"},\"query-input\":\"required name=search_term_string\"}],\"inLanguage\":\"de\"},{\"@type\":\"Organization\",\"@id\":\"https:\/\/toravilla.com\/#organization\",\"name\":\"Toravilla\",\"url\":\"https:\/\/toravilla.com\/\",\"logo\":{\"@type\":\"ImageObject\",\"inLanguage\":\"de\",\"@id\":\"https:\/\/toravilla.com\/#\/schema\/logo\/image\/\",\"url\":\"https:\/\/toravilla.com\/wp-content\/uploads\/2020\/02\/toravilla-site-logo-yeni-2.png\",\"contentUrl\":\"https:\/\/toravilla.com\/wp-content\/uploads\/2020\/02\/toravilla-site-logo-yeni-2.png\",\"width\":300,\"height\":100,\"caption\":\"Toravilla\"},\"image\":{\"@id\":\"https:\/\/toravilla.com\/#\/schema\/logo\/image\/\"},\"sameAs\":[\"https:\/\/www.facebook.com\/people\/Toravilla-Alanya\/100086007282611\/\",\"https:\/\/twitter.com\/Toravilla\",\"https:\/\/www.instagram.com\/toravillaemlak\/\",\"https:\/\/www.linkedin.com\/company\/toravilla\/\",\"https:\/\/www.youtube.com\/channel\/UCQWd3zRkPFLlIlRuDRZafNg\"]}]}<\/script>\n<!-- \/ Yoast SEO plugin. -->","yoast_head_json":{"title":"VERG\u0130 K\u0130ML\u0130K NUMARASI ALMA - Toravilla","robots":{"index":"index","follow":"follow","max-snippet":"max-snippet:-1","max-image-preview":"max-image-preview:large","max-video-preview":"max-video-preview:-1"},"canonical":"https:\/\/toravilla.com\/de\/vergi-kimlik-numarasi-alma\/","og_locale":"de_DE","og_type":"article","og_title":"VERG\u0130 K\u0130ML\u0130K NUMARASI ALMA - Toravilla","og_description":"Vergi kimlik numaras\u0131, T\u00fcrkiye\u2019deki t\u00fcm kay\u0131t i\u015flemleri i\u00e7in g\u00fcnl\u00fck hayat\u0131n\u0131zda kullanaca\u011f\u0131n\u0131z size \u00f6zel kimlik numaran\u0131zd\u0131r. Bu, gayrimenkul al\u0131c\u0131lar\u0131na, m\u00fclk sahiplerine, yat\u0131r\u0131mc\u0131lara veya T\u00fcrkiye&#8217;de 90 g\u00fcnden fazla kalmay\u0131 planlayanlara bireysel olarak atanan on basamakl\u0131 bir say\u0131d\u0131r. \u0130\u015flem, 20 dakikadan az bir s\u00fcrede tamamlan\u0131r. Vergi kimlik numaras\u0131 almak i\u00e7in herhangi bir vergi dairesine gidip ba\u015fvuru yapabilirsiniz. \u0130\u015flem...","og_url":"https:\/\/toravilla.com\/de\/vergi-kimlik-numarasi-alma\/","og_site_name":"Toravilla","article_publisher":"https:\/\/www.facebook.com\/people\/Toravilla-Alanya\/100086007282611\/","article_modified_time":"2022-12-13T18:01:11+00:00","twitter_card":"summary_large_image","twitter_site":"@Toravilla","twitter_misc":{"Gesch\u00e4tzte Lesezeit":"1\u00a0Minute"},"schema":{"@context":"https:\/\/schema.org","@graph":[{"@type":"WebPage","@id":"https:\/\/toravilla.com\/vergi-kimlik-numarasi-alma\/","url":"https:\/\/toravilla.com\/vergi-kimlik-numarasi-alma\/","name":"VERG\u0130 K\u0130ML\u0130K NUMARASI ALMA - Toravilla","isPartOf":{"@id":"https:\/\/toravilla.com\/#website"},"datePublished":"2022-09-08T09:45:51+00:00","dateModified":"2022-12-13T18:01:11+00:00","breadcrumb":{"@id":"https:\/\/toravilla.com\/vergi-kimlik-numarasi-alma\/#breadcrumb"},"inLanguage":"de","potentialAction":[{"@type":"ReadAction","target":["https:\/\/toravilla.com\/vergi-kimlik-numarasi-alma\/"]}]},{"@type":"BreadcrumbList","@id":"https:\/\/toravilla.com\/vergi-kimlik-numarasi-alma\/#breadcrumb","itemListElement":[{"@type":"ListItem","position":1,"name":"Anasayfa","item":"https:\/\/toravilla.com\/"},{"@type":"ListItem","position":2,"name":"VERG\u0130 K\u0130ML\u0130K NUMARASI ALMA"}]},{"@type":"WebSite","@id":"https:\/\/toravilla.com\/#website","url":"https:\/\/toravilla.com\/","name":"Toravilla","description":"building your future","publisher":{"@id":"https:\/\/toravilla.com\/#organization"},"potentialAction":[{"@type":"SearchAction","target":{"@type":"EntryPoint","urlTemplate":"https:\/\/toravilla.com\/?s={search_term_string}"},"query-input":"required name=search_term_string"}],"inLanguage":"de"},{"@type":"Organization","@id":"https:\/\/toravilla.com\/#organization","name":"Toravilla","url":"https:\/\/toravilla.com\/","logo":{"@type":"ImageObject","inLanguage":"de","@id":"https:\/\/toravilla.com\/#\/schema\/logo\/image\/","url":"https:\/\/toravilla.com\/wp-content\/uploads\/2020\/02\/toravilla-site-logo-yeni-2.png","contentUrl":"https:\/\/toravilla.com\/wp-content\/uploads\/2020\/02\/toravilla-site-logo-yeni-2.png","width":300,"height":100,"caption":"Toravilla"},"image":{"@id":"https:\/\/toravilla.com\/#\/schema\/logo\/image\/"},"sameAs":["https:\/\/www.facebook.com\/people\/Toravilla-Alanya\/100086007282611\/","https:\/\/twitter.com\/Toravilla","https:\/\/www.instagram.com\/toravillaemlak\/","https:\/\/www.linkedin.com\/company\/toravilla\/","https:\/\/www.youtube.com\/channel\/UCQWd3zRkPFLlIlRuDRZafNg"]}]}},"_links":{"self":[{"href":"https:\/\/toravilla.com\/de\/wp-json\/wp\/v2\/pages\/2298","targetHints":{"allow":["GET"]}}],"collection":[{"href":"https:\/\/toravilla.com\/de\/wp-json\/wp\/v2\/pages"}],"about":[{"href":"https:\/\/toravilla.com\/de\/wp-json\/wp\/v2\/types\/page"}],"author":[{"embeddable":true,"href":"https:\/\/toravilla.com\/de\/wp-json\/wp\/v2\/users\/1"}],"replies":[{"embeddable":true,"href":"https:\/\/toravilla.com\/de\/wp-json\/wp\/v2\/comments?post=2298"}],"version-history":[{"count":1,"href":"https:\/\/toravilla.com\/de\/wp-json\/wp\/v2\/pages\/2298\/revisions"}],"predecessor-version":[{"id":7891,"href":"https:\/\/toravilla.com\/de\/wp-json\/wp\/v2\/pages\/2298\/revisions\/7891"}],"wp:attachment":[{"href":"https:\/\/toravilla.com\/de\/wp-json\/wp\/v2\/media?parent=2298"}],"curies":[{"name":"wp","href":"https:\/\/api.w.org\/{rel}","templated":true}]}}