{"id":2315,"date":"2022-09-08T10:06:24","date_gmt":"2022-09-08T10:06:24","guid":{"rendered":"https:\/\/toravilla.com\/?page_id=2315"},"modified":"2022-12-13T18:01:10","modified_gmt":"2022-12-13T18:01:10","slug":"turkiyede-abonelikler-ve-hizmet-abonmanlari","status":"publish","type":"page","link":"https:\/\/toravilla.com\/de\/turkiyede-abonelikler-ve-hizmet-abonmanlari\/","title":{"rendered":"ABONNEMENTS UND DIENSTLEISTUNGSABONNEMENTS IN DER T\u00dcRKEI"},"content":{"rendered":"<p><strong>ABONNEMENTS UND DIENSTLEISTUNGSABONNEMENTS IN DER T\u00dcRKEI<\/strong><\/p>\n<p>Zus\u00e4tzlich zu den Wasser-, Strom- und Gasabonnements in der T\u00fcrkei im Rahmen des After-Sales-Prozesses\u00a0<a href=\"https:\/\/terrarealestate.com\/property-insurance-in-turkey\">T\u00fcrkische Sachversicherung<\/a>\u00a0(TCIP-Versicherung f\u00fcr Naturkatastrophen). Diese Schritte sind schnell und einfach, sobald die Eigentumsurkunde auf Sie \u00fcbertragen ist. Sie k\u00f6nnen uns auch eine Vollmacht erteilen, damit wir in Ihrem Namen in der T\u00fcrkei Stromnetzanschl\u00fcsse und Versicherungen abschlie\u00dfen k\u00f6nnen.<\/p>\n<p><a href=\"https:\/\/turkpermit.com.tr\/BlogDetay\/yabancilar-fatura-aboneliklerini-nasil-uezerine-alabilirler\"><strong>WIE K\u00d6NNEN AUSL\u00c4NDER DIE RECHNUNGSSTELLUNG F\u00dcR ABONNEMENTS \u00dcBERNEHMEN?<\/strong><\/a><\/p>\n<p><strong>Ausl\u00e4nder ELEKTRISCHE ABONNEMENT<\/strong><\/p>\n<p><strong>Sie k\u00f6nnen den Anschluss direkt bei dem f\u00fcr die Region zust\u00e4ndigen Stromversorgungsunternehmen beantragen oder \u00fcber die Website des f\u00fcr die Region zust\u00e4ndigen Stromversorgungsunternehmens beantragen.  Dar\u00fcber hinaus kann der Strombezug auch \u00fcber die Rechnungsstellen erfolgen. Das TORAVILLA-B\u00fcro wird Sie bei diesem Prozess begleiten.<\/strong><\/p>\n<p><strong>Welche Dokumente sind erforderlich?<\/strong><\/p>\n<p><strong>* Mietvertrag oder Eigentumsurkunde<\/strong><\/p>\n<p><strong>* Aufenthaltsgenehmigung (Ausl\u00e4nderidentifikationsnummer)<\/strong><\/p>\n<p><strong>* Jede Stromrechnung f\u00fcr die Wohnung (Installationsnummer)<\/strong><\/p>\n<p><strong>* DASK (obligatorische Erdbebenversicherung)<\/strong><\/p>\n<p><strong>\u00a0<\/strong><\/p>\n<p><strong>Wie k\u00f6nnen Ausl\u00e4nder die Erdgasrechnungen \u00fcbernehmen?<\/strong><\/p>\n<p>Erdgas wird von privaten Unternehmen geliefert. Als Grundst\u00fcckseigent\u00fcmer m\u00fcssen Sie bei den Kundendienstzentren einen Antrag auf Gasversorgung stellen und die erforderlichen Unterlagen einreichen.<\/p>\n<p><strong>Welche Dokumente sind erforderlich?<\/strong><\/p>\n<p>* Aufenthaltsgenehmigung (Ausl\u00e4nderidentifikationsnummer)<\/p>\n<p>* Mietvertrag oder Eigentumsurkunde<\/p>\n<p>* Eventuelle Erdgasrechnung f\u00fcr die Wohnung (Nummer der Verbrauchsstelle)<\/p>\n<p>&nbsp;<\/p>\n<p><strong>Wie k\u00f6nnen Ausl\u00e4nder die Wasserrechnungen \u00fcbernehmen?<\/strong><\/p>\n<p>Ausl\u00e4nder k\u00f6nnen sich direkt an die Vertriebsgesellschaft wenden, um ihre Wasserrechnungen zu \u00fcbernehmen, oder sie k\u00f6nnen den Vorgang \u00fcber die Website abwickeln.<\/p>\n<p><strong>Welche Dokumente sind erforderlich?<\/strong><\/p>\n<p>* Aufenthaltsgenehmigung (Ausl\u00e4nderidentifikationsnummer)<\/p>\n<p>* Mietvertrag oder Eigentumsurkunde<\/p>\n<p>* Jede Wasserrechnung f\u00fcr die Wohnung<\/p>\n<p>* Geb\u00fchr f\u00fcr die Sicherheit (derzeitiger Betrag: 144 tl)<\/p>\n<p>&nbsp;<\/p>\n<p>Diese Dienstleistungen sind daher f\u00fcr ein komfortables und hochwertiges Leben notwendig,\u00a0<u>die Eigentumsurkunde f\u00fcr Ihre Immobilie<\/u>\u00a0Es ist wichtig, dass Sie diese sofort nach Erhalt abonnieren. TORAVILLA Immobilien wird Ihnen dabei gerne zur Seite stehen.<\/p>","protected":false},"excerpt":{"rendered":"<p>T\u00dcRK\u0130YE` ABONEL\u0130KLER VE H\u0130ZMET ABONMANLARI Sat\u0131\u015f sonras\u0131 s\u00fcre\u00e7 kapsam\u0131nda T\u00fcrkiye&#8217;deki su, elektrik ve gaz aboneliklerinin yan\u0131 s\u0131ra\u00a0T\u00fcrk M\u00fclkiyet Sigortas\u0131\u00a0(Do\u011fal Afetleri kapsayan DASK sigortas\u0131) konusunda size yard\u0131mc\u0131 oluyoruz.\u00a0Tapu size devredildikten sonra bu ad\u0131mlar h\u0131zl\u0131 ve kolayd\u0131r.\u00a0Ayr\u0131ca, T\u00fcrkiye&#8217;de elektrik \u015febekesi abonelikleri ve sizin ad\u0131n\u0131za sigorta i\u015flemlerine devam edebilmemiz i\u00e7in bize Vekaletname de verebilirsiniz. YABANCILAR FATURA ABONEL\u0130KLER\u0130N\u0130 NASIL&#8230;<\/p>","protected":false},"author":1,"featured_media":0,"parent":0,"menu_order":0,"comment_status":"closed","ping_status":"closed","template":"","meta":{"_mi_skip_tracking":false,"footnotes":""},"class_list":["post-2315","page","type-page","status-publish","hentry"],"yoast_head":"<!-- This site is optimized with the Yoast SEO plugin v20.1 - https:\/\/yoast.com\/wordpress\/plugins\/seo\/ -->\n<title>T\u00dcRK\u0130YE`DE ABONEL\u0130KLER VE H\u0130ZMET ABONMANLARI - Toravilla<\/title>\n<meta name=\"robots\" content=\"index, follow, max-snippet:-1, max-image-preview:large, max-video-preview:-1\" \/>\n<link rel=\"canonical\" href=\"https:\/\/toravilla.com\/de\/turkiyede-abonelikler-ve-hizmet-abonmanlari\/\" \/>\n<meta property=\"og:locale\" content=\"de_DE\" \/>\n<meta property=\"og:type\" content=\"article\" \/>\n<meta property=\"og:title\" content=\"T\u00dcRK\u0130YE`DE ABONEL\u0130KLER VE H\u0130ZMET ABONMANLARI - Toravilla\" \/>\n<meta property=\"og:description\" content=\"T\u00dcRK\u0130YE` ABONEL\u0130KLER VE H\u0130ZMET ABONMANLARI Sat\u0131\u015f sonras\u0131 s\u00fcre\u00e7 kapsam\u0131nda T\u00fcrkiye&#8217;deki su, elektrik ve gaz aboneliklerinin yan\u0131 s\u0131ra\u00a0T\u00fcrk M\u00fclkiyet Sigortas\u0131\u00a0(Do\u011fal Afetleri kapsayan DASK sigortas\u0131) konusunda size yard\u0131mc\u0131 oluyoruz.\u00a0Tapu size devredildikten sonra bu ad\u0131mlar h\u0131zl\u0131 ve kolayd\u0131r.\u00a0Ayr\u0131ca, T\u00fcrkiye&#8217;de elektrik \u015febekesi abonelikleri ve sizin ad\u0131n\u0131za sigorta i\u015flemlerine devam edebilmemiz i\u00e7in bize Vekaletname de verebilirsiniz. YABANCILAR FATURA ABONEL\u0130KLER\u0130N\u0130 NASIL...\" \/>\n<meta property=\"og:url\" content=\"https:\/\/toravilla.com\/de\/turkiyede-abonelikler-ve-hizmet-abonmanlari\/\" \/>\n<meta property=\"og:site_name\" content=\"Toravilla\" \/>\n<meta property=\"article:publisher\" content=\"https:\/\/www.facebook.com\/people\/Toravilla-Alanya\/100086007282611\/\" \/>\n<meta property=\"article:modified_time\" content=\"2022-12-13T18:01:10+00:00\" \/>\n<meta name=\"twitter:card\" content=\"summary_large_image\" \/>\n<meta name=\"twitter:site\" content=\"@Toravilla\" \/>\n<meta name=\"twitter:label1\" content=\"Gesch\u00e4tzte Lesezeit\" \/>\n\t<meta name=\"twitter:data1\" content=\"2\u00a0Minuten\" \/>\n<script type=\"application\/ld+json\" class=\"yoast-schema-graph\">{\"@context\":\"https:\/\/schema.org\",\"@graph\":[{\"@type\":\"WebPage\",\"@id\":\"https:\/\/toravilla.com\/turkiyede-abonelikler-ve-hizmet-abonmanlari\/\",\"url\":\"https:\/\/toravilla.com\/turkiyede-abonelikler-ve-hizmet-abonmanlari\/\",\"name\":\"T\u00dcRK\u0130YE`DE ABONEL\u0130KLER VE H\u0130ZMET ABONMANLARI - Toravilla\",\"isPartOf\":{\"@id\":\"https:\/\/toravilla.com\/#website\"},\"datePublished\":\"2022-09-08T10:06:24+00:00\",\"dateModified\":\"2022-12-13T18:01:10+00:00\",\"breadcrumb\":{\"@id\":\"https:\/\/toravilla.com\/turkiyede-abonelikler-ve-hizmet-abonmanlari\/#breadcrumb\"},\"inLanguage\":\"de\",\"potentialAction\":[{\"@type\":\"ReadAction\",\"target\":[\"https:\/\/toravilla.com\/turkiyede-abonelikler-ve-hizmet-abonmanlari\/\"]}]},{\"@type\":\"BreadcrumbList\",\"@id\":\"https:\/\/toravilla.com\/turkiyede-abonelikler-ve-hizmet-abonmanlari\/#breadcrumb\",\"itemListElement\":[{\"@type\":\"ListItem\",\"position\":1,\"name\":\"Anasayfa\",\"item\":\"https:\/\/toravilla.com\/\"},{\"@type\":\"ListItem\",\"position\":2,\"name\":\"T\u00dcRK\u0130YE`DE ABONEL\u0130KLER VE H\u0130ZMET ABONMANLARI\"}]},{\"@type\":\"WebSite\",\"@id\":\"https:\/\/toravilla.com\/#website\",\"url\":\"https:\/\/toravilla.com\/\",\"name\":\"Toravilla\",\"description\":\"building your future\",\"publisher\":{\"@id\":\"https:\/\/toravilla.com\/#organization\"},\"potentialAction\":[{\"@type\":\"SearchAction\",\"target\":{\"@type\":\"EntryPoint\",\"urlTemplate\":\"https:\/\/toravilla.com\/?s={search_term_string}\"},\"query-input\":\"required name=search_term_string\"}],\"inLanguage\":\"de\"},{\"@type\":\"Organization\",\"@id\":\"https:\/\/toravilla.com\/#organization\",\"name\":\"Toravilla\",\"url\":\"https:\/\/toravilla.com\/\",\"logo\":{\"@type\":\"ImageObject\",\"inLanguage\":\"de\",\"@id\":\"https:\/\/toravilla.com\/#\/schema\/logo\/image\/\",\"url\":\"https:\/\/toravilla.com\/wp-content\/uploads\/2020\/02\/toravilla-site-logo-yeni-2.png\",\"contentUrl\":\"https:\/\/toravilla.com\/wp-content\/uploads\/2020\/02\/toravilla-site-logo-yeni-2.png\",\"width\":300,\"height\":100,\"caption\":\"Toravilla\"},\"image\":{\"@id\":\"https:\/\/toravilla.com\/#\/schema\/logo\/image\/\"},\"sameAs\":[\"https:\/\/www.facebook.com\/people\/Toravilla-Alanya\/100086007282611\/\",\"https:\/\/twitter.com\/Toravilla\",\"https:\/\/www.instagram.com\/toravillaemlak\/\",\"https:\/\/www.linkedin.com\/company\/toravilla\/\",\"https:\/\/www.youtube.com\/channel\/UCQWd3zRkPFLlIlRuDRZafNg\"]}]}<\/script>\n<!-- \/ Yoast SEO plugin. -->","yoast_head_json":{"title":"T\u00dcRK\u0130YE`DE ABONEL\u0130KLER VE H\u0130ZMET ABONMANLARI - Toravilla","robots":{"index":"index","follow":"follow","max-snippet":"max-snippet:-1","max-image-preview":"max-image-preview:large","max-video-preview":"max-video-preview:-1"},"canonical":"https:\/\/toravilla.com\/de\/turkiyede-abonelikler-ve-hizmet-abonmanlari\/","og_locale":"de_DE","og_type":"article","og_title":"T\u00dcRK\u0130YE`DE ABONEL\u0130KLER VE H\u0130ZMET ABONMANLARI - Toravilla","og_description":"T\u00dcRK\u0130YE` ABONEL\u0130KLER VE H\u0130ZMET ABONMANLARI Sat\u0131\u015f sonras\u0131 s\u00fcre\u00e7 kapsam\u0131nda T\u00fcrkiye&#8217;deki su, elektrik ve gaz aboneliklerinin yan\u0131 s\u0131ra\u00a0T\u00fcrk M\u00fclkiyet Sigortas\u0131\u00a0(Do\u011fal Afetleri kapsayan DASK sigortas\u0131) konusunda size yard\u0131mc\u0131 oluyoruz.\u00a0Tapu size devredildikten sonra bu ad\u0131mlar h\u0131zl\u0131 ve kolayd\u0131r.\u00a0Ayr\u0131ca, T\u00fcrkiye&#8217;de elektrik \u015febekesi abonelikleri ve sizin ad\u0131n\u0131za sigorta i\u015flemlerine devam edebilmemiz i\u00e7in bize Vekaletname de verebilirsiniz. YABANCILAR FATURA ABONEL\u0130KLER\u0130N\u0130 NASIL...","og_url":"https:\/\/toravilla.com\/de\/turkiyede-abonelikler-ve-hizmet-abonmanlari\/","og_site_name":"Toravilla","article_publisher":"https:\/\/www.facebook.com\/people\/Toravilla-Alanya\/100086007282611\/","article_modified_time":"2022-12-13T18:01:10+00:00","twitter_card":"summary_large_image","twitter_site":"@Toravilla","twitter_misc":{"Gesch\u00e4tzte Lesezeit":"2\u00a0Minuten"},"schema":{"@context":"https:\/\/schema.org","@graph":[{"@type":"WebPage","@id":"https:\/\/toravilla.com\/turkiyede-abonelikler-ve-hizmet-abonmanlari\/","url":"https:\/\/toravilla.com\/turkiyede-abonelikler-ve-hizmet-abonmanlari\/","name":"T\u00dcRK\u0130YE`DE ABONEL\u0130KLER VE H\u0130ZMET ABONMANLARI - Toravilla","isPartOf":{"@id":"https:\/\/toravilla.com\/#website"},"datePublished":"2022-09-08T10:06:24+00:00","dateModified":"2022-12-13T18:01:10+00:00","breadcrumb":{"@id":"https:\/\/toravilla.com\/turkiyede-abonelikler-ve-hizmet-abonmanlari\/#breadcrumb"},"inLanguage":"de","potentialAction":[{"@type":"ReadAction","target":["https:\/\/toravilla.com\/turkiyede-abonelikler-ve-hizmet-abonmanlari\/"]}]},{"@type":"BreadcrumbList","@id":"https:\/\/toravilla.com\/turkiyede-abonelikler-ve-hizmet-abonmanlari\/#breadcrumb","itemListElement":[{"@type":"ListItem","position":1,"name":"Anasayfa","item":"https:\/\/toravilla.com\/"},{"@type":"ListItem","position":2,"name":"T\u00dcRK\u0130YE`DE ABONEL\u0130KLER VE H\u0130ZMET ABONMANLARI"}]},{"@type":"WebSite","@id":"https:\/\/toravilla.com\/#website","url":"https:\/\/toravilla.com\/","name":"Toravilla","description":"building your future","publisher":{"@id":"https:\/\/toravilla.com\/#organization"},"potentialAction":[{"@type":"SearchAction","target":{"@type":"EntryPoint","urlTemplate":"https:\/\/toravilla.com\/?s={search_term_string}"},"query-input":"required name=search_term_string"}],"inLanguage":"de"},{"@type":"Organization","@id":"https:\/\/toravilla.com\/#organization","name":"Toravilla","url":"https:\/\/toravilla.com\/","logo":{"@type":"ImageObject","inLanguage":"de","@id":"https:\/\/toravilla.com\/#\/schema\/logo\/image\/","url":"https:\/\/toravilla.com\/wp-content\/uploads\/2020\/02\/toravilla-site-logo-yeni-2.png","contentUrl":"https:\/\/toravilla.com\/wp-content\/uploads\/2020\/02\/toravilla-site-logo-yeni-2.png","width":300,"height":100,"caption":"Toravilla"},"image":{"@id":"https:\/\/toravilla.com\/#\/schema\/logo\/image\/"},"sameAs":["https:\/\/www.facebook.com\/people\/Toravilla-Alanya\/100086007282611\/","https:\/\/twitter.com\/Toravilla","https:\/\/www.instagram.com\/toravillaemlak\/","https:\/\/www.linkedin.com\/company\/toravilla\/","https:\/\/www.youtube.com\/channel\/UCQWd3zRkPFLlIlRuDRZafNg"]}]}},"_links":{"self":[{"href":"https:\/\/toravilla.com\/de\/wp-json\/wp\/v2\/pages\/2315","targetHints":{"allow":["GET"]}}],"collection":[{"href":"https:\/\/toravilla.com\/de\/wp-json\/wp\/v2\/pages"}],"about":[{"href":"https:\/\/toravilla.com\/de\/wp-json\/wp\/v2\/types\/page"}],"author":[{"embeddable":true,"href":"https:\/\/toravilla.com\/de\/wp-json\/wp\/v2\/users\/1"}],"replies":[{"embeddable":true,"href":"https:\/\/toravilla.com\/de\/wp-json\/wp\/v2\/comments?post=2315"}],"version-history":[{"count":1,"href":"https:\/\/toravilla.com\/de\/wp-json\/wp\/v2\/pages\/2315\/revisions"}],"predecessor-version":[{"id":7887,"href":"https:\/\/toravilla.com\/de\/wp-json\/wp\/v2\/pages\/2315\/revisions\/7887"}],"wp:attachment":[{"href":"https:\/\/toravilla.com\/de\/wp-json\/wp\/v2\/media?parent=2315"}],"curies":[{"name":"wp","href":"https:\/\/api.w.org\/{rel}","templated":true}]}}