{"id":8813,"date":"2023-03-29T07:02:09","date_gmt":"2023-03-29T07:02:09","guid":{"rendered":"https:\/\/toravilla.com\/?page_id=8813"},"modified":"2023-03-29T07:02:09","modified_gmt":"2023-03-29T07:02:09","slug":"gayrimenkul-degerleme-raporu","status":"publish","type":"page","link":"https:\/\/toravilla.com\/de\/hizmetlerimiz\/gayrimenkul-degerleme-raporu\/","title":{"rendered":"Immobilienbewertungsbericht"},"content":{"rendered":"<p>Ein Immobilienbewertungsbericht ist ein Bericht zur \u00dcberpr\u00fcfung von ausl\u00e4ndischen Immobilienk\u00e4ufern. Sie finden Informationen \u00fcber die Dokumente, die aus dem Bewertungsbericht und dem Bewertungsbericht f\u00fcr diese Immobilie zu erstellen sind. TC Umwelt und Urbanisierung Generaldirektion f\u00fcr Grundbuch und Kataster Ministerium f\u00fcr ausw\u00e4rtige Angelegenheiten.02.2019\u00a0\u00a0<a href=\"https:\/\/www.tkgm.gov.tr\/sites\/default\/files\/icerik\/ekleri\/yabancilarin_tasinmaz_ediniminde_degerleme_raporu_alinmasi_hakkinda_2019-1_ocr.pdf\">Rundschreiben<\/a>\u00a0\u00a0Mit dem Ort in der T\u00fcrkei zu kaufen ist so unwirklich wie unwirklich geworden. Um realisiert zu werden, wird eine objektive Eigenschaft, die f\u00fcr den Kauf in Betracht gezogen werden kann, in einer \u00dcberpr\u00fcfung, die f\u00fcr den Kauf in Betracht gezogen werden kann 3 G\u00fcltigkeit, die nicht mit Aufzeichnungen abgeschlossen werden kann, f\u00fcr einen Zeitraum von Zeit angewendet werden gesucht. Verkauf an Ausl\u00e4nder, die Sch\u00e4tzung Bericht in den Verkaufsbericht, der Sch\u00e4tzung Bericht f\u00fcr alle K\u00e4ufer ist atur.\u00a0<strong>Bewertungsdaten Daten<\/strong>\u00a0\u00a0:<\/p>\n<ul>\n<li>Authentische Bilder<\/li>\n<li>Informationen zur Eigentumsurkunde<\/li>\n<li>Informationen \u00fcber den Standort<\/li>\n<li>Generaldirektion f\u00fcr Grundbuch und Kataster technische Informationen und Schuldenstand<\/li>\n<li>\u00e4hnlich wie bei den Preisen von Immobilien und Flugtickets<\/li>\n<\/ul>\n<p><strong>In der T\u00fcrkei gibt es zwei Arten von Wertgutachten<\/strong><\/p>\n<ul>\n<li>Sie gilt f\u00fcr den Bericht \u00fcber die Immobilienbewertung:\u00a0<em>Wohn- oder Einfamilienh\u00e4user, Einkaufszentren, B\u00fcros, landwirtschaftliche Fl\u00e4chen usw.<\/em><\/li>\n<li>G\u00fcltig f\u00fcr die Projektbewertung Hotel mit Machbarkeitsbericht:\u00a0<em>Grundst\u00fccksinvestitionen, gewerbliche Investitionen, Umweltinvestitionen, Investitionen in Einkaufszentren, Bauinvestitionen usw.<\/em><\/li>\n<\/ul>\n<p>&nbsp;<\/p>\n<h4>Unsere Rolle als Toravilla Real Estate...<\/h4>\n<p>Als Toravilla Real Estate, um eine Menge Aufwand f\u00fcr eine einfache Aufgabe zu setzen. Wir helfen nur mit Scoring durch die CMB zugelassen.\u00a0<em>Der Bewertungsbericht kann innerhalb von 2-3 Tagen f\u00fcr Immobilien erstellt werden.\u00a0<\/em>\u00a0<em>Die Durchf\u00fchrbarkeitsstudie f\u00fcr ein Unternehmen, einen Betrieb oder ein Grundst\u00fcck kann zwischen 2 Wochen und 1 Monat dauern.\u00a0<\/em><\/p>","protected":false},"excerpt":{"rendered":"<p>Gayrimenkul de\u011ferleme raporu, yabanc\u0131 emlak al\u0131c\u0131lar\u0131n\u0131 do\u011frulamak i\u00e7in olan bir rapordur.\u00a0Bu m\u00fclk\u00fcn\u00fcz i\u00e7in de\u011ferleme raporundan yap\u0131lacak evraklar ve de\u011ferlendirme raporu hakk\u0131nda bilgi bulabilirsiniz.\u00a0TC \u00c7evre ve \u015eehircilik Tapu ve Kadastro Genel M\u00fcd\u00fcrl\u00fc\u011f\u00fc Yabanc\u0131 \u0130\u015fler Daire Ba\u015fkanl\u0131\u011f\u0131\u2019n\u0131n.02.2019\u00a0\u00a0genelgesi\u00a0\u00a0ile T\u00fcrkiye\u2019de yer gibi ger\u00e7ek olmayan sat\u0131n al\u0131nmak i\u00e7in hale geldi.\u00a0Ger\u00e7ekle\u015ftirilecek, sat\u0131n al\u0131nmak \u00fczere sat\u0131n al\u0131nabilecek bir nesnel m\u00fclk sat\u0131n al\u0131nmak&#8230;<\/p>","protected":false},"author":1,"featured_media":0,"parent":8765,"menu_order":0,"comment_status":"closed","ping_status":"closed","template":"","meta":{"_mi_skip_tracking":false,"footnotes":""},"class_list":["post-8813","page","type-page","status-publish","hentry"],"yoast_head":"<!-- This site is optimized with the Yoast SEO plugin v20.1 - https:\/\/yoast.com\/wordpress\/plugins\/seo\/ -->\n<title>Gayrimenkul De\u011ferleme Raporu - Toravilla<\/title>\n<meta name=\"description\" content=\"Gayrimenkul De\u011ferleme Raporu, yabanc\u0131 emlak al\u0131c\u0131lar\u0131n\u0131 do\u011frulamak i\u00e7in olan bir rapordur. Daha fazla bilgi i\u00e7in t\u0131klay\u0131n\u0131z...\" \/>\n<meta name=\"robots\" content=\"index, follow, max-snippet:-1, max-image-preview:large, max-video-preview:-1\" \/>\n<link rel=\"canonical\" href=\"https:\/\/toravilla.com\/de\/hizmetlerimiz\/gayrimenkul-degerleme-raporu\/\" \/>\n<meta property=\"og:locale\" content=\"de_DE\" \/>\n<meta property=\"og:type\" content=\"article\" \/>\n<meta property=\"og:title\" content=\"Gayrimenkul De\u011ferleme Raporu - Toravilla\" \/>\n<meta property=\"og:description\" content=\"Gayrimenkul De\u011ferleme Raporu, yabanc\u0131 emlak al\u0131c\u0131lar\u0131n\u0131 do\u011frulamak i\u00e7in olan bir rapordur. Daha fazla bilgi i\u00e7in t\u0131klay\u0131n\u0131z...\" \/>\n<meta property=\"og:url\" content=\"https:\/\/toravilla.com\/de\/hizmetlerimiz\/gayrimenkul-degerleme-raporu\/\" \/>\n<meta property=\"og:site_name\" content=\"Toravilla\" \/>\n<meta property=\"article:publisher\" content=\"https:\/\/www.facebook.com\/people\/Toravilla-Alanya\/100086007282611\/\" \/>\n<meta name=\"twitter:card\" content=\"summary_large_image\" \/>\n<meta name=\"twitter:site\" content=\"@Toravilla\" \/>\n<meta name=\"twitter:label1\" content=\"Gesch\u00e4tzte Lesezeit\" \/>\n\t<meta name=\"twitter:data1\" content=\"2\u00a0Minuten\" \/>\n<script type=\"application\/ld+json\" class=\"yoast-schema-graph\">{\"@context\":\"https:\/\/schema.org\",\"@graph\":[{\"@type\":\"WebPage\",\"@id\":\"https:\/\/toravilla.com\/hizmetlerimiz\/gayrimenkul-degerleme-raporu\/\",\"url\":\"https:\/\/toravilla.com\/hizmetlerimiz\/gayrimenkul-degerleme-raporu\/\",\"name\":\"Gayrimenkul De\u011ferleme Raporu - Toravilla\",\"isPartOf\":{\"@id\":\"https:\/\/toravilla.com\/#website\"},\"datePublished\":\"2023-03-29T07:02:09+00:00\",\"dateModified\":\"2023-03-29T07:02:09+00:00\",\"description\":\"Gayrimenkul De\u011ferleme Raporu, yabanc\u0131 emlak al\u0131c\u0131lar\u0131n\u0131 do\u011frulamak i\u00e7in olan bir rapordur. Daha fazla bilgi i\u00e7in t\u0131klay\u0131n\u0131z...\",\"breadcrumb\":{\"@id\":\"https:\/\/toravilla.com\/hizmetlerimiz\/gayrimenkul-degerleme-raporu\/#breadcrumb\"},\"inLanguage\":\"de\",\"potentialAction\":[{\"@type\":\"ReadAction\",\"target\":[\"https:\/\/toravilla.com\/hizmetlerimiz\/gayrimenkul-degerleme-raporu\/\"]}]},{\"@type\":\"BreadcrumbList\",\"@id\":\"https:\/\/toravilla.com\/hizmetlerimiz\/gayrimenkul-degerleme-raporu\/#breadcrumb\",\"itemListElement\":[{\"@type\":\"ListItem\",\"position\":1,\"name\":\"Anasayfa\",\"item\":\"https:\/\/toravilla.com\/\"},{\"@type\":\"ListItem\",\"position\":2,\"name\":\"Hizmetlerimiz\",\"item\":\"https:\/\/toravilla.com\/hizmetlerimiz\/\"},{\"@type\":\"ListItem\",\"position\":3,\"name\":\"Gayrimenkul De\u011ferleme Raporu\"}]},{\"@type\":\"WebSite\",\"@id\":\"https:\/\/toravilla.com\/#website\",\"url\":\"https:\/\/toravilla.com\/\",\"name\":\"Toravilla\",\"description\":\"building your future\",\"publisher\":{\"@id\":\"https:\/\/toravilla.com\/#organization\"},\"potentialAction\":[{\"@type\":\"SearchAction\",\"target\":{\"@type\":\"EntryPoint\",\"urlTemplate\":\"https:\/\/toravilla.com\/?s={search_term_string}\"},\"query-input\":\"required name=search_term_string\"}],\"inLanguage\":\"de\"},{\"@type\":\"Organization\",\"@id\":\"https:\/\/toravilla.com\/#organization\",\"name\":\"Toravilla\",\"url\":\"https:\/\/toravilla.com\/\",\"logo\":{\"@type\":\"ImageObject\",\"inLanguage\":\"de\",\"@id\":\"https:\/\/toravilla.com\/#\/schema\/logo\/image\/\",\"url\":\"https:\/\/toravilla.com\/wp-content\/uploads\/2020\/02\/toravilla-site-logo-yeni-2.png\",\"contentUrl\":\"https:\/\/toravilla.com\/wp-content\/uploads\/2020\/02\/toravilla-site-logo-yeni-2.png\",\"width\":300,\"height\":100,\"caption\":\"Toravilla\"},\"image\":{\"@id\":\"https:\/\/toravilla.com\/#\/schema\/logo\/image\/\"},\"sameAs\":[\"https:\/\/www.facebook.com\/people\/Toravilla-Alanya\/100086007282611\/\",\"https:\/\/twitter.com\/Toravilla\",\"https:\/\/www.instagram.com\/toravillaemlak\/\",\"https:\/\/www.linkedin.com\/company\/toravilla\/\",\"https:\/\/www.youtube.com\/channel\/UCQWd3zRkPFLlIlRuDRZafNg\"]}]}<\/script>\n<!-- \/ Yoast SEO plugin. -->","yoast_head_json":{"title":"Gayrimenkul De\u011ferleme Raporu - Toravilla","description":"Gayrimenkul De\u011ferleme Raporu, yabanc\u0131 emlak al\u0131c\u0131lar\u0131n\u0131 do\u011frulamak i\u00e7in olan bir rapordur. Daha fazla bilgi i\u00e7in t\u0131klay\u0131n\u0131z...","robots":{"index":"index","follow":"follow","max-snippet":"max-snippet:-1","max-image-preview":"max-image-preview:large","max-video-preview":"max-video-preview:-1"},"canonical":"https:\/\/toravilla.com\/de\/hizmetlerimiz\/gayrimenkul-degerleme-raporu\/","og_locale":"de_DE","og_type":"article","og_title":"Gayrimenkul De\u011ferleme Raporu - Toravilla","og_description":"Gayrimenkul De\u011ferleme Raporu, yabanc\u0131 emlak al\u0131c\u0131lar\u0131n\u0131 do\u011frulamak i\u00e7in olan bir rapordur. Daha fazla bilgi i\u00e7in t\u0131klay\u0131n\u0131z...","og_url":"https:\/\/toravilla.com\/de\/hizmetlerimiz\/gayrimenkul-degerleme-raporu\/","og_site_name":"Toravilla","article_publisher":"https:\/\/www.facebook.com\/people\/Toravilla-Alanya\/100086007282611\/","twitter_card":"summary_large_image","twitter_site":"@Toravilla","twitter_misc":{"Gesch\u00e4tzte Lesezeit":"2\u00a0Minuten"},"schema":{"@context":"https:\/\/schema.org","@graph":[{"@type":"WebPage","@id":"https:\/\/toravilla.com\/hizmetlerimiz\/gayrimenkul-degerleme-raporu\/","url":"https:\/\/toravilla.com\/hizmetlerimiz\/gayrimenkul-degerleme-raporu\/","name":"Gayrimenkul De\u011ferleme Raporu - Toravilla","isPartOf":{"@id":"https:\/\/toravilla.com\/#website"},"datePublished":"2023-03-29T07:02:09+00:00","dateModified":"2023-03-29T07:02:09+00:00","description":"Gayrimenkul De\u011ferleme Raporu, yabanc\u0131 emlak al\u0131c\u0131lar\u0131n\u0131 do\u011frulamak i\u00e7in olan bir rapordur. Daha fazla bilgi i\u00e7in t\u0131klay\u0131n\u0131z...","breadcrumb":{"@id":"https:\/\/toravilla.com\/hizmetlerimiz\/gayrimenkul-degerleme-raporu\/#breadcrumb"},"inLanguage":"de","potentialAction":[{"@type":"ReadAction","target":["https:\/\/toravilla.com\/hizmetlerimiz\/gayrimenkul-degerleme-raporu\/"]}]},{"@type":"BreadcrumbList","@id":"https:\/\/toravilla.com\/hizmetlerimiz\/gayrimenkul-degerleme-raporu\/#breadcrumb","itemListElement":[{"@type":"ListItem","position":1,"name":"Anasayfa","item":"https:\/\/toravilla.com\/"},{"@type":"ListItem","position":2,"name":"Hizmetlerimiz","item":"https:\/\/toravilla.com\/hizmetlerimiz\/"},{"@type":"ListItem","position":3,"name":"Gayrimenkul De\u011ferleme Raporu"}]},{"@type":"WebSite","@id":"https:\/\/toravilla.com\/#website","url":"https:\/\/toravilla.com\/","name":"Toravilla","description":"building your future","publisher":{"@id":"https:\/\/toravilla.com\/#organization"},"potentialAction":[{"@type":"SearchAction","target":{"@type":"EntryPoint","urlTemplate":"https:\/\/toravilla.com\/?s={search_term_string}"},"query-input":"required name=search_term_string"}],"inLanguage":"de"},{"@type":"Organization","@id":"https:\/\/toravilla.com\/#organization","name":"Toravilla","url":"https:\/\/toravilla.com\/","logo":{"@type":"ImageObject","inLanguage":"de","@id":"https:\/\/toravilla.com\/#\/schema\/logo\/image\/","url":"https:\/\/toravilla.com\/wp-content\/uploads\/2020\/02\/toravilla-site-logo-yeni-2.png","contentUrl":"https:\/\/toravilla.com\/wp-content\/uploads\/2020\/02\/toravilla-site-logo-yeni-2.png","width":300,"height":100,"caption":"Toravilla"},"image":{"@id":"https:\/\/toravilla.com\/#\/schema\/logo\/image\/"},"sameAs":["https:\/\/www.facebook.com\/people\/Toravilla-Alanya\/100086007282611\/","https:\/\/twitter.com\/Toravilla","https:\/\/www.instagram.com\/toravillaemlak\/","https:\/\/www.linkedin.com\/company\/toravilla\/","https:\/\/www.youtube.com\/channel\/UCQWd3zRkPFLlIlRuDRZafNg"]}]}},"_links":{"self":[{"href":"https:\/\/toravilla.com\/de\/wp-json\/wp\/v2\/pages\/8813","targetHints":{"allow":["GET"]}}],"collection":[{"href":"https:\/\/toravilla.com\/de\/wp-json\/wp\/v2\/pages"}],"about":[{"href":"https:\/\/toravilla.com\/de\/wp-json\/wp\/v2\/types\/page"}],"author":[{"embeddable":true,"href":"https:\/\/toravilla.com\/de\/wp-json\/wp\/v2\/users\/1"}],"replies":[{"embeddable":true,"href":"https:\/\/toravilla.com\/de\/wp-json\/wp\/v2\/comments?post=8813"}],"version-history":[{"count":1,"href":"https:\/\/toravilla.com\/de\/wp-json\/wp\/v2\/pages\/8813\/revisions"}],"predecessor-version":[{"id":8814,"href":"https:\/\/toravilla.com\/de\/wp-json\/wp\/v2\/pages\/8813\/revisions\/8814"}],"up":[{"embeddable":true,"href":"https:\/\/toravilla.com\/de\/wp-json\/wp\/v2\/pages\/8765"}],"wp:attachment":[{"href":"https:\/\/toravilla.com\/de\/wp-json\/wp\/v2\/media?parent=8813"}],"curies":[{"name":"wp","href":"https:\/\/api.w.org\/{rel}","templated":true}]}}