{"id":2315,"date":"2022-09-08T10:06:24","date_gmt":"2022-09-08T10:06:24","guid":{"rendered":"https:\/\/toravilla.com\/?page_id=2315"},"modified":"2022-12-13T18:01:10","modified_gmt":"2022-12-13T18:01:10","slug":"turkiyede-abonelikler-ve-hizmet-abonmanlari","status":"publish","type":"page","link":"https:\/\/toravilla.com\/en\/turkiyede-abonelikler-ve-hizmet-abonmanlari\/","title":{"rendered":"SUBSCRIPTIONS AND SERVICE SUBSCRIPTIONS IN TURKEY"},"content":{"rendered":"<p><strong>SUBSCRIPTIONS AND SERVICE SUBSCRIPTIONS IN TURKEY<\/strong><\/p>\n<p>In addition to water, electricity and gas subscriptions in Turkey as part of the after-sales process\u00a0<a href=\"https:\/\/terrarealestate.com\/property-insurance-in-turkey\">Turkish Property Insurance<\/a>\u00a0(TCIP insurance covering natural disasters). These steps are quick and easy once the title deed is transferred to you. You can also give us a Power of Attorney so that we can proceed with electricity network subscriptions and insurance on your behalf in Turkey.<\/p>\n<p><a href=\"https:\/\/turkpermit.com.tr\/BlogDetay\/yabancilar-fatura-aboneliklerini-nasil-uezerine-alabilirler\"><strong>HOW CAN FOREIGNERS TAKE OVER BILLING SUBSCRIPTIONS?<\/strong><\/a><\/p>\n<p><strong>Foreigners ELECTRIC SUBSCRIPTION<\/strong><\/p>\n<p><strong>For subscription, you can apply directly to the electricity distribution company serving the region or you can apply through the website of the electricity distribution company.  In addition, electricity subscription can also be made from bill payment centers. TORAVILLA office will be with you in this process.<\/strong><\/p>\n<p><strong>What are the Required Documents?<\/strong><\/p>\n<p><strong>* Lease contract or title deed<\/strong><\/p>\n<p><strong>* Residence permit (Foreigner Identification Number)<\/strong><\/p>\n<p><strong>* Any electricity bill for the residence (Installation Number)<\/strong><\/p>\n<p><strong>* DASK (Compulsory Earthquake Insurance)<\/strong><\/p>\n<p><strong>\u00a0<\/strong><\/p>\n<p><strong>How Can Foreigners Receive Natural Gas Invoices?<\/strong><\/p>\n<p>Natural gas is provided by private companies, as a property owner you need to apply for gas supply to the customer service centers and submit the necessary documents.<\/p>\n<p><strong>What are the Required Documents?<\/strong><\/p>\n<p>* Residence Permit (Foreigner Identification Number)<\/p>\n<p>* Lease contract or title deed<\/p>\n<p>* Any natural gas invoice for the residence (Consumption Point Number)<\/p>\n<p>&nbsp;<\/p>\n<p><strong>How Can Foreigners Receive Water Bills?<\/strong><\/p>\n<p>Foreigners can apply directly to the distributor company to take over their water bill subscriptions, or they can do so through the website.<\/p>\n<p><strong>What are the Required Documents?<\/strong><\/p>\n<p>* Residence Permit (Foreigner Identification Number)<\/p>\n<p>* Lease contract or title deed<\/p>\n<p>* Any water bill for the residence<\/p>\n<p>* Collateral Fee (current amount: 144 tl)<\/p>\n<p>&nbsp;<\/p>\n<p>These services are therefore essential for a comfortable and quality life,\u00a0<u>the title deed to your property<\/u>\u00a0It is important that you subscribe to them as soon as you receive them. TORAVILLA real estate will gladly be with you in this process.<\/p>","protected":false},"excerpt":{"rendered":"<p>T\u00dcRK\u0130YE` ABONEL\u0130KLER VE H\u0130ZMET ABONMANLARI Sat\u0131\u015f sonras\u0131 s\u00fcre\u00e7 kapsam\u0131nda T\u00fcrkiye&#8217;deki su, elektrik ve gaz aboneliklerinin yan\u0131 s\u0131ra\u00a0T\u00fcrk M\u00fclkiyet Sigortas\u0131\u00a0(Do\u011fal Afetleri kapsayan DASK sigortas\u0131) konusunda size yard\u0131mc\u0131 oluyoruz.\u00a0Tapu size devredildikten sonra bu ad\u0131mlar h\u0131zl\u0131 ve kolayd\u0131r.\u00a0Ayr\u0131ca, T\u00fcrkiye&#8217;de elektrik \u015febekesi abonelikleri ve sizin ad\u0131n\u0131za sigorta i\u015flemlerine devam edebilmemiz i\u00e7in bize Vekaletname de verebilirsiniz. YABANCILAR FATURA ABONEL\u0130KLER\u0130N\u0130 NASIL&#8230;<\/p>","protected":false},"author":1,"featured_media":0,"parent":0,"menu_order":0,"comment_status":"closed","ping_status":"closed","template":"","meta":{"_mi_skip_tracking":false,"footnotes":""},"class_list":["post-2315","page","type-page","status-publish","hentry"],"yoast_head":"<!-- This site is optimized with the Yoast SEO plugin v20.1 - https:\/\/yoast.com\/wordpress\/plugins\/seo\/ -->\n<title>T\u00dcRK\u0130YE`DE ABONEL\u0130KLER VE H\u0130ZMET ABONMANLARI - Toravilla<\/title>\n<meta name=\"robots\" content=\"index, follow, max-snippet:-1, max-image-preview:large, max-video-preview:-1\" \/>\n<link rel=\"canonical\" href=\"https:\/\/toravilla.com\/en\/turkiyede-abonelikler-ve-hizmet-abonmanlari\/\" \/>\n<meta property=\"og:locale\" content=\"en_US\" \/>\n<meta property=\"og:type\" content=\"article\" \/>\n<meta property=\"og:title\" content=\"T\u00dcRK\u0130YE`DE ABONEL\u0130KLER VE H\u0130ZMET ABONMANLARI - Toravilla\" \/>\n<meta property=\"og:description\" content=\"T\u00dcRK\u0130YE` ABONEL\u0130KLER VE H\u0130ZMET ABONMANLARI Sat\u0131\u015f sonras\u0131 s\u00fcre\u00e7 kapsam\u0131nda T\u00fcrkiye&#8217;deki su, elektrik ve gaz aboneliklerinin yan\u0131 s\u0131ra\u00a0T\u00fcrk M\u00fclkiyet Sigortas\u0131\u00a0(Do\u011fal Afetleri kapsayan DASK sigortas\u0131) konusunda size yard\u0131mc\u0131 oluyoruz.\u00a0Tapu size devredildikten sonra bu ad\u0131mlar h\u0131zl\u0131 ve kolayd\u0131r.\u00a0Ayr\u0131ca, T\u00fcrkiye&#8217;de elektrik \u015febekesi abonelikleri ve sizin ad\u0131n\u0131za sigorta i\u015flemlerine devam edebilmemiz i\u00e7in bize Vekaletname de verebilirsiniz. YABANCILAR FATURA ABONEL\u0130KLER\u0130N\u0130 NASIL...\" \/>\n<meta property=\"og:url\" content=\"https:\/\/toravilla.com\/en\/turkiyede-abonelikler-ve-hizmet-abonmanlari\/\" \/>\n<meta property=\"og:site_name\" content=\"Toravilla\" \/>\n<meta property=\"article:publisher\" content=\"https:\/\/www.facebook.com\/people\/Toravilla-Alanya\/100086007282611\/\" \/>\n<meta property=\"article:modified_time\" content=\"2022-12-13T18:01:10+00:00\" \/>\n<meta name=\"twitter:card\" content=\"summary_large_image\" \/>\n<meta name=\"twitter:site\" content=\"@Toravilla\" \/>\n<meta name=\"twitter:label1\" content=\"Est. reading time\" \/>\n\t<meta name=\"twitter:data1\" content=\"2 minutes\" \/>\n<script type=\"application\/ld+json\" class=\"yoast-schema-graph\">{\"@context\":\"https:\/\/schema.org\",\"@graph\":[{\"@type\":\"WebPage\",\"@id\":\"https:\/\/toravilla.com\/turkiyede-abonelikler-ve-hizmet-abonmanlari\/\",\"url\":\"https:\/\/toravilla.com\/turkiyede-abonelikler-ve-hizmet-abonmanlari\/\",\"name\":\"T\u00dcRK\u0130YE`DE ABONEL\u0130KLER VE H\u0130ZMET ABONMANLARI - Toravilla\",\"isPartOf\":{\"@id\":\"https:\/\/toravilla.com\/#website\"},\"datePublished\":\"2022-09-08T10:06:24+00:00\",\"dateModified\":\"2022-12-13T18:01:10+00:00\",\"breadcrumb\":{\"@id\":\"https:\/\/toravilla.com\/turkiyede-abonelikler-ve-hizmet-abonmanlari\/#breadcrumb\"},\"inLanguage\":\"en-US\",\"potentialAction\":[{\"@type\":\"ReadAction\",\"target\":[\"https:\/\/toravilla.com\/turkiyede-abonelikler-ve-hizmet-abonmanlari\/\"]}]},{\"@type\":\"BreadcrumbList\",\"@id\":\"https:\/\/toravilla.com\/turkiyede-abonelikler-ve-hizmet-abonmanlari\/#breadcrumb\",\"itemListElement\":[{\"@type\":\"ListItem\",\"position\":1,\"name\":\"Anasayfa\",\"item\":\"https:\/\/toravilla.com\/\"},{\"@type\":\"ListItem\",\"position\":2,\"name\":\"T\u00dcRK\u0130YE`DE ABONEL\u0130KLER VE H\u0130ZMET ABONMANLARI\"}]},{\"@type\":\"WebSite\",\"@id\":\"https:\/\/toravilla.com\/#website\",\"url\":\"https:\/\/toravilla.com\/\",\"name\":\"Toravilla\",\"description\":\"building your future\",\"publisher\":{\"@id\":\"https:\/\/toravilla.com\/#organization\"},\"potentialAction\":[{\"@type\":\"SearchAction\",\"target\":{\"@type\":\"EntryPoint\",\"urlTemplate\":\"https:\/\/toravilla.com\/?s={search_term_string}\"},\"query-input\":\"required name=search_term_string\"}],\"inLanguage\":\"en-US\"},{\"@type\":\"Organization\",\"@id\":\"https:\/\/toravilla.com\/#organization\",\"name\":\"Toravilla\",\"url\":\"https:\/\/toravilla.com\/\",\"logo\":{\"@type\":\"ImageObject\",\"inLanguage\":\"en-US\",\"@id\":\"https:\/\/toravilla.com\/#\/schema\/logo\/image\/\",\"url\":\"https:\/\/toravilla.com\/wp-content\/uploads\/2020\/02\/toravilla-site-logo-yeni-2.png\",\"contentUrl\":\"https:\/\/toravilla.com\/wp-content\/uploads\/2020\/02\/toravilla-site-logo-yeni-2.png\",\"width\":300,\"height\":100,\"caption\":\"Toravilla\"},\"image\":{\"@id\":\"https:\/\/toravilla.com\/#\/schema\/logo\/image\/\"},\"sameAs\":[\"https:\/\/www.facebook.com\/people\/Toravilla-Alanya\/100086007282611\/\",\"https:\/\/twitter.com\/Toravilla\",\"https:\/\/www.instagram.com\/toravillaemlak\/\",\"https:\/\/www.linkedin.com\/company\/toravilla\/\",\"https:\/\/www.youtube.com\/channel\/UCQWd3zRkPFLlIlRuDRZafNg\"]}]}<\/script>\n<!-- \/ Yoast SEO plugin. -->","yoast_head_json":{"title":"T\u00dcRK\u0130YE`DE ABONEL\u0130KLER VE H\u0130ZMET ABONMANLARI - Toravilla","robots":{"index":"index","follow":"follow","max-snippet":"max-snippet:-1","max-image-preview":"max-image-preview:large","max-video-preview":"max-video-preview:-1"},"canonical":"https:\/\/toravilla.com\/en\/turkiyede-abonelikler-ve-hizmet-abonmanlari\/","og_locale":"en_US","og_type":"article","og_title":"T\u00dcRK\u0130YE`DE ABONEL\u0130KLER VE H\u0130ZMET ABONMANLARI - Toravilla","og_description":"T\u00dcRK\u0130YE` ABONEL\u0130KLER VE H\u0130ZMET ABONMANLARI Sat\u0131\u015f sonras\u0131 s\u00fcre\u00e7 kapsam\u0131nda T\u00fcrkiye&#8217;deki su, elektrik ve gaz aboneliklerinin yan\u0131 s\u0131ra\u00a0T\u00fcrk M\u00fclkiyet Sigortas\u0131\u00a0(Do\u011fal Afetleri kapsayan DASK sigortas\u0131) konusunda size yard\u0131mc\u0131 oluyoruz.\u00a0Tapu size devredildikten sonra bu ad\u0131mlar h\u0131zl\u0131 ve kolayd\u0131r.\u00a0Ayr\u0131ca, T\u00fcrkiye&#8217;de elektrik \u015febekesi abonelikleri ve sizin ad\u0131n\u0131za sigorta i\u015flemlerine devam edebilmemiz i\u00e7in bize Vekaletname de verebilirsiniz. YABANCILAR FATURA ABONEL\u0130KLER\u0130N\u0130 NASIL...","og_url":"https:\/\/toravilla.com\/en\/turkiyede-abonelikler-ve-hizmet-abonmanlari\/","og_site_name":"Toravilla","article_publisher":"https:\/\/www.facebook.com\/people\/Toravilla-Alanya\/100086007282611\/","article_modified_time":"2022-12-13T18:01:10+00:00","twitter_card":"summary_large_image","twitter_site":"@Toravilla","twitter_misc":{"Est. reading time":"2 minutes"},"schema":{"@context":"https:\/\/schema.org","@graph":[{"@type":"WebPage","@id":"https:\/\/toravilla.com\/turkiyede-abonelikler-ve-hizmet-abonmanlari\/","url":"https:\/\/toravilla.com\/turkiyede-abonelikler-ve-hizmet-abonmanlari\/","name":"T\u00dcRK\u0130YE`DE ABONEL\u0130KLER VE H\u0130ZMET ABONMANLARI - Toravilla","isPartOf":{"@id":"https:\/\/toravilla.com\/#website"},"datePublished":"2022-09-08T10:06:24+00:00","dateModified":"2022-12-13T18:01:10+00:00","breadcrumb":{"@id":"https:\/\/toravilla.com\/turkiyede-abonelikler-ve-hizmet-abonmanlari\/#breadcrumb"},"inLanguage":"en-US","potentialAction":[{"@type":"ReadAction","target":["https:\/\/toravilla.com\/turkiyede-abonelikler-ve-hizmet-abonmanlari\/"]}]},{"@type":"BreadcrumbList","@id":"https:\/\/toravilla.com\/turkiyede-abonelikler-ve-hizmet-abonmanlari\/#breadcrumb","itemListElement":[{"@type":"ListItem","position":1,"name":"Anasayfa","item":"https:\/\/toravilla.com\/"},{"@type":"ListItem","position":2,"name":"T\u00dcRK\u0130YE`DE ABONEL\u0130KLER VE H\u0130ZMET ABONMANLARI"}]},{"@type":"WebSite","@id":"https:\/\/toravilla.com\/#website","url":"https:\/\/toravilla.com\/","name":"Toravilla","description":"building your future","publisher":{"@id":"https:\/\/toravilla.com\/#organization"},"potentialAction":[{"@type":"SearchAction","target":{"@type":"EntryPoint","urlTemplate":"https:\/\/toravilla.com\/?s={search_term_string}"},"query-input":"required name=search_term_string"}],"inLanguage":"en-US"},{"@type":"Organization","@id":"https:\/\/toravilla.com\/#organization","name":"Toravilla","url":"https:\/\/toravilla.com\/","logo":{"@type":"ImageObject","inLanguage":"en-US","@id":"https:\/\/toravilla.com\/#\/schema\/logo\/image\/","url":"https:\/\/toravilla.com\/wp-content\/uploads\/2020\/02\/toravilla-site-logo-yeni-2.png","contentUrl":"https:\/\/toravilla.com\/wp-content\/uploads\/2020\/02\/toravilla-site-logo-yeni-2.png","width":300,"height":100,"caption":"Toravilla"},"image":{"@id":"https:\/\/toravilla.com\/#\/schema\/logo\/image\/"},"sameAs":["https:\/\/www.facebook.com\/people\/Toravilla-Alanya\/100086007282611\/","https:\/\/twitter.com\/Toravilla","https:\/\/www.instagram.com\/toravillaemlak\/","https:\/\/www.linkedin.com\/company\/toravilla\/","https:\/\/www.youtube.com\/channel\/UCQWd3zRkPFLlIlRuDRZafNg"]}]}},"_links":{"self":[{"href":"https:\/\/toravilla.com\/en\/wp-json\/wp\/v2\/pages\/2315","targetHints":{"allow":["GET"]}}],"collection":[{"href":"https:\/\/toravilla.com\/en\/wp-json\/wp\/v2\/pages"}],"about":[{"href":"https:\/\/toravilla.com\/en\/wp-json\/wp\/v2\/types\/page"}],"author":[{"embeddable":true,"href":"https:\/\/toravilla.com\/en\/wp-json\/wp\/v2\/users\/1"}],"replies":[{"embeddable":true,"href":"https:\/\/toravilla.com\/en\/wp-json\/wp\/v2\/comments?post=2315"}],"version-history":[{"count":1,"href":"https:\/\/toravilla.com\/en\/wp-json\/wp\/v2\/pages\/2315\/revisions"}],"predecessor-version":[{"id":7887,"href":"https:\/\/toravilla.com\/en\/wp-json\/wp\/v2\/pages\/2315\/revisions\/7887"}],"wp:attachment":[{"href":"https:\/\/toravilla.com\/en\/wp-json\/wp\/v2\/media?parent=2315"}],"curies":[{"name":"wp","href":"https:\/\/api.w.org\/{rel}","templated":true}]}}