{"id":2322,"date":"2022-09-08T10:11:31","date_gmt":"2022-09-08T10:11:31","guid":{"rendered":"https:\/\/toravilla.com\/?page_id=2322"},"modified":"2022-12-13T18:01:12","modified_gmt":"2022-12-13T18:01:12","slug":"yabancilarin-tasinmazlarini-kiralanmasi-ve-satilmasi","status":"publish","type":"page","link":"https:\/\/toravilla.com\/en\/yabancilarin-tasinmazlarini-kiralanmasi-ve-satilmasi\/","title":{"rendered":"LEASING AND SALE OF IMMOVABLE PROPERTIES OF FOREIGNERS"},"content":{"rendered":"<p><strong>Leasing of Immovable Property to Foreigners in Turkey<\/strong><\/p>\n<p><strong>Foreign nationals who have obtained a residence permit have the right to rent a house. The Turkish Code of Obligations clearly regulates how to rent an immovable property. First of all, the lessor and the foreign citizen must enter into a lease agreement for the immovable property. This situation does not differ for foreign nationals and Turkish citizens, and the same conditions apply to both parties. The important point here is that a foreign citizen must have a residence permit in order to rent an immovable.<\/strong><\/p>\n<p><strong>\u00a0<\/strong><strong>Sale of Real Estate by Foreigners<\/strong><\/p>\n<p><strong>\u00a0We have explained how foreigners can acquire property in Turkey. In cases where the sale of the immovable property is realized in accordance with the procedures we have explained, the foreigner can now establish a right of pledge on the immovable property in Turkey, rent out the relevant immovable property and sell it. However, a number of different documents are required during the sale process. These documents are<\/strong><\/p>\n<ul>\n<li><strong>Foreign ID or passport<\/strong><\/li>\n<li><strong>Compulsory earthquake insurance policy for buildings<\/strong><\/li>\n<li><strong>Valuation report on the immovable (Valuation report is valid for three months from the date of application)<\/strong><\/li>\n<li><strong>If the transaction will be realized through a representative, a power of attorney containing authorization to make the relevant transaction<\/strong><\/li>\n<li><strong>One passport size photograph<\/strong><\/li>\n<\/ul>\n<p><strong>After the application is made to the Land Registry Directorate with the relevant documents, there is no restriction specific to foreigners in this regard, and Turkish Laws will apply to the relevant disputes.<\/strong><\/p>","protected":false},"excerpt":{"rendered":"<p>T\u00fcrkiye\u2019de Yabanc\u0131lar\u0131n Ta\u015f\u0131nmazlar\u0131n\u0131 Kiralanmas\u0131 ikamet izni alm\u0131\u015f yabanc\u0131 uyruklu ki\u015filer ev kiralama hakk\u0131na sahiptir. T\u00fcrk Bor\u00e7lar Kanunu\u2019nda bir ta\u015f\u0131nmaz\u0131n nas\u0131l kiralanaca\u011f\u0131 a\u00e7\u0131k bir \u015fekilde d\u00fczenlenmi\u015ftir. \u00d6ncelikle ta\u015f\u0131nmaz i\u00e7in kiraya veren ve yabanc\u0131 uyruklu vatanda\u015f\u0131n kira s\u00f6zle\u015fmesi yapmas\u0131 gerekmektedir. Bu durum yabanc\u0131 uyruklu ki\u015filer ve T\u00fcrk vatanda\u015flar\u0131 i\u00e7in farkl\u0131l\u0131k arz etmemekte olup, her iki taraf i\u00e7in&#8230;<\/p>","protected":false},"author":1,"featured_media":0,"parent":0,"menu_order":0,"comment_status":"closed","ping_status":"closed","template":"","meta":{"_mi_skip_tracking":false,"footnotes":""},"class_list":["post-2322","page","type-page","status-publish","hentry"],"yoast_head":"<!-- This site is optimized with the Yoast SEO plugin v20.1 - https:\/\/yoast.com\/wordpress\/plugins\/seo\/ -->\n<title>YABANCILARIN TA\u015eINMAZLARININ K\u0130RALANMASI VE SATILMASI - Toravilla<\/title>\n<meta name=\"robots\" content=\"index, follow, max-snippet:-1, max-image-preview:large, max-video-preview:-1\" \/>\n<link rel=\"canonical\" href=\"https:\/\/toravilla.com\/en\/yabancilarin-tasinmazlarini-kiralanmasi-ve-satilmasi\/\" \/>\n<meta property=\"og:locale\" content=\"en_US\" \/>\n<meta property=\"og:type\" content=\"article\" \/>\n<meta property=\"og:title\" content=\"YABANCILARIN TA\u015eINMAZLARININ K\u0130RALANMASI VE SATILMASI - Toravilla\" \/>\n<meta property=\"og:description\" content=\"T\u00fcrkiye\u2019de Yabanc\u0131lar\u0131n Ta\u015f\u0131nmazlar\u0131n\u0131 Kiralanmas\u0131 ikamet izni alm\u0131\u015f yabanc\u0131 uyruklu ki\u015filer ev kiralama hakk\u0131na sahiptir. T\u00fcrk Bor\u00e7lar Kanunu\u2019nda bir ta\u015f\u0131nmaz\u0131n nas\u0131l kiralanaca\u011f\u0131 a\u00e7\u0131k bir \u015fekilde d\u00fczenlenmi\u015ftir. \u00d6ncelikle ta\u015f\u0131nmaz i\u00e7in kiraya veren ve yabanc\u0131 uyruklu vatanda\u015f\u0131n kira s\u00f6zle\u015fmesi yapmas\u0131 gerekmektedir. Bu durum yabanc\u0131 uyruklu ki\u015filer ve T\u00fcrk vatanda\u015flar\u0131 i\u00e7in farkl\u0131l\u0131k arz etmemekte olup, her iki taraf i\u00e7in...\" \/>\n<meta property=\"og:url\" content=\"https:\/\/toravilla.com\/en\/yabancilarin-tasinmazlarini-kiralanmasi-ve-satilmasi\/\" \/>\n<meta property=\"og:site_name\" content=\"Toravilla\" \/>\n<meta property=\"article:publisher\" content=\"https:\/\/www.facebook.com\/people\/Toravilla-Alanya\/100086007282611\/\" \/>\n<meta property=\"article:modified_time\" content=\"2022-12-13T18:01:12+00:00\" \/>\n<meta name=\"twitter:card\" content=\"summary_large_image\" \/>\n<meta name=\"twitter:site\" content=\"@Toravilla\" \/>\n<meta name=\"twitter:label1\" content=\"Est. reading time\" \/>\n\t<meta name=\"twitter:data1\" content=\"1 minute\" \/>\n<script type=\"application\/ld+json\" class=\"yoast-schema-graph\">{\"@context\":\"https:\/\/schema.org\",\"@graph\":[{\"@type\":\"WebPage\",\"@id\":\"https:\/\/toravilla.com\/yabancilarin-tasinmazlarini-kiralanmasi-ve-satilmasi\/\",\"url\":\"https:\/\/toravilla.com\/yabancilarin-tasinmazlarini-kiralanmasi-ve-satilmasi\/\",\"name\":\"YABANCILARIN TA\u015eINMAZLARININ K\u0130RALANMASI VE SATILMASI - Toravilla\",\"isPartOf\":{\"@id\":\"https:\/\/toravilla.com\/#website\"},\"datePublished\":\"2022-09-08T10:11:31+00:00\",\"dateModified\":\"2022-12-13T18:01:12+00:00\",\"breadcrumb\":{\"@id\":\"https:\/\/toravilla.com\/yabancilarin-tasinmazlarini-kiralanmasi-ve-satilmasi\/#breadcrumb\"},\"inLanguage\":\"en-US\",\"potentialAction\":[{\"@type\":\"ReadAction\",\"target\":[\"https:\/\/toravilla.com\/yabancilarin-tasinmazlarini-kiralanmasi-ve-satilmasi\/\"]}]},{\"@type\":\"BreadcrumbList\",\"@id\":\"https:\/\/toravilla.com\/yabancilarin-tasinmazlarini-kiralanmasi-ve-satilmasi\/#breadcrumb\",\"itemListElement\":[{\"@type\":\"ListItem\",\"position\":1,\"name\":\"Anasayfa\",\"item\":\"https:\/\/toravilla.com\/\"},{\"@type\":\"ListItem\",\"position\":2,\"name\":\"YABANCILARIN TA\u015eINMAZLARININ K\u0130RALANMASI VE SATILMASI\"}]},{\"@type\":\"WebSite\",\"@id\":\"https:\/\/toravilla.com\/#website\",\"url\":\"https:\/\/toravilla.com\/\",\"name\":\"Toravilla\",\"description\":\"building your future\",\"publisher\":{\"@id\":\"https:\/\/toravilla.com\/#organization\"},\"potentialAction\":[{\"@type\":\"SearchAction\",\"target\":{\"@type\":\"EntryPoint\",\"urlTemplate\":\"https:\/\/toravilla.com\/?s={search_term_string}\"},\"query-input\":\"required name=search_term_string\"}],\"inLanguage\":\"en-US\"},{\"@type\":\"Organization\",\"@id\":\"https:\/\/toravilla.com\/#organization\",\"name\":\"Toravilla\",\"url\":\"https:\/\/toravilla.com\/\",\"logo\":{\"@type\":\"ImageObject\",\"inLanguage\":\"en-US\",\"@id\":\"https:\/\/toravilla.com\/#\/schema\/logo\/image\/\",\"url\":\"https:\/\/toravilla.com\/wp-content\/uploads\/2020\/02\/toravilla-site-logo-yeni-2.png\",\"contentUrl\":\"https:\/\/toravilla.com\/wp-content\/uploads\/2020\/02\/toravilla-site-logo-yeni-2.png\",\"width\":300,\"height\":100,\"caption\":\"Toravilla\"},\"image\":{\"@id\":\"https:\/\/toravilla.com\/#\/schema\/logo\/image\/\"},\"sameAs\":[\"https:\/\/www.facebook.com\/people\/Toravilla-Alanya\/100086007282611\/\",\"https:\/\/twitter.com\/Toravilla\",\"https:\/\/www.instagram.com\/toravillaemlak\/\",\"https:\/\/www.linkedin.com\/company\/toravilla\/\",\"https:\/\/www.youtube.com\/channel\/UCQWd3zRkPFLlIlRuDRZafNg\"]}]}<\/script>\n<!-- \/ Yoast SEO plugin. -->","yoast_head_json":{"title":"YABANCILARIN TA\u015eINMAZLARININ K\u0130RALANMASI VE SATILMASI - Toravilla","robots":{"index":"index","follow":"follow","max-snippet":"max-snippet:-1","max-image-preview":"max-image-preview:large","max-video-preview":"max-video-preview:-1"},"canonical":"https:\/\/toravilla.com\/en\/yabancilarin-tasinmazlarini-kiralanmasi-ve-satilmasi\/","og_locale":"en_US","og_type":"article","og_title":"YABANCILARIN TA\u015eINMAZLARININ K\u0130RALANMASI VE SATILMASI - Toravilla","og_description":"T\u00fcrkiye\u2019de Yabanc\u0131lar\u0131n Ta\u015f\u0131nmazlar\u0131n\u0131 Kiralanmas\u0131 ikamet izni alm\u0131\u015f yabanc\u0131 uyruklu ki\u015filer ev kiralama hakk\u0131na sahiptir. T\u00fcrk Bor\u00e7lar Kanunu\u2019nda bir ta\u015f\u0131nmaz\u0131n nas\u0131l kiralanaca\u011f\u0131 a\u00e7\u0131k bir \u015fekilde d\u00fczenlenmi\u015ftir. \u00d6ncelikle ta\u015f\u0131nmaz i\u00e7in kiraya veren ve yabanc\u0131 uyruklu vatanda\u015f\u0131n kira s\u00f6zle\u015fmesi yapmas\u0131 gerekmektedir. Bu durum yabanc\u0131 uyruklu ki\u015filer ve T\u00fcrk vatanda\u015flar\u0131 i\u00e7in farkl\u0131l\u0131k arz etmemekte olup, her iki taraf i\u00e7in...","og_url":"https:\/\/toravilla.com\/en\/yabancilarin-tasinmazlarini-kiralanmasi-ve-satilmasi\/","og_site_name":"Toravilla","article_publisher":"https:\/\/www.facebook.com\/people\/Toravilla-Alanya\/100086007282611\/","article_modified_time":"2022-12-13T18:01:12+00:00","twitter_card":"summary_large_image","twitter_site":"@Toravilla","twitter_misc":{"Est. reading time":"1 minute"},"schema":{"@context":"https:\/\/schema.org","@graph":[{"@type":"WebPage","@id":"https:\/\/toravilla.com\/yabancilarin-tasinmazlarini-kiralanmasi-ve-satilmasi\/","url":"https:\/\/toravilla.com\/yabancilarin-tasinmazlarini-kiralanmasi-ve-satilmasi\/","name":"YABANCILARIN TA\u015eINMAZLARININ K\u0130RALANMASI VE SATILMASI - Toravilla","isPartOf":{"@id":"https:\/\/toravilla.com\/#website"},"datePublished":"2022-09-08T10:11:31+00:00","dateModified":"2022-12-13T18:01:12+00:00","breadcrumb":{"@id":"https:\/\/toravilla.com\/yabancilarin-tasinmazlarini-kiralanmasi-ve-satilmasi\/#breadcrumb"},"inLanguage":"en-US","potentialAction":[{"@type":"ReadAction","target":["https:\/\/toravilla.com\/yabancilarin-tasinmazlarini-kiralanmasi-ve-satilmasi\/"]}]},{"@type":"BreadcrumbList","@id":"https:\/\/toravilla.com\/yabancilarin-tasinmazlarini-kiralanmasi-ve-satilmasi\/#breadcrumb","itemListElement":[{"@type":"ListItem","position":1,"name":"Anasayfa","item":"https:\/\/toravilla.com\/"},{"@type":"ListItem","position":2,"name":"YABANCILARIN TA\u015eINMAZLARININ K\u0130RALANMASI VE SATILMASI"}]},{"@type":"WebSite","@id":"https:\/\/toravilla.com\/#website","url":"https:\/\/toravilla.com\/","name":"Toravilla","description":"building your future","publisher":{"@id":"https:\/\/toravilla.com\/#organization"},"potentialAction":[{"@type":"SearchAction","target":{"@type":"EntryPoint","urlTemplate":"https:\/\/toravilla.com\/?s={search_term_string}"},"query-input":"required name=search_term_string"}],"inLanguage":"en-US"},{"@type":"Organization","@id":"https:\/\/toravilla.com\/#organization","name":"Toravilla","url":"https:\/\/toravilla.com\/","logo":{"@type":"ImageObject","inLanguage":"en-US","@id":"https:\/\/toravilla.com\/#\/schema\/logo\/image\/","url":"https:\/\/toravilla.com\/wp-content\/uploads\/2020\/02\/toravilla-site-logo-yeni-2.png","contentUrl":"https:\/\/toravilla.com\/wp-content\/uploads\/2020\/02\/toravilla-site-logo-yeni-2.png","width":300,"height":100,"caption":"Toravilla"},"image":{"@id":"https:\/\/toravilla.com\/#\/schema\/logo\/image\/"},"sameAs":["https:\/\/www.facebook.com\/people\/Toravilla-Alanya\/100086007282611\/","https:\/\/twitter.com\/Toravilla","https:\/\/www.instagram.com\/toravillaemlak\/","https:\/\/www.linkedin.com\/company\/toravilla\/","https:\/\/www.youtube.com\/channel\/UCQWd3zRkPFLlIlRuDRZafNg"]}]}},"_links":{"self":[{"href":"https:\/\/toravilla.com\/en\/wp-json\/wp\/v2\/pages\/2322","targetHints":{"allow":["GET"]}}],"collection":[{"href":"https:\/\/toravilla.com\/en\/wp-json\/wp\/v2\/pages"}],"about":[{"href":"https:\/\/toravilla.com\/en\/wp-json\/wp\/v2\/types\/page"}],"author":[{"embeddable":true,"href":"https:\/\/toravilla.com\/en\/wp-json\/wp\/v2\/users\/1"}],"replies":[{"embeddable":true,"href":"https:\/\/toravilla.com\/en\/wp-json\/wp\/v2\/comments?post=2322"}],"version-history":[{"count":1,"href":"https:\/\/toravilla.com\/en\/wp-json\/wp\/v2\/pages\/2322\/revisions"}],"predecessor-version":[{"id":7893,"href":"https:\/\/toravilla.com\/en\/wp-json\/wp\/v2\/pages\/2322\/revisions\/7893"}],"wp:attachment":[{"href":"https:\/\/toravilla.com\/en\/wp-json\/wp\/v2\/media?parent=2322"}],"curies":[{"name":"wp","href":"https:\/\/api.w.org\/{rel}","templated":true}]}}