{"id":1220,"date":"2021-06-30T10:51:37","date_gmt":"2021-06-30T10:51:37","guid":{"rendered":"http:\/\/toravilla.com\/?page_id=1220"},"modified":"2022-12-13T18:00:55","modified_gmt":"2022-12-13T18:00:55","slug":"1220-2","status":"publish","type":"page","link":"https:\/\/toravilla.com\/fa\/1220-2\/","title":{"rendered":"\u062f\u0631\u0628\u0627\u0631\u0647 \u0645\u0627"},"content":{"rendered":"<p>Toravilla \u0627\u0632 \u0633\u0627\u0644 2004 \u062f\u0631 \u0647\u0645\u0627\u0646 \u0645\u06a9\u0627\u0646 \u0641\u0639\u0627\u0644 \u0628\u0648\u062f\u0647 \u0648 \u0628\u0647 \u062f\u0644\u06cc\u0644 \u0627\u062d\u062a\u0631\u0627\u0645\u060c \u0627\u0639\u062a\u0645\u0627\u062f \u0648 \u062a\u062d\u0648\u06cc\u0644 \u0628\u0647 \u0645\u0648\u0642\u0639 \u0634\u0647\u0631\u062a \u06a9\u0633\u0628 \u06a9\u0631\u062f\u0647 \u0627\u0633\u062a.<br \/>\n\u0645\u0627 \u0622\u0646\u0686\u0647 \u0631\u0627 \u06a9\u0647 \u0645\u06cc\u200c\u06af\u0648\u06cc\u06cc\u0645 \u0642\u0648\u0644 \u0645\u06cc\u200c\u062f\u0647\u06cc\u0645\u060c \u0631\u0647\u0628\u0631\u06cc \u0645\u06cc\u200c\u06a9\u0646\u06cc\u0645 \u0648 \u0645\u0646\u0627\u0641\u0639 \u0645\u0634\u062a\u0631\u06cc\u0627\u0646\u0645\u0627\u0646 \u0631\u0627 \u0641\u0631\u0627\u0641\u06a9\u0646\u06cc \u0645\u06cc\u200c\u06a9\u0646\u06cc\u0645. \u0627\u06cc\u0646 \u0647\u0645 \u06cc\u0639\u0646\u06cc \u062e\u0631\u06cc\u062f\u0627\u0631 \u0648 \u0641\u0631\u0648\u0634\u0646\u062f\u0647!<br \/>\n\u0637\u06cc \u0633\u0627\u0644\u0647\u0627 \u062a\u062c\u0631\u0628\u0647\u060c \u0622\u0645\u0648\u062e\u062a\u0647 \u0627\u0645 \u06a9\u0647 \u0628\u0647\u062a\u0631\u06cc\u0646 \u062a\u0628\u0644\u06cc\u063a\u0627\u062a \u0634\u0647\u0631\u062a \u0627\u0633\u062a. \u0627\u06af\u0631\u0686\u0647 \u0645\u0646 \u0648 \u062a\u06cc\u0645\u0645 \u0622\u067e\u0627\u0631\u062a\u0645\u0627\u0646 \u0647\u0627\u06cc \u0632\u06cc\u0627\u062f\u06cc \u0631\u0627 \u0645\u06cc \u0641\u0631\u0648\u0634\u06cc\u0645\u060c<br \/>\n\u0648\u06cc\u0644\u0627\u060c \u0632\u0645\u06cc\u0646\u060c \u0647\u062a\u0644\u060c \u0645\u063a\u0627\u0632\u0647 \u0648 \u067e\u0631\u0648\u0698\u0647 \u0647\u0627\u06cc \u0633\u0631\u0645\u0627\u06cc\u0647 \u06af\u0630\u0627\u0631\u06cc. \u062f\u0631 \u0637\u0648\u0644 \u0633\u0627\u0644 \u0627\u06cc\u0646 \u0622\u06af\u0627\u0647\u06cc \u062f\u0627\u0626\u0645\u06cc \u0648\u062c\u0648\u062f \u062f\u0627\u0631\u062f \u06a9\u0647 \u0645\u0627 \u0628\u0627 \u0645\u0628\u0627\u0644\u063a \u0647\u0646\u06af\u0641\u062a\u06cc \u0633\u0631 \u0648 \u06a9\u0627\u0631 \u062f\u0627\u0631\u06cc\u0645. \u0628\u0631 \u0627\u0633\u0627\u0633 \u0628\u0647\u062a\u0631\u06cc\u0646 \u0645\u0646\u0627\u0641\u0639 \u0645\u0634\u062a\u0631\u06cc\u0627\u0646\u0645\u0627\u0646\u060c \u0645\u0646 \u062a\u0645\u0627\u0645 \u062a\u0644\u0627\u0634 \u062e\u0648\u062f \u0631\u0627 \u0645\u06cc \u06a9\u0646\u0645 \u062a\u0627 \u0645\u0644\u06a9 \u0645\u0646\u0627\u0633\u0628 \u06cc\u0627 \u062e\u0631\u06cc\u062f\u0627\u0631 \u0645\u0646\u0627\u0633\u0628 \u0628\u0631\u0627\u06cc \u0634\u0645\u0627 \u067e\u06cc\u062f\u0627 \u06a9\u0646\u0645. \u0627\u06cc\u0646 \u0645\u0645\u06a9\u0646 \u0627\u0633\u062a \u0628\u0631\u0627\u06cc \u0627\u0633\u062a\u0641\u0627\u062f\u0647 \u062e\u0635\u0648\u0635\u06cc \u0634\u0645\u0627 \u06cc\u0627 \u0628\u0631\u0627\u06cc \u0627\u0647\u062f\u0627\u0641 \u0633\u0631\u0645\u0627\u06cc\u0647 \u06af\u0630\u0627\u0631\u06cc \u0628\u0627\u0634\u062f.<br \/>\n\u0628\u0631\u0627\u06cc \u06a9\u0633\u0628 \u0627\u0637\u0644\u0627\u0639\u0627\u062a \u0628\u06cc\u0634\u062a\u0631 \u062f\u0631 \u0645\u0648\u0631\u062f \u067e\u06cc\u0634\u0646\u0647\u0627\u062f\u0627\u062a \u0628\u0647 \u0648\u0628 \u0633\u0627\u06cc\u062a \u0645\u0634\u0627\u0648\u0631\u0647 \u062e\u0631\u06cc\u062f \u0628\u0647\u062a\u0631\u06cc\u0646 \u0645\u0644\u06a9 \u062f\u0631 \u062a\u0631\u06a9\u06cc\u0647 \u0645\u0631\u0627\u062c\u0639\u0647 \u0641\u0631\u0645\u0627\u06cc\u06cc\u062f.<br \/>\n\u0628\u0631\u0627\u06cc \u0627\u0631\u0627\u0626\u0647 \u062a\u0645\u0627\u0645 \u062e\u062f\u0645\u0627\u062a \u0644\u0627\u0632\u0645 \u0628\u0631\u0627\u06cc \u0634\u0645\u0627 \u0628\u0647 \u0639\u0646\u0648\u0627\u0646 \u0647\u0631 \u062e\u0631\u06cc\u062f\u0627\u0631 \u06cc\u0627 \u0641\u0631\u0648\u0634\u0646\u062f\u0647 \u0628\u0627 \u0647\u0632\u06cc\u0646\u0647 \u06a9\u0645\u06cc\u0633\u06cc\u0648\u0646 \u0627\u0633\u062a\u0627\u0646\u062f\u0627\u0631\u062f \u0645\u0627 2% (+ \u0645\u0627\u0644\u06cc\u0627\u062a).<br \/>\n\u0648\u06cc\u0698\u06af\u06cc. \u0627\u06cc\u0646\u0647\u0627 \u062e\u062f\u0645\u0627\u062a \u0627\u0633\u062a\u0627\u0646\u062f\u0627\u0631\u062f \u0647\u0633\u062a\u0646\u062f:<\/p>\n<p>*\u062a\u0623\u06cc\u06cc\u062f \u0635\u062d\u062a \u0645\u062f\u0627\u0631\u06a9 \u0645\u0644\u06a9 (\u0633\u0646\u062f\u060c \u062a\u0633\u0648\u06cc\u0647 \u062d\u0633\u0627\u0628\u060c \u06af\u0632\u0627\u0631\u0634 \u06a9\u0627\u0631\u0634\u0646\u0627\u0633\u06cc \u0648 \u063a\u06cc\u0631\u0647)<br \/>\n*\u062a\u0623\u06cc\u06cc\u062f \u0648 \u067e\u06cc\u06af\u06cc\u0631\u06cc \u0641\u0631\u0622\u06cc\u0646\u062f \u0641\u0631\u0648\u0634 \u0648 \u062e\u0631\u06cc\u062f.<br \/>\n*(\u0627\u0631\u0627\u0626\u0647 \u06a9\u0644\u06cc\u0647 \u062e\u062f\u0645\u0627\u062a \u0627\u062f\u0627\u0631\u06cc \u062f\u0631 \u0642\u0631\u0627\u0631\u062f\u0627\u062f\u0647\u0627\u06cc \u062d\u0642\u0648\u0642\u06cc\u060c \u06a9\u0645\u06a9 \u0628\u0647 \u062a\u062d\u0642\u06cc\u0642\u0627\u062a \u062d\u0642\u0648\u0642\u06cc\u060c \u062a\u0631\u062c\u0645\u0647 \u0648 ...) \u062f\u0631 \u062d\u06cc\u0646 \u062e\u0631\u06cc\u062f \u0648 \u0641\u0631\u0648\u0634.<br \/>\n* \u0628\u0627 \u062e\u06cc\u0627\u0644 \u0631\u0627\u062d\u062a \u0627\u0632 \u0645\u0639\u0627\u0645\u0644\u0647 \u067e\u0648\u0644\u06cc \u0628\u0631\u0627\u06cc \u0641\u0631\u0648\u0634\u0646\u062f\u0647 \u0648 \u062e\u0631\u06cc\u062f\u0627\u0631 \u0645\u062d\u0627\u0641\u0638\u062a \u0645\u06cc \u06a9\u0646\u062f.<br \/>\n*\u0631\u0636\u0627\u06cc\u062a \u0645\u0634\u062a\u0631\u06cc 100% \u0634\u0645\u0627 \u0631\u0627 \u062a\u0636\u0645\u06cc\u0646 \u0645\u06cc \u06a9\u0646\u062f.<\/p>\n<p>\u0639\u0644\u0627\u0648\u0647 \u0628\u0631 \u0647\u062f\u0641 \u0645\u0627 \u0628\u0631\u0627\u06cc \u062d\u0641\u0638 \u0627\u0639\u062a\u0645\u0627\u062f \u0648 \u0639\u0644\u0627\u0642\u0647 \u0634\u0645\u0627 \u0628\u0647 \u0634\u0631\u06a9\u062a \u0645\u0627\u060c \u0645\u0627 \u0628\u0633\u06cc\u0627\u0631\u06cc \u0627\u0632 \u062e\u062f\u0645\u0627\u062a \u062f\u06cc\u06af\u0631 \u0631\u0627 \u0646\u06cc\u0632 \u0627\u0631\u0627\u0626\u0647 \u0645\u06cc \u062f\u0647\u06cc\u0645. \u0645\u0627 \u062e\u062f\u0645\u0627\u062a \u067e\u0633 \u0627\u0632 \u0641\u0631\u0648\u0634 \u062e\u0648\u062f \u0631\u0627 \u0628\u0631\u0627\u06cc \u0645\u0634\u062a\u0631\u06cc\u0627\u0646 \u062e\u0648\u062f \u067e\u0633 \u0627\u0632 \u0642\u0631\u0627\u0631\u062f\u0627\u062f \u0641\u0631\u0648\u0634 \u06cc\u0627 \u0627\u062c\u0627\u0631\u0647 \u0645\u062a\u0648\u0642\u0641 \u0646\u062e\u0648\u0627\u0647\u06cc\u0645 \u06a9\u0631\u062f\u060c \u0632\u06cc\u0631\u0627 \u0627\u0646\u062a\u0638\u0627\u0631 \u062f\u0627\u0631\u06cc\u0645 \u0647\u0645\u0647 \u0634\u0645\u0627 \u062f\u0648\u0628\u0627\u0631\u0647 \u0628\u0647 \u0639\u0646\u0648\u0627\u0646 \u0633\u0631\u0645\u0627\u06cc\u0647 \u06af\u0630\u0627\u0631 \u06cc\u0627 \u0641\u0631\u0648\u0634\u0646\u062f\u0647 \u062f\u0631 \u0622\u06cc\u0646\u062f\u0647 \u0628\u0627\u0632\u06af\u0631\u062f\u06cc\u062f.<\/p>","protected":false},"excerpt":{"rendered":"<p>Toravilla ayn\u0131 yerde 2004 y\u0131l\u0131ndan beri aktifdir ve sayg\u0131ya dayal\u0131 \u00fcn kazanm\u0131\u015ft\u0131r, g\u00fcven ve zaman\u0131nda teslimat. S\u00f6ylediklerimizi vaat ediyoruz, \u00f6nc\u00fcl\u00fck ediyoruz ve m\u00fc\u015fterilerimizin ilgisini proje ediyoruz. Bu ayn\u0131 zamanda al\u0131c\u0131 ve sat\u0131c\u0131 demektir! Uzun y\u0131llar boyunca deneyim, Ben en iyi reklam itibar oldu\u011funu \u00f6\u011frendim. Her ne kadar ben ve ekibim bir\u00e7ok daire satal\u0131m., Villalar, Arsalar,&#8230;<\/p>","protected":false},"author":1,"featured_media":0,"parent":0,"menu_order":0,"comment_status":"closed","ping_status":"closed","template":"","meta":{"_mi_skip_tracking":false,"footnotes":""},"class_list":["post-1220","page","type-page","status-publish","hentry"],"yoast_head":"<!-- This site is optimized with the Yoast SEO plugin v20.1 - https:\/\/yoast.com\/wordpress\/plugins\/seo\/ -->\n<title>Hakk\u0131m\u0131zda - Toravilla<\/title>\n<meta name=\"robots\" content=\"index, follow, max-snippet:-1, max-image-preview:large, max-video-preview:-1\" \/>\n<link rel=\"canonical\" href=\"https:\/\/toravilla.com\/fa\/1220-2\/\" \/>\n<meta property=\"og:locale\" content=\"fa_IR\" \/>\n<meta property=\"og:type\" content=\"article\" \/>\n<meta property=\"og:title\" content=\"Hakk\u0131m\u0131zda - Toravilla\" \/>\n<meta property=\"og:description\" content=\"Toravilla ayn\u0131 yerde 2004 y\u0131l\u0131ndan beri aktifdir ve sayg\u0131ya dayal\u0131 \u00fcn kazanm\u0131\u015ft\u0131r, g\u00fcven ve zaman\u0131nda teslimat. S\u00f6ylediklerimizi vaat ediyoruz, \u00f6nc\u00fcl\u00fck ediyoruz ve m\u00fc\u015fterilerimizin ilgisini proje ediyoruz. Bu ayn\u0131 zamanda al\u0131c\u0131 ve sat\u0131c\u0131 demektir! Uzun y\u0131llar boyunca deneyim, Ben en iyi reklam itibar oldu\u011funu \u00f6\u011frendim. Her ne kadar ben ve ekibim bir\u00e7ok daire satal\u0131m., Villalar, Arsalar,...\" \/>\n<meta property=\"og:url\" content=\"https:\/\/toravilla.com\/fa\/1220-2\/\" \/>\n<meta property=\"og:site_name\" content=\"Toravilla\" \/>\n<meta property=\"article:publisher\" content=\"https:\/\/www.facebook.com\/people\/Toravilla-Alanya\/100086007282611\/\" \/>\n<meta property=\"article:modified_time\" content=\"2022-12-13T18:00:55+00:00\" \/>\n<meta name=\"twitter:card\" content=\"summary_large_image\" \/>\n<meta name=\"twitter:site\" content=\"@Toravilla\" \/>\n<meta name=\"twitter:label1\" content=\"\u0632\u0645\u0627\u0646 \u062a\u0642\u0631\u06cc\u0628\u06cc \u0628\u0631\u0627\u06cc \u062e\u0648\u0627\u0646\u062f\u0646\" \/>\n\t<meta name=\"twitter:data1\" content=\"1 \u062f\u0642\u06cc\u0642\u0647\" \/>\n<script type=\"application\/ld+json\" class=\"yoast-schema-graph\">{\"@context\":\"https:\/\/schema.org\",\"@graph\":[{\"@type\":\"WebPage\",\"@id\":\"https:\/\/toravilla.com\/1220-2\/\",\"url\":\"https:\/\/toravilla.com\/1220-2\/\",\"name\":\"Hakk\u0131m\u0131zda - Toravilla\",\"isPartOf\":{\"@id\":\"https:\/\/toravilla.com\/#website\"},\"datePublished\":\"2021-06-30T10:51:37+00:00\",\"dateModified\":\"2022-12-13T18:00:55+00:00\",\"breadcrumb\":{\"@id\":\"https:\/\/toravilla.com\/1220-2\/#breadcrumb\"},\"inLanguage\":\"fa-IR\",\"potentialAction\":[{\"@type\":\"ReadAction\",\"target\":[\"https:\/\/toravilla.com\/1220-2\/\"]}]},{\"@type\":\"BreadcrumbList\",\"@id\":\"https:\/\/toravilla.com\/1220-2\/#breadcrumb\",\"itemListElement\":[{\"@type\":\"ListItem\",\"position\":1,\"name\":\"Anasayfa\",\"item\":\"https:\/\/toravilla.com\/\"},{\"@type\":\"ListItem\",\"position\":2,\"name\":\"Hakk\u0131m\u0131zda\"}]},{\"@type\":\"WebSite\",\"@id\":\"https:\/\/toravilla.com\/#website\",\"url\":\"https:\/\/toravilla.com\/\",\"name\":\"Toravilla\",\"description\":\"building your future\",\"publisher\":{\"@id\":\"https:\/\/toravilla.com\/#organization\"},\"potentialAction\":[{\"@type\":\"SearchAction\",\"target\":{\"@type\":\"EntryPoint\",\"urlTemplate\":\"https:\/\/toravilla.com\/?s={search_term_string}\"},\"query-input\":\"required name=search_term_string\"}],\"inLanguage\":\"fa-IR\"},{\"@type\":\"Organization\",\"@id\":\"https:\/\/toravilla.com\/#organization\",\"name\":\"Toravilla\",\"url\":\"https:\/\/toravilla.com\/\",\"logo\":{\"@type\":\"ImageObject\",\"inLanguage\":\"fa-IR\",\"@id\":\"https:\/\/toravilla.com\/#\/schema\/logo\/image\/\",\"url\":\"https:\/\/toravilla.com\/wp-content\/uploads\/2020\/02\/toravilla-site-logo-yeni-2.png\",\"contentUrl\":\"https:\/\/toravilla.com\/wp-content\/uploads\/2020\/02\/toravilla-site-logo-yeni-2.png\",\"width\":300,\"height\":100,\"caption\":\"Toravilla\"},\"image\":{\"@id\":\"https:\/\/toravilla.com\/#\/schema\/logo\/image\/\"},\"sameAs\":[\"https:\/\/www.facebook.com\/people\/Toravilla-Alanya\/100086007282611\/\",\"https:\/\/twitter.com\/Toravilla\",\"https:\/\/www.instagram.com\/toravillaemlak\/\",\"https:\/\/www.linkedin.com\/company\/toravilla\/\",\"https:\/\/www.youtube.com\/channel\/UCQWd3zRkPFLlIlRuDRZafNg\"]}]}<\/script>\n<!-- \/ Yoast SEO plugin. -->","yoast_head_json":{"title":"Hakk\u0131m\u0131zda - Toravilla","robots":{"index":"index","follow":"follow","max-snippet":"max-snippet:-1","max-image-preview":"max-image-preview:large","max-video-preview":"max-video-preview:-1"},"canonical":"https:\/\/toravilla.com\/fa\/1220-2\/","og_locale":"fa_IR","og_type":"article","og_title":"Hakk\u0131m\u0131zda - Toravilla","og_description":"Toravilla ayn\u0131 yerde 2004 y\u0131l\u0131ndan beri aktifdir ve sayg\u0131ya dayal\u0131 \u00fcn kazanm\u0131\u015ft\u0131r, g\u00fcven ve zaman\u0131nda teslimat. S\u00f6ylediklerimizi vaat ediyoruz, \u00f6nc\u00fcl\u00fck ediyoruz ve m\u00fc\u015fterilerimizin ilgisini proje ediyoruz. Bu ayn\u0131 zamanda al\u0131c\u0131 ve sat\u0131c\u0131 demektir! Uzun y\u0131llar boyunca deneyim, Ben en iyi reklam itibar oldu\u011funu \u00f6\u011frendim. Her ne kadar ben ve ekibim bir\u00e7ok daire satal\u0131m., Villalar, Arsalar,...","og_url":"https:\/\/toravilla.com\/fa\/1220-2\/","og_site_name":"Toravilla","article_publisher":"https:\/\/www.facebook.com\/people\/Toravilla-Alanya\/100086007282611\/","article_modified_time":"2022-12-13T18:00:55+00:00","twitter_card":"summary_large_image","twitter_site":"@Toravilla","twitter_misc":{"\u0632\u0645\u0627\u0646 \u062a\u0642\u0631\u06cc\u0628\u06cc \u0628\u0631\u0627\u06cc \u062e\u0648\u0627\u0646\u062f\u0646":"1 \u062f\u0642\u06cc\u0642\u0647"},"schema":{"@context":"https:\/\/schema.org","@graph":[{"@type":"WebPage","@id":"https:\/\/toravilla.com\/1220-2\/","url":"https:\/\/toravilla.com\/1220-2\/","name":"Hakk\u0131m\u0131zda - Toravilla","isPartOf":{"@id":"https:\/\/toravilla.com\/#website"},"datePublished":"2021-06-30T10:51:37+00:00","dateModified":"2022-12-13T18:00:55+00:00","breadcrumb":{"@id":"https:\/\/toravilla.com\/1220-2\/#breadcrumb"},"inLanguage":"fa-IR","potentialAction":[{"@type":"ReadAction","target":["https:\/\/toravilla.com\/1220-2\/"]}]},{"@type":"BreadcrumbList","@id":"https:\/\/toravilla.com\/1220-2\/#breadcrumb","itemListElement":[{"@type":"ListItem","position":1,"name":"Anasayfa","item":"https:\/\/toravilla.com\/"},{"@type":"ListItem","position":2,"name":"Hakk\u0131m\u0131zda"}]},{"@type":"WebSite","@id":"https:\/\/toravilla.com\/#website","url":"https:\/\/toravilla.com\/","name":"Toravilla","description":"building your future","publisher":{"@id":"https:\/\/toravilla.com\/#organization"},"potentialAction":[{"@type":"SearchAction","target":{"@type":"EntryPoint","urlTemplate":"https:\/\/toravilla.com\/?s={search_term_string}"},"query-input":"required name=search_term_string"}],"inLanguage":"fa-IR"},{"@type":"Organization","@id":"https:\/\/toravilla.com\/#organization","name":"Toravilla","url":"https:\/\/toravilla.com\/","logo":{"@type":"ImageObject","inLanguage":"fa-IR","@id":"https:\/\/toravilla.com\/#\/schema\/logo\/image\/","url":"https:\/\/toravilla.com\/wp-content\/uploads\/2020\/02\/toravilla-site-logo-yeni-2.png","contentUrl":"https:\/\/toravilla.com\/wp-content\/uploads\/2020\/02\/toravilla-site-logo-yeni-2.png","width":300,"height":100,"caption":"Toravilla"},"image":{"@id":"https:\/\/toravilla.com\/#\/schema\/logo\/image\/"},"sameAs":["https:\/\/www.facebook.com\/people\/Toravilla-Alanya\/100086007282611\/","https:\/\/twitter.com\/Toravilla","https:\/\/www.instagram.com\/toravillaemlak\/","https:\/\/www.linkedin.com\/company\/toravilla\/","https:\/\/www.youtube.com\/channel\/UCQWd3zRkPFLlIlRuDRZafNg"]}]}},"_links":{"self":[{"href":"https:\/\/toravilla.com\/fa\/wp-json\/wp\/v2\/pages\/1220","targetHints":{"allow":["GET"]}}],"collection":[{"href":"https:\/\/toravilla.com\/fa\/wp-json\/wp\/v2\/pages"}],"about":[{"href":"https:\/\/toravilla.com\/fa\/wp-json\/wp\/v2\/types\/page"}],"author":[{"embeddable":true,"href":"https:\/\/toravilla.com\/fa\/wp-json\/wp\/v2\/users\/1"}],"replies":[{"embeddable":true,"href":"https:\/\/toravilla.com\/fa\/wp-json\/wp\/v2\/comments?post=1220"}],"version-history":[{"count":1,"href":"https:\/\/toravilla.com\/fa\/wp-json\/wp\/v2\/pages\/1220\/revisions"}],"predecessor-version":[{"id":7880,"href":"https:\/\/toravilla.com\/fa\/wp-json\/wp\/v2\/pages\/1220\/revisions\/7880"}],"wp:attachment":[{"href":"https:\/\/toravilla.com\/fa\/wp-json\/wp\/v2\/media?parent=1220"}],"curies":[{"name":"wp","href":"https:\/\/api.w.org\/{rel}","templated":true}]}}