{"id":2315,"date":"2022-09-08T10:06:24","date_gmt":"2022-09-08T10:06:24","guid":{"rendered":"https:\/\/toravilla.com\/?page_id=2315"},"modified":"2022-12-13T18:01:10","modified_gmt":"2022-12-13T18:01:10","slug":"turkiyede-abonelikler-ve-hizmet-abonmanlari","status":"publish","type":"page","link":"https:\/\/toravilla.com\/fa\/turkiyede-abonelikler-ve-hizmet-abonmanlari\/","title":{"rendered":"T\u00dcRK\u0130YE`DE ABONEL\u0130KLER VE H\u0130ZMET ABONMANLARI"},"content":{"rendered":"<p><strong>T\u00dcRK\u0130YE` ABONEL\u0130KLER VE H\u0130ZMET ABONMANLARI<\/strong><\/p>\n<p>Sat\u0131\u015f sonras\u0131 s\u00fcre\u00e7 kapsam\u0131nda T\u00fcrkiye&#8217;deki su, elektrik ve gaz aboneliklerinin yan\u0131 s\u0131ra\u00a0<a href=\"https:\/\/terrarealestate.com\/property-insurance-in-turkey\">T\u00fcrk M\u00fclkiyet Sigortas\u0131<\/a>\u00a0(Do\u011fal Afetleri kapsayan DASK sigortas\u0131) konusunda size yard\u0131mc\u0131 oluyoruz.\u00a0Tapu size devredildikten sonra bu ad\u0131mlar h\u0131zl\u0131 ve kolayd\u0131r.\u00a0Ayr\u0131ca, T\u00fcrkiye&#8217;de elektrik \u015febekesi abonelikleri ve sizin ad\u0131n\u0131za sigorta i\u015flemlerine devam edebilmemiz i\u00e7in bize Vekaletname de verebilirsiniz.<\/p>\n<p><a href=\"https:\/\/turkpermit.com.tr\/BlogDetay\/yabancilar-fatura-aboneliklerini-nasil-uezerine-alabilirler\"><strong>YABANCILAR FATURA ABONEL\u0130KLER\u0130N\u0130 NASIL \u00dcZER\u0130NE ALAB\u0130L\u0130RLER ?<\/strong><\/a><\/p>\n<p><strong>Yabanc\u0131lar ELEKTR\u0130K ABONEL\u0130\u011e\u0130<\/strong><\/p>\n<p><strong>Abonelik i\u00e7in bulundu\u011fu b\u00f6lgeye hizmet veren elektrik da\u011f\u0131t\u0131m firmas\u0131na direk ba\u015fvuruda bulunulabilir veya hizmet veren elektrik da\u011f\u0131t\u0131m firmas\u0131n\u0131n web sitesi \u00fczerinden ba\u015fvuru yapabilirsiniz.\u00a0\u00a0Ayr\u0131ca bunun yan\u0131 s\u0131ra, fatura \u00f6deme merkezlerinden de elektrik abonelik i\u015flemi yap\u0131labilir. TORAV\u0130LLA ofisi bu s\u00fcre\u00e7te sizin yan\u0131n\u0131zda olacakt\u0131r.<\/strong><\/p>\n<p><strong>Gerekli Evraklar Nelerdir ?<\/strong><\/p>\n<p><strong>* Kira Kontrat\u0131 veya tapu<\/strong><\/p>\n<p><strong>* \u0130kamet izni ( Yabanc\u0131 Kimlik Numaras\u0131 )<\/strong><\/p>\n<p><strong>* Meskene ait herhangi bir elektrik faturas\u0131 ( Tesisat Numaras\u0131 )<\/strong><\/p>\n<p><strong>* DASK ( Zorunlu Deprem Sigortas\u0131 )<\/strong><\/p>\n<p><strong>\u00a0<\/strong><\/p>\n<p><strong>Yabanc\u0131lar, Do\u011falgaz Faturalar\u0131n\u0131 Nas\u0131l \u00dczerine Alabilir ?<\/strong><\/p>\n<p>Do\u011falgaz \u00f6zel \u015firketler taraf\u0131ndan sa\u011flanmaktad\u0131r, m\u00fclk sahibi olarak m\u00fc\u015fteri hizmetleri merkezlerine gaz temini i\u00e7in ba\u015fvuruda bulunman\u0131z ve gerekli belgeleri teslim etmeniz gerekmektedir.<\/p>\n<p><strong>Gerekli Evraklar Nelerdir ?<\/strong><\/p>\n<p>* \u0130kamet \u0130zni ( Yabanc\u0131 Kimlik Numaras\u0131 )<\/p>\n<p>* Kira kontrat\u0131 veya tapu<\/p>\n<p>* Meskene ait herhangi bir do\u011falgaz faturas\u0131 ( T\u00fcketim Noktas\u0131 Numaras\u0131 )<\/p>\n<p>&nbsp;<\/p>\n<p><strong>Yabanc\u0131lar, Su Faturalar\u0131n\u0131 Nas\u0131l \u00dczerine Alabilir ?<\/strong><\/p>\n<p>Yabanc\u0131lar, su faturas\u0131 aboneliklerini \u00fczerine almak i\u00e7in, direkt olarak da\u011f\u0131t\u0131c\u0131 firmaya ba\u015fvuru yapabilece\u011fi gibi, web sitesi \u00fczerinden de i\u015flemi halledebilirler.<\/p>\n<p><strong>Gerekli Evraklar Nelerdir ?<\/strong><\/p>\n<p>* \u0130kamet \u0130zni ( Yabanc\u0131 Kimlik Numaras\u0131 )<\/p>\n<p>* Kira kontrat\u0131 veya tapu<\/p>\n<p>* Meskene ait herhangi bir su faturas\u0131<\/p>\n<p>* Teminat Bedeli (g\u00fcncel tutar : 144 tl)<\/p>\n<p>&nbsp;<\/p>\n<p>Bu hizmetler, rahat ve kaliteli bir ya\u015fam i\u00e7in gereklidir, bu nedenle,\u00a0<u>m\u00fclk\u00fcn\u00fcz\u00fcn tapusunu<\/u>\u00a0al\u0131r almaz bunlara abone olman\u0131z \u00f6nemlidir. TORAV\u0130LLA \u00a0gayrimenkul memnuniyetle bu s\u00fcre\u00e7te yan\u0131n\u0131zda olacakt\u0131r.<\/p>","protected":false},"excerpt":{"rendered":"<p>T\u00dcRK\u0130YE` ABONEL\u0130KLER VE H\u0130ZMET ABONMANLARI Sat\u0131\u015f sonras\u0131 s\u00fcre\u00e7 kapsam\u0131nda T\u00fcrkiye&#8217;deki su, elektrik ve gaz aboneliklerinin yan\u0131 s\u0131ra\u00a0T\u00fcrk M\u00fclkiyet Sigortas\u0131\u00a0(Do\u011fal Afetleri kapsayan DASK sigortas\u0131) konusunda size yard\u0131mc\u0131 oluyoruz.\u00a0Tapu size devredildikten sonra bu ad\u0131mlar h\u0131zl\u0131 ve kolayd\u0131r.\u00a0Ayr\u0131ca, T\u00fcrkiye&#8217;de elektrik \u015febekesi abonelikleri ve sizin ad\u0131n\u0131za sigorta i\u015flemlerine devam edebilmemiz i\u00e7in bize Vekaletname de verebilirsiniz. YABANCILAR FATURA ABONEL\u0130KLER\u0130N\u0130 NASIL&#8230;<\/p>","protected":false},"author":1,"featured_media":0,"parent":0,"menu_order":0,"comment_status":"closed","ping_status":"closed","template":"","meta":{"_mi_skip_tracking":false,"footnotes":""},"class_list":["post-2315","page","type-page","status-publish","hentry"],"yoast_head":"<!-- This site is optimized with the Yoast SEO plugin v20.1 - https:\/\/yoast.com\/wordpress\/plugins\/seo\/ -->\n<title>T\u00dcRK\u0130YE`DE ABONEL\u0130KLER VE H\u0130ZMET ABONMANLARI - Toravilla<\/title>\n<meta name=\"robots\" content=\"index, follow, max-snippet:-1, max-image-preview:large, max-video-preview:-1\" \/>\n<link rel=\"canonical\" href=\"https:\/\/toravilla.com\/fa\/turkiyede-abonelikler-ve-hizmet-abonmanlari\/\" \/>\n<meta property=\"og:locale\" content=\"fa_IR\" \/>\n<meta property=\"og:type\" content=\"article\" \/>\n<meta property=\"og:title\" content=\"T\u00dcRK\u0130YE`DE ABONEL\u0130KLER VE H\u0130ZMET ABONMANLARI - Toravilla\" \/>\n<meta property=\"og:description\" content=\"T\u00dcRK\u0130YE` ABONEL\u0130KLER VE H\u0130ZMET ABONMANLARI Sat\u0131\u015f sonras\u0131 s\u00fcre\u00e7 kapsam\u0131nda T\u00fcrkiye&#8217;deki su, elektrik ve gaz aboneliklerinin yan\u0131 s\u0131ra\u00a0T\u00fcrk M\u00fclkiyet Sigortas\u0131\u00a0(Do\u011fal Afetleri kapsayan DASK sigortas\u0131) konusunda size yard\u0131mc\u0131 oluyoruz.\u00a0Tapu size devredildikten sonra bu ad\u0131mlar h\u0131zl\u0131 ve kolayd\u0131r.\u00a0Ayr\u0131ca, T\u00fcrkiye&#8217;de elektrik \u015febekesi abonelikleri ve sizin ad\u0131n\u0131za sigorta i\u015flemlerine devam edebilmemiz i\u00e7in bize Vekaletname de verebilirsiniz. YABANCILAR FATURA ABONEL\u0130KLER\u0130N\u0130 NASIL...\" \/>\n<meta property=\"og:url\" content=\"https:\/\/toravilla.com\/fa\/turkiyede-abonelikler-ve-hizmet-abonmanlari\/\" \/>\n<meta property=\"og:site_name\" content=\"Toravilla\" \/>\n<meta property=\"article:publisher\" content=\"https:\/\/www.facebook.com\/people\/Toravilla-Alanya\/100086007282611\/\" \/>\n<meta property=\"article:modified_time\" content=\"2022-12-13T18:01:10+00:00\" \/>\n<meta name=\"twitter:card\" content=\"summary_large_image\" \/>\n<meta name=\"twitter:site\" content=\"@Toravilla\" \/>\n<meta name=\"twitter:label1\" content=\"\u0632\u0645\u0627\u0646 \u062a\u0642\u0631\u06cc\u0628\u06cc \u0628\u0631\u0627\u06cc \u062e\u0648\u0627\u0646\u062f\u0646\" \/>\n\t<meta name=\"twitter:data1\" content=\"2 \u062f\u0642\u06cc\u0642\u0647\" \/>\n<script type=\"application\/ld+json\" class=\"yoast-schema-graph\">{\"@context\":\"https:\/\/schema.org\",\"@graph\":[{\"@type\":\"WebPage\",\"@id\":\"https:\/\/toravilla.com\/turkiyede-abonelikler-ve-hizmet-abonmanlari\/\",\"url\":\"https:\/\/toravilla.com\/turkiyede-abonelikler-ve-hizmet-abonmanlari\/\",\"name\":\"T\u00dcRK\u0130YE`DE ABONEL\u0130KLER VE H\u0130ZMET ABONMANLARI - Toravilla\",\"isPartOf\":{\"@id\":\"https:\/\/toravilla.com\/#website\"},\"datePublished\":\"2022-09-08T10:06:24+00:00\",\"dateModified\":\"2022-12-13T18:01:10+00:00\",\"breadcrumb\":{\"@id\":\"https:\/\/toravilla.com\/turkiyede-abonelikler-ve-hizmet-abonmanlari\/#breadcrumb\"},\"inLanguage\":\"fa-IR\",\"potentialAction\":[{\"@type\":\"ReadAction\",\"target\":[\"https:\/\/toravilla.com\/turkiyede-abonelikler-ve-hizmet-abonmanlari\/\"]}]},{\"@type\":\"BreadcrumbList\",\"@id\":\"https:\/\/toravilla.com\/turkiyede-abonelikler-ve-hizmet-abonmanlari\/#breadcrumb\",\"itemListElement\":[{\"@type\":\"ListItem\",\"position\":1,\"name\":\"Anasayfa\",\"item\":\"https:\/\/toravilla.com\/\"},{\"@type\":\"ListItem\",\"position\":2,\"name\":\"T\u00dcRK\u0130YE`DE ABONEL\u0130KLER VE H\u0130ZMET ABONMANLARI\"}]},{\"@type\":\"WebSite\",\"@id\":\"https:\/\/toravilla.com\/#website\",\"url\":\"https:\/\/toravilla.com\/\",\"name\":\"Toravilla\",\"description\":\"building your future\",\"publisher\":{\"@id\":\"https:\/\/toravilla.com\/#organization\"},\"potentialAction\":[{\"@type\":\"SearchAction\",\"target\":{\"@type\":\"EntryPoint\",\"urlTemplate\":\"https:\/\/toravilla.com\/?s={search_term_string}\"},\"query-input\":\"required name=search_term_string\"}],\"inLanguage\":\"fa-IR\"},{\"@type\":\"Organization\",\"@id\":\"https:\/\/toravilla.com\/#organization\",\"name\":\"Toravilla\",\"url\":\"https:\/\/toravilla.com\/\",\"logo\":{\"@type\":\"ImageObject\",\"inLanguage\":\"fa-IR\",\"@id\":\"https:\/\/toravilla.com\/#\/schema\/logo\/image\/\",\"url\":\"https:\/\/toravilla.com\/wp-content\/uploads\/2020\/02\/toravilla-site-logo-yeni-2.png\",\"contentUrl\":\"https:\/\/toravilla.com\/wp-content\/uploads\/2020\/02\/toravilla-site-logo-yeni-2.png\",\"width\":300,\"height\":100,\"caption\":\"Toravilla\"},\"image\":{\"@id\":\"https:\/\/toravilla.com\/#\/schema\/logo\/image\/\"},\"sameAs\":[\"https:\/\/www.facebook.com\/people\/Toravilla-Alanya\/100086007282611\/\",\"https:\/\/twitter.com\/Toravilla\",\"https:\/\/www.instagram.com\/toravillaemlak\/\",\"https:\/\/www.linkedin.com\/company\/toravilla\/\",\"https:\/\/www.youtube.com\/channel\/UCQWd3zRkPFLlIlRuDRZafNg\"]}]}<\/script>\n<!-- \/ Yoast SEO plugin. -->","yoast_head_json":{"title":"T\u00dcRK\u0130YE`DE ABONEL\u0130KLER VE H\u0130ZMET ABONMANLARI - Toravilla","robots":{"index":"index","follow":"follow","max-snippet":"max-snippet:-1","max-image-preview":"max-image-preview:large","max-video-preview":"max-video-preview:-1"},"canonical":"https:\/\/toravilla.com\/fa\/turkiyede-abonelikler-ve-hizmet-abonmanlari\/","og_locale":"fa_IR","og_type":"article","og_title":"T\u00dcRK\u0130YE`DE ABONEL\u0130KLER VE H\u0130ZMET ABONMANLARI - Toravilla","og_description":"T\u00dcRK\u0130YE` ABONEL\u0130KLER VE H\u0130ZMET ABONMANLARI Sat\u0131\u015f sonras\u0131 s\u00fcre\u00e7 kapsam\u0131nda T\u00fcrkiye&#8217;deki su, elektrik ve gaz aboneliklerinin yan\u0131 s\u0131ra\u00a0T\u00fcrk M\u00fclkiyet Sigortas\u0131\u00a0(Do\u011fal Afetleri kapsayan DASK sigortas\u0131) konusunda size yard\u0131mc\u0131 oluyoruz.\u00a0Tapu size devredildikten sonra bu ad\u0131mlar h\u0131zl\u0131 ve kolayd\u0131r.\u00a0Ayr\u0131ca, T\u00fcrkiye&#8217;de elektrik \u015febekesi abonelikleri ve sizin ad\u0131n\u0131za sigorta i\u015flemlerine devam edebilmemiz i\u00e7in bize Vekaletname de verebilirsiniz. YABANCILAR FATURA ABONEL\u0130KLER\u0130N\u0130 NASIL...","og_url":"https:\/\/toravilla.com\/fa\/turkiyede-abonelikler-ve-hizmet-abonmanlari\/","og_site_name":"Toravilla","article_publisher":"https:\/\/www.facebook.com\/people\/Toravilla-Alanya\/100086007282611\/","article_modified_time":"2022-12-13T18:01:10+00:00","twitter_card":"summary_large_image","twitter_site":"@Toravilla","twitter_misc":{"\u0632\u0645\u0627\u0646 \u062a\u0642\u0631\u06cc\u0628\u06cc \u0628\u0631\u0627\u06cc \u062e\u0648\u0627\u0646\u062f\u0646":"2 \u062f\u0642\u06cc\u0642\u0647"},"schema":{"@context":"https:\/\/schema.org","@graph":[{"@type":"WebPage","@id":"https:\/\/toravilla.com\/turkiyede-abonelikler-ve-hizmet-abonmanlari\/","url":"https:\/\/toravilla.com\/turkiyede-abonelikler-ve-hizmet-abonmanlari\/","name":"T\u00dcRK\u0130YE`DE ABONEL\u0130KLER VE H\u0130ZMET ABONMANLARI - Toravilla","isPartOf":{"@id":"https:\/\/toravilla.com\/#website"},"datePublished":"2022-09-08T10:06:24+00:00","dateModified":"2022-12-13T18:01:10+00:00","breadcrumb":{"@id":"https:\/\/toravilla.com\/turkiyede-abonelikler-ve-hizmet-abonmanlari\/#breadcrumb"},"inLanguage":"fa-IR","potentialAction":[{"@type":"ReadAction","target":["https:\/\/toravilla.com\/turkiyede-abonelikler-ve-hizmet-abonmanlari\/"]}]},{"@type":"BreadcrumbList","@id":"https:\/\/toravilla.com\/turkiyede-abonelikler-ve-hizmet-abonmanlari\/#breadcrumb","itemListElement":[{"@type":"ListItem","position":1,"name":"Anasayfa","item":"https:\/\/toravilla.com\/"},{"@type":"ListItem","position":2,"name":"T\u00dcRK\u0130YE`DE ABONEL\u0130KLER VE H\u0130ZMET ABONMANLARI"}]},{"@type":"WebSite","@id":"https:\/\/toravilla.com\/#website","url":"https:\/\/toravilla.com\/","name":"Toravilla","description":"building your future","publisher":{"@id":"https:\/\/toravilla.com\/#organization"},"potentialAction":[{"@type":"SearchAction","target":{"@type":"EntryPoint","urlTemplate":"https:\/\/toravilla.com\/?s={search_term_string}"},"query-input":"required name=search_term_string"}],"inLanguage":"fa-IR"},{"@type":"Organization","@id":"https:\/\/toravilla.com\/#organization","name":"Toravilla","url":"https:\/\/toravilla.com\/","logo":{"@type":"ImageObject","inLanguage":"fa-IR","@id":"https:\/\/toravilla.com\/#\/schema\/logo\/image\/","url":"https:\/\/toravilla.com\/wp-content\/uploads\/2020\/02\/toravilla-site-logo-yeni-2.png","contentUrl":"https:\/\/toravilla.com\/wp-content\/uploads\/2020\/02\/toravilla-site-logo-yeni-2.png","width":300,"height":100,"caption":"Toravilla"},"image":{"@id":"https:\/\/toravilla.com\/#\/schema\/logo\/image\/"},"sameAs":["https:\/\/www.facebook.com\/people\/Toravilla-Alanya\/100086007282611\/","https:\/\/twitter.com\/Toravilla","https:\/\/www.instagram.com\/toravillaemlak\/","https:\/\/www.linkedin.com\/company\/toravilla\/","https:\/\/www.youtube.com\/channel\/UCQWd3zRkPFLlIlRuDRZafNg"]}]}},"_links":{"self":[{"href":"https:\/\/toravilla.com\/fa\/wp-json\/wp\/v2\/pages\/2315","targetHints":{"allow":["GET"]}}],"collection":[{"href":"https:\/\/toravilla.com\/fa\/wp-json\/wp\/v2\/pages"}],"about":[{"href":"https:\/\/toravilla.com\/fa\/wp-json\/wp\/v2\/types\/page"}],"author":[{"embeddable":true,"href":"https:\/\/toravilla.com\/fa\/wp-json\/wp\/v2\/users\/1"}],"replies":[{"embeddable":true,"href":"https:\/\/toravilla.com\/fa\/wp-json\/wp\/v2\/comments?post=2315"}],"version-history":[{"count":1,"href":"https:\/\/toravilla.com\/fa\/wp-json\/wp\/v2\/pages\/2315\/revisions"}],"predecessor-version":[{"id":7887,"href":"https:\/\/toravilla.com\/fa\/wp-json\/wp\/v2\/pages\/2315\/revisions\/7887"}],"wp:attachment":[{"href":"https:\/\/toravilla.com\/fa\/wp-json\/wp\/v2\/media?parent=2315"}],"curies":[{"name":"wp","href":"https:\/\/api.w.org\/{rel}","templated":true}]}}