{"id":8765,"date":"2023-03-26T18:28:06","date_gmt":"2023-03-26T18:28:06","guid":{"rendered":"https:\/\/toravilla.com\/?page_id=8765"},"modified":"2023-03-29T07:03:28","modified_gmt":"2023-03-29T07:03:28","slug":"hizmetlerimiz","status":"publish","type":"page","link":"https:\/\/toravilla.com\/fa\/hizmetlerimiz\/","title":{"rendered":"\u062e\u062f\u0645\u0627\u062a \u0645\u0627"},"content":{"rendered":"<p>&nbsp;<\/p>\n<h2><b>Hizmetlerimize Giri\u015f<\/b><\/h2>\n<p><b><u>Toravilla Emlak gelece\u011finizi in\u015fa eder.<\/u> &#8220;Sat\u0131\u015f \u00f6ncesi\u00a0 ve sonras\u0131\u00a0\u201d<\/b> hizmetlerimizden yararlanma ayr\u0131cal\u0131\u011f\u0131n\u0131 verir . Amac\u0131m\u0131z m\u00fc\u015fterilerimizle \u00f6m\u00fcr boyu s\u00fcrecek ili\u015fkiler kurmakt\u0131r. Sat\u0131\u015f sonras\u0131 hizmetlerimiz, m\u00fclk\u00fcn\u00fcz size ait oldu\u011fu s\u00fcrece devam eden bir s\u00fcre\u00e7 olacakt\u0131r. Sat\u0131\u015f \u00f6ncesi ve sonras\u0131 hizmetlerimiz aras\u0131nda m\u00fclk de\u011ferlemesi, banka hesab\u0131 a\u00e7ma, T\u00fcrk vergi numaras\u0131 verme, tapu devri, elektrik, su ve gaz abonelikleri, m\u00fclk sigortas\u0131, havaalan\u0131 transferi, m\u00fclk\u00fcn\u00fcz\u00fcn tefri\u015fat\u0131 ve sat\u0131\u015f\u0131 yer almaktad\u0131r.<\/p>\n<h3><strong>\u00a0 \u00a0 \u00a0 \u00a0 \u00a0 \u00a0 \u00a0 \u00a0 \u00a0 \u00a0 \u00a0 \u00a0 \u00a0 <\/strong><strong>\u06af\u0632\u0627\u0631\u0634 \u0627\u0631\u0632\u0634 \u06af\u0630\u0627\u0631\u06cc \u0627\u0645\u0644\u0627\u06a9<\/strong><\/h3>\n<p><a href=\"https:\/\/toravilla.com\/wp-content\/uploads\/2023\/03\/370-3707409_transparent-background-edited-icon.png\"><img loading=\"lazy\" decoding=\"async\" class=\"alignleft\" src=\"https:\/\/toravilla.com\/wp-content\/uploads\/2023\/03\/370-3707409_transparent-background-edited-icon-267x300.png\" alt=\"\" width=\"108\" height=\"121\" \/><\/a> 15.02.2019 tarihinden itibaren her yabanc\u0131 gayrimenkul sat\u0131\u015f\u0131nda (yak\u0131nda T\u00fcrkiye&#8217;deki her sat\u0131\u015fta) ekspertiz ( <em>de\u011ferleme<\/em> ) raporu al\u0131nmas\u0131 zorunlu olmu\u015ftur.\u00a0Toravillla Emlak, sat\u0131n almay\u0131 d\u00fc\u015f\u00fcnd\u00fc\u011f\u00fcn\u00fcz gayrimenkul\u00fcn ger\u00e7ek fiyat\u0131n\u0131 belirleyecek de\u011ferleme raporunun haz\u0131rlanmas\u0131nda size yard\u0131mc\u0131 olur. Bu nedenle, bu rapor T\u00fcrkiye&#8217;deki t\u00fcm yeni gayrimenkul al\u0131c\u0131lar\u0131 i\u00e7in son derece \u00f6nemlidir.\u00a0<a title=\"T\u00fcrkiye'de Gayrimenkul De\u011ferleme Raporu Nas\u0131l Al\u0131n\u0131r?\" href=\"https:\/\/toravilla.com\/fa\/gayrimenkul-degerleme-raporu\/\" target=\"_blank\" rel=\"noopener\">Daha fazla bilgi i\u00e7in gayrimenkul de\u011ferleme raporu<\/a><em> sayfam\u0131z\u0131 ziyaret edin.<\/em><\/p>\n<p><em>\u00a0<\/em><\/p>","protected":false},"excerpt":{"rendered":"<p>&nbsp; Hizmetlerimize Giri\u015f Toravilla Emlak gelece\u011finizi in\u015fa eder. &#8220;Sat\u0131\u015f \u00f6ncesi\u00a0 ve sonras\u0131\u00a0\u201d hizmetlerimizden yararlanma ayr\u0131cal\u0131\u011f\u0131n\u0131 verir . Amac\u0131m\u0131z m\u00fc\u015fterilerimizle \u00f6m\u00fcr boyu s\u00fcrecek ili\u015fkiler kurmakt\u0131r. Sat\u0131\u015f sonras\u0131 hizmetlerimiz, m\u00fclk\u00fcn\u00fcz size ait oldu\u011fu s\u00fcrece devam eden bir s\u00fcre\u00e7 olacakt\u0131r. Sat\u0131\u015f \u00f6ncesi ve sonras\u0131 hizmetlerimiz aras\u0131nda m\u00fclk de\u011ferlemesi, banka hesab\u0131 a\u00e7ma, T\u00fcrk vergi numaras\u0131 verme, tapu devri, elektrik,&#8230;<\/p>","protected":false},"author":1,"featured_media":0,"parent":0,"menu_order":0,"comment_status":"closed","ping_status":"closed","template":"","meta":{"_mi_skip_tracking":false,"footnotes":""},"class_list":["post-8765","page","type-page","status-publish","hentry"],"yoast_head":"<!-- This site is optimized with the Yoast SEO plugin v20.1 - https:\/\/yoast.com\/wordpress\/plugins\/seo\/ -->\n<title>Hizmetlerimiz - Toravilla<\/title>\n<meta name=\"robots\" content=\"index, follow, max-snippet:-1, max-image-preview:large, max-video-preview:-1\" \/>\n<link rel=\"canonical\" href=\"https:\/\/toravilla.com\/fa\/hizmetlerimiz\/\" \/>\n<meta property=\"og:locale\" content=\"fa_IR\" \/>\n<meta property=\"og:type\" content=\"article\" \/>\n<meta property=\"og:title\" content=\"Hizmetlerimiz - Toravilla\" \/>\n<meta property=\"og:description\" content=\"&nbsp; Hizmetlerimize Giri\u015f Toravilla Emlak gelece\u011finizi in\u015fa eder. &#8220;Sat\u0131\u015f \u00f6ncesi\u00a0 ve sonras\u0131\u00a0\u201d hizmetlerimizden yararlanma ayr\u0131cal\u0131\u011f\u0131n\u0131 verir . Amac\u0131m\u0131z m\u00fc\u015fterilerimizle \u00f6m\u00fcr boyu s\u00fcrecek ili\u015fkiler kurmakt\u0131r. Sat\u0131\u015f sonras\u0131 hizmetlerimiz, m\u00fclk\u00fcn\u00fcz size ait oldu\u011fu s\u00fcrece devam eden bir s\u00fcre\u00e7 olacakt\u0131r. Sat\u0131\u015f \u00f6ncesi ve sonras\u0131 hizmetlerimiz aras\u0131nda m\u00fclk de\u011ferlemesi, banka hesab\u0131 a\u00e7ma, T\u00fcrk vergi numaras\u0131 verme, tapu devri, elektrik,...\" \/>\n<meta property=\"og:url\" content=\"https:\/\/toravilla.com\/fa\/hizmetlerimiz\/\" \/>\n<meta property=\"og:site_name\" content=\"Toravilla\" \/>\n<meta property=\"article:publisher\" content=\"https:\/\/www.facebook.com\/people\/Toravilla-Alanya\/100086007282611\/\" \/>\n<meta property=\"article:modified_time\" content=\"2023-03-29T07:03:28+00:00\" \/>\n<meta property=\"og:image\" content=\"https:\/\/toravilla.com\/wp-content\/uploads\/2023\/03\/370-3707409_transparent-background-edited-icon-267x300.png\" \/>\n<meta name=\"twitter:card\" content=\"summary_large_image\" \/>\n<meta name=\"twitter:site\" content=\"@Toravilla\" \/>\n<meta name=\"twitter:label1\" content=\"\u0632\u0645\u0627\u0646 \u062a\u0642\u0631\u06cc\u0628\u06cc \u0628\u0631\u0627\u06cc \u062e\u0648\u0627\u0646\u062f\u0646\" \/>\n\t<meta name=\"twitter:data1\" content=\"1 \u062f\u0642\u06cc\u0642\u0647\" \/>\n<script type=\"application\/ld+json\" class=\"yoast-schema-graph\">{\"@context\":\"https:\/\/schema.org\",\"@graph\":[{\"@type\":\"WebPage\",\"@id\":\"https:\/\/toravilla.com\/hizmetlerimiz\/\",\"url\":\"https:\/\/toravilla.com\/hizmetlerimiz\/\",\"name\":\"Hizmetlerimiz - Toravilla\",\"isPartOf\":{\"@id\":\"https:\/\/toravilla.com\/#website\"},\"datePublished\":\"2023-03-26T18:28:06+00:00\",\"dateModified\":\"2023-03-29T07:03:28+00:00\",\"breadcrumb\":{\"@id\":\"https:\/\/toravilla.com\/hizmetlerimiz\/#breadcrumb\"},\"inLanguage\":\"fa-IR\",\"potentialAction\":[{\"@type\":\"ReadAction\",\"target\":[\"https:\/\/toravilla.com\/hizmetlerimiz\/\"]}]},{\"@type\":\"BreadcrumbList\",\"@id\":\"https:\/\/toravilla.com\/hizmetlerimiz\/#breadcrumb\",\"itemListElement\":[{\"@type\":\"ListItem\",\"position\":1,\"name\":\"Anasayfa\",\"item\":\"https:\/\/toravilla.com\/\"},{\"@type\":\"ListItem\",\"position\":2,\"name\":\"Hizmetlerimiz\"}]},{\"@type\":\"WebSite\",\"@id\":\"https:\/\/toravilla.com\/#website\",\"url\":\"https:\/\/toravilla.com\/\",\"name\":\"Toravilla\",\"description\":\"building your future\",\"publisher\":{\"@id\":\"https:\/\/toravilla.com\/#organization\"},\"potentialAction\":[{\"@type\":\"SearchAction\",\"target\":{\"@type\":\"EntryPoint\",\"urlTemplate\":\"https:\/\/toravilla.com\/?s={search_term_string}\"},\"query-input\":\"required name=search_term_string\"}],\"inLanguage\":\"fa-IR\"},{\"@type\":\"Organization\",\"@id\":\"https:\/\/toravilla.com\/#organization\",\"name\":\"Toravilla\",\"url\":\"https:\/\/toravilla.com\/\",\"logo\":{\"@type\":\"ImageObject\",\"inLanguage\":\"fa-IR\",\"@id\":\"https:\/\/toravilla.com\/#\/schema\/logo\/image\/\",\"url\":\"https:\/\/toravilla.com\/wp-content\/uploads\/2020\/02\/toravilla-site-logo-yeni-2.png\",\"contentUrl\":\"https:\/\/toravilla.com\/wp-content\/uploads\/2020\/02\/toravilla-site-logo-yeni-2.png\",\"width\":300,\"height\":100,\"caption\":\"Toravilla\"},\"image\":{\"@id\":\"https:\/\/toravilla.com\/#\/schema\/logo\/image\/\"},\"sameAs\":[\"https:\/\/www.facebook.com\/people\/Toravilla-Alanya\/100086007282611\/\",\"https:\/\/twitter.com\/Toravilla\",\"https:\/\/www.instagram.com\/toravillaemlak\/\",\"https:\/\/www.linkedin.com\/company\/toravilla\/\",\"https:\/\/www.youtube.com\/channel\/UCQWd3zRkPFLlIlRuDRZafNg\"]}]}<\/script>\n<!-- \/ Yoast SEO plugin. -->","yoast_head_json":{"title":"Hizmetlerimiz - Toravilla","robots":{"index":"index","follow":"follow","max-snippet":"max-snippet:-1","max-image-preview":"max-image-preview:large","max-video-preview":"max-video-preview:-1"},"canonical":"https:\/\/toravilla.com\/fa\/hizmetlerimiz\/","og_locale":"fa_IR","og_type":"article","og_title":"Hizmetlerimiz - Toravilla","og_description":"&nbsp; Hizmetlerimize Giri\u015f Toravilla Emlak gelece\u011finizi in\u015fa eder. &#8220;Sat\u0131\u015f \u00f6ncesi\u00a0 ve sonras\u0131\u00a0\u201d hizmetlerimizden yararlanma ayr\u0131cal\u0131\u011f\u0131n\u0131 verir . Amac\u0131m\u0131z m\u00fc\u015fterilerimizle \u00f6m\u00fcr boyu s\u00fcrecek ili\u015fkiler kurmakt\u0131r. Sat\u0131\u015f sonras\u0131 hizmetlerimiz, m\u00fclk\u00fcn\u00fcz size ait oldu\u011fu s\u00fcrece devam eden bir s\u00fcre\u00e7 olacakt\u0131r. Sat\u0131\u015f \u00f6ncesi ve sonras\u0131 hizmetlerimiz aras\u0131nda m\u00fclk de\u011ferlemesi, banka hesab\u0131 a\u00e7ma, T\u00fcrk vergi numaras\u0131 verme, tapu devri, elektrik,...","og_url":"https:\/\/toravilla.com\/fa\/hizmetlerimiz\/","og_site_name":"Toravilla","article_publisher":"https:\/\/www.facebook.com\/people\/Toravilla-Alanya\/100086007282611\/","article_modified_time":"2023-03-29T07:03:28+00:00","og_image":[{"url":"https:\/\/toravilla.com\/wp-content\/uploads\/2023\/03\/370-3707409_transparent-background-edited-icon-267x300.png"}],"twitter_card":"summary_large_image","twitter_site":"@Toravilla","twitter_misc":{"\u0632\u0645\u0627\u0646 \u062a\u0642\u0631\u06cc\u0628\u06cc \u0628\u0631\u0627\u06cc \u062e\u0648\u0627\u0646\u062f\u0646":"1 \u062f\u0642\u06cc\u0642\u0647"},"schema":{"@context":"https:\/\/schema.org","@graph":[{"@type":"WebPage","@id":"https:\/\/toravilla.com\/hizmetlerimiz\/","url":"https:\/\/toravilla.com\/hizmetlerimiz\/","name":"Hizmetlerimiz - Toravilla","isPartOf":{"@id":"https:\/\/toravilla.com\/#website"},"datePublished":"2023-03-26T18:28:06+00:00","dateModified":"2023-03-29T07:03:28+00:00","breadcrumb":{"@id":"https:\/\/toravilla.com\/hizmetlerimiz\/#breadcrumb"},"inLanguage":"fa-IR","potentialAction":[{"@type":"ReadAction","target":["https:\/\/toravilla.com\/hizmetlerimiz\/"]}]},{"@type":"BreadcrumbList","@id":"https:\/\/toravilla.com\/hizmetlerimiz\/#breadcrumb","itemListElement":[{"@type":"ListItem","position":1,"name":"Anasayfa","item":"https:\/\/toravilla.com\/"},{"@type":"ListItem","position":2,"name":"Hizmetlerimiz"}]},{"@type":"WebSite","@id":"https:\/\/toravilla.com\/#website","url":"https:\/\/toravilla.com\/","name":"Toravilla","description":"building your future","publisher":{"@id":"https:\/\/toravilla.com\/#organization"},"potentialAction":[{"@type":"SearchAction","target":{"@type":"EntryPoint","urlTemplate":"https:\/\/toravilla.com\/?s={search_term_string}"},"query-input":"required name=search_term_string"}],"inLanguage":"fa-IR"},{"@type":"Organization","@id":"https:\/\/toravilla.com\/#organization","name":"Toravilla","url":"https:\/\/toravilla.com\/","logo":{"@type":"ImageObject","inLanguage":"fa-IR","@id":"https:\/\/toravilla.com\/#\/schema\/logo\/image\/","url":"https:\/\/toravilla.com\/wp-content\/uploads\/2020\/02\/toravilla-site-logo-yeni-2.png","contentUrl":"https:\/\/toravilla.com\/wp-content\/uploads\/2020\/02\/toravilla-site-logo-yeni-2.png","width":300,"height":100,"caption":"Toravilla"},"image":{"@id":"https:\/\/toravilla.com\/#\/schema\/logo\/image\/"},"sameAs":["https:\/\/www.facebook.com\/people\/Toravilla-Alanya\/100086007282611\/","https:\/\/twitter.com\/Toravilla","https:\/\/www.instagram.com\/toravillaemlak\/","https:\/\/www.linkedin.com\/company\/toravilla\/","https:\/\/www.youtube.com\/channel\/UCQWd3zRkPFLlIlRuDRZafNg"]}]}},"_links":{"self":[{"href":"https:\/\/toravilla.com\/fa\/wp-json\/wp\/v2\/pages\/8765","targetHints":{"allow":["GET"]}}],"collection":[{"href":"https:\/\/toravilla.com\/fa\/wp-json\/wp\/v2\/pages"}],"about":[{"href":"https:\/\/toravilla.com\/fa\/wp-json\/wp\/v2\/types\/page"}],"author":[{"embeddable":true,"href":"https:\/\/toravilla.com\/fa\/wp-json\/wp\/v2\/users\/1"}],"replies":[{"embeddable":true,"href":"https:\/\/toravilla.com\/fa\/wp-json\/wp\/v2\/comments?post=8765"}],"version-history":[{"count":8,"href":"https:\/\/toravilla.com\/fa\/wp-json\/wp\/v2\/pages\/8765\/revisions"}],"predecessor-version":[{"id":8815,"href":"https:\/\/toravilla.com\/fa\/wp-json\/wp\/v2\/pages\/8765\/revisions\/8815"}],"wp:attachment":[{"href":"https:\/\/toravilla.com\/fa\/wp-json\/wp\/v2\/media?parent=8765"}],"curies":[{"name":"wp","href":"https:\/\/api.w.org\/{rel}","templated":true}]}}