{"id":2315,"date":"2022-09-08T10:06:24","date_gmt":"2022-09-08T10:06:24","guid":{"rendered":"https:\/\/toravilla.com\/?page_id=2315"},"modified":"2022-12-13T18:01:10","modified_gmt":"2022-12-13T18:01:10","slug":"turkiyede-abonelikler-ve-hizmet-abonmanlari","status":"publish","type":"page","link":"https:\/\/toravilla.com\/pl\/turkiyede-abonelikler-ve-hizmet-abonmanlari\/","title":{"rendered":"SUBSKRYPCJE I SUBSKRYPCJE US\u0141UG W TURCJI"},"content":{"rendered":"<p><strong>SUBSKRYPCJE I SUBSKRYPCJE US\u0141UG W TURCJI<\/strong><\/p>\n<p>Opr\u00f3cz abonament\u00f3w na wod\u0119, energi\u0119 elektryczn\u0105 i gaz w Turcji w ramach procesu posprzeda\u017cowego\u00a0<a href=\"https:\/\/terrarealestate.com\/property-insurance-in-turkey\">Tureckie ubezpieczenie maj\u0105tkowe<\/a>\u00a0(ubezpieczenie TCIP obejmuj\u0105ce kl\u0119ski \u017cywio\u0142owe). Kroki te s\u0105 szybkie i \u0142atwe po przekazaniu aktu w\u0142asno\u015bci. Mo\u017cesz r\u00f3wnie\u017c udzieli\u0107 nam pe\u0142nomocnictwa, aby\u015bmy mogli przyst\u0105pi\u0107 do subskrypcji sieci elektrycznej i ubezpieczenia w Twoim imieniu w Turcji.<\/p>\n<p><a href=\"https:\/\/turkpermit.com.tr\/BlogDetay\/yabancilar-fatura-aboneliklerini-nasil-uezerine-alabilirler\"><strong>JAK OBCOKRAJOWCY MOG\u0104 PRZEJMOWA\u0106 SUBSKRYPCJE BILLINGOWE?<\/strong><\/a><\/p>\n<p><strong>Cudzoziemcy SUBSKRYPCJA NA ENERGI\u0118 ELEKTRYCZN\u0104<\/strong><\/p>\n<p><strong>Wniosek o subskrypcj\u0119 mo\u017cna z\u0142o\u017cy\u0107 bezpo\u015brednio do sp\u00f3\u0142ki dystrybucyjnej energii elektrycznej obs\u0142uguj\u0105cej dany region lub za po\u015brednictwem strony internetowej sp\u00f3\u0142ki dystrybucyjnej energii elektrycznej obs\u0142uguj\u0105cej dany region.  Ponadto abonamentu na energi\u0119 elektryczn\u0105 mo\u017cna r\u00f3wnie\u017c dokona\u0107 w centrach p\u0142atno\u015bci rachunk\u00f3w. Biuro TORAVILLA b\u0119dzie z Tob\u0105 w tym procesie.<\/strong><\/p>\n<p><strong>Jakie dokumenty s\u0105 wymagane?<\/strong><\/p>\n<p><strong>* Umowa najmu lub akt w\u0142asno\u015bci<\/strong><\/p>\n<p><strong>* Zezwolenie na pobyt (numer identyfikacyjny cudzoziemca)<\/strong><\/p>\n<p><strong>* Ka\u017cdy rachunek za energi\u0119 elektryczn\u0105 dla miejsca zamieszkania (numer instalacji)<\/strong><\/p>\n<p><strong>* DASK (obowi\u0105zkowe ubezpieczenie od trz\u0119sienia ziemi)<\/strong><\/p>\n<p><strong>\u00a0<\/strong><\/p>\n<p><strong>Jak obcokrajowcy mog\u0105 przej\u0105\u0107 rachunki za gaz ziemny?<\/strong><\/p>\n<p>Gaz ziemny jest dostarczany przez prywatne firmy, jako w\u0142a\u015bciciel nieruchomo\u015bci musisz z\u0142o\u017cy\u0107 wniosek o dostaw\u0119 gazu do centr\u00f3w obs\u0142ugi klienta i przed\u0142o\u017cy\u0107 niezb\u0119dne dokumenty.<\/p>\n<p><strong>Jakie dokumenty s\u0105 wymagane?<\/strong><\/p>\n<p>* Zezwolenie na pobyt (numer identyfikacyjny cudzoziemca)<\/p>\n<p>* Umowa najmu lub akt w\u0142asno\u015bci<\/p>\n<p>* Ka\u017cda faktura za gaz ziemny dla miejsca zamieszkania (numer punktu poboru)<\/p>\n<p>&nbsp;<\/p>\n<p><strong>Jak obcokrajowcy mog\u0105 przejmowa\u0107 rachunki za wod\u0119?<\/strong><\/p>\n<p>Obcokrajowcy mog\u0105 z\u0142o\u017cy\u0107 wniosek bezpo\u015brednio do firmy dystrybucyjnej o przej\u0119cie ich abonament\u00f3w za wod\u0119 lub zako\u0144czy\u0107 proces za po\u015brednictwem strony internetowej.<\/p>\n<p><strong>Jakie dokumenty s\u0105 wymagane?<\/strong><\/p>\n<p>* Zezwolenie na pobyt (numer identyfikacyjny cudzoziemca)<\/p>\n<p>* Umowa najmu lub akt w\u0142asno\u015bci<\/p>\n<p>* Wszelkie rachunki za wod\u0119 za miejsce zamieszkania<\/p>\n<p>* Op\u0142ata za zabezpieczenie (aktualna kwota: 144 tl)<\/p>\n<p>&nbsp;<\/p>\n<p>Us\u0142ugi te s\u0105 zatem niezb\u0119dne do wygodnego i wysokiej jako\u015bci \u017cycia,\u00a0<u>akt w\u0142asno\u015bci nieruchomo\u015bci<\/u>\u00a0Wa\u017cne jest, aby subskrybowa\u0107 je natychmiast po ich otrzymaniu. TORAVILLA nieruchomo\u015bci z przyjemno\u015bci\u0105 b\u0119dzie z Tob\u0105 w tym procesie.<\/p>","protected":false},"excerpt":{"rendered":"<p>T\u00dcRK\u0130YE` ABONEL\u0130KLER VE H\u0130ZMET ABONMANLARI Sat\u0131\u015f sonras\u0131 s\u00fcre\u00e7 kapsam\u0131nda T\u00fcrkiye&#8217;deki su, elektrik ve gaz aboneliklerinin yan\u0131 s\u0131ra\u00a0T\u00fcrk M\u00fclkiyet Sigortas\u0131\u00a0(Do\u011fal Afetleri kapsayan DASK sigortas\u0131) konusunda size yard\u0131mc\u0131 oluyoruz.\u00a0Tapu size devredildikten sonra bu ad\u0131mlar h\u0131zl\u0131 ve kolayd\u0131r.\u00a0Ayr\u0131ca, T\u00fcrkiye&#8217;de elektrik \u015febekesi abonelikleri ve sizin ad\u0131n\u0131za sigorta i\u015flemlerine devam edebilmemiz i\u00e7in bize Vekaletname de verebilirsiniz. YABANCILAR FATURA ABONEL\u0130KLER\u0130N\u0130 NASIL&#8230;<\/p>","protected":false},"author":1,"featured_media":0,"parent":0,"menu_order":0,"comment_status":"closed","ping_status":"closed","template":"","meta":{"_mi_skip_tracking":false,"footnotes":""},"class_list":["post-2315","page","type-page","status-publish","hentry"],"yoast_head":"<!-- This site is optimized with the Yoast SEO plugin v20.1 - https:\/\/yoast.com\/wordpress\/plugins\/seo\/ -->\n<title>T\u00dcRK\u0130YE`DE ABONEL\u0130KLER VE H\u0130ZMET ABONMANLARI - Toravilla<\/title>\n<meta name=\"robots\" content=\"index, follow, max-snippet:-1, max-image-preview:large, max-video-preview:-1\" \/>\n<link rel=\"canonical\" href=\"https:\/\/toravilla.com\/pl\/turkiyede-abonelikler-ve-hizmet-abonmanlari\/\" \/>\n<meta property=\"og:locale\" content=\"pl_PL\" \/>\n<meta property=\"og:type\" content=\"article\" \/>\n<meta property=\"og:title\" content=\"T\u00dcRK\u0130YE`DE ABONEL\u0130KLER VE H\u0130ZMET ABONMANLARI - Toravilla\" \/>\n<meta property=\"og:description\" content=\"T\u00dcRK\u0130YE` ABONEL\u0130KLER VE H\u0130ZMET ABONMANLARI Sat\u0131\u015f sonras\u0131 s\u00fcre\u00e7 kapsam\u0131nda T\u00fcrkiye&#8217;deki su, elektrik ve gaz aboneliklerinin yan\u0131 s\u0131ra\u00a0T\u00fcrk M\u00fclkiyet Sigortas\u0131\u00a0(Do\u011fal Afetleri kapsayan DASK sigortas\u0131) konusunda size yard\u0131mc\u0131 oluyoruz.\u00a0Tapu size devredildikten sonra bu ad\u0131mlar h\u0131zl\u0131 ve kolayd\u0131r.\u00a0Ayr\u0131ca, T\u00fcrkiye&#8217;de elektrik \u015febekesi abonelikleri ve sizin ad\u0131n\u0131za sigorta i\u015flemlerine devam edebilmemiz i\u00e7in bize Vekaletname de verebilirsiniz. YABANCILAR FATURA ABONEL\u0130KLER\u0130N\u0130 NASIL...\" \/>\n<meta property=\"og:url\" content=\"https:\/\/toravilla.com\/pl\/turkiyede-abonelikler-ve-hizmet-abonmanlari\/\" \/>\n<meta property=\"og:site_name\" content=\"Toravilla\" \/>\n<meta property=\"article:publisher\" content=\"https:\/\/www.facebook.com\/people\/Toravilla-Alanya\/100086007282611\/\" \/>\n<meta property=\"article:modified_time\" content=\"2022-12-13T18:01:10+00:00\" \/>\n<meta name=\"twitter:card\" content=\"summary_large_image\" \/>\n<meta name=\"twitter:site\" content=\"@Toravilla\" \/>\n<meta name=\"twitter:label1\" content=\"Szacowany czas czytania\" \/>\n\t<meta name=\"twitter:data1\" content=\"2 minuty\" \/>\n<script type=\"application\/ld+json\" class=\"yoast-schema-graph\">{\"@context\":\"https:\/\/schema.org\",\"@graph\":[{\"@type\":\"WebPage\",\"@id\":\"https:\/\/toravilla.com\/turkiyede-abonelikler-ve-hizmet-abonmanlari\/\",\"url\":\"https:\/\/toravilla.com\/turkiyede-abonelikler-ve-hizmet-abonmanlari\/\",\"name\":\"T\u00dcRK\u0130YE`DE ABONEL\u0130KLER VE H\u0130ZMET ABONMANLARI - Toravilla\",\"isPartOf\":{\"@id\":\"https:\/\/toravilla.com\/#website\"},\"datePublished\":\"2022-09-08T10:06:24+00:00\",\"dateModified\":\"2022-12-13T18:01:10+00:00\",\"breadcrumb\":{\"@id\":\"https:\/\/toravilla.com\/turkiyede-abonelikler-ve-hizmet-abonmanlari\/#breadcrumb\"},\"inLanguage\":\"pl-PL\",\"potentialAction\":[{\"@type\":\"ReadAction\",\"target\":[\"https:\/\/toravilla.com\/turkiyede-abonelikler-ve-hizmet-abonmanlari\/\"]}]},{\"@type\":\"BreadcrumbList\",\"@id\":\"https:\/\/toravilla.com\/turkiyede-abonelikler-ve-hizmet-abonmanlari\/#breadcrumb\",\"itemListElement\":[{\"@type\":\"ListItem\",\"position\":1,\"name\":\"Anasayfa\",\"item\":\"https:\/\/toravilla.com\/\"},{\"@type\":\"ListItem\",\"position\":2,\"name\":\"T\u00dcRK\u0130YE`DE ABONEL\u0130KLER VE H\u0130ZMET ABONMANLARI\"}]},{\"@type\":\"WebSite\",\"@id\":\"https:\/\/toravilla.com\/#website\",\"url\":\"https:\/\/toravilla.com\/\",\"name\":\"Toravilla\",\"description\":\"building your future\",\"publisher\":{\"@id\":\"https:\/\/toravilla.com\/#organization\"},\"potentialAction\":[{\"@type\":\"SearchAction\",\"target\":{\"@type\":\"EntryPoint\",\"urlTemplate\":\"https:\/\/toravilla.com\/?s={search_term_string}\"},\"query-input\":\"required name=search_term_string\"}],\"inLanguage\":\"pl-PL\"},{\"@type\":\"Organization\",\"@id\":\"https:\/\/toravilla.com\/#organization\",\"name\":\"Toravilla\",\"url\":\"https:\/\/toravilla.com\/\",\"logo\":{\"@type\":\"ImageObject\",\"inLanguage\":\"pl-PL\",\"@id\":\"https:\/\/toravilla.com\/#\/schema\/logo\/image\/\",\"url\":\"https:\/\/toravilla.com\/wp-content\/uploads\/2020\/02\/toravilla-site-logo-yeni-2.png\",\"contentUrl\":\"https:\/\/toravilla.com\/wp-content\/uploads\/2020\/02\/toravilla-site-logo-yeni-2.png\",\"width\":300,\"height\":100,\"caption\":\"Toravilla\"},\"image\":{\"@id\":\"https:\/\/toravilla.com\/#\/schema\/logo\/image\/\"},\"sameAs\":[\"https:\/\/www.facebook.com\/people\/Toravilla-Alanya\/100086007282611\/\",\"https:\/\/twitter.com\/Toravilla\",\"https:\/\/www.instagram.com\/toravillaemlak\/\",\"https:\/\/www.linkedin.com\/company\/toravilla\/\",\"https:\/\/www.youtube.com\/channel\/UCQWd3zRkPFLlIlRuDRZafNg\"]}]}<\/script>\n<!-- \/ Yoast SEO plugin. -->","yoast_head_json":{"title":"T\u00dcRK\u0130YE`DE ABONEL\u0130KLER VE H\u0130ZMET ABONMANLARI - Toravilla","robots":{"index":"index","follow":"follow","max-snippet":"max-snippet:-1","max-image-preview":"max-image-preview:large","max-video-preview":"max-video-preview:-1"},"canonical":"https:\/\/toravilla.com\/pl\/turkiyede-abonelikler-ve-hizmet-abonmanlari\/","og_locale":"pl_PL","og_type":"article","og_title":"T\u00dcRK\u0130YE`DE ABONEL\u0130KLER VE H\u0130ZMET ABONMANLARI - Toravilla","og_description":"T\u00dcRK\u0130YE` ABONEL\u0130KLER VE H\u0130ZMET ABONMANLARI Sat\u0131\u015f sonras\u0131 s\u00fcre\u00e7 kapsam\u0131nda T\u00fcrkiye&#8217;deki su, elektrik ve gaz aboneliklerinin yan\u0131 s\u0131ra\u00a0T\u00fcrk M\u00fclkiyet Sigortas\u0131\u00a0(Do\u011fal Afetleri kapsayan DASK sigortas\u0131) konusunda size yard\u0131mc\u0131 oluyoruz.\u00a0Tapu size devredildikten sonra bu ad\u0131mlar h\u0131zl\u0131 ve kolayd\u0131r.\u00a0Ayr\u0131ca, T\u00fcrkiye&#8217;de elektrik \u015febekesi abonelikleri ve sizin ad\u0131n\u0131za sigorta i\u015flemlerine devam edebilmemiz i\u00e7in bize Vekaletname de verebilirsiniz. YABANCILAR FATURA ABONEL\u0130KLER\u0130N\u0130 NASIL...","og_url":"https:\/\/toravilla.com\/pl\/turkiyede-abonelikler-ve-hizmet-abonmanlari\/","og_site_name":"Toravilla","article_publisher":"https:\/\/www.facebook.com\/people\/Toravilla-Alanya\/100086007282611\/","article_modified_time":"2022-12-13T18:01:10+00:00","twitter_card":"summary_large_image","twitter_site":"@Toravilla","twitter_misc":{"Szacowany czas czytania":"2 minuty"},"schema":{"@context":"https:\/\/schema.org","@graph":[{"@type":"WebPage","@id":"https:\/\/toravilla.com\/turkiyede-abonelikler-ve-hizmet-abonmanlari\/","url":"https:\/\/toravilla.com\/turkiyede-abonelikler-ve-hizmet-abonmanlari\/","name":"T\u00dcRK\u0130YE`DE ABONEL\u0130KLER VE H\u0130ZMET ABONMANLARI - Toravilla","isPartOf":{"@id":"https:\/\/toravilla.com\/#website"},"datePublished":"2022-09-08T10:06:24+00:00","dateModified":"2022-12-13T18:01:10+00:00","breadcrumb":{"@id":"https:\/\/toravilla.com\/turkiyede-abonelikler-ve-hizmet-abonmanlari\/#breadcrumb"},"inLanguage":"pl-PL","potentialAction":[{"@type":"ReadAction","target":["https:\/\/toravilla.com\/turkiyede-abonelikler-ve-hizmet-abonmanlari\/"]}]},{"@type":"BreadcrumbList","@id":"https:\/\/toravilla.com\/turkiyede-abonelikler-ve-hizmet-abonmanlari\/#breadcrumb","itemListElement":[{"@type":"ListItem","position":1,"name":"Anasayfa","item":"https:\/\/toravilla.com\/"},{"@type":"ListItem","position":2,"name":"T\u00dcRK\u0130YE`DE ABONEL\u0130KLER VE H\u0130ZMET ABONMANLARI"}]},{"@type":"WebSite","@id":"https:\/\/toravilla.com\/#website","url":"https:\/\/toravilla.com\/","name":"Toravilla","description":"building your future","publisher":{"@id":"https:\/\/toravilla.com\/#organization"},"potentialAction":[{"@type":"SearchAction","target":{"@type":"EntryPoint","urlTemplate":"https:\/\/toravilla.com\/?s={search_term_string}"},"query-input":"required name=search_term_string"}],"inLanguage":"pl-PL"},{"@type":"Organization","@id":"https:\/\/toravilla.com\/#organization","name":"Toravilla","url":"https:\/\/toravilla.com\/","logo":{"@type":"ImageObject","inLanguage":"pl-PL","@id":"https:\/\/toravilla.com\/#\/schema\/logo\/image\/","url":"https:\/\/toravilla.com\/wp-content\/uploads\/2020\/02\/toravilla-site-logo-yeni-2.png","contentUrl":"https:\/\/toravilla.com\/wp-content\/uploads\/2020\/02\/toravilla-site-logo-yeni-2.png","width":300,"height":100,"caption":"Toravilla"},"image":{"@id":"https:\/\/toravilla.com\/#\/schema\/logo\/image\/"},"sameAs":["https:\/\/www.facebook.com\/people\/Toravilla-Alanya\/100086007282611\/","https:\/\/twitter.com\/Toravilla","https:\/\/www.instagram.com\/toravillaemlak\/","https:\/\/www.linkedin.com\/company\/toravilla\/","https:\/\/www.youtube.com\/channel\/UCQWd3zRkPFLlIlRuDRZafNg"]}]}},"_links":{"self":[{"href":"https:\/\/toravilla.com\/pl\/wp-json\/wp\/v2\/pages\/2315","targetHints":{"allow":["GET"]}}],"collection":[{"href":"https:\/\/toravilla.com\/pl\/wp-json\/wp\/v2\/pages"}],"about":[{"href":"https:\/\/toravilla.com\/pl\/wp-json\/wp\/v2\/types\/page"}],"author":[{"embeddable":true,"href":"https:\/\/toravilla.com\/pl\/wp-json\/wp\/v2\/users\/1"}],"replies":[{"embeddable":true,"href":"https:\/\/toravilla.com\/pl\/wp-json\/wp\/v2\/comments?post=2315"}],"version-history":[{"count":1,"href":"https:\/\/toravilla.com\/pl\/wp-json\/wp\/v2\/pages\/2315\/revisions"}],"predecessor-version":[{"id":7887,"href":"https:\/\/toravilla.com\/pl\/wp-json\/wp\/v2\/pages\/2315\/revisions\/7887"}],"wp:attachment":[{"href":"https:\/\/toravilla.com\/pl\/wp-json\/wp\/v2\/media?parent=2315"}],"curies":[{"name":"wp","href":"https:\/\/api.w.org\/{rel}","templated":true}]}}