{"id":1235,"date":"2021-06-30T16:46:09","date_gmt":"2021-06-30T16:46:09","guid":{"rendered":"http:\/\/toravilla.com\/?page_id=1235"},"modified":"2023-03-17T13:20:44","modified_gmt":"2023-03-17T13:20:44","slug":"bilgi-sayfalari","status":"publish","type":"page","link":"https:\/\/toravilla.com\/ru\/bilgi-sayfalari\/","title":{"rendered":"\u0418\u043d\u0444\u043e\u0440\u043c\u0430\u0446\u0438\u043e\u043d\u043d\u044b\u0435 \u0441\u0442\u0440\u0430\u043d\u0438\u0446\u044b"},"content":{"rendered":"<div data-elementor-type=\"wp-page\" data-elementor-id=\"1235\" class=\"elementor elementor-1235\">\n\t\t\t\t\t\t\t\t\t<section class=\"elementor-section elementor-top-section elementor-element elementor-element-3dfcebae elementor-section-boxed elementor-section-height-default elementor-section-height-default\" data-id=\"3dfcebae\" data-element_type=\"section\">\n\t\t\t\t\t\t<div class=\"elementor-container elementor-column-gap-default\">\n\t\t\t\t\t<div class=\"elementor-column elementor-col-100 elementor-top-column elementor-element elementor-element-558084c4\" data-id=\"558084c4\" data-element_type=\"column\">\n\t\t\t<div class=\"elementor-widget-wrap elementor-element-populated\">\n\t\t\t\t\t\t\t\t<div class=\"elementor-element elementor-element-7b03eecb animated-fast elementor-invisible elementor-widget elementor-widget-text-editor\" data-id=\"7b03eecb\" data-element_type=\"widget\" data-settings=\"{&quot;_animation&quot;:&quot;fadeInDown&quot;}\" data-widget_type=\"text-editor.default\">\n\t\t\t\t<div class=\"elementor-widget-container\">\n\t\t\t<style>\/*! elementor - v3.11.2 - 22-02-2023 *\/\n.elementor-widget-text-editor.elementor-drop-cap-view-stacked .elementor-drop-cap{background-color:#818a91;color:#fff}.elementor-widget-text-editor.elementor-drop-cap-view-framed .elementor-drop-cap{color:#818a91;border:3px solid;background-color:transparent}.elementor-widget-text-editor:not(.elementor-drop-cap-view-default) .elementor-drop-cap{margin-top:8px}.elementor-widget-text-editor:not(.elementor-drop-cap-view-default) .elementor-drop-cap-letter{width:1em;height:1em}.elementor-widget-text-editor .elementor-drop-cap{float:left;text-align:center;line-height:1;font-size:50px}.elementor-widget-text-editor .elementor-drop-cap-letter{display:inline-block}<\/style>\t\t\t\t<p><img loading=\"lazy\" decoding=\"async\" class=\"wp-image-8615 alignright\" src=\"https:\/\/toravilla.com\/wp-content\/uploads\/2020\/02\/SeVVRstI5E0-300x185.jpg\" alt=\"\" width=\"545\" height=\"336\" srcset=\"https:\/\/toravilla.com\/wp-content\/uploads\/2020\/02\/SeVVRstI5E0-300x185.jpg?v=1679792493 300w, https:\/\/toravilla.com\/wp-content\/uploads\/2020\/02\/SeVVRstI5E0-1024x631.jpg?v=1679792493 1024w, https:\/\/toravilla.com\/wp-content\/uploads\/2020\/02\/SeVVRstI5E0-768x474.jpg?v=1679792493 768w, https:\/\/toravilla.com\/wp-content\/uploads\/2020\/02\/SeVVRstI5E0-18x12.jpg?v=1679792493 18w, https:\/\/toravilla.com\/wp-content\/uploads\/2020\/02\/SeVVRstI5E0-150x93.jpg?v=1679792493 150w, https:\/\/toravilla.com\/wp-content\/uploads\/2020\/02\/SeVVRstI5E0.jpg?v=1679792493 1200w\" sizes=\"auto, (max-width: 545px) 100vw, 545px\" \/><\/p><p>\u0427\u0422\u041e \u0422\u0410\u041a\u041e\u0415 \u041e\u0422\u0427\u0415\u0422 \u041e\u0411 \u041e\u0426\u0415\u041d\u041a\u0415 \u0418\u041c\u0423\u0429\u0415\u0421\u0422\u0412\u0410?<\/p><p>\u041e\u0442\u0447\u0435\u0442 \u043e\u0431 \u043e\u0446\u0435\u043d\u043a\u0435 \u043d\u0435\u0434\u0432\u0438\u0436\u0438\u043c\u043e\u0441\u0442\u0438 \u044f\u0432\u043b\u044f\u0435\u0442\u0441\u044f \u043e\u0431\u044f\u0437\u0430\u0442\u0435\u043b\u044c\u043d\u044b\u043c \u043e\u0442\u0447\u0435\u0442\u043e\u043c \u0434\u043b\u044f \u0437\u0430\u0449\u0438\u0442\u044b \u0438\u043d\u043e\u0441\u0442\u0440\u0430\u043d\u043d\u044b\u0445 \u043f\u043e\u043a\u0443\u043f\u0430\u0442\u0435\u043b\u0435\u0439 \u043d\u0435\u0434\u0432\u0438\u0436\u0438\u043c\u043e\u0441\u0442\u0438. \u041d\u0430 \u044d\u0442\u043e\u0439 \u0441\u0442\u0440\u0430\u043d\u0438\u0446\u0435 \u0432\u044b \u043d\u0430\u0439\u0434\u0435\u0442\u0435 \u0438\u043d\u0444\u043e\u0440\u043c\u0430\u0446\u0438\u044e \u043e \u0434\u043e\u043a\u0443\u043c\u0435\u043d\u0442\u0430\u0445, \u043d\u0435\u043e\u0431\u0445\u043e\u0434\u0438\u043c\u044b\u0445 \u0434\u043b\u044f \u043f\u043e\u043b\u0443\u0447\u0435\u043d\u0438\u044f \u043e\u0442\u0447\u0435\u0442\u0430 \u043e\u0431 \u043e\u0446\u0435\u043d\u043a\u0435 \u043d\u0435\u0434\u0432\u0438\u0436\u0438\u043c\u043e\u0441\u0442\u0438, \u0430 \u0442\u0430\u043a\u0436\u0435 \u043e\u0431 \u043e\u0431\u044f\u0437\u0430\u0442\u0435\u043b\u044c\u043d\u043e\u043c \u043e\u0442\u0447\u0435\u0442\u0435 \u043e\u0431 \u043e\u0446\u0435\u043d\u043a\u0435.<\/p><p>\u041c\u0438\u043d\u0438\u0441\u0442\u0435\u0440\u0441\u0442\u0432\u043e \u043e\u043a\u0440\u0443\u0436\u0430\u044e\u0449\u0435\u0439 \u0441\u0440\u0435\u0434\u044b \u0438 \u0443\u0440\u0431\u0430\u043d\u0438\u0437\u0430\u0446\u0438\u0438, \u0413\u043b\u0430\u0432\u043d\u043e\u0435 \u0443\u043f\u0440\u0430\u0432\u043b\u0435\u043d\u0438\u0435 \u0437\u0435\u043c\u0435\u043b\u044c\u043d\u043e\u0439 \u0440\u0435\u0433\u0438\u0441\u0442\u0440\u0430\u0446\u0438\u0438 \u0438 \u043a\u0430\u0434\u0430\u0441\u0442\u0440\u0430, \u0414\u0435\u043f\u0430\u0440\u0442\u0430\u043c\u0435\u043d\u0442 \u0438\u043d\u043e\u0441\u0442\u0440\u0430\u043d\u043d\u044b\u0445 \u0434\u0435\u043b\u00a0<a href=\"https:\/\/www.tkgm.gov.tr\/sites\/default\/files\/icerik\/ekleri\/yabancilarin_tasinmaz_ediniminde_degerleme_raporu_alinmasi_hakkinda_2019-1_ocr.pdf\">\u0426\u0438\u0440\u043a\u0443\u043b\u044f\u0440 \u043e\u0442 15.02.2019<\/a>\u00a0\u0421 \u043f\u0440\u0438\u043d\u044f\u0442\u0438\u0435\u043c \u0417\u0430\u043a\u043e\u043d\u0430 \u0441\u0442\u0430\u043b\u043e \u043e\u0431\u044f\u0437\u0430\u0442\u0435\u043b\u044c\u043d\u044b\u043c \u043f\u043e\u043b\u0443\u0447\u0435\u043d\u0438\u0435 \u043e\u0442\u0447\u0435\u0442\u0430 \u043e\u0431 \u043e\u0446\u0435\u043d\u043a\u0435 \u043d\u0435\u0434\u0432\u0438\u0436\u0438\u043c\u043e\u0433\u043e \u0438\u043c\u0443\u0449\u0435\u0441\u0442\u0432\u0430 \u043f\u0440\u0438 \u0441\u043e\u0432\u0435\u0440\u0448\u0435\u043d\u0438\u0438 \u0441\u0434\u0435\u043b\u043e\u043a \u043a\u0443\u043f\u043b\u0438-\u043f\u0440\u043e\u0434\u0430\u0436\u0438 \u043d\u0435\u0434\u0432\u0438\u0436\u0438\u043c\u043e\u0433\u043e \u0438\u043c\u0443\u0449\u0435\u0441\u0442\u0432\u0430, \u0440\u0430\u0441\u043f\u043e\u043b\u043e\u0436\u0435\u043d\u043d\u043e\u0433\u043e \u043d\u0430 \u0442\u0435\u0440\u0440\u0438\u0442\u043e\u0440\u0438\u0438 \u0422\u0443\u0440\u0446\u0438\u0438, \u0441\u0442\u043e\u0440\u043e\u043d\u0430\u043c\u0438 \u043a\u043e\u0442\u043e\u0440\u044b\u0445 \u044f\u0432\u043b\u044f\u044e\u0442\u0441\u044f \u0438\u043d\u043e\u0441\u0442\u0440\u0430\u043d\u043d\u044b\u0435 \u0444\u0438\u0437\u0438\u0447\u0435\u0441\u043a\u0438\u0435 \u043b\u0438\u0446\u0430.<\/p><p>\u041e\u0442\u0447\u0435\u0442 \u043e\u0431 \u043e\u0446\u0435\u043d\u043a\u0435 \u043d\u0435\u0434\u0432\u0438\u0436\u0438\u043c\u043e\u0441\u0442\u0438 \u0431\u0443\u0434\u0435\u0442 \u0442\u0440\u0435\u0431\u043e\u0432\u0430\u0442\u044c\u0441\u044f \u0432\u043e \u0432\u0441\u0435\u0445 \u0441\u0434\u0435\u043b\u043a\u0430\u0445 \u043a\u0443\u043f\u043b\u0438-\u043f\u0440\u043e\u0434\u0430\u0436\u0438, \u0432 \u043a\u043e\u0442\u043e\u0440\u044b\u0445 \u0438\u043d\u043e\u0441\u0442\u0440\u0430\u043d\u043d\u044b\u0435 \u043b\u0438\u0446\u0430 \u0432\u044b\u0441\u0442\u0443\u043f\u0430\u044e\u0442 \u0432 \u043a\u0430\u0447\u0435\u0441\u0442\u0432\u0435 \u043f\u043e\u043a\u0443\u043f\u0430\u0442\u0435\u043b\u044f \u0438 \u043f\u0440\u043e\u0434\u0430\u0432\u0446\u0430, \u0430 \u043e\u0442\u0447\u0435\u0442\u044b \u043e\u0431 \u043e\u0446\u0435\u043d\u043a\u0435, \u043f\u0440\u0435\u0434\u0441\u0442\u0430\u0432\u043b\u0435\u043d\u043d\u044b\u0435 \u0432 \u0423\u043f\u0440\u0430\u0432\u043b\u0435\u043d\u0438\u0435 \u0437\u0435\u043c\u0435\u043b\u044c\u043d\u043e\u0433\u043e \u043a\u0430\u0434\u0430\u0441\u0442\u0440\u0430, \u0434\u0435\u0439\u0441\u0442\u0432\u0438\u0442\u0435\u043b\u044c\u043d\u044b \u0434\u043e \u0437\u0430\u0432\u0435\u0440\u0448\u0435\u043d\u0438\u044f \u0441\u0434\u0435\u043b\u043a\u0438, \u043f\u0440\u0438 \u0443\u0441\u043b\u043e\u0432\u0438\u0438, \u0447\u0442\u043e \u043e\u043d\u0438 \u0431\u0443\u0434\u0443\u0442 \u043f\u0440\u0438\u043c\u0435\u043d\u0435\u043d\u044b \u0432 \u0442\u0435\u0447\u0435\u043d\u0438\u0435 3 \u043c\u0435\u0441\u044f\u0446\u0435\u0432 \u0441 \u0434\u0430\u0442\u044b \u0432\u044b\u0434\u0430\u0447\u0438.<\/p><p>\u0412\u0441\u0435 \u0438\u043d\u043e\u0441\u0442\u0440\u0430\u043d\u043d\u044b\u0435 \u043f\u043e\u043a\u0443\u043f\u0430\u0442\u0435\u043b\u0438 \u043d\u0435\u0434\u0432\u0438\u0436\u0438\u043c\u043e\u0441\u0442\u0438 \u043e\u0431\u044f\u0437\u0430\u043d\u044b \u043f\u043e\u043b\u0443\u0447\u0438\u0442\u044c \u043e\u0442\u0447\u0435\u0442 \u043e\u0431 \u043e\u0446\u0435\u043d\u043a\u0435 \u043d\u0435\u0434\u0432\u0438\u0436\u0438\u043c\u043e\u0441\u0442\u0438 - \u044d\u043a\u0441\u043f\u0435\u0440\u0442\u043d\u043e\u0435 \u0437\u0430\u043a\u043b\u044e\u0447\u0435\u043d\u0438\u0435 \u0434\u043b\u044f \u0438\u043d\u043e\u0441\u0442\u0440\u0430\u043d\u0446\u0435\u0432, \u043a\u043e\u0442\u043e\u0440\u043e\u0435 \u0438\u0441\u043f\u043e\u043b\u044c\u0437\u0443\u0435\u0442\u0441\u044f \u043f\u0440\u0438 \u0441\u043e\u0432\u0435\u0440\u0448\u0435\u043d\u0438\u0438 \u0441\u0434\u0435\u043b\u043e\u043a \u043a\u0443\u043f\u043b\u0438-\u043f\u0440\u043e\u0434\u0430\u0436\u0438 \u0437\u0430 \u0440\u0443\u0431\u0435\u0436\u043e\u043c.<\/p><p><strong>\u041e\u0442\u0447\u0435\u0442 \u043e\u0431 \u043e\u0446\u0435\u043d\u043a\u0435 \u0431\u0443\u0434\u0435\u0442 \u0432\u043a\u043b\u044e\u0447\u0430\u0442\u044c \u0441\u043b\u0435\u0434\u0443\u044e\u0449\u0438\u0435 \u0441\u0442\u0430\u0442\u0438\u0441\u0442\u0438\u0447\u0435\u0441\u043a\u0438\u0435 \u0434\u0430\u043d\u043d\u044b\u0435<\/strong>\u00a0:<\/p><ul><li>\u0410\u0443\u0442\u0435\u043d\u0442\u0438\u0447\u043d\u044b\u0435 \u0444\u043e\u0442\u043e\u0433\u0440\u0430\u0444\u0438\u0438<\/li><li>\u0418\u043d\u0444\u043e\u0440\u043c\u0430\u0446\u0438\u044f \u043e \u043f\u0440\u0430\u0432\u043e\u0443\u0441\u0442\u0430\u043d\u0430\u0432\u043b\u0438\u0432\u0430\u044e\u0449\u0438\u0445 \u0434\u043e\u043a\u0443\u043c\u0435\u043d\u0442\u0430\u0445<\/li><li>\u0418\u043d\u0444\u043e\u0440\u043c\u0430\u0446\u0438\u044f, \u043e\u0441\u043d\u043e\u0432\u0430\u043d\u043d\u0430\u044f \u043d\u0430 \u043c\u0435\u0441\u0442\u043e\u043f\u043e\u043b\u043e\u0436\u0435\u043d\u0438\u0438<\/li><li>\u0422\u0435\u0445\u043d\u0438\u0447\u0435\u0441\u043a\u0430\u044f \u0438\u043d\u0444\u043e\u0440\u043c\u0430\u0446\u0438\u044f \u0438 \u0441\u0442\u0430\u0442\u0443\u0441 \u0437\u0430\u0434\u043e\u043b\u0436\u0435\u043d\u043d\u043e\u0441\u0442\u0438, \u043f\u0440\u0435\u0434\u043e\u0441\u0442\u0430\u0432\u043b\u044f\u0435\u043c\u044b\u0435 \u0413\u043b\u0430\u0432\u043d\u044b\u043c \u0443\u043f\u0440\u0430\u0432\u043b\u0435\u043d\u0438\u0435\u043c \u0437\u0435\u043c\u0435\u043b\u044c\u043d\u043e\u0433\u043e \u043a\u0430\u0434\u0430\u0441\u0442\u0440\u0430 \u0438 \u043a\u0430\u0434\u0430\u0441\u0442\u0440\u0430<\/li><li>\u041e\u0446\u0435\u043d\u043a\u0430 \u0446\u0435\u043d\u044b, \u0430 \u0442\u0430\u043a\u0436\u0435 \u0446\u0435\u043d\u044b \u043d\u0430 \u0430\u043d\u0430\u043b\u043e\u0433\u0438\u0447\u043d\u0443\u044e \u043d\u0435\u0434\u0432\u0438\u0436\u0438\u043c\u043e\u0441\u0442\u044c \u043f\u043e\u0431\u043b\u0438\u0437\u043e\u0441\u0442\u0438<\/li><\/ul><p><strong><span style=\"vertical-align: inherit;\">\u0412 \u0422\u0443\u0440\u0446\u0438\u0438 \u0441\u0443\u0449\u0435\u0441\u0442\u0432\u0443\u0435\u0442 \u0434\u0432\u0430 \u0442\u0438\u043f\u0430 \u043e\u0442\u0447\u0435\u0442\u043e\u0432 \u043e\u0431 \u043e\u0446\u0435\u043d\u043a\u0435<\/span><\/strong><\/p><ul><li><span style=\"vertical-align: inherit;\">\u041e\u043d \u043e\u0442\u043d\u043e\u0441\u0438\u0442\u0441\u044f \u043a \u043e\u0442\u0447\u0435\u0442\u0443 \u043e\u0431 \u043e\u0446\u0435\u043d\u043a\u0435 \u0438\u043c\u0443\u0449\u0435\u0441\u0442\u0432\u0430: <\/span><br \/><em><span style=\"vertical-align: inherit;\">\u041a\u0432\u0430\u0440\u0442\u0438\u0440\u0430 \u0438\u043b\u0438 \u043e\u0442\u0434\u0435\u043b\u044c\u043d\u044b\u0439 \u0434\u043e\u043c, \u0442\u043e\u0440\u0433\u043e\u0432\u044b\u0435 \u0446\u0435\u043d\u0442\u0440\u044b, \u043e\u0444\u0438\u0441\u044b, \u0441\u0435\u043b\u044c\u0441\u043a\u043e\u0445\u043e\u0437\u044f\u0439\u0441\u0442\u0432\u0435\u043d\u043d\u044b\u0435 \u0443\u0433\u043e\u0434\u044c\u044f \u0438 \u0442.\u0434.<\/span><\/em><\/li><li><span style=\"vertical-align: inherit;\">\u0414\u0435\u0439\u0441\u0442\u0432\u0438\u0442\u0435\u043b\u0435\u043d \u0434\u043b\u044f \u043e\u0446\u0435\u043d\u043a\u0438 \u043f\u0440\u043e\u0435\u043a\u0442\u0430 \u043e\u0442\u0435\u043b\u044f \u0441 \u0442\u0435\u0445\u043d\u0438\u043a\u043e-\u044d\u043a\u043e\u043d\u043e\u043c\u0438\u0447\u0435\u0441\u043a\u0438\u043c \u043e\u0431\u043e\u0441\u043d\u043e\u0432\u0430\u043d\u0438\u0435\u043c: <\/span><br \/><em><span style=\"vertical-align: inherit;\">\u0418\u043d\u0432\u0435\u0441\u0442\u0438\u0446\u0438\u0438 \u0432 \u0437\u0435\u043c\u043b\u044e, \u043a\u043e\u043c\u043c\u0435\u0440\u0447\u0435\u0441\u043a\u0438\u0435 \u0438\u043d\u0432\u0435\u0441\u0442\u0438\u0446\u0438\u0438, \u044d\u043a\u043e\u043b\u043e\u0433\u0438\u0447\u0435\u0441\u043a\u0438\u0435 \u0438\u043d\u0432\u0435\u0441\u0442\u0438\u0446\u0438\u0438, \u0438\u043d\u0432\u0435\u0441\u0442\u0438\u0446\u0438\u0438 \u0432 \u0442\u043e\u0440\u0433\u043e\u0432\u044b\u0435 \u0446\u0435\u043d\u0442\u0440\u044b, \u0438\u043d\u0432\u0435\u0441\u0442\u0438\u0446\u0438\u0438 \u0432 \u0441\u0442\u0440\u043e\u0438\u0442\u0435\u043b\u044c\u0441\u0442\u0432\u043e \u0438 \u0442.\u0434.<\/span><\/em><\/li><\/ul><h4><span style=\"vertical-align: inherit;\">\u041d\u0430\u0448\u0430 \u0440\u043e\u043b\u044c \u0432 Toravilla Real Estate...<\/span><\/h4><p><span style=\"vertical-align: inherit;\">\u041c\u044b, Toravilla Real Estate, \u043f\u0440\u0438\u043b\u0430\u0433\u0430\u0435\u043c \u043c\u043d\u043e\u0433\u043e \u0443\u0441\u0438\u043b\u0438\u0439 \u0434\u043b\u044f \u0432\u044b\u043f\u043e\u043b\u043d\u0435\u043d\u0438\u044f \u043b\u0435\u0433\u043a\u043e\u0439 \u0440\u0430\u0431\u043e\u0442\u044b. \u041c\u044b \u043e\u043a\u0430\u0437\u044b\u0432\u0430\u0435\u043c \u043f\u043e\u043c\u043e\u0449\u044c \u0442\u043e\u043b\u044c\u043a\u043e \u0432 \u0441\u043a\u043e\u0440\u0438\u043d\u0433\u0435, \u0440\u0430\u0437\u0440\u0435\u0448\u0435\u043d\u043d\u043e\u043c CMB. <\/span><em><span style=\"vertical-align: inherit;\">\u041e\u0442\u0447\u0435\u0442 \u043e\u0431 \u043e\u0446\u0435\u043d\u043a\u0435 \u043d\u0435\u0434\u0432\u0438\u0436\u0438\u043c\u043e\u0441\u0442\u0438 \u043c\u043e\u0436\u0435\u0442 \u0431\u044b\u0442\u044c \u043f\u043e\u0434\u0433\u043e\u0442\u043e\u0432\u043b\u0435\u043d \u0432 \u0442\u0435\u0447\u0435\u043d\u0438\u0435 2-3 \u0434\u043d\u0435\u0439. <\/span><\/em>\u00a0<em><span style=\"vertical-align: inherit;\">\u041f\u043e\u0434\u0433\u043e\u0442\u043e\u0432\u043a\u0430 \u0442\u0435\u0445\u043d\u0438\u043a\u043e-\u044d\u043a\u043e\u043d\u043e\u043c\u0438\u0447\u0435\u0441\u043a\u043e\u0433\u043e \u043e\u0431\u043e\u0441\u043d\u043e\u0432\u0430\u043d\u0438\u044f \u0434\u043b\u044f \u0431\u0438\u0437\u043d\u0435\u0441\u0430, \u043f\u0440\u0435\u0434\u043f\u0440\u0438\u044f\u0442\u0438\u044f \u0438\u043b\u0438 \u0437\u0435\u043c\u0435\u043b\u044c\u043d\u043e\u0433\u043e \u0443\u0447\u0430\u0441\u0442\u043a\u0430 \u043c\u043e\u0436\u0435\u0442 \u0437\u0430\u043d\u044f\u0442\u044c \u043e\u0442 2 \u043d\u0435\u0434\u0435\u043b\u044c \u0434\u043e 1 \u043c\u0435\u0441\u044f\u0446\u0430.\u00a0<\/span><\/em><\/p><p>\u00a0<\/p>\t\t\t\t\t\t<\/div>\n\t\t\t\t<\/div>\n\t\t\t\t\t<\/div>\n\t\t<\/div>\n\t\t\t\t\t\t\t<\/div>\n\t\t<\/section>\n\t\t\t\t\t\t\t<\/div>","protected":false},"excerpt":{"rendered":"<p>GAYR\u0130MENKUL DE\u011eERLEME RAPORU NED\u0130R? Gayrimenkul de\u011ferleme raporu, yabanc\u0131 gayrimenkul al\u0131c\u0131lar\u0131n\u0131 korumak i\u00e7in zorunlu olan bir rapordur. Bu sayfada gayrimenkul\u00fcn\u00fcz i\u00e7in de\u011ferleme raporu al\u0131rken ihtiyac\u0131n\u0131z olacak evraklar ve zorunlu \u00a0de\u011ferleme raporu hakk\u0131nda bilgi bulabilirsiniz. T.C. \u00c7evre ve \u015eehircilik Bakanl\u0131\u011f\u0131 Tapu ve Kadastro Genel M\u00fcd\u00fcrl\u00fc\u011f\u00fc Yabanc\u0131 \u0130\u015fler Daire Ba\u015fkanl\u0131\u011f\u0131\u2019n\u0131n\u00a015.02.2019 tarihli genelgesi\u00a0ile\u00a0T\u00fcrkiye\u2019de yer alan ta\u015f\u0131nmazlar\u0131n yabanc\u0131 uyruklu ger\u00e7ek&#8230;<\/p>","protected":false},"author":1,"featured_media":0,"parent":0,"menu_order":0,"comment_status":"closed","ping_status":"closed","template":"","meta":{"_mi_skip_tracking":false,"footnotes":""},"class_list":["post-1235","page","type-page","status-publish","hentry"],"yoast_head":"<!-- This site is optimized with the Yoast SEO plugin v20.1 - https:\/\/yoast.com\/wordpress\/plugins\/seo\/ -->\n<title>Bilgi Sayfalar\u0131 - Toravilla<\/title>\n<meta name=\"robots\" content=\"index, follow, max-snippet:-1, max-image-preview:large, max-video-preview:-1\" \/>\n<link rel=\"canonical\" href=\"https:\/\/toravilla.com\/ru\/bilgi-sayfalari\/\" \/>\n<meta property=\"og:locale\" content=\"ru_RU\" \/>\n<meta property=\"og:type\" content=\"article\" \/>\n<meta property=\"og:title\" content=\"Bilgi Sayfalar\u0131 - Toravilla\" \/>\n<meta property=\"og:description\" content=\"GAYR\u0130MENKUL DE\u011eERLEME RAPORU NED\u0130R? Gayrimenkul de\u011ferleme raporu, yabanc\u0131 gayrimenkul al\u0131c\u0131lar\u0131n\u0131 korumak i\u00e7in zorunlu olan bir rapordur. Bu sayfada gayrimenkul\u00fcn\u00fcz i\u00e7in de\u011ferleme raporu al\u0131rken ihtiyac\u0131n\u0131z olacak evraklar ve zorunlu \u00a0de\u011ferleme raporu hakk\u0131nda bilgi bulabilirsiniz. T.C. \u00c7evre ve \u015eehircilik Bakanl\u0131\u011f\u0131 Tapu ve Kadastro Genel M\u00fcd\u00fcrl\u00fc\u011f\u00fc Yabanc\u0131 \u0130\u015fler Daire Ba\u015fkanl\u0131\u011f\u0131\u2019n\u0131n\u00a015.02.2019 tarihli genelgesi\u00a0ile\u00a0T\u00fcrkiye\u2019de yer alan ta\u015f\u0131nmazlar\u0131n yabanc\u0131 uyruklu ger\u00e7ek...\" \/>\n<meta property=\"og:url\" content=\"https:\/\/toravilla.com\/ru\/bilgi-sayfalari\/\" \/>\n<meta property=\"og:site_name\" content=\"Toravilla\" \/>\n<meta property=\"article:publisher\" content=\"https:\/\/www.facebook.com\/people\/Toravilla-Alanya\/100086007282611\/\" \/>\n<meta property=\"article:modified_time\" content=\"2023-03-17T13:20:44+00:00\" \/>\n<meta property=\"og:image\" content=\"https:\/\/toravilla.com\/wp-content\/uploads\/2020\/02\/SeVVRstI5E0-300x185.jpg\" \/>\n<meta name=\"twitter:card\" content=\"summary_large_image\" \/>\n<meta name=\"twitter:site\" content=\"@Toravilla\" \/>\n<meta name=\"twitter:label1\" content=\"\u041f\u0440\u0438\u043c\u0435\u0440\u043d\u043e\u0435 \u0432\u0440\u0435\u043c\u044f \u0434\u043b\u044f \u0447\u0442\u0435\u043d\u0438\u044f\" \/>\n\t<meta name=\"twitter:data1\" content=\"2 \u043c\u0438\u043d\u0443\u0442\u044b\" \/>\n<script type=\"application\/ld+json\" class=\"yoast-schema-graph\">{\"@context\":\"https:\/\/schema.org\",\"@graph\":[{\"@type\":\"WebPage\",\"@id\":\"https:\/\/toravilla.com\/bilgi-sayfalari\/\",\"url\":\"https:\/\/toravilla.com\/bilgi-sayfalari\/\",\"name\":\"Bilgi Sayfalar\u0131 - Toravilla\",\"isPartOf\":{\"@id\":\"https:\/\/toravilla.com\/#website\"},\"datePublished\":\"2021-06-30T16:46:09+00:00\",\"dateModified\":\"2023-03-17T13:20:44+00:00\",\"breadcrumb\":{\"@id\":\"https:\/\/toravilla.com\/bilgi-sayfalari\/#breadcrumb\"},\"inLanguage\":\"ru-RU\",\"potentialAction\":[{\"@type\":\"ReadAction\",\"target\":[\"https:\/\/toravilla.com\/bilgi-sayfalari\/\"]}]},{\"@type\":\"BreadcrumbList\",\"@id\":\"https:\/\/toravilla.com\/bilgi-sayfalari\/#breadcrumb\",\"itemListElement\":[{\"@type\":\"ListItem\",\"position\":1,\"name\":\"Anasayfa\",\"item\":\"https:\/\/toravilla.com\/\"},{\"@type\":\"ListItem\",\"position\":2,\"name\":\"Bilgi Sayfalar\u0131\"}]},{\"@type\":\"WebSite\",\"@id\":\"https:\/\/toravilla.com\/#website\",\"url\":\"https:\/\/toravilla.com\/\",\"name\":\"Toravilla\",\"description\":\"building your future\",\"publisher\":{\"@id\":\"https:\/\/toravilla.com\/#organization\"},\"potentialAction\":[{\"@type\":\"SearchAction\",\"target\":{\"@type\":\"EntryPoint\",\"urlTemplate\":\"https:\/\/toravilla.com\/?s={search_term_string}\"},\"query-input\":\"required name=search_term_string\"}],\"inLanguage\":\"ru-RU\"},{\"@type\":\"Organization\",\"@id\":\"https:\/\/toravilla.com\/#organization\",\"name\":\"Toravilla\",\"url\":\"https:\/\/toravilla.com\/\",\"logo\":{\"@type\":\"ImageObject\",\"inLanguage\":\"ru-RU\",\"@id\":\"https:\/\/toravilla.com\/#\/schema\/logo\/image\/\",\"url\":\"https:\/\/toravilla.com\/wp-content\/uploads\/2020\/02\/toravilla-site-logo-yeni-2.png\",\"contentUrl\":\"https:\/\/toravilla.com\/wp-content\/uploads\/2020\/02\/toravilla-site-logo-yeni-2.png\",\"width\":300,\"height\":100,\"caption\":\"Toravilla\"},\"image\":{\"@id\":\"https:\/\/toravilla.com\/#\/schema\/logo\/image\/\"},\"sameAs\":[\"https:\/\/www.facebook.com\/people\/Toravilla-Alanya\/100086007282611\/\",\"https:\/\/twitter.com\/Toravilla\",\"https:\/\/www.instagram.com\/toravillaemlak\/\",\"https:\/\/www.linkedin.com\/company\/toravilla\/\",\"https:\/\/www.youtube.com\/channel\/UCQWd3zRkPFLlIlRuDRZafNg\"]}]}<\/script>\n<!-- \/ Yoast SEO plugin. -->","yoast_head_json":{"title":"Bilgi Sayfalar\u0131 - Toravilla","robots":{"index":"index","follow":"follow","max-snippet":"max-snippet:-1","max-image-preview":"max-image-preview:large","max-video-preview":"max-video-preview:-1"},"canonical":"https:\/\/toravilla.com\/ru\/bilgi-sayfalari\/","og_locale":"ru_RU","og_type":"article","og_title":"Bilgi Sayfalar\u0131 - Toravilla","og_description":"GAYR\u0130MENKUL DE\u011eERLEME RAPORU NED\u0130R? Gayrimenkul de\u011ferleme raporu, yabanc\u0131 gayrimenkul al\u0131c\u0131lar\u0131n\u0131 korumak i\u00e7in zorunlu olan bir rapordur. Bu sayfada gayrimenkul\u00fcn\u00fcz i\u00e7in de\u011ferleme raporu al\u0131rken ihtiyac\u0131n\u0131z olacak evraklar ve zorunlu \u00a0de\u011ferleme raporu hakk\u0131nda bilgi bulabilirsiniz. T.C. \u00c7evre ve \u015eehircilik Bakanl\u0131\u011f\u0131 Tapu ve Kadastro Genel M\u00fcd\u00fcrl\u00fc\u011f\u00fc Yabanc\u0131 \u0130\u015fler Daire Ba\u015fkanl\u0131\u011f\u0131\u2019n\u0131n\u00a015.02.2019 tarihli genelgesi\u00a0ile\u00a0T\u00fcrkiye\u2019de yer alan ta\u015f\u0131nmazlar\u0131n yabanc\u0131 uyruklu ger\u00e7ek...","og_url":"https:\/\/toravilla.com\/ru\/bilgi-sayfalari\/","og_site_name":"Toravilla","article_publisher":"https:\/\/www.facebook.com\/people\/Toravilla-Alanya\/100086007282611\/","article_modified_time":"2023-03-17T13:20:44+00:00","og_image":[{"url":"https:\/\/toravilla.com\/wp-content\/uploads\/2020\/02\/SeVVRstI5E0-300x185.jpg"}],"twitter_card":"summary_large_image","twitter_site":"@Toravilla","twitter_misc":{"\u041f\u0440\u0438\u043c\u0435\u0440\u043d\u043e\u0435 \u0432\u0440\u0435\u043c\u044f \u0434\u043b\u044f \u0447\u0442\u0435\u043d\u0438\u044f":"2 \u043c\u0438\u043d\u0443\u0442\u044b"},"schema":{"@context":"https:\/\/schema.org","@graph":[{"@type":"WebPage","@id":"https:\/\/toravilla.com\/bilgi-sayfalari\/","url":"https:\/\/toravilla.com\/bilgi-sayfalari\/","name":"Bilgi Sayfalar\u0131 - Toravilla","isPartOf":{"@id":"https:\/\/toravilla.com\/#website"},"datePublished":"2021-06-30T16:46:09+00:00","dateModified":"2023-03-17T13:20:44+00:00","breadcrumb":{"@id":"https:\/\/toravilla.com\/bilgi-sayfalari\/#breadcrumb"},"inLanguage":"ru-RU","potentialAction":[{"@type":"ReadAction","target":["https:\/\/toravilla.com\/bilgi-sayfalari\/"]}]},{"@type":"BreadcrumbList","@id":"https:\/\/toravilla.com\/bilgi-sayfalari\/#breadcrumb","itemListElement":[{"@type":"ListItem","position":1,"name":"Anasayfa","item":"https:\/\/toravilla.com\/"},{"@type":"ListItem","position":2,"name":"Bilgi Sayfalar\u0131"}]},{"@type":"WebSite","@id":"https:\/\/toravilla.com\/#website","url":"https:\/\/toravilla.com\/","name":"Toravilla","description":"building your future","publisher":{"@id":"https:\/\/toravilla.com\/#organization"},"potentialAction":[{"@type":"SearchAction","target":{"@type":"EntryPoint","urlTemplate":"https:\/\/toravilla.com\/?s={search_term_string}"},"query-input":"required name=search_term_string"}],"inLanguage":"ru-RU"},{"@type":"Organization","@id":"https:\/\/toravilla.com\/#organization","name":"Toravilla","url":"https:\/\/toravilla.com\/","logo":{"@type":"ImageObject","inLanguage":"ru-RU","@id":"https:\/\/toravilla.com\/#\/schema\/logo\/image\/","url":"https:\/\/toravilla.com\/wp-content\/uploads\/2020\/02\/toravilla-site-logo-yeni-2.png","contentUrl":"https:\/\/toravilla.com\/wp-content\/uploads\/2020\/02\/toravilla-site-logo-yeni-2.png","width":300,"height":100,"caption":"Toravilla"},"image":{"@id":"https:\/\/toravilla.com\/#\/schema\/logo\/image\/"},"sameAs":["https:\/\/www.facebook.com\/people\/Toravilla-Alanya\/100086007282611\/","https:\/\/twitter.com\/Toravilla","https:\/\/www.instagram.com\/toravillaemlak\/","https:\/\/www.linkedin.com\/company\/toravilla\/","https:\/\/www.youtube.com\/channel\/UCQWd3zRkPFLlIlRuDRZafNg"]}]}},"_links":{"self":[{"href":"https:\/\/toravilla.com\/ru\/wp-json\/wp\/v2\/pages\/1235","targetHints":{"allow":["GET"]}}],"collection":[{"href":"https:\/\/toravilla.com\/ru\/wp-json\/wp\/v2\/pages"}],"about":[{"href":"https:\/\/toravilla.com\/ru\/wp-json\/wp\/v2\/types\/page"}],"author":[{"embeddable":true,"href":"https:\/\/toravilla.com\/ru\/wp-json\/wp\/v2\/users\/1"}],"replies":[{"embeddable":true,"href":"https:\/\/toravilla.com\/ru\/wp-json\/wp\/v2\/comments?post=1235"}],"version-history":[{"count":9,"href":"https:\/\/toravilla.com\/ru\/wp-json\/wp\/v2\/pages\/1235\/revisions"}],"predecessor-version":[{"id":8629,"href":"https:\/\/toravilla.com\/ru\/wp-json\/wp\/v2\/pages\/1235\/revisions\/8629"}],"wp:attachment":[{"href":"https:\/\/toravilla.com\/ru\/wp-json\/wp\/v2\/media?parent=1235"}],"curies":[{"name":"wp","href":"https:\/\/api.w.org\/{rel}","templated":true}]}}