{"id":2303,"date":"2022-09-08T09:54:01","date_gmt":"2022-09-08T09:54:01","guid":{"rendered":"https:\/\/toravilla.com\/?page_id=2303"},"modified":"2022-12-13T18:01:12","modified_gmt":"2022-12-13T18:01:12","slug":"yatirim-yoluyla-turk-vatandasligi-alma","status":"publish","type":"page","link":"https:\/\/toravilla.com\/ru\/yatirim-yoluyla-turk-vatandasligi-alma\/","title":{"rendered":"\u041f\u041e\u041b\u0423\u0427\u0415\u041d\u0418\u0415 \u0422\u0423\u0420\u0415\u0426\u041a\u041e\u0413\u041e \u0413\u0420\u0410\u0416\u0414\u0410\u041d\u0421\u0422\u0412\u0410 \u0427\u0415\u0420\u0415\u0417 \u0418\u041d\u0412\u0415\u0421\u0422\u0418\u0426\u0418\u0418"},"content":{"rendered":"<p>\u041f\u041e\u041b\u0423\u0427\u0415\u041d\u0418\u0415 \u0422\u0423\u0420\u0415\u0426\u041a\u041e\u0413\u041e \u0413\u0420\u0410\u0416\u0414\u0410\u041d\u0421\u0422\u0412\u0410 \u0427\u0415\u0420\u0415\u0417 \u0418\u041d\u0412\u0415\u0421\u0422\u0418\u0426\u0418\u0418<\/p>\n<p>\u041f\u0440\u0438\u043e\u0431\u0440\u0435\u0442\u0435\u043d\u0438\u0435 \u0442\u0443\u0440\u0435\u0446\u043a\u043e\u0433\u043e \u0433\u0440\u0430\u0436\u0434\u0430\u043d\u0441\u0442\u0432\u0430 \u0447\u0435\u0440\u0435\u0437 \u0438\u043d\u0432\u0435\u0441\u0442\u0438\u0446\u0438\u0438 - \u044d\u0442\u043e \u0432\u043e\u0437\u043c\u043e\u0436\u043d\u043e\u0441\u0442\u044c, \u043a\u043e\u0442\u043e\u0440\u0430\u044f \u0434\u0430\u0435\u0442 \u0447\u0435\u043b\u043e\u0432\u0435\u043a\u0443 \u043f\u0440\u0430\u0432\u043e \u043f\u043e\u0434\u0430\u0442\u044c \u0437\u0430\u044f\u0432\u043b\u0435\u043d\u0438\u0435 \u043d\u0430 \u043f\u043e\u043b\u0443\u0447\u0435\u043d\u0438\u0435 \u0442\u0443\u0440\u0435\u0446\u043a\u043e\u0433\u043e \u0433\u0440\u0430\u0436\u0434\u0430\u043d\u0441\u0442\u0432\u0430 \u043f\u0440\u0438 \u0432\u044b\u043f\u043e\u043b\u043d\u0435\u043d\u0438\u0438 \u0434\u0440\u0443\u0433\u0438\u0445 \u0443\u0441\u043b\u043e\u0432\u0438\u0439 \u0432 \u0440\u0435\u0437\u0443\u043b\u044c\u0442\u0430\u0442\u0435 \u0440\u0430\u0437\u043b\u0438\u0447\u043d\u044b\u0445 \u0444\u043e\u0440\u043c \u0438\u043d\u0432\u0435\u0441\u0442\u0438\u0446\u0438\u0439.<\/p>\n<p>\u041f\u0440\u043e\u0433\u0440\u0430\u043c\u043c\u044b \"\u0433\u0440\u0430\u0436\u0434\u0430\u043d\u0441\u0442\u0432\u043e \u0437\u0430 \u0438\u043d\u0432\u0435\u0441\u0442\u0438\u0446\u0438\u0438\" - \u043d\u0430\u0438\u0431\u043e\u043b\u0435\u0435 \u044d\u0444\u0444\u0435\u043a\u0442\u0438\u0432\u043d\u044b\u0439 \u0441\u043f\u043e\u0441\u043e\u0431 \u043e\u0431\u0435\u0441\u043f\u0435\u0447\u0435\u043d\u0438\u044f \u0431\u0435\u0437\u043e\u043f\u0430\u0441\u043d\u043e\u0441\u0442\u0438. \u0410\u043b\u044c\u0442\u0435\u0440\u043d\u0430\u0442\u0438\u0432\u0430 - \u0446\u0435\u043b\u0435\u0432\u044b\u0435 \u0438\u043d\u0432\u0435\u0441\u0442\u0438\u0446\u0438\u0438 \u0441\u043e \u0432\u0441\u0435\u043c\u0438 \u043f\u0440\u0435\u0438\u043c\u0443\u0449\u0435\u0441\u0442\u0432\u0430\u043c\u0438 \u0432 \u043e\u0431\u043c\u0435\u043d \u043d\u0430 \u0433\u0440\u0430\u0436\u0434\u0430\u043d\u0441\u0442\u0432\u043e \u0438 \u043f\u0430\u0441\u043f\u043e\u0440\u0442.<\/p>","protected":false},"excerpt":{"rendered":"<p>\u041f\u0440\u0438\u043e\u0431\u0440\u0435\u0442\u0435\u043d\u0438\u0435 \u0442\u0443\u0440\u0435\u0446\u043a\u043e\u0433\u043e \u0433\u0440\u0430\u0436\u0434\u0430\u043d\u0441\u0442\u0432\u0430 \u0447\u0435\u0440\u0435\u0437 \u0438\u043d\u0432\u0435\u0441\u0442\u0438\u0446\u0438\u0438 - \u044d\u0442\u043e \u0432\u043e\u0437\u043c\u043e\u0436\u043d\u043e\u0441\u0442\u044c, \u043a\u043e\u0442\u043e\u0440\u0430\u044f \u0434\u0430\u0435\u0442 \u0447\u0435\u043b\u043e\u0432\u0435\u043a\u0443 \u043f\u0440\u0430\u0432\u043e \u043f\u043e\u0434\u0430\u0442\u044c \u0437\u0430\u044f\u0432\u043a\u0443 \u043d\u0430 \u043f\u043e\u043b\u0443\u0447\u0435\u043d\u0438\u0435 \u0442\u0443\u0440\u0435\u0446\u043a\u043e\u0433\u043e \u0433\u0440\u0430\u0436\u0434\u0430\u043d\u0441\u0442\u0432\u0430 \u0432 \u0440\u0435\u0437\u0443\u043b\u044c\u0442\u0430\u0442\u0435 \u0440\u0430\u0437\u043b\u0438\u0447\u043d\u044b\u0445 \u0443\u0441\u0442\u0430\u043d\u043e\u0432\u043b\u0435\u043d\u043d\u044b\u0445 \u0444\u043e\u0440\u043c \u0438\u043d\u0432\u0435\u0441\u0442\u0438\u0446\u0438\u0439 \u043f\u0440\u0438 \u0441\u043e\u0431\u043b\u044e\u0434\u0435\u043d\u0438\u0438 \u0434\u0440\u0443\u0433\u0438\u0445 \u0443\u0441\u043b\u043e\u0432\u0438\u0439. \u041f\u0440\u043e\u0433\u0440\u0430\u043c\u043c\u044b \u043f\u043e\u043b\u0443\u0447\u0435\u043d\u0438\u044f \u0433\u0440\u0430\u0436\u0434\u0430\u043d\u0441\u0442\u0432\u0430 \u0437\u0430 \u0441\u0447\u0435\u0442 \u0438\u043d\u0432\u0435\u0441\u0442\u0438\u0446\u0438\u0439 \u044f\u0432\u043b\u044f\u044e\u0442\u0441\u044f \u043d\u0430\u0438\u0431\u043e\u043b\u0435\u0435 \u044d\u0444\u0444\u0435\u043a\u0442\u0438\u0432\u043d\u044b\u043c \u0441\u043f\u043e\u0441\u043e\u0431\u043e\u043c \u043f\u0440\u0435\u0434\u043e\u0441\u0442\u0430\u0432\u043b\u0435\u043d\u0438\u044f \u0433\u0430\u0440\u0430\u043d\u0442\u0438\u0439. \u042d\u0442\u043e \u0446\u0435\u043b\u0435\u0432\u0430\u044f \u0438\u043d\u0432\u0435\u0441\u0442\u0438\u0446\u0438\u044f \u0441\u043e \u0432\u0441\u0435\u043c\u0438 \u043f\u0440\u0435\u0438\u043c\u0443\u0449\u0435\u0441\u0442\u0432\u0430\u043c\u0438 \u0432 \u043e\u0431\u043c\u0435\u043d \u043d\u0430 \u0430\u043b\u044c\u0442\u0435\u0440\u043d\u0430\u0442\u0438\u0432\u043d\u043e\u0435 \u0433\u0440\u0430\u0436\u0434\u0430\u043d\u0441\u0442\u0432\u043e \u0438 \u043f\u0430\u0441\u043f\u043e\u0440\u0442.<\/p>","protected":false},"author":1,"featured_media":0,"parent":0,"menu_order":0,"comment_status":"closed","ping_status":"closed","template":"","meta":{"_mi_skip_tracking":false,"footnotes":""},"class_list":["post-2303","page","type-page","status-publish","hentry"],"yoast_head":"<!-- This site is optimized with the Yoast SEO plugin v20.1 - https:\/\/yoast.com\/wordpress\/plugins\/seo\/ -->\n<title>YATIRIM YOLUYLA T\u00dcRK VATANDA\u015eLI\u011eI ALMA - Toravilla<\/title>\n<meta name=\"robots\" content=\"index, follow, max-snippet:-1, max-image-preview:large, max-video-preview:-1\" \/>\n<link rel=\"canonical\" href=\"https:\/\/toravilla.com\/ru\/yatirim-yoluyla-turk-vatandasligi-alma\/\" \/>\n<meta property=\"og:locale\" content=\"ru_RU\" \/>\n<meta property=\"og:type\" content=\"article\" \/>\n<meta property=\"og:title\" content=\"YATIRIM YOLUYLA T\u00dcRK VATANDA\u015eLI\u011eI ALMA - Toravilla\" \/>\n<meta property=\"og:description\" content=\"YATIRIM YOLUYLA T\u00dcRK VATANDA\u015eLI\u011eI ALMA Yat\u0131r\u0131m yoluyla T\u00fcrk vatanda\u015fl\u0131\u011f\u0131n\u0131 kazanma, farkl\u0131 farkl\u0131 \u00f6ng\u00f6r\u00fclm\u00fc\u015f yat\u0131r\u0131m \u015fekilleri sonucunda di\u011fer \u015fartlar\u0131n da sa\u011flanmas\u0131 ile ki\u015fiye T\u00fcrk vatanda\u015fl\u0131\u011f\u0131na ba\u015fvurma hakk\u0131 tan\u0131yan bir imkand\u0131r. Yat\u0131r\u0131m yoluyla vatanda\u015fl\u0131k programlar\u0131, bir g\u00fcvence sa\u011flaman\u0131n en etkili yoludur. Alternatif vatanda\u015fl\u0131k ve pasaport kar\u015f\u0131l\u0131\u011f\u0131nda t\u00fcm faydalar\u0131yla birlikte adanm\u0131\u015f yat\u0131r\u0131md\u0131r.\" \/>\n<meta property=\"og:url\" content=\"https:\/\/toravilla.com\/ru\/yatirim-yoluyla-turk-vatandasligi-alma\/\" \/>\n<meta property=\"og:site_name\" content=\"Toravilla\" \/>\n<meta property=\"article:publisher\" content=\"https:\/\/www.facebook.com\/people\/Toravilla-Alanya\/100086007282611\/\" \/>\n<meta property=\"article:modified_time\" content=\"2022-12-13T18:01:12+00:00\" \/>\n<meta name=\"twitter:card\" content=\"summary_large_image\" \/>\n<meta name=\"twitter:site\" content=\"@Toravilla\" \/>\n<meta name=\"twitter:label1\" content=\"\u041f\u0440\u0438\u043c\u0435\u0440\u043d\u043e\u0435 \u0432\u0440\u0435\u043c\u044f \u0434\u043b\u044f \u0447\u0442\u0435\u043d\u0438\u044f\" \/>\n\t<meta name=\"twitter:data1\" content=\"1 \u043c\u0438\u043d\u0443\u0442\u0430\" \/>\n<script type=\"application\/ld+json\" class=\"yoast-schema-graph\">{\"@context\":\"https:\/\/schema.org\",\"@graph\":[{\"@type\":\"WebPage\",\"@id\":\"https:\/\/toravilla.com\/yatirim-yoluyla-turk-vatandasligi-alma\/\",\"url\":\"https:\/\/toravilla.com\/yatirim-yoluyla-turk-vatandasligi-alma\/\",\"name\":\"YATIRIM YOLUYLA T\u00dcRK VATANDA\u015eLI\u011eI ALMA - Toravilla\",\"isPartOf\":{\"@id\":\"https:\/\/toravilla.com\/#website\"},\"datePublished\":\"2022-09-08T09:54:01+00:00\",\"dateModified\":\"2022-12-13T18:01:12+00:00\",\"breadcrumb\":{\"@id\":\"https:\/\/toravilla.com\/yatirim-yoluyla-turk-vatandasligi-alma\/#breadcrumb\"},\"inLanguage\":\"ru-RU\",\"potentialAction\":[{\"@type\":\"ReadAction\",\"target\":[\"https:\/\/toravilla.com\/yatirim-yoluyla-turk-vatandasligi-alma\/\"]}]},{\"@type\":\"BreadcrumbList\",\"@id\":\"https:\/\/toravilla.com\/yatirim-yoluyla-turk-vatandasligi-alma\/#breadcrumb\",\"itemListElement\":[{\"@type\":\"ListItem\",\"position\":1,\"name\":\"Anasayfa\",\"item\":\"https:\/\/toravilla.com\/\"},{\"@type\":\"ListItem\",\"position\":2,\"name\":\"YATIRIM YOLUYLA T\u00dcRK VATANDA\u015eLI\u011eI ALMA\"}]},{\"@type\":\"WebSite\",\"@id\":\"https:\/\/toravilla.com\/#website\",\"url\":\"https:\/\/toravilla.com\/\",\"name\":\"Toravilla\",\"description\":\"building your future\",\"publisher\":{\"@id\":\"https:\/\/toravilla.com\/#organization\"},\"potentialAction\":[{\"@type\":\"SearchAction\",\"target\":{\"@type\":\"EntryPoint\",\"urlTemplate\":\"https:\/\/toravilla.com\/?s={search_term_string}\"},\"query-input\":\"required name=search_term_string\"}],\"inLanguage\":\"ru-RU\"},{\"@type\":\"Organization\",\"@id\":\"https:\/\/toravilla.com\/#organization\",\"name\":\"Toravilla\",\"url\":\"https:\/\/toravilla.com\/\",\"logo\":{\"@type\":\"ImageObject\",\"inLanguage\":\"ru-RU\",\"@id\":\"https:\/\/toravilla.com\/#\/schema\/logo\/image\/\",\"url\":\"https:\/\/toravilla.com\/wp-content\/uploads\/2020\/02\/toravilla-site-logo-yeni-2.png\",\"contentUrl\":\"https:\/\/toravilla.com\/wp-content\/uploads\/2020\/02\/toravilla-site-logo-yeni-2.png\",\"width\":300,\"height\":100,\"caption\":\"Toravilla\"},\"image\":{\"@id\":\"https:\/\/toravilla.com\/#\/schema\/logo\/image\/\"},\"sameAs\":[\"https:\/\/www.facebook.com\/people\/Toravilla-Alanya\/100086007282611\/\",\"https:\/\/twitter.com\/Toravilla\",\"https:\/\/www.instagram.com\/toravillaemlak\/\",\"https:\/\/www.linkedin.com\/company\/toravilla\/\",\"https:\/\/www.youtube.com\/channel\/UCQWd3zRkPFLlIlRuDRZafNg\"]}]}<\/script>\n<!-- \/ Yoast SEO plugin. -->","yoast_head_json":{"title":"YATIRIM YOLUYLA T\u00dcRK VATANDA\u015eLI\u011eI ALMA - Toravilla","robots":{"index":"index","follow":"follow","max-snippet":"max-snippet:-1","max-image-preview":"max-image-preview:large","max-video-preview":"max-video-preview:-1"},"canonical":"https:\/\/toravilla.com\/ru\/yatirim-yoluyla-turk-vatandasligi-alma\/","og_locale":"ru_RU","og_type":"article","og_title":"YATIRIM YOLUYLA T\u00dcRK VATANDA\u015eLI\u011eI ALMA - Toravilla","og_description":"YATIRIM YOLUYLA T\u00dcRK VATANDA\u015eLI\u011eI ALMA Yat\u0131r\u0131m yoluyla T\u00fcrk vatanda\u015fl\u0131\u011f\u0131n\u0131 kazanma, farkl\u0131 farkl\u0131 \u00f6ng\u00f6r\u00fclm\u00fc\u015f yat\u0131r\u0131m \u015fekilleri sonucunda di\u011fer \u015fartlar\u0131n da sa\u011flanmas\u0131 ile ki\u015fiye T\u00fcrk vatanda\u015fl\u0131\u011f\u0131na ba\u015fvurma hakk\u0131 tan\u0131yan bir imkand\u0131r. Yat\u0131r\u0131m yoluyla vatanda\u015fl\u0131k programlar\u0131, bir g\u00fcvence sa\u011flaman\u0131n en etkili yoludur. Alternatif vatanda\u015fl\u0131k ve pasaport kar\u015f\u0131l\u0131\u011f\u0131nda t\u00fcm faydalar\u0131yla birlikte adanm\u0131\u015f yat\u0131r\u0131md\u0131r.","og_url":"https:\/\/toravilla.com\/ru\/yatirim-yoluyla-turk-vatandasligi-alma\/","og_site_name":"Toravilla","article_publisher":"https:\/\/www.facebook.com\/people\/Toravilla-Alanya\/100086007282611\/","article_modified_time":"2022-12-13T18:01:12+00:00","twitter_card":"summary_large_image","twitter_site":"@Toravilla","twitter_misc":{"\u041f\u0440\u0438\u043c\u0435\u0440\u043d\u043e\u0435 \u0432\u0440\u0435\u043c\u044f \u0434\u043b\u044f \u0447\u0442\u0435\u043d\u0438\u044f":"1 \u043c\u0438\u043d\u0443\u0442\u0430"},"schema":{"@context":"https:\/\/schema.org","@graph":[{"@type":"WebPage","@id":"https:\/\/toravilla.com\/yatirim-yoluyla-turk-vatandasligi-alma\/","url":"https:\/\/toravilla.com\/yatirim-yoluyla-turk-vatandasligi-alma\/","name":"YATIRIM YOLUYLA T\u00dcRK VATANDA\u015eLI\u011eI ALMA - Toravilla","isPartOf":{"@id":"https:\/\/toravilla.com\/#website"},"datePublished":"2022-09-08T09:54:01+00:00","dateModified":"2022-12-13T18:01:12+00:00","breadcrumb":{"@id":"https:\/\/toravilla.com\/yatirim-yoluyla-turk-vatandasligi-alma\/#breadcrumb"},"inLanguage":"ru-RU","potentialAction":[{"@type":"ReadAction","target":["https:\/\/toravilla.com\/yatirim-yoluyla-turk-vatandasligi-alma\/"]}]},{"@type":"BreadcrumbList","@id":"https:\/\/toravilla.com\/yatirim-yoluyla-turk-vatandasligi-alma\/#breadcrumb","itemListElement":[{"@type":"ListItem","position":1,"name":"Anasayfa","item":"https:\/\/toravilla.com\/"},{"@type":"ListItem","position":2,"name":"YATIRIM YOLUYLA T\u00dcRK VATANDA\u015eLI\u011eI ALMA"}]},{"@type":"WebSite","@id":"https:\/\/toravilla.com\/#website","url":"https:\/\/toravilla.com\/","name":"Toravilla","description":"building your future","publisher":{"@id":"https:\/\/toravilla.com\/#organization"},"potentialAction":[{"@type":"SearchAction","target":{"@type":"EntryPoint","urlTemplate":"https:\/\/toravilla.com\/?s={search_term_string}"},"query-input":"required name=search_term_string"}],"inLanguage":"ru-RU"},{"@type":"Organization","@id":"https:\/\/toravilla.com\/#organization","name":"Toravilla","url":"https:\/\/toravilla.com\/","logo":{"@type":"ImageObject","inLanguage":"ru-RU","@id":"https:\/\/toravilla.com\/#\/schema\/logo\/image\/","url":"https:\/\/toravilla.com\/wp-content\/uploads\/2020\/02\/toravilla-site-logo-yeni-2.png","contentUrl":"https:\/\/toravilla.com\/wp-content\/uploads\/2020\/02\/toravilla-site-logo-yeni-2.png","width":300,"height":100,"caption":"Toravilla"},"image":{"@id":"https:\/\/toravilla.com\/#\/schema\/logo\/image\/"},"sameAs":["https:\/\/www.facebook.com\/people\/Toravilla-Alanya\/100086007282611\/","https:\/\/twitter.com\/Toravilla","https:\/\/www.instagram.com\/toravillaemlak\/","https:\/\/www.linkedin.com\/company\/toravilla\/","https:\/\/www.youtube.com\/channel\/UCQWd3zRkPFLlIlRuDRZafNg"]}]}},"_links":{"self":[{"href":"https:\/\/toravilla.com\/ru\/wp-json\/wp\/v2\/pages\/2303","targetHints":{"allow":["GET"]}}],"collection":[{"href":"https:\/\/toravilla.com\/ru\/wp-json\/wp\/v2\/pages"}],"about":[{"href":"https:\/\/toravilla.com\/ru\/wp-json\/wp\/v2\/types\/page"}],"author":[{"embeddable":true,"href":"https:\/\/toravilla.com\/ru\/wp-json\/wp\/v2\/users\/1"}],"replies":[{"embeddable":true,"href":"https:\/\/toravilla.com\/ru\/wp-json\/wp\/v2\/comments?post=2303"}],"version-history":[{"count":1,"href":"https:\/\/toravilla.com\/ru\/wp-json\/wp\/v2\/pages\/2303\/revisions"}],"predecessor-version":[{"id":7894,"href":"https:\/\/toravilla.com\/ru\/wp-json\/wp\/v2\/pages\/2303\/revisions\/7894"}],"wp:attachment":[{"href":"https:\/\/toravilla.com\/ru\/wp-json\/wp\/v2\/media?parent=2303"}],"curies":[{"name":"wp","href":"https:\/\/api.w.org\/{rel}","templated":true}]}}