{"id":8813,"date":"2023-03-29T07:02:09","date_gmt":"2023-03-29T07:02:09","guid":{"rendered":"https:\/\/toravilla.com\/?page_id=8813"},"modified":"2023-03-29T07:02:09","modified_gmt":"2023-03-29T07:02:09","slug":"gayrimenkul-degerleme-raporu","status":"publish","type":"page","link":"https:\/\/toravilla.com\/ru\/hizmetlerimiz\/gayrimenkul-degerleme-raporu\/","title":{"rendered":"\u041e\u0442\u0447\u0435\u0442 \u043e\u0431 \u043e\u0446\u0435\u043d\u043a\u0435 \u043d\u0435\u0434\u0432\u0438\u0436\u0438\u043c\u043e\u0441\u0442\u0438"},"content":{"rendered":"<p>\u041e\u0442\u0447\u0435\u0442 \u043e\u0431 \u043e\u0446\u0435\u043d\u043a\u0435 \u043d\u0435\u0434\u0432\u0438\u0436\u0438\u043c\u043e\u0441\u0442\u0438 - \u044d\u0442\u043e \u043e\u0442\u0447\u0435\u0442 \u0434\u043b\u044f \u043f\u0440\u043e\u0432\u0435\u0440\u043a\u0438 \u0438\u043d\u043e\u0441\u0442\u0440\u0430\u043d\u043d\u044b\u0445 \u043f\u043e\u043a\u0443\u043f\u0430\u0442\u0435\u043b\u0435\u0439 \u043d\u0435\u0434\u0432\u0438\u0436\u0438\u043c\u043e\u0441\u0442\u0438. \u0412\u044b \u043c\u043e\u0436\u0435\u0442\u0435 \u043d\u0430\u0439\u0442\u0438 \u0438\u043d\u0444\u043e\u0440\u043c\u0430\u0446\u0438\u044e \u043e \u0434\u043e\u043a\u0443\u043c\u0435\u043d\u0442\u0430\u0445, \u043a\u043e\u0442\u043e\u0440\u044b\u0435 \u043d\u0435\u043e\u0431\u0445\u043e\u0434\u0438\u043c\u043e \u0441\u0434\u0435\u043b\u0430\u0442\u044c \u0438\u0437 \u043e\u0442\u0447\u0435\u0442\u0430 \u043e\u0431 \u043e\u0446\u0435\u043d\u043a\u0435 \u0438 \u043e\u0442\u0447\u0435\u0442\u0430 \u043e\u0431 \u043e\u0446\u0435\u043d\u043a\u0435 \u0434\u0430\u043d\u043d\u043e\u0433\u043e \u043e\u0431\u044a\u0435\u043a\u0442\u0430 \u043d\u0435\u0434\u0432\u0438\u0436\u0438\u043c\u043e\u0441\u0442\u0438. \u0422\u041a \u041e\u043a\u0440\u0443\u0436\u0430\u044e\u0449\u0430\u044f \u0441\u0440\u0435\u0434\u0430 \u0438 \u0443\u0440\u0431\u0430\u043d\u0438\u0437\u0430\u0446\u0438\u044f \u0413\u043b\u0430\u0432\u043d\u043e\u0435 \u0443\u043f\u0440\u0430\u0432\u043b\u0435\u043d\u0438\u0435 \u0437\u0435\u043c\u0435\u043b\u044c\u043d\u043e\u0439 \u0440\u0435\u0433\u0438\u0441\u0442\u0440\u0430\u0446\u0438\u0438 \u0438 \u043a\u0430\u0434\u0430\u0441\u0442\u0440\u0430 \u0414\u0435\u043f\u0430\u0440\u0442\u0430\u043c\u0435\u043d\u0442 \u0438\u043d\u043e\u0441\u0442\u0440\u0430\u043d\u043d\u044b\u0445 \u0434\u0435\u043b.02.2019\u00a0\u00a0<a href=\"https:\/\/www.tkgm.gov.tr\/sites\/default\/files\/icerik\/ekleri\/yabancilarin_tasinmaz_ediniminde_degerleme_raporu_alinmasi_hakkinda_2019-1_ocr.pdf\">\u043a\u0440\u0443\u0433\u043b\u044b\u0439<\/a>\u00a0\u00a0\u0421 \u043c\u0435\u0441\u0442\u043e\u043c \u0432 \u0422\u0443\u0440\u0446\u0438\u0438 \u0441\u0442\u0430\u043b\u043e \u0431\u044b\u0442\u044c \u043a\u0443\u043f\u0438\u0442\u044c \u0442\u0430\u043a \u0436\u0435 \u043d\u0435\u0440\u0435\u0430\u043b\u044c\u043d\u043e, \u043a\u0430\u043a \u0438 \u043d\u0435\u0440\u0435\u0430\u043b\u044c\u043d\u043e. \u0427\u0442\u043e\u0431\u044b \u0431\u044b\u0442\u044c \u0440\u0435\u0430\u043b\u0438\u0437\u043e\u0432\u0430\u043d\u043d\u044b\u043c, \u043e\u0431\u044a\u0435\u043a\u0442\u0438\u0432\u043d\u0430\u044f \u043d\u0435\u0434\u0432\u0438\u0436\u0438\u043c\u043e\u0441\u0442\u044c, \u043a\u043e\u0442\u043e\u0440\u0430\u044f \u043c\u043e\u0436\u0435\u0442 \u0431\u044b\u0442\u044c \u0440\u0430\u0441\u0441\u043c\u043e\u0442\u0440\u0435\u043d\u0430 \u0434\u043b\u044f \u043f\u043e\u043a\u0443\u043f\u043a\u0438, \u0431\u0443\u0434\u0435\u0442 \u0440\u0430\u0441\u0441\u043c\u043e\u0442\u0440\u0435\u043d\u0430 \u0434\u043b\u044f \u043f\u043e\u0438\u0441\u043a\u0430 \u0432 \u043e\u0431\u0437\u043e\u0440\u0435, \u043a\u043e\u0442\u043e\u0440\u044b\u0439 \u043c\u043e\u0436\u0435\u0442 \u0431\u044b\u0442\u044c \u0440\u0430\u0441\u0441\u043c\u043e\u0442\u0440\u0435\u043d \u0434\u043b\u044f \u043f\u043e\u043a\u0443\u043f\u043a\u0438 3 \u0434\u0435\u0439\u0441\u0442\u0432\u0438\u0442\u0435\u043b\u044c\u043d\u043e\u0441\u0442\u0438, \u043a\u043e\u0442\u043e\u0440\u044b\u0435 \u043d\u0435 \u043c\u043e\u0433\u0443\u0442 \u0431\u044b\u0442\u044c \u0437\u0430\u0432\u0435\u0440\u0448\u0435\u043d\u044b \u0441 \u0437\u0430\u043f\u0438\u0441\u044f\u043c\u0438, \u043a\u043e\u0442\u043e\u0440\u044b\u0435 \u0431\u0443\u0434\u0443\u0442 \u043f\u0440\u0438\u043c\u0435\u043d\u044f\u0442\u044c\u0441\u044f \u0432 \u0442\u0435\u0447\u0435\u043d\u0438\u0435 \u043e\u043f\u0440\u0435\u0434\u0435\u043b\u0435\u043d\u043d\u043e\u0433\u043e \u043f\u0435\u0440\u0438\u043e\u0434\u0430 \u0432\u0440\u0435\u043c\u0435\u043d\u0438. \u041f\u0440\u043e\u0434\u0430\u0436\u0430 \u0438\u043d\u043e\u0441\u0442\u0440\u0430\u043d\u0446\u0430\u043c, \u043e\u0442\u0447\u0435\u0442 \u043e\u0431 \u043e\u0446\u0435\u043d\u043a\u0435 \u0432 \u043e\u0442\u0447\u0435\u0442\u0435 \u043e \u043f\u0440\u043e\u0434\u0430\u0436\u0430\u0445, \u043e\u0442\u0447\u0435\u0442 \u043e\u0431 \u043e\u0446\u0435\u043d\u043a\u0435 \u0434\u043b\u044f \u0432\u0441\u0435\u0445 \u043f\u043e\u043a\u0443\u043f\u0430\u0442\u0435\u043b\u0435\u0439 \u044f\u0432\u043b\u044f\u0435\u0442\u0441\u044f \u0430\u0442\u0443\u0440.\u00a0<strong>\u0414\u0430\u043d\u043d\u044b\u0435 \u043e\u0431 \u043e\u0446\u0435\u043d\u043a\u0435 \u0441\u0442\u043e\u0438\u043c\u043e\u0441\u0442\u0438<\/strong>\u00a0\u00a0:<\/p>\n<ul>\n<li>\u0410\u0443\u0442\u0435\u043d\u0442\u0438\u0447\u043d\u044b\u0435 \u0444\u043e\u0442\u043e\u0433\u0440\u0430\u0444\u0438\u0438<\/li>\n<li>\u0418\u043d\u0444\u043e\u0440\u043c\u0430\u0446\u0438\u044f \u043e \u043f\u0440\u0430\u0432\u043e\u0443\u0441\u0442\u0430\u043d\u0430\u0432\u043b\u0438\u0432\u0430\u044e\u0449\u0438\u0445 \u0434\u043e\u043a\u0443\u043c\u0435\u043d\u0442\u0430\u0445<\/li>\n<li>\u0418\u043d\u0444\u043e\u0440\u043c\u0430\u0446\u0438\u044f \u043e \u043c\u0435\u0441\u0442\u043e\u043f\u043e\u043b\u043e\u0436\u0435\u043d\u0438\u0438<\/li>\n<li>\u0413\u043b\u0430\u0432\u043d\u043e\u0435 \u0443\u043f\u0440\u0430\u0432\u043b\u0435\u043d\u0438\u0435 \u0437\u0435\u043c\u0435\u043b\u044c\u043d\u043e\u0433\u043e \u043a\u0430\u0434\u0430\u0441\u0442\u0440\u0430 \u0438 \u0440\u0435\u0433\u0438\u0441\u0442\u0440\u0430\u0446\u0438\u0438 \u0437\u0435\u043c\u0435\u043b\u044c \u0422\u0435\u0445\u043d\u0438\u0447\u0435\u0441\u043a\u0430\u044f \u0438\u043d\u0444\u043e\u0440\u043c\u0430\u0446\u0438\u044f \u0438 \u0441\u043e\u0441\u0442\u043e\u044f\u043d\u0438\u0435 \u0437\u0430\u0434\u043e\u043b\u0436\u0435\u043d\u043d\u043e\u0441\u0442\u0438<\/li>\n<li>\u043a\u0430\u043a \u0446\u0435\u043d\u044b \u043d\u0430 \u043d\u0435\u0434\u0432\u0438\u0436\u0438\u043c\u043e\u0441\u0442\u044c, \u0442\u0430\u043a \u0438 \u0441\u0442\u043e\u0438\u043c\u043e\u0441\u0442\u044c \u0430\u0432\u0438\u0430\u0431\u0438\u043b\u0435\u0442\u043e\u0432<\/li>\n<\/ul>\n<p><strong>\u0412 \u0422\u0443\u0440\u0446\u0438\u0438 \u0441\u0443\u0449\u0435\u0441\u0442\u0432\u0443\u0435\u0442 \u0434\u0432\u0430 \u0442\u0438\u043f\u0430 \u043e\u0442\u0447\u0435\u0442\u043e\u0432 \u043e\u0431 \u043e\u0446\u0435\u043d\u043a\u0435<\/strong><\/p>\n<ul>\n<li>\u041e\u043d \u043e\u0442\u043d\u043e\u0441\u0438\u0442\u0441\u044f \u043a \u043e\u0442\u0447\u0435\u0442\u0443 \u043e\u0431 \u043e\u0446\u0435\u043d\u043a\u0435 \u0438\u043c\u0443\u0449\u0435\u0441\u0442\u0432\u0430:\u00a0<em>\u041a\u0432\u0430\u0440\u0442\u0438\u0440\u0430 \u0438\u043b\u0438 \u043e\u0442\u0434\u0435\u043b\u044c\u043d\u044b\u0439 \u0434\u043e\u043c, \u0442\u043e\u0440\u0433\u043e\u0432\u044b\u0435 \u0446\u0435\u043d\u0442\u0440\u044b, \u043e\u0444\u0438\u0441\u044b, \u0441\u0435\u043b\u044c\u0441\u043a\u043e\u0445\u043e\u0437\u044f\u0439\u0441\u0442\u0432\u0435\u043d\u043d\u044b\u0435 \u0443\u0433\u043e\u0434\u044c\u044f \u0438 \u0442.\u0434.<\/em><\/li>\n<li>\u0414\u0435\u0439\u0441\u0442\u0432\u0438\u0442\u0435\u043b\u0435\u043d \u0434\u043b\u044f \u043e\u0446\u0435\u043d\u043a\u0438 \u043f\u0440\u043e\u0435\u043a\u0442\u0430 \u043e\u0442\u0435\u043b\u044f \u0441 \u0442\u0435\u0445\u043d\u0438\u043a\u043e-\u044d\u043a\u043e\u043d\u043e\u043c\u0438\u0447\u0435\u0441\u043a\u0438\u043c \u043e\u0431\u043e\u0441\u043d\u043e\u0432\u0430\u043d\u0438\u0435\u043c:\u00a0<em>\u0418\u043d\u0432\u0435\u0441\u0442\u0438\u0446\u0438\u0438 \u0432 \u0437\u0435\u043c\u043b\u044e, \u043a\u043e\u043c\u043c\u0435\u0440\u0447\u0435\u0441\u043a\u0438\u0435 \u0438\u043d\u0432\u0435\u0441\u0442\u0438\u0446\u0438\u0438, \u044d\u043a\u043e\u043b\u043e\u0433\u0438\u0447\u0435\u0441\u043a\u0438\u0435 \u0438\u043d\u0432\u0435\u0441\u0442\u0438\u0446\u0438\u0438, \u0438\u043d\u0432\u0435\u0441\u0442\u0438\u0446\u0438\u0438 \u0432 \u0442\u043e\u0440\u0433\u043e\u0432\u044b\u0435 \u0446\u0435\u043d\u0442\u0440\u044b, \u0438\u043d\u0432\u0435\u0441\u0442\u0438\u0446\u0438\u0438 \u0432 \u0441\u0442\u0440\u043e\u0438\u0442\u0435\u043b\u044c\u0441\u0442\u0432\u043e \u0438 \u0442.\u0434.<\/em><\/li>\n<\/ul>\n<p>&nbsp;<\/p>\n<h4>\u041d\u0430\u0448\u0430 \u0440\u043e\u043b\u044c \u0432 Toravilla Real Estate...<\/h4>\n<p>\u041c\u044b, Toravilla Real Estate, \u043f\u0440\u0438\u043b\u0430\u0433\u0430\u0435\u043c \u043c\u043d\u043e\u0433\u043e \u0443\u0441\u0438\u043b\u0438\u0439 \u0434\u043b\u044f \u0432\u044b\u043f\u043e\u043b\u043d\u0435\u043d\u0438\u044f \u043b\u0435\u0433\u043a\u043e\u0439 \u0440\u0430\u0431\u043e\u0442\u044b. \u041c\u044b \u043e\u043a\u0430\u0437\u044b\u0432\u0430\u0435\u043c \u043f\u043e\u043c\u043e\u0449\u044c \u0442\u043e\u043b\u044c\u043a\u043e \u0432 \u0441\u043a\u043e\u0440\u0438\u043d\u0433\u0435, \u0440\u0430\u0437\u0440\u0435\u0448\u0435\u043d\u043d\u043e\u043c CMB.\u00a0<em>\u041e\u0442\u0447\u0435\u0442 \u043e\u0431 \u043e\u0446\u0435\u043d\u043a\u0435 \u043d\u0435\u0434\u0432\u0438\u0436\u0438\u043c\u043e\u0441\u0442\u0438 \u043c\u043e\u0436\u0435\u0442 \u0431\u044b\u0442\u044c \u043f\u043e\u0434\u0433\u043e\u0442\u043e\u0432\u043b\u0435\u043d \u0432 \u0442\u0435\u0447\u0435\u043d\u0438\u0435 2-3 \u0434\u043d\u0435\u0439.\u00a0<\/em>\u00a0<em>\u041f\u043e\u0434\u0433\u043e\u0442\u043e\u0432\u043a\u0430 \u0442\u0435\u0445\u043d\u0438\u043a\u043e-\u044d\u043a\u043e\u043d\u043e\u043c\u0438\u0447\u0435\u0441\u043a\u043e\u0433\u043e \u043e\u0431\u043e\u0441\u043d\u043e\u0432\u0430\u043d\u0438\u044f \u0434\u043b\u044f \u0431\u0438\u0437\u043d\u0435\u0441\u0430, \u043f\u0440\u0435\u0434\u043f\u0440\u0438\u044f\u0442\u0438\u044f \u0438\u043b\u0438 \u0437\u0435\u043c\u0435\u043b\u044c\u043d\u043e\u0433\u043e \u0443\u0447\u0430\u0441\u0442\u043a\u0430 \u043c\u043e\u0436\u0435\u0442 \u0437\u0430\u043d\u044f\u0442\u044c \u043e\u0442 2 \u043d\u0435\u0434\u0435\u043b\u044c \u0434\u043e 1 \u043c\u0435\u0441\u044f\u0446\u0430.\u00a0<\/em><\/p>","protected":false},"excerpt":{"rendered":"<p>Gayrimenkul de\u011ferleme raporu, yabanc\u0131 emlak al\u0131c\u0131lar\u0131n\u0131 do\u011frulamak i\u00e7in olan bir rapordur.\u00a0Bu m\u00fclk\u00fcn\u00fcz i\u00e7in de\u011ferleme raporundan yap\u0131lacak evraklar ve de\u011ferlendirme raporu hakk\u0131nda bilgi bulabilirsiniz.\u00a0TC \u00c7evre ve \u015eehircilik Tapu ve Kadastro Genel M\u00fcd\u00fcrl\u00fc\u011f\u00fc Yabanc\u0131 \u0130\u015fler Daire Ba\u015fkanl\u0131\u011f\u0131\u2019n\u0131n.02.2019\u00a0\u00a0genelgesi\u00a0\u00a0ile T\u00fcrkiye\u2019de yer gibi ger\u00e7ek olmayan sat\u0131n al\u0131nmak i\u00e7in hale geldi.\u00a0Ger\u00e7ekle\u015ftirilecek, sat\u0131n al\u0131nmak \u00fczere sat\u0131n al\u0131nabilecek bir nesnel m\u00fclk sat\u0131n al\u0131nmak&#8230;<\/p>","protected":false},"author":1,"featured_media":0,"parent":8765,"menu_order":0,"comment_status":"closed","ping_status":"closed","template":"","meta":{"_mi_skip_tracking":false,"footnotes":""},"class_list":["post-8813","page","type-page","status-publish","hentry"],"yoast_head":"<!-- This site is optimized with the Yoast SEO plugin v20.1 - https:\/\/yoast.com\/wordpress\/plugins\/seo\/ -->\n<title>Gayrimenkul De\u011ferleme Raporu - Toravilla<\/title>\n<meta name=\"description\" content=\"Gayrimenkul De\u011ferleme Raporu, yabanc\u0131 emlak al\u0131c\u0131lar\u0131n\u0131 do\u011frulamak i\u00e7in olan bir rapordur. Daha fazla bilgi i\u00e7in t\u0131klay\u0131n\u0131z...\" \/>\n<meta name=\"robots\" content=\"index, follow, max-snippet:-1, max-image-preview:large, max-video-preview:-1\" \/>\n<link rel=\"canonical\" href=\"https:\/\/toravilla.com\/ru\/hizmetlerimiz\/gayrimenkul-degerleme-raporu\/\" \/>\n<meta property=\"og:locale\" content=\"ru_RU\" \/>\n<meta property=\"og:type\" content=\"article\" \/>\n<meta property=\"og:title\" content=\"Gayrimenkul De\u011ferleme Raporu - Toravilla\" \/>\n<meta property=\"og:description\" content=\"Gayrimenkul De\u011ferleme Raporu, yabanc\u0131 emlak al\u0131c\u0131lar\u0131n\u0131 do\u011frulamak i\u00e7in olan bir rapordur. Daha fazla bilgi i\u00e7in t\u0131klay\u0131n\u0131z...\" \/>\n<meta property=\"og:url\" content=\"https:\/\/toravilla.com\/ru\/hizmetlerimiz\/gayrimenkul-degerleme-raporu\/\" \/>\n<meta property=\"og:site_name\" content=\"Toravilla\" \/>\n<meta property=\"article:publisher\" content=\"https:\/\/www.facebook.com\/people\/Toravilla-Alanya\/100086007282611\/\" \/>\n<meta name=\"twitter:card\" content=\"summary_large_image\" \/>\n<meta name=\"twitter:site\" content=\"@Toravilla\" \/>\n<meta name=\"twitter:label1\" content=\"\u041f\u0440\u0438\u043c\u0435\u0440\u043d\u043e\u0435 \u0432\u0440\u0435\u043c\u044f \u0434\u043b\u044f \u0447\u0442\u0435\u043d\u0438\u044f\" \/>\n\t<meta name=\"twitter:data1\" content=\"2 \u043c\u0438\u043d\u0443\u0442\u044b\" \/>\n<script type=\"application\/ld+json\" class=\"yoast-schema-graph\">{\"@context\":\"https:\/\/schema.org\",\"@graph\":[{\"@type\":\"WebPage\",\"@id\":\"https:\/\/toravilla.com\/hizmetlerimiz\/gayrimenkul-degerleme-raporu\/\",\"url\":\"https:\/\/toravilla.com\/hizmetlerimiz\/gayrimenkul-degerleme-raporu\/\",\"name\":\"Gayrimenkul De\u011ferleme Raporu - Toravilla\",\"isPartOf\":{\"@id\":\"https:\/\/toravilla.com\/#website\"},\"datePublished\":\"2023-03-29T07:02:09+00:00\",\"dateModified\":\"2023-03-29T07:02:09+00:00\",\"description\":\"Gayrimenkul De\u011ferleme Raporu, yabanc\u0131 emlak al\u0131c\u0131lar\u0131n\u0131 do\u011frulamak i\u00e7in olan bir rapordur. Daha fazla bilgi i\u00e7in t\u0131klay\u0131n\u0131z...\",\"breadcrumb\":{\"@id\":\"https:\/\/toravilla.com\/hizmetlerimiz\/gayrimenkul-degerleme-raporu\/#breadcrumb\"},\"inLanguage\":\"ru-RU\",\"potentialAction\":[{\"@type\":\"ReadAction\",\"target\":[\"https:\/\/toravilla.com\/hizmetlerimiz\/gayrimenkul-degerleme-raporu\/\"]}]},{\"@type\":\"BreadcrumbList\",\"@id\":\"https:\/\/toravilla.com\/hizmetlerimiz\/gayrimenkul-degerleme-raporu\/#breadcrumb\",\"itemListElement\":[{\"@type\":\"ListItem\",\"position\":1,\"name\":\"Anasayfa\",\"item\":\"https:\/\/toravilla.com\/\"},{\"@type\":\"ListItem\",\"position\":2,\"name\":\"Hizmetlerimiz\",\"item\":\"https:\/\/toravilla.com\/hizmetlerimiz\/\"},{\"@type\":\"ListItem\",\"position\":3,\"name\":\"Gayrimenkul De\u011ferleme Raporu\"}]},{\"@type\":\"WebSite\",\"@id\":\"https:\/\/toravilla.com\/#website\",\"url\":\"https:\/\/toravilla.com\/\",\"name\":\"Toravilla\",\"description\":\"building your future\",\"publisher\":{\"@id\":\"https:\/\/toravilla.com\/#organization\"},\"potentialAction\":[{\"@type\":\"SearchAction\",\"target\":{\"@type\":\"EntryPoint\",\"urlTemplate\":\"https:\/\/toravilla.com\/?s={search_term_string}\"},\"query-input\":\"required name=search_term_string\"}],\"inLanguage\":\"ru-RU\"},{\"@type\":\"Organization\",\"@id\":\"https:\/\/toravilla.com\/#organization\",\"name\":\"Toravilla\",\"url\":\"https:\/\/toravilla.com\/\",\"logo\":{\"@type\":\"ImageObject\",\"inLanguage\":\"ru-RU\",\"@id\":\"https:\/\/toravilla.com\/#\/schema\/logo\/image\/\",\"url\":\"https:\/\/toravilla.com\/wp-content\/uploads\/2020\/02\/toravilla-site-logo-yeni-2.png\",\"contentUrl\":\"https:\/\/toravilla.com\/wp-content\/uploads\/2020\/02\/toravilla-site-logo-yeni-2.png\",\"width\":300,\"height\":100,\"caption\":\"Toravilla\"},\"image\":{\"@id\":\"https:\/\/toravilla.com\/#\/schema\/logo\/image\/\"},\"sameAs\":[\"https:\/\/www.facebook.com\/people\/Toravilla-Alanya\/100086007282611\/\",\"https:\/\/twitter.com\/Toravilla\",\"https:\/\/www.instagram.com\/toravillaemlak\/\",\"https:\/\/www.linkedin.com\/company\/toravilla\/\",\"https:\/\/www.youtube.com\/channel\/UCQWd3zRkPFLlIlRuDRZafNg\"]}]}<\/script>\n<!-- \/ Yoast SEO plugin. -->","yoast_head_json":{"title":"Gayrimenkul De\u011ferleme Raporu - Toravilla","description":"Gayrimenkul De\u011ferleme Raporu, yabanc\u0131 emlak al\u0131c\u0131lar\u0131n\u0131 do\u011frulamak i\u00e7in olan bir rapordur. Daha fazla bilgi i\u00e7in t\u0131klay\u0131n\u0131z...","robots":{"index":"index","follow":"follow","max-snippet":"max-snippet:-1","max-image-preview":"max-image-preview:large","max-video-preview":"max-video-preview:-1"},"canonical":"https:\/\/toravilla.com\/ru\/hizmetlerimiz\/gayrimenkul-degerleme-raporu\/","og_locale":"ru_RU","og_type":"article","og_title":"Gayrimenkul De\u011ferleme Raporu - Toravilla","og_description":"Gayrimenkul De\u011ferleme Raporu, yabanc\u0131 emlak al\u0131c\u0131lar\u0131n\u0131 do\u011frulamak i\u00e7in olan bir rapordur. Daha fazla bilgi i\u00e7in t\u0131klay\u0131n\u0131z...","og_url":"https:\/\/toravilla.com\/ru\/hizmetlerimiz\/gayrimenkul-degerleme-raporu\/","og_site_name":"Toravilla","article_publisher":"https:\/\/www.facebook.com\/people\/Toravilla-Alanya\/100086007282611\/","twitter_card":"summary_large_image","twitter_site":"@Toravilla","twitter_misc":{"\u041f\u0440\u0438\u043c\u0435\u0440\u043d\u043e\u0435 \u0432\u0440\u0435\u043c\u044f \u0434\u043b\u044f \u0447\u0442\u0435\u043d\u0438\u044f":"2 \u043c\u0438\u043d\u0443\u0442\u044b"},"schema":{"@context":"https:\/\/schema.org","@graph":[{"@type":"WebPage","@id":"https:\/\/toravilla.com\/hizmetlerimiz\/gayrimenkul-degerleme-raporu\/","url":"https:\/\/toravilla.com\/hizmetlerimiz\/gayrimenkul-degerleme-raporu\/","name":"Gayrimenkul De\u011ferleme Raporu - Toravilla","isPartOf":{"@id":"https:\/\/toravilla.com\/#website"},"datePublished":"2023-03-29T07:02:09+00:00","dateModified":"2023-03-29T07:02:09+00:00","description":"Gayrimenkul De\u011ferleme Raporu, yabanc\u0131 emlak al\u0131c\u0131lar\u0131n\u0131 do\u011frulamak i\u00e7in olan bir rapordur. Daha fazla bilgi i\u00e7in t\u0131klay\u0131n\u0131z...","breadcrumb":{"@id":"https:\/\/toravilla.com\/hizmetlerimiz\/gayrimenkul-degerleme-raporu\/#breadcrumb"},"inLanguage":"ru-RU","potentialAction":[{"@type":"ReadAction","target":["https:\/\/toravilla.com\/hizmetlerimiz\/gayrimenkul-degerleme-raporu\/"]}]},{"@type":"BreadcrumbList","@id":"https:\/\/toravilla.com\/hizmetlerimiz\/gayrimenkul-degerleme-raporu\/#breadcrumb","itemListElement":[{"@type":"ListItem","position":1,"name":"Anasayfa","item":"https:\/\/toravilla.com\/"},{"@type":"ListItem","position":2,"name":"Hizmetlerimiz","item":"https:\/\/toravilla.com\/hizmetlerimiz\/"},{"@type":"ListItem","position":3,"name":"Gayrimenkul De\u011ferleme Raporu"}]},{"@type":"WebSite","@id":"https:\/\/toravilla.com\/#website","url":"https:\/\/toravilla.com\/","name":"Toravilla","description":"building your future","publisher":{"@id":"https:\/\/toravilla.com\/#organization"},"potentialAction":[{"@type":"SearchAction","target":{"@type":"EntryPoint","urlTemplate":"https:\/\/toravilla.com\/?s={search_term_string}"},"query-input":"required name=search_term_string"}],"inLanguage":"ru-RU"},{"@type":"Organization","@id":"https:\/\/toravilla.com\/#organization","name":"Toravilla","url":"https:\/\/toravilla.com\/","logo":{"@type":"ImageObject","inLanguage":"ru-RU","@id":"https:\/\/toravilla.com\/#\/schema\/logo\/image\/","url":"https:\/\/toravilla.com\/wp-content\/uploads\/2020\/02\/toravilla-site-logo-yeni-2.png","contentUrl":"https:\/\/toravilla.com\/wp-content\/uploads\/2020\/02\/toravilla-site-logo-yeni-2.png","width":300,"height":100,"caption":"Toravilla"},"image":{"@id":"https:\/\/toravilla.com\/#\/schema\/logo\/image\/"},"sameAs":["https:\/\/www.facebook.com\/people\/Toravilla-Alanya\/100086007282611\/","https:\/\/twitter.com\/Toravilla","https:\/\/www.instagram.com\/toravillaemlak\/","https:\/\/www.linkedin.com\/company\/toravilla\/","https:\/\/www.youtube.com\/channel\/UCQWd3zRkPFLlIlRuDRZafNg"]}]}},"_links":{"self":[{"href":"https:\/\/toravilla.com\/ru\/wp-json\/wp\/v2\/pages\/8813","targetHints":{"allow":["GET"]}}],"collection":[{"href":"https:\/\/toravilla.com\/ru\/wp-json\/wp\/v2\/pages"}],"about":[{"href":"https:\/\/toravilla.com\/ru\/wp-json\/wp\/v2\/types\/page"}],"author":[{"embeddable":true,"href":"https:\/\/toravilla.com\/ru\/wp-json\/wp\/v2\/users\/1"}],"replies":[{"embeddable":true,"href":"https:\/\/toravilla.com\/ru\/wp-json\/wp\/v2\/comments?post=8813"}],"version-history":[{"count":1,"href":"https:\/\/toravilla.com\/ru\/wp-json\/wp\/v2\/pages\/8813\/revisions"}],"predecessor-version":[{"id":8814,"href":"https:\/\/toravilla.com\/ru\/wp-json\/wp\/v2\/pages\/8813\/revisions\/8814"}],"up":[{"embeddable":true,"href":"https:\/\/toravilla.com\/ru\/wp-json\/wp\/v2\/pages\/8765"}],"wp:attachment":[{"href":"https:\/\/toravilla.com\/ru\/wp-json\/wp\/v2\/media?parent=8813"}],"curies":[{"name":"wp","href":"https:\/\/api.w.org\/{rel}","templated":true}]}}