{"id":1232,"date":"2021-06-30T16:45:07","date_gmt":"2021-06-30T16:45:07","guid":{"rendered":"http:\/\/toravilla.com\/?page_id=1232"},"modified":"2022-12-13T18:01:10","modified_gmt":"2022-12-13T18:01:10","slug":"turkiyede-alanyaya-yatirim","status":"publish","type":"page","link":"https:\/\/toravilla.com\/uk\/turkiyede-alanyaya-yatirim\/","title":{"rendered":"\u0406\u043d\u0432\u0435\u0441\u0442\u0438\u0446\u0456\u0457 \u0432 \u0410\u043b\u0430\u043d\u0456\u044e \u0432 \u0422\u0443\u0440\u0435\u0447\u0447\u0438\u043d\u0456"},"content":{"rendered":"<h1>\u0422\u0443\u0440\u0435\u0447\u0447\u0438\u043d\u0430 \u0410\u043b\u0430\u043d\u0456\u044f \u0406\u043d\u0432\u0435\u0441\u0442\u0438\u0446\u0456\u0457?<\/h1>\n<p>\u041f\u0435\u0440\u0448 \u043d\u0456\u0436 \u0432\u0438 \u043f\u043e\u0447\u043d\u0435\u0442\u0435 \u043f\u0438\u0441\u0430\u0442\u0438 \u0446\u044e \u0441\u0442\u0430\u0442\u0442\u044e, \u044f \u043f\u0440\u043e\u0448\u0443 \u0432\u0430\u0441 \u0443\u0432\u0430\u0436\u043d\u043e \u043f\u0440\u043e\u0447\u0438\u0442\u0430\u0442\u0438 \u0457\u0457. \u042f\u043a\u0449\u043e\u00a0 <strong>\u0410\u043b\u0430\u043d\u0456\u044f, \u0406\u043d\u0432\u0435\u0441\u0442\u0438\u0446\u0456\u0457 \u0432 \u0422\u0443\u0440\u0435\u0447\u0447\u0438\u043d\u0456 <\/strong>\u042f\u043a\u0449\u043e \u0432\u0438 \u043f\u043b\u0430\u043d\u0443\u0454\u0442\u0435 \u0446\u0435 \u0437\u0440\u043e\u0431\u0438\u0442\u0438, \u0432\u0430\u043c \u0441\u043b\u0456\u0434 \u0437\u043d\u0430\u0442\u0438 \u043d\u0430\u0441\u0442\u0443\u043f\u043d\u0435.<\/p>\n<p>1. \u0432\u0438 \u0456\u043d\u0432\u0435\u0441\u0442\u0443\u0454\u0442\u0435, \u0449\u043e\u0431 \u0437\u0430\u0440\u043e\u0431\u0438\u0442\u0438 \u0433\u0440\u043e\u0448\u0456?\u00a0<strong>\u041f\u0440\u0430\u0432\u0438\u043b\u044c\u043d\u0430 \u0432\u0456\u0434\u043f\u043e\u0432\u0456\u0434\u044c - \u0422\u0410\u041a!<\/strong><br \/>\n2. \u0442\u0438 \u043f\u043e\u0434\u0443\u043c\u0430\u0439! \u042f \u043c\u043e\u0436\u0443 \u043a\u0443\u043f\u0438\u0442\u0438 \u043e\u0434\u0438\u043d-\u0434\u0432\u0430 \u0431\u0443\u0434\u0438\u043d\u043a\u0438 \u0432 \u0422\u0443\u0440\u0435\u0447\u0447\u0438\u043d\u0456, \u043f\u0440\u043e\u0434\u0430\u0442\u0438 \u0457\u0445 \u043d\u0430\u0441\u0442\u0443\u043f\u043d\u043e\u0433\u043e \u0440\u043e\u043a\u0443 \u0456 \u0437\u0430\u0440\u043e\u0431\u0438\u0442\u0438 \u0433\u0440\u043e\u0448\u0456 -<strong> \u0412\u0456\u0434\u043f\u043e\u0432\u0456\u0434\u044c - \u0422\u0410\u041a!<\/strong><br \/>\n3. \u044f \u043c\u043e\u0436\u0443 \u0437\u0430\u0440\u043e\u0431\u043b\u044f\u0442\u0438 \u0433\u0440\u043e\u0448\u0456, \u043a\u0443\u043f\u0443\u044e\u0447\u0438 \u0437\u0435\u043c\u043b\u044e \u0442\u0430 \u043f\u0440\u043e\u0434\u0430\u044e\u0447\u0438 \u0457\u0457 <strong>\u0412\u0456\u0434\u043f\u043e\u0432\u0456\u0434\u044c - \u0422\u0410\u041a!<\/strong><\/p>","protected":false},"excerpt":{"rendered":"<p>T\u00fcrkiye Alanya Yat\u0131r\u0131m? Bu makale yazmaya ba\u015flamadan \u00f6nce, rica ediyorum, l\u00fctfen dikkatlice okuyunuz. E\u011fer\u00a0 Alanya, T\u00fcrkiye&#8217;de yat\u0131r\u0131m yapmay\u0131 planl\u0131yorsan\u0131z, a\u015fa\u011f\u0131da verilenleri bilmelisiniz. 1. Para kazanmak i\u00e7in mi yat\u0131r\u0131m yap\u0131yorsunuz?\u00a0EVET do\u011fru cevap! 2. Sence! T\u00fcrkiye&#8217;de bir veya iki ev al\u0131p gelecek y\u0131l satabilirim ve b\u00f6ylece para kazanabilirim &#8211; Cevap EVET! 3. Arazi\/arsa sat\u0131n al\u0131p ve bu&#8230;<\/p>","protected":false},"author":1,"featured_media":0,"parent":0,"menu_order":0,"comment_status":"closed","ping_status":"closed","template":"","meta":{"_mi_skip_tracking":false,"footnotes":""},"class_list":["post-1232","page","type-page","status-publish","hentry"],"yoast_head":"<!-- This site is optimized with the Yoast SEO plugin v20.1 - https:\/\/yoast.com\/wordpress\/plugins\/seo\/ -->\n<title>T\u00fcrkiye&#039;de Alanya&#039;ya Yat\u0131r\u0131m - Toravilla<\/title>\n<meta name=\"robots\" content=\"index, follow, max-snippet:-1, max-image-preview:large, max-video-preview:-1\" \/>\n<link rel=\"canonical\" href=\"https:\/\/toravilla.com\/uk\/turkiyede-alanyaya-yatirim\/\" \/>\n<meta property=\"og:locale\" content=\"uk_UA\" \/>\n<meta property=\"og:type\" content=\"article\" \/>\n<meta property=\"og:title\" content=\"T\u00fcrkiye&#039;de Alanya&#039;ya Yat\u0131r\u0131m - Toravilla\" \/>\n<meta property=\"og:description\" content=\"T\u00fcrkiye Alanya Yat\u0131r\u0131m? Bu makale yazmaya ba\u015flamadan \u00f6nce, rica ediyorum, l\u00fctfen dikkatlice okuyunuz. E\u011fer\u00a0 Alanya, T\u00fcrkiye&#8217;de yat\u0131r\u0131m yapmay\u0131 planl\u0131yorsan\u0131z, a\u015fa\u011f\u0131da verilenleri bilmelisiniz. 1. Para kazanmak i\u00e7in mi yat\u0131r\u0131m yap\u0131yorsunuz?\u00a0EVET do\u011fru cevap! 2. Sence! T\u00fcrkiye&#8217;de bir veya iki ev al\u0131p gelecek y\u0131l satabilirim ve b\u00f6ylece para kazanabilirim &#8211; Cevap EVET! 3. Arazi\/arsa sat\u0131n al\u0131p ve bu...\" \/>\n<meta property=\"og:url\" content=\"https:\/\/toravilla.com\/uk\/turkiyede-alanyaya-yatirim\/\" \/>\n<meta property=\"og:site_name\" content=\"Toravilla\" \/>\n<meta property=\"article:publisher\" content=\"https:\/\/www.facebook.com\/people\/Toravilla-Alanya\/100086007282611\/\" \/>\n<meta property=\"article:modified_time\" content=\"2022-12-13T18:01:10+00:00\" \/>\n<meta name=\"twitter:card\" content=\"summary_large_image\" \/>\n<meta name=\"twitter:site\" content=\"@Toravilla\" \/>\n<script type=\"application\/ld+json\" class=\"yoast-schema-graph\">{\"@context\":\"https:\/\/schema.org\",\"@graph\":[{\"@type\":\"WebPage\",\"@id\":\"https:\/\/toravilla.com\/turkiyede-alanyaya-yatirim\/\",\"url\":\"https:\/\/toravilla.com\/turkiyede-alanyaya-yatirim\/\",\"name\":\"T\u00fcrkiye'de Alanya'ya Yat\u0131r\u0131m - Toravilla\",\"isPartOf\":{\"@id\":\"https:\/\/toravilla.com\/#website\"},\"datePublished\":\"2021-06-30T16:45:07+00:00\",\"dateModified\":\"2022-12-13T18:01:10+00:00\",\"breadcrumb\":{\"@id\":\"https:\/\/toravilla.com\/turkiyede-alanyaya-yatirim\/#breadcrumb\"},\"inLanguage\":\"uk\",\"potentialAction\":[{\"@type\":\"ReadAction\",\"target\":[\"https:\/\/toravilla.com\/turkiyede-alanyaya-yatirim\/\"]}]},{\"@type\":\"BreadcrumbList\",\"@id\":\"https:\/\/toravilla.com\/turkiyede-alanyaya-yatirim\/#breadcrumb\",\"itemListElement\":[{\"@type\":\"ListItem\",\"position\":1,\"name\":\"Anasayfa\",\"item\":\"https:\/\/toravilla.com\/\"},{\"@type\":\"ListItem\",\"position\":2,\"name\":\"T\u00fcrkiye&#8217;de Alanya&#8217;ya Yat\u0131r\u0131m\"}]},{\"@type\":\"WebSite\",\"@id\":\"https:\/\/toravilla.com\/#website\",\"url\":\"https:\/\/toravilla.com\/\",\"name\":\"Toravilla\",\"description\":\"building your future\",\"publisher\":{\"@id\":\"https:\/\/toravilla.com\/#organization\"},\"potentialAction\":[{\"@type\":\"SearchAction\",\"target\":{\"@type\":\"EntryPoint\",\"urlTemplate\":\"https:\/\/toravilla.com\/?s={search_term_string}\"},\"query-input\":\"required name=search_term_string\"}],\"inLanguage\":\"uk\"},{\"@type\":\"Organization\",\"@id\":\"https:\/\/toravilla.com\/#organization\",\"name\":\"Toravilla\",\"url\":\"https:\/\/toravilla.com\/\",\"logo\":{\"@type\":\"ImageObject\",\"inLanguage\":\"uk\",\"@id\":\"https:\/\/toravilla.com\/#\/schema\/logo\/image\/\",\"url\":\"https:\/\/toravilla.com\/wp-content\/uploads\/2020\/02\/toravilla-site-logo-yeni-2.png\",\"contentUrl\":\"https:\/\/toravilla.com\/wp-content\/uploads\/2020\/02\/toravilla-site-logo-yeni-2.png\",\"width\":300,\"height\":100,\"caption\":\"Toravilla\"},\"image\":{\"@id\":\"https:\/\/toravilla.com\/#\/schema\/logo\/image\/\"},\"sameAs\":[\"https:\/\/www.facebook.com\/people\/Toravilla-Alanya\/100086007282611\/\",\"https:\/\/twitter.com\/Toravilla\",\"https:\/\/www.instagram.com\/toravillaemlak\/\",\"https:\/\/www.linkedin.com\/company\/toravilla\/\",\"https:\/\/www.youtube.com\/channel\/UCQWd3zRkPFLlIlRuDRZafNg\"]}]}<\/script>\n<!-- \/ Yoast SEO plugin. -->","yoast_head_json":{"title":"T\u00fcrkiye'de Alanya'ya Yat\u0131r\u0131m - Toravilla","robots":{"index":"index","follow":"follow","max-snippet":"max-snippet:-1","max-image-preview":"max-image-preview:large","max-video-preview":"max-video-preview:-1"},"canonical":"https:\/\/toravilla.com\/uk\/turkiyede-alanyaya-yatirim\/","og_locale":"uk_UA","og_type":"article","og_title":"T\u00fcrkiye'de Alanya'ya Yat\u0131r\u0131m - Toravilla","og_description":"T\u00fcrkiye Alanya Yat\u0131r\u0131m? Bu makale yazmaya ba\u015flamadan \u00f6nce, rica ediyorum, l\u00fctfen dikkatlice okuyunuz. E\u011fer\u00a0 Alanya, T\u00fcrkiye&#8217;de yat\u0131r\u0131m yapmay\u0131 planl\u0131yorsan\u0131z, a\u015fa\u011f\u0131da verilenleri bilmelisiniz. 1. Para kazanmak i\u00e7in mi yat\u0131r\u0131m yap\u0131yorsunuz?\u00a0EVET do\u011fru cevap! 2. Sence! T\u00fcrkiye&#8217;de bir veya iki ev al\u0131p gelecek y\u0131l satabilirim ve b\u00f6ylece para kazanabilirim &#8211; Cevap EVET! 3. Arazi\/arsa sat\u0131n al\u0131p ve bu...","og_url":"https:\/\/toravilla.com\/uk\/turkiyede-alanyaya-yatirim\/","og_site_name":"Toravilla","article_publisher":"https:\/\/www.facebook.com\/people\/Toravilla-Alanya\/100086007282611\/","article_modified_time":"2022-12-13T18:01:10+00:00","twitter_card":"summary_large_image","twitter_site":"@Toravilla","schema":{"@context":"https:\/\/schema.org","@graph":[{"@type":"WebPage","@id":"https:\/\/toravilla.com\/turkiyede-alanyaya-yatirim\/","url":"https:\/\/toravilla.com\/turkiyede-alanyaya-yatirim\/","name":"T\u00fcrkiye'de Alanya'ya Yat\u0131r\u0131m - Toravilla","isPartOf":{"@id":"https:\/\/toravilla.com\/#website"},"datePublished":"2021-06-30T16:45:07+00:00","dateModified":"2022-12-13T18:01:10+00:00","breadcrumb":{"@id":"https:\/\/toravilla.com\/turkiyede-alanyaya-yatirim\/#breadcrumb"},"inLanguage":"uk","potentialAction":[{"@type":"ReadAction","target":["https:\/\/toravilla.com\/turkiyede-alanyaya-yatirim\/"]}]},{"@type":"BreadcrumbList","@id":"https:\/\/toravilla.com\/turkiyede-alanyaya-yatirim\/#breadcrumb","itemListElement":[{"@type":"ListItem","position":1,"name":"Anasayfa","item":"https:\/\/toravilla.com\/"},{"@type":"ListItem","position":2,"name":"T\u00fcrkiye&#8217;de Alanya&#8217;ya Yat\u0131r\u0131m"}]},{"@type":"WebSite","@id":"https:\/\/toravilla.com\/#website","url":"https:\/\/toravilla.com\/","name":"Toravilla","description":"building your future","publisher":{"@id":"https:\/\/toravilla.com\/#organization"},"potentialAction":[{"@type":"SearchAction","target":{"@type":"EntryPoint","urlTemplate":"https:\/\/toravilla.com\/?s={search_term_string}"},"query-input":"required name=search_term_string"}],"inLanguage":"uk"},{"@type":"Organization","@id":"https:\/\/toravilla.com\/#organization","name":"Toravilla","url":"https:\/\/toravilla.com\/","logo":{"@type":"ImageObject","inLanguage":"uk","@id":"https:\/\/toravilla.com\/#\/schema\/logo\/image\/","url":"https:\/\/toravilla.com\/wp-content\/uploads\/2020\/02\/toravilla-site-logo-yeni-2.png","contentUrl":"https:\/\/toravilla.com\/wp-content\/uploads\/2020\/02\/toravilla-site-logo-yeni-2.png","width":300,"height":100,"caption":"Toravilla"},"image":{"@id":"https:\/\/toravilla.com\/#\/schema\/logo\/image\/"},"sameAs":["https:\/\/www.facebook.com\/people\/Toravilla-Alanya\/100086007282611\/","https:\/\/twitter.com\/Toravilla","https:\/\/www.instagram.com\/toravillaemlak\/","https:\/\/www.linkedin.com\/company\/toravilla\/","https:\/\/www.youtube.com\/channel\/UCQWd3zRkPFLlIlRuDRZafNg"]}]}},"_links":{"self":[{"href":"https:\/\/toravilla.com\/uk\/wp-json\/wp\/v2\/pages\/1232","targetHints":{"allow":["GET"]}}],"collection":[{"href":"https:\/\/toravilla.com\/uk\/wp-json\/wp\/v2\/pages"}],"about":[{"href":"https:\/\/toravilla.com\/uk\/wp-json\/wp\/v2\/types\/page"}],"author":[{"embeddable":true,"href":"https:\/\/toravilla.com\/uk\/wp-json\/wp\/v2\/users\/1"}],"replies":[{"embeddable":true,"href":"https:\/\/toravilla.com\/uk\/wp-json\/wp\/v2\/comments?post=1232"}],"version-history":[{"count":1,"href":"https:\/\/toravilla.com\/uk\/wp-json\/wp\/v2\/pages\/1232\/revisions"}],"predecessor-version":[{"id":7888,"href":"https:\/\/toravilla.com\/uk\/wp-json\/wp\/v2\/pages\/1232\/revisions\/7888"}],"wp:attachment":[{"href":"https:\/\/toravilla.com\/uk\/wp-json\/wp\/v2\/media?parent=1232"}],"curies":[{"name":"wp","href":"https:\/\/api.w.org\/{rel}","templated":true}]}}