{"id":2298,"date":"2022-09-08T09:45:51","date_gmt":"2022-09-08T09:45:51","guid":{"rendered":"https:\/\/toravilla.com\/?page_id=2298"},"modified":"2022-12-13T18:01:11","modified_gmt":"2022-12-13T18:01:11","slug":"vergi-kimlik-numarasi-alma","status":"publish","type":"page","link":"https:\/\/toravilla.com\/uk\/vergi-kimlik-numarasi-alma\/","title":{"rendered":"\u041e\u0422\u0420\u0418\u041c\u0410\u041d\u041d\u042f \u041f\u041e\u0414\u0410\u0422\u041a\u041e\u0412\u041e\u0413\u041e \u0406\u0414\u0415\u041d\u0422\u0418\u0424\u0406\u041a\u0410\u0426\u0406\u0419\u041d\u041e\u0413\u041e \u041d\u041e\u041c\u0415\u0420\u0410"},"content":{"rendered":"<p>\u041f\u043e\u0434\u0430\u0442\u043a\u043e\u0432\u0438\u0439 \u0456\u0434\u0435\u043d\u0442\u0438\u0444\u0456\u043a\u0430\u0446\u0456\u0439\u043d\u0438\u0439 \u043d\u043e\u043c\u0435\u0440 - \u0446\u0435 \u0432\u0430\u0448 \u0443\u043d\u0456\u043a\u0430\u043b\u044c\u043d\u0438\u0439 \u0456\u0434\u0435\u043d\u0442\u0438\u0444\u0456\u043a\u0430\u0446\u0456\u0439\u043d\u0438\u0439 \u043d\u043e\u043c\u0435\u0440, \u044f\u043a\u0438\u0439 \u0432\u0438 \u0431\u0443\u0434\u0435\u0442\u0435 \u0432\u0438\u043a\u043e\u0440\u0438\u0441\u0442\u043e\u0432\u0443\u0432\u0430\u0442\u0438 \u0443 \u043f\u043e\u0432\u0441\u044f\u043a\u0434\u0435\u043d\u043d\u043e\u043c\u0443 \u0436\u0438\u0442\u0442\u0456 \u0434\u043b\u044f \u0432\u0441\u0456\u0445 \u0440\u0435\u0454\u0441\u0442\u0440\u0430\u0446\u0456\u0439\u043d\u0438\u0445 \u043f\u0440\u043e\u0446\u0435\u0434\u0443\u0440 \u0443 \u0422\u0443\u0440\u0435\u0447\u0447\u0438\u043d\u0456. \u0426\u0435 \u0434\u0435\u0441\u044f\u0442\u0438\u0437\u043d\u0430\u0447\u043d\u0438\u0439 \u043d\u043e\u043c\u0435\u0440, \u044f\u043a\u0438\u0439 \u0456\u043d\u0434\u0438\u0432\u0456\u0434\u0443\u0430\u043b\u044c\u043d\u043e \u043f\u0440\u0438\u0441\u0432\u043e\u044e\u0454\u0442\u044c\u0441\u044f \u043f\u043e\u043a\u0443\u043f\u0446\u044f\u043c \u043d\u0435\u0440\u0443\u0445\u043e\u043c\u043e\u0441\u0442\u0456, \u0432\u043b\u0430\u0441\u043d\u0438\u043a\u0430\u043c \u043d\u0435\u0440\u0443\u0445\u043e\u043c\u043e\u0441\u0442\u0456, \u0456\u043d\u0432\u0435\u0441\u0442\u043e\u0440\u0430\u043c \u0430\u0431\u043e \u0442\u0438\u043c, \u0445\u0442\u043e \u043f\u043b\u0430\u043d\u0443\u0454 \u043f\u0435\u0440\u0435\u0431\u0443\u0432\u0430\u0442\u0438 \u0432 \u0422\u0443\u0440\u0435\u0447\u0447\u0438\u043d\u0456 \u0431\u0456\u043b\u044c\u0448\u0435 90 \u0434\u043d\u0456\u0432. \u041f\u0440\u043e\u0446\u0435\u0441 \u0437\u0430\u0432\u0435\u0440\u0448\u0443\u0454\u0442\u044c\u0441\u044f \u043c\u0435\u043d\u0448 \u043d\u0456\u0436 \u0437\u0430 20 \u0445\u0432\u0438\u043b\u0438\u043d. \u0414\u043b\u044f \u043e\u0442\u0440\u0438\u043c\u0430\u043d\u043d\u044f \u043f\u043e\u0434\u0430\u0442\u043a\u043e\u0432\u043e\u0433\u043e \u0456\u0434\u0435\u043d\u0442\u0438\u0444\u0456\u043a\u0430\u0446\u0456\u0439\u043d\u043e\u0433\u043e \u043d\u043e\u043c\u0435\u0440\u0430 \u043c\u043e\u0436\u043d\u0430 \u0437\u0432\u0435\u0440\u043d\u0443\u0442\u0438\u0441\u044f \u0434\u043e \u0431\u0443\u0434\u044c-\u044f\u043a\u043e\u0457 \u043f\u043e\u0434\u0430\u0442\u043a\u043e\u0432\u043e\u0457 \u0456\u043d\u0441\u043f\u0435\u043a\u0446\u0456\u0457 \u0442\u0430 \u043f\u043e\u0434\u0430\u0442\u0438 \u0437\u0430\u044f\u0432\u0443. \u041f\u0440\u043e\u0446\u0435\u0434\u0443\u0440\u0430 \u0454 \u0431\u0435\u0437\u043a\u043e\u0448\u0442\u043e\u0432\u043d\u043e\u044e, \u0430 \u0454\u0434\u0438\u043d\u0438\u043c\u0438 \u0434\u043e\u043a\u0443\u043c\u0435\u043d\u0442\u0430\u043c\u0438, \u0449\u043e \u0432\u0438\u043c\u0430\u0433\u0430\u044e\u0442\u044c\u0441\u044f, \u0454 \u043e\u0440\u0438\u0433\u0456\u043d\u0430\u043b \u0442\u0430 \u043a\u043e\u043f\u0456\u044f \u0432\u0430\u0448\u043e\u0433\u043e \u043f\u0430\u0441\u043f\u043e\u0440\u0442\u0430. \u0412\u0438 \u043f\u043e\u0432\u0438\u043d\u043d\u0456 \u043c\u0430\u0442\u0438 \u043f\u043e\u0434\u0430\u0442\u043a\u043e\u0432\u0438\u0439 \u0456\u0434\u0435\u043d\u0442\u0438\u0444\u0456\u043a\u0430\u0446\u0456\u0439\u043d\u0438\u0439 \u043d\u043e\u043c\u0435\u0440 \u0434\u043b\u044f \u0432\u0441\u0456\u0445 \u0444\u0456\u043d\u0430\u043d\u0441\u043e\u0432\u0438\u0445 \u043e\u043f\u0435\u0440\u0430\u0446\u0456\u0439, \u0442\u0430\u043a\u0438\u0445 \u044f\u043a \u043a\u0443\u043f\u0456\u0432\u043b\u044f-\u043f\u0440\u043e\u0434\u0430\u0436. \u0414\u0435\u044f\u043a\u0456 \u043e\u043f\u0435\u0440\u0430\u0446\u0456\u0457 \u0432\u0438 \u043c\u043e\u0436\u0435\u0442\u0435 \u0437\u0434\u0456\u0439\u0441\u043d\u044e\u0432\u0430\u0442\u0438, \u0432\u0438\u043a\u043e\u0440\u0438\u0441\u0442\u043e\u0432\u0443\u044e\u0447\u0438 \u0441\u0432\u0456\u0439 \u043f\u043e\u0434\u0430\u0442\u043a\u043e\u0432\u0438\u0439 \u0456\u0434\u0435\u043d\u0442\u0438\u0444\u0456\u043a\u0430\u0446\u0456\u0439\u043d\u0438\u0439 \u043d\u043e\u043c\u0435\u0440:<\/p>\n<ul>\n<li>\u0412\u0456\u0434\u043a\u0440\u0438\u0442\u0442\u044f \u0431\u0430\u043d\u043a\u0456\u0432\u0441\u044c\u043a\u043e\u0433\u043e \u0440\u0430\u0445\u0443\u043d\u043a\u0443,<br \/>\n- \u041f\u0435\u0440\u0435\u0434\u0430\u0447\u0430 \u043f\u0440\u0430\u0432\u0430 \u0432\u043b\u0430\u0441\u043d\u043e\u0441\u0442\u0456,<br \/>\n- \u0414\u043e\u0432\u0456\u0440\u0435\u043d\u0456\u0441\u0442\u044c,<br \/>\n- \u0417\u0430\u044f\u0432\u0430 \u043d\u0430 \u043e\u0442\u0440\u0438\u043c\u0430\u043d\u043d\u044f \u043f\u043e\u0441\u0432\u0456\u0434\u043a\u0438 \u043d\u0430 \u043f\u0440\u043e\u0436\u0438\u0432\u0430\u043d\u043d\u044f,<br \/>\n- \u0421\u0442\u0440\u0430\u0445\u043e\u0432\u0456 \u043e\u043f\u0435\u0440\u0430\u0446\u0456\u0457,<br \/>\n- \u041f\u043e\u0434\u0430\u0442\u043a\u043e\u0432\u0456 \u043f\u043b\u0430\u0442\u0435\u0436\u0456,<br \/>\n- \u041e\u043f\u0435\u0440\u0430\u0446\u0456\u0457 \u0437 \u043f\u0456\u0434\u043f\u0438\u0441\u043a\u043e\u044e<\/li>\n<\/ul>","protected":false},"excerpt":{"rendered":"<p>Vergi kimlik numaras\u0131, T\u00fcrkiye\u2019deki t\u00fcm kay\u0131t i\u015flemleri i\u00e7in g\u00fcnl\u00fck hayat\u0131n\u0131zda kullanaca\u011f\u0131n\u0131z size \u00f6zel kimlik numaran\u0131zd\u0131r. Bu, gayrimenkul al\u0131c\u0131lar\u0131na, m\u00fclk sahiplerine, yat\u0131r\u0131mc\u0131lara veya T\u00fcrkiye&#8217;de 90 g\u00fcnden fazla kalmay\u0131 planlayanlara bireysel olarak atanan on basamakl\u0131 bir say\u0131d\u0131r. \u0130\u015flem, 20 dakikadan az bir s\u00fcrede tamamlan\u0131r. Vergi kimlik numaras\u0131 almak i\u00e7in herhangi bir vergi dairesine gidip ba\u015fvuru yapabilirsiniz. \u0130\u015flem&#8230;<\/p>","protected":false},"author":1,"featured_media":0,"parent":0,"menu_order":0,"comment_status":"closed","ping_status":"closed","template":"","meta":{"_mi_skip_tracking":false,"footnotes":""},"class_list":["post-2298","page","type-page","status-publish","hentry"],"yoast_head":"<!-- This site is optimized with the Yoast SEO plugin v20.1 - https:\/\/yoast.com\/wordpress\/plugins\/seo\/ -->\n<title>VERG\u0130 K\u0130ML\u0130K NUMARASI ALMA - Toravilla<\/title>\n<meta name=\"robots\" content=\"index, follow, max-snippet:-1, max-image-preview:large, max-video-preview:-1\" \/>\n<link rel=\"canonical\" href=\"https:\/\/toravilla.com\/uk\/vergi-kimlik-numarasi-alma\/\" \/>\n<meta property=\"og:locale\" content=\"uk_UA\" \/>\n<meta property=\"og:type\" content=\"article\" \/>\n<meta property=\"og:title\" content=\"VERG\u0130 K\u0130ML\u0130K NUMARASI ALMA - Toravilla\" \/>\n<meta property=\"og:description\" content=\"Vergi kimlik numaras\u0131, T\u00fcrkiye\u2019deki t\u00fcm kay\u0131t i\u015flemleri i\u00e7in g\u00fcnl\u00fck hayat\u0131n\u0131zda kullanaca\u011f\u0131n\u0131z size \u00f6zel kimlik numaran\u0131zd\u0131r. Bu, gayrimenkul al\u0131c\u0131lar\u0131na, m\u00fclk sahiplerine, yat\u0131r\u0131mc\u0131lara veya T\u00fcrkiye&#8217;de 90 g\u00fcnden fazla kalmay\u0131 planlayanlara bireysel olarak atanan on basamakl\u0131 bir say\u0131d\u0131r. \u0130\u015flem, 20 dakikadan az bir s\u00fcrede tamamlan\u0131r. Vergi kimlik numaras\u0131 almak i\u00e7in herhangi bir vergi dairesine gidip ba\u015fvuru yapabilirsiniz. \u0130\u015flem...\" \/>\n<meta property=\"og:url\" content=\"https:\/\/toravilla.com\/uk\/vergi-kimlik-numarasi-alma\/\" \/>\n<meta property=\"og:site_name\" content=\"Toravilla\" \/>\n<meta property=\"article:publisher\" content=\"https:\/\/www.facebook.com\/people\/Toravilla-Alanya\/100086007282611\/\" \/>\n<meta property=\"article:modified_time\" content=\"2022-12-13T18:01:11+00:00\" \/>\n<meta name=\"twitter:card\" content=\"summary_large_image\" \/>\n<meta name=\"twitter:site\" content=\"@Toravilla\" \/>\n<meta name=\"twitter:label1\" content=\"\u041f\u0440\u0438\u0431\u043b. \u0447\u0430\u0441 \u0447\u0438\u0442\u0430\u043d\u043d\u044f\" \/>\n\t<meta name=\"twitter:data1\" content=\"1 \u0445\u0432\u0438\u043b\u0438\u043d\u0430\" \/>\n<script type=\"application\/ld+json\" class=\"yoast-schema-graph\">{\"@context\":\"https:\/\/schema.org\",\"@graph\":[{\"@type\":\"WebPage\",\"@id\":\"https:\/\/toravilla.com\/vergi-kimlik-numarasi-alma\/\",\"url\":\"https:\/\/toravilla.com\/vergi-kimlik-numarasi-alma\/\",\"name\":\"VERG\u0130 K\u0130ML\u0130K NUMARASI ALMA - Toravilla\",\"isPartOf\":{\"@id\":\"https:\/\/toravilla.com\/#website\"},\"datePublished\":\"2022-09-08T09:45:51+00:00\",\"dateModified\":\"2022-12-13T18:01:11+00:00\",\"breadcrumb\":{\"@id\":\"https:\/\/toravilla.com\/vergi-kimlik-numarasi-alma\/#breadcrumb\"},\"inLanguage\":\"uk\",\"potentialAction\":[{\"@type\":\"ReadAction\",\"target\":[\"https:\/\/toravilla.com\/vergi-kimlik-numarasi-alma\/\"]}]},{\"@type\":\"BreadcrumbList\",\"@id\":\"https:\/\/toravilla.com\/vergi-kimlik-numarasi-alma\/#breadcrumb\",\"itemListElement\":[{\"@type\":\"ListItem\",\"position\":1,\"name\":\"Anasayfa\",\"item\":\"https:\/\/toravilla.com\/\"},{\"@type\":\"ListItem\",\"position\":2,\"name\":\"VERG\u0130 K\u0130ML\u0130K NUMARASI ALMA\"}]},{\"@type\":\"WebSite\",\"@id\":\"https:\/\/toravilla.com\/#website\",\"url\":\"https:\/\/toravilla.com\/\",\"name\":\"Toravilla\",\"description\":\"building your future\",\"publisher\":{\"@id\":\"https:\/\/toravilla.com\/#organization\"},\"potentialAction\":[{\"@type\":\"SearchAction\",\"target\":{\"@type\":\"EntryPoint\",\"urlTemplate\":\"https:\/\/toravilla.com\/?s={search_term_string}\"},\"query-input\":\"required name=search_term_string\"}],\"inLanguage\":\"uk\"},{\"@type\":\"Organization\",\"@id\":\"https:\/\/toravilla.com\/#organization\",\"name\":\"Toravilla\",\"url\":\"https:\/\/toravilla.com\/\",\"logo\":{\"@type\":\"ImageObject\",\"inLanguage\":\"uk\",\"@id\":\"https:\/\/toravilla.com\/#\/schema\/logo\/image\/\",\"url\":\"https:\/\/toravilla.com\/wp-content\/uploads\/2020\/02\/toravilla-site-logo-yeni-2.png\",\"contentUrl\":\"https:\/\/toravilla.com\/wp-content\/uploads\/2020\/02\/toravilla-site-logo-yeni-2.png\",\"width\":300,\"height\":100,\"caption\":\"Toravilla\"},\"image\":{\"@id\":\"https:\/\/toravilla.com\/#\/schema\/logo\/image\/\"},\"sameAs\":[\"https:\/\/www.facebook.com\/people\/Toravilla-Alanya\/100086007282611\/\",\"https:\/\/twitter.com\/Toravilla\",\"https:\/\/www.instagram.com\/toravillaemlak\/\",\"https:\/\/www.linkedin.com\/company\/toravilla\/\",\"https:\/\/www.youtube.com\/channel\/UCQWd3zRkPFLlIlRuDRZafNg\"]}]}<\/script>\n<!-- \/ Yoast SEO plugin. -->","yoast_head_json":{"title":"VERG\u0130 K\u0130ML\u0130K NUMARASI ALMA - Toravilla","robots":{"index":"index","follow":"follow","max-snippet":"max-snippet:-1","max-image-preview":"max-image-preview:large","max-video-preview":"max-video-preview:-1"},"canonical":"https:\/\/toravilla.com\/uk\/vergi-kimlik-numarasi-alma\/","og_locale":"uk_UA","og_type":"article","og_title":"VERG\u0130 K\u0130ML\u0130K NUMARASI ALMA - Toravilla","og_description":"Vergi kimlik numaras\u0131, T\u00fcrkiye\u2019deki t\u00fcm kay\u0131t i\u015flemleri i\u00e7in g\u00fcnl\u00fck hayat\u0131n\u0131zda kullanaca\u011f\u0131n\u0131z size \u00f6zel kimlik numaran\u0131zd\u0131r. Bu, gayrimenkul al\u0131c\u0131lar\u0131na, m\u00fclk sahiplerine, yat\u0131r\u0131mc\u0131lara veya T\u00fcrkiye&#8217;de 90 g\u00fcnden fazla kalmay\u0131 planlayanlara bireysel olarak atanan on basamakl\u0131 bir say\u0131d\u0131r. \u0130\u015flem, 20 dakikadan az bir s\u00fcrede tamamlan\u0131r. Vergi kimlik numaras\u0131 almak i\u00e7in herhangi bir vergi dairesine gidip ba\u015fvuru yapabilirsiniz. \u0130\u015flem...","og_url":"https:\/\/toravilla.com\/uk\/vergi-kimlik-numarasi-alma\/","og_site_name":"Toravilla","article_publisher":"https:\/\/www.facebook.com\/people\/Toravilla-Alanya\/100086007282611\/","article_modified_time":"2022-12-13T18:01:11+00:00","twitter_card":"summary_large_image","twitter_site":"@Toravilla","twitter_misc":{"\u041f\u0440\u0438\u0431\u043b. \u0447\u0430\u0441 \u0447\u0438\u0442\u0430\u043d\u043d\u044f":"1 \u0445\u0432\u0438\u043b\u0438\u043d\u0430"},"schema":{"@context":"https:\/\/schema.org","@graph":[{"@type":"WebPage","@id":"https:\/\/toravilla.com\/vergi-kimlik-numarasi-alma\/","url":"https:\/\/toravilla.com\/vergi-kimlik-numarasi-alma\/","name":"VERG\u0130 K\u0130ML\u0130K NUMARASI ALMA - Toravilla","isPartOf":{"@id":"https:\/\/toravilla.com\/#website"},"datePublished":"2022-09-08T09:45:51+00:00","dateModified":"2022-12-13T18:01:11+00:00","breadcrumb":{"@id":"https:\/\/toravilla.com\/vergi-kimlik-numarasi-alma\/#breadcrumb"},"inLanguage":"uk","potentialAction":[{"@type":"ReadAction","target":["https:\/\/toravilla.com\/vergi-kimlik-numarasi-alma\/"]}]},{"@type":"BreadcrumbList","@id":"https:\/\/toravilla.com\/vergi-kimlik-numarasi-alma\/#breadcrumb","itemListElement":[{"@type":"ListItem","position":1,"name":"Anasayfa","item":"https:\/\/toravilla.com\/"},{"@type":"ListItem","position":2,"name":"VERG\u0130 K\u0130ML\u0130K NUMARASI ALMA"}]},{"@type":"WebSite","@id":"https:\/\/toravilla.com\/#website","url":"https:\/\/toravilla.com\/","name":"Toravilla","description":"building your future","publisher":{"@id":"https:\/\/toravilla.com\/#organization"},"potentialAction":[{"@type":"SearchAction","target":{"@type":"EntryPoint","urlTemplate":"https:\/\/toravilla.com\/?s={search_term_string}"},"query-input":"required name=search_term_string"}],"inLanguage":"uk"},{"@type":"Organization","@id":"https:\/\/toravilla.com\/#organization","name":"Toravilla","url":"https:\/\/toravilla.com\/","logo":{"@type":"ImageObject","inLanguage":"uk","@id":"https:\/\/toravilla.com\/#\/schema\/logo\/image\/","url":"https:\/\/toravilla.com\/wp-content\/uploads\/2020\/02\/toravilla-site-logo-yeni-2.png","contentUrl":"https:\/\/toravilla.com\/wp-content\/uploads\/2020\/02\/toravilla-site-logo-yeni-2.png","width":300,"height":100,"caption":"Toravilla"},"image":{"@id":"https:\/\/toravilla.com\/#\/schema\/logo\/image\/"},"sameAs":["https:\/\/www.facebook.com\/people\/Toravilla-Alanya\/100086007282611\/","https:\/\/twitter.com\/Toravilla","https:\/\/www.instagram.com\/toravillaemlak\/","https:\/\/www.linkedin.com\/company\/toravilla\/","https:\/\/www.youtube.com\/channel\/UCQWd3zRkPFLlIlRuDRZafNg"]}]}},"_links":{"self":[{"href":"https:\/\/toravilla.com\/uk\/wp-json\/wp\/v2\/pages\/2298","targetHints":{"allow":["GET"]}}],"collection":[{"href":"https:\/\/toravilla.com\/uk\/wp-json\/wp\/v2\/pages"}],"about":[{"href":"https:\/\/toravilla.com\/uk\/wp-json\/wp\/v2\/types\/page"}],"author":[{"embeddable":true,"href":"https:\/\/toravilla.com\/uk\/wp-json\/wp\/v2\/users\/1"}],"replies":[{"embeddable":true,"href":"https:\/\/toravilla.com\/uk\/wp-json\/wp\/v2\/comments?post=2298"}],"version-history":[{"count":1,"href":"https:\/\/toravilla.com\/uk\/wp-json\/wp\/v2\/pages\/2298\/revisions"}],"predecessor-version":[{"id":7891,"href":"https:\/\/toravilla.com\/uk\/wp-json\/wp\/v2\/pages\/2298\/revisions\/7891"}],"wp:attachment":[{"href":"https:\/\/toravilla.com\/uk\/wp-json\/wp\/v2\/media?parent=2298"}],"curies":[{"name":"wp","href":"https:\/\/api.w.org\/{rel}","templated":true}]}}