{"id":1220,"date":"2021-06-30T10:51:37","date_gmt":"2021-06-30T10:51:37","guid":{"rendered":"http:\/\/toravilla.com\/?page_id=1220"},"modified":"2022-12-13T18:00:55","modified_gmt":"2022-12-13T18:00:55","slug":"1220-2","status":"publish","type":"page","link":"https:\/\/toravilla.com\/zh\/1220-2\/","title":{"rendered":"\u5173\u4e8e\u6211\u4eec"},"content":{"rendered":"<p>\u6258\u62c9\u7ef4\u62c9\u516c\u53f8\u81ea 2004 \u5e74\u4ee5\u6765\u4e00\u76f4\u5728\u540c\u4e00\u5730\u70b9\u5f00\u5c55\u4e1a\u52a1\uff0c\u5e76\u5728\u5c0a\u91cd\u3001\u4fe1\u4efb\u548c\u51c6\u65f6\u4ea4\u8d27\u7684\u57fa\u7840\u4e0a\u8d62\u5f97\u4e86\u58f0\u8a89\u3002<br \/>\n\u6211\u4eec\u8a00\u51fa\u5fc5\u884c\uff0c\u6211\u4eec\u5f15\u9886\u6f6e\u6d41\uff0c\u6211\u4eec\u4ee5\u5ba2\u6237\u5229\u76ca\u4e3a\u91cd\u3002\u8fd9\u610f\u5473\u7740\u4e70\u5bb6\u548c\u5356\u5bb6\u540c\u65f6\u53d7\u76ca\uff01<br \/>\n\u591a\u5e74\u7684\u7ecf\u9a8c\u544a\u8bc9\u6211\uff0c\u6700\u597d\u7684\u5e7f\u544a\u5c31\u662f\u58f0\u8a89\u3002 \u867d\u7136\u6211\u548c\u6211\u7684\u56e2\u961f\u5356\u51fa\u4e86\u8bb8\u591a\u516c\u5bd3\u3001<br \/>\n\u522b\u5885\u3001\u5730\u5757\u3001\u9152\u5e97\u3001\u5546\u94fa\u548c\u6295\u8d44\u9879\u76ee\u3002\u5728\u8fd9\u4e00\u5e74\u4e2d\uff0c\u6211\u4eec\u59cb\u7ec8\u610f\u8bc6\u5230\uff0c\u6211\u4eec\u8981\u4e0e\u5927\u7b14\u8d44\u91d1\u6253\u4ea4\u9053\u3002\u4ece\u5ba2\u6237\u7684\u5229\u76ca\u51fa\u53d1\uff0c\u6211\u5c06\u7aed\u5c3d\u5168\u529b\u4e3a\u60a8\u6216\u5408\u9002\u7684\u4e70\u5bb6\u627e\u5230\u5408\u9002\u7684\u623f\u4ea7\u3002 \u8fd9\u53ef\u4ee5\u662f\u60a8\u7684\u79c1\u4eba\u7528\u9014\uff0c\u4e5f\u53ef\u4ee5\u662f\u6295\u8d44\u76ee\u7684\u3002<br \/>\n\u6709\u5173\u4f18\u60e0\u7684\u66f4\u591a\u4fe1\u606f\uff0c\u8bf7\u53c2\u9605\u7f51\u9875 \"\u571f\u8033\u5176\u6700\u4f73\u8d2d\u623f\u5efa\u8bae\"\u3002<br \/>\n\u6211\u4eec\u7684\u6807\u51c6\u4f63\u91d1\u4e3a 2%\uff08+ \u7a0e\uff09\uff0c\u6211\u4eec\u5c06\u4e3a\u60a8\u63d0\u4f9b\u4e70\u5356\u53cc\u65b9\u6240\u9700\u7684\u6240\u6709\u670d\u52a1<br \/>\n\u7279\u70b9\u3002\u8fd9\u4e9b\u90fd\u662f\u6807\u51c6\u670d\u52a1\uff1a<\/p>\n<p>*\u6838\u5b9e\u8d22\u4ea7\u6587\u4ef6\u7684\u6b63\u786e\u6027\uff08\u5730\u5951\u3001\u7ed3\u7b97\u4e66\u3001\u4e13\u5bb6\u62a5\u544a\u7b49\uff09<br \/>\n*\u9500\u552e\u548c\u91c7\u8d2d\u6d41\u7a0b\u6838\u67e5\u4e0e\u76d1\u7763\u3002<br \/>\n*\u5728\u4e70\u5356\u8fc7\u7a0b\u4e2d\u63d0\u4f9b\u6240\u6709\u884c\u653f\u670d\u52a1\uff08\u6cd5\u5f8b\u5408\u540c\u3001\u534f\u52a9\u6cd5\u5f8b\u8c03\u67e5\u3001\u7ffb\u8bd1\u7b49\uff09\u3002<br \/>\n*\u4e3a\u4e70\u5356\u53cc\u65b9\u7684\u8d44\u91d1\u4ea4\u6613\u63d0\u4f9b\u5b89\u5168\u4fdd\u969c\u3002<br \/>\n*\u4fdd\u8bc1 100% \u5ba2\u6237\u6ee1\u610f\u5ea6\u3002<\/p>\n<p>\u9664\u4e86\u4ee5\u7ef4\u62a4\u60a8\u5bf9\u6211\u4eec\u516c\u53f8\u7684\u4fe1\u4efb\u548c\u5229\u76ca\u4e3a\u76ee\u6807\u5916\uff0c\u6211\u4eec\u8fd8\u63d0\u4f9b\u8bb8\u591a\u5176\u4ed6\u670d\u52a1\u3002\u5728\u7b7e\u8ba2\u9500\u552e\u6216\u79df\u8d41\u5408\u540c\u540e\uff0c\u6211\u4eec\u4e0d\u4f1a\u505c\u6b62\u4e3a\u5ba2\u6237\u63d0\u4f9b\u552e\u540e\u670d\u52a1\uff0c\u56e0\u4e3a\u6211\u4eec\u5e0c\u671b\u4f60\u4eec\u5c06\u6765\u90fd\u80fd\u4ee5\u6295\u8d44\u8005\u6216\u5356\u5bb6\u7684\u8eab\u4efd\u518d\u6b21\u5149\u4e34\u3002<\/p>","protected":false},"excerpt":{"rendered":"<p>Toravilla ayn\u0131 yerde 2004 y\u0131l\u0131ndan beri aktifdir ve sayg\u0131ya dayal\u0131 \u00fcn kazanm\u0131\u015ft\u0131r, g\u00fcven ve zaman\u0131nda teslimat. S\u00f6ylediklerimizi vaat ediyoruz, \u00f6nc\u00fcl\u00fck ediyoruz ve m\u00fc\u015fterilerimizin ilgisini proje ediyoruz. Bu ayn\u0131 zamanda al\u0131c\u0131 ve sat\u0131c\u0131 demektir! Uzun y\u0131llar boyunca deneyim, Ben en iyi reklam itibar oldu\u011funu \u00f6\u011frendim. Her ne kadar ben ve ekibim bir\u00e7ok daire satal\u0131m., Villalar, Arsalar,&#8230;<\/p>","protected":false},"author":1,"featured_media":0,"parent":0,"menu_order":0,"comment_status":"closed","ping_status":"closed","template":"","meta":{"_mi_skip_tracking":false,"footnotes":""},"class_list":["post-1220","page","type-page","status-publish","hentry"],"yoast_head":"<!-- This site is optimized with the Yoast SEO plugin v20.1 - https:\/\/yoast.com\/wordpress\/plugins\/seo\/ -->\n<title>Hakk\u0131m\u0131zda - Toravilla<\/title>\n<meta name=\"robots\" content=\"index, follow, max-snippet:-1, max-image-preview:large, max-video-preview:-1\" \/>\n<link rel=\"canonical\" href=\"https:\/\/toravilla.com\/zh\/1220-2\/\" \/>\n<meta property=\"og:locale\" content=\"zh_CN\" \/>\n<meta property=\"og:type\" content=\"article\" \/>\n<meta property=\"og:title\" content=\"Hakk\u0131m\u0131zda - Toravilla\" \/>\n<meta property=\"og:description\" content=\"Toravilla ayn\u0131 yerde 2004 y\u0131l\u0131ndan beri aktifdir ve sayg\u0131ya dayal\u0131 \u00fcn kazanm\u0131\u015ft\u0131r, g\u00fcven ve zaman\u0131nda teslimat. S\u00f6ylediklerimizi vaat ediyoruz, \u00f6nc\u00fcl\u00fck ediyoruz ve m\u00fc\u015fterilerimizin ilgisini proje ediyoruz. Bu ayn\u0131 zamanda al\u0131c\u0131 ve sat\u0131c\u0131 demektir! Uzun y\u0131llar boyunca deneyim, Ben en iyi reklam itibar oldu\u011funu \u00f6\u011frendim. Her ne kadar ben ve ekibim bir\u00e7ok daire satal\u0131m., Villalar, Arsalar,...\" \/>\n<meta property=\"og:url\" content=\"https:\/\/toravilla.com\/zh\/1220-2\/\" \/>\n<meta property=\"og:site_name\" content=\"Toravilla\" \/>\n<meta property=\"article:publisher\" content=\"https:\/\/www.facebook.com\/people\/Toravilla-Alanya\/100086007282611\/\" \/>\n<meta property=\"article:modified_time\" content=\"2022-12-13T18:00:55+00:00\" \/>\n<meta name=\"twitter:card\" content=\"summary_large_image\" \/>\n<meta name=\"twitter:site\" content=\"@Toravilla\" \/>\n<meta name=\"twitter:label1\" content=\"\u9884\u8ba1\u9605\u8bfb\u65f6\u95f4\" \/>\n\t<meta name=\"twitter:data1\" content=\"1 \u5206\" \/>\n<script type=\"application\/ld+json\" class=\"yoast-schema-graph\">{\"@context\":\"https:\/\/schema.org\",\"@graph\":[{\"@type\":\"WebPage\",\"@id\":\"https:\/\/toravilla.com\/1220-2\/\",\"url\":\"https:\/\/toravilla.com\/1220-2\/\",\"name\":\"Hakk\u0131m\u0131zda - Toravilla\",\"isPartOf\":{\"@id\":\"https:\/\/toravilla.com\/#website\"},\"datePublished\":\"2021-06-30T10:51:37+00:00\",\"dateModified\":\"2022-12-13T18:00:55+00:00\",\"breadcrumb\":{\"@id\":\"https:\/\/toravilla.com\/1220-2\/#breadcrumb\"},\"inLanguage\":\"zh-Hans\",\"potentialAction\":[{\"@type\":\"ReadAction\",\"target\":[\"https:\/\/toravilla.com\/1220-2\/\"]}]},{\"@type\":\"BreadcrumbList\",\"@id\":\"https:\/\/toravilla.com\/1220-2\/#breadcrumb\",\"itemListElement\":[{\"@type\":\"ListItem\",\"position\":1,\"name\":\"Anasayfa\",\"item\":\"https:\/\/toravilla.com\/\"},{\"@type\":\"ListItem\",\"position\":2,\"name\":\"Hakk\u0131m\u0131zda\"}]},{\"@type\":\"WebSite\",\"@id\":\"https:\/\/toravilla.com\/#website\",\"url\":\"https:\/\/toravilla.com\/\",\"name\":\"Toravilla\",\"description\":\"building your future\",\"publisher\":{\"@id\":\"https:\/\/toravilla.com\/#organization\"},\"potentialAction\":[{\"@type\":\"SearchAction\",\"target\":{\"@type\":\"EntryPoint\",\"urlTemplate\":\"https:\/\/toravilla.com\/?s={search_term_string}\"},\"query-input\":\"required name=search_term_string\"}],\"inLanguage\":\"zh-Hans\"},{\"@type\":\"Organization\",\"@id\":\"https:\/\/toravilla.com\/#organization\",\"name\":\"Toravilla\",\"url\":\"https:\/\/toravilla.com\/\",\"logo\":{\"@type\":\"ImageObject\",\"inLanguage\":\"zh-Hans\",\"@id\":\"https:\/\/toravilla.com\/#\/schema\/logo\/image\/\",\"url\":\"https:\/\/toravilla.com\/wp-content\/uploads\/2020\/02\/toravilla-site-logo-yeni-2.png\",\"contentUrl\":\"https:\/\/toravilla.com\/wp-content\/uploads\/2020\/02\/toravilla-site-logo-yeni-2.png\",\"width\":300,\"height\":100,\"caption\":\"Toravilla\"},\"image\":{\"@id\":\"https:\/\/toravilla.com\/#\/schema\/logo\/image\/\"},\"sameAs\":[\"https:\/\/www.facebook.com\/people\/Toravilla-Alanya\/100086007282611\/\",\"https:\/\/twitter.com\/Toravilla\",\"https:\/\/www.instagram.com\/toravillaemlak\/\",\"https:\/\/www.linkedin.com\/company\/toravilla\/\",\"https:\/\/www.youtube.com\/channel\/UCQWd3zRkPFLlIlRuDRZafNg\"]}]}<\/script>\n<!-- \/ Yoast SEO plugin. -->","yoast_head_json":{"title":"Hakk\u0131m\u0131zda - Toravilla","robots":{"index":"index","follow":"follow","max-snippet":"max-snippet:-1","max-image-preview":"max-image-preview:large","max-video-preview":"max-video-preview:-1"},"canonical":"https:\/\/toravilla.com\/zh\/1220-2\/","og_locale":"zh_CN","og_type":"article","og_title":"Hakk\u0131m\u0131zda - Toravilla","og_description":"Toravilla ayn\u0131 yerde 2004 y\u0131l\u0131ndan beri aktifdir ve sayg\u0131ya dayal\u0131 \u00fcn kazanm\u0131\u015ft\u0131r, g\u00fcven ve zaman\u0131nda teslimat. S\u00f6ylediklerimizi vaat ediyoruz, \u00f6nc\u00fcl\u00fck ediyoruz ve m\u00fc\u015fterilerimizin ilgisini proje ediyoruz. Bu ayn\u0131 zamanda al\u0131c\u0131 ve sat\u0131c\u0131 demektir! Uzun y\u0131llar boyunca deneyim, Ben en iyi reklam itibar oldu\u011funu \u00f6\u011frendim. Her ne kadar ben ve ekibim bir\u00e7ok daire satal\u0131m., Villalar, Arsalar,...","og_url":"https:\/\/toravilla.com\/zh\/1220-2\/","og_site_name":"Toravilla","article_publisher":"https:\/\/www.facebook.com\/people\/Toravilla-Alanya\/100086007282611\/","article_modified_time":"2022-12-13T18:00:55+00:00","twitter_card":"summary_large_image","twitter_site":"@Toravilla","twitter_misc":{"\u9884\u8ba1\u9605\u8bfb\u65f6\u95f4":"1 \u5206"},"schema":{"@context":"https:\/\/schema.org","@graph":[{"@type":"WebPage","@id":"https:\/\/toravilla.com\/1220-2\/","url":"https:\/\/toravilla.com\/1220-2\/","name":"Hakk\u0131m\u0131zda - Toravilla","isPartOf":{"@id":"https:\/\/toravilla.com\/#website"},"datePublished":"2021-06-30T10:51:37+00:00","dateModified":"2022-12-13T18:00:55+00:00","breadcrumb":{"@id":"https:\/\/toravilla.com\/1220-2\/#breadcrumb"},"inLanguage":"zh-Hans","potentialAction":[{"@type":"ReadAction","target":["https:\/\/toravilla.com\/1220-2\/"]}]},{"@type":"BreadcrumbList","@id":"https:\/\/toravilla.com\/1220-2\/#breadcrumb","itemListElement":[{"@type":"ListItem","position":1,"name":"Anasayfa","item":"https:\/\/toravilla.com\/"},{"@type":"ListItem","position":2,"name":"Hakk\u0131m\u0131zda"}]},{"@type":"WebSite","@id":"https:\/\/toravilla.com\/#website","url":"https:\/\/toravilla.com\/","name":"Toravilla","description":"building your future","publisher":{"@id":"https:\/\/toravilla.com\/#organization"},"potentialAction":[{"@type":"SearchAction","target":{"@type":"EntryPoint","urlTemplate":"https:\/\/toravilla.com\/?s={search_term_string}"},"query-input":"required name=search_term_string"}],"inLanguage":"zh-Hans"},{"@type":"Organization","@id":"https:\/\/toravilla.com\/#organization","name":"Toravilla","url":"https:\/\/toravilla.com\/","logo":{"@type":"ImageObject","inLanguage":"zh-Hans","@id":"https:\/\/toravilla.com\/#\/schema\/logo\/image\/","url":"https:\/\/toravilla.com\/wp-content\/uploads\/2020\/02\/toravilla-site-logo-yeni-2.png","contentUrl":"https:\/\/toravilla.com\/wp-content\/uploads\/2020\/02\/toravilla-site-logo-yeni-2.png","width":300,"height":100,"caption":"Toravilla"},"image":{"@id":"https:\/\/toravilla.com\/#\/schema\/logo\/image\/"},"sameAs":["https:\/\/www.facebook.com\/people\/Toravilla-Alanya\/100086007282611\/","https:\/\/twitter.com\/Toravilla","https:\/\/www.instagram.com\/toravillaemlak\/","https:\/\/www.linkedin.com\/company\/toravilla\/","https:\/\/www.youtube.com\/channel\/UCQWd3zRkPFLlIlRuDRZafNg"]}]}},"_links":{"self":[{"href":"https:\/\/toravilla.com\/zh\/wp-json\/wp\/v2\/pages\/1220","targetHints":{"allow":["GET"]}}],"collection":[{"href":"https:\/\/toravilla.com\/zh\/wp-json\/wp\/v2\/pages"}],"about":[{"href":"https:\/\/toravilla.com\/zh\/wp-json\/wp\/v2\/types\/page"}],"author":[{"embeddable":true,"href":"https:\/\/toravilla.com\/zh\/wp-json\/wp\/v2\/users\/1"}],"replies":[{"embeddable":true,"href":"https:\/\/toravilla.com\/zh\/wp-json\/wp\/v2\/comments?post=1220"}],"version-history":[{"count":1,"href":"https:\/\/toravilla.com\/zh\/wp-json\/wp\/v2\/pages\/1220\/revisions"}],"predecessor-version":[{"id":7880,"href":"https:\/\/toravilla.com\/zh\/wp-json\/wp\/v2\/pages\/1220\/revisions\/7880"}],"wp:attachment":[{"href":"https:\/\/toravilla.com\/zh\/wp-json\/wp\/v2\/media?parent=1220"}],"curies":[{"name":"wp","href":"https:\/\/api.w.org\/{rel}","templated":true}]}}