{"id":1237,"date":"2021-06-30T16:46:23","date_gmt":"2021-06-30T16:46:23","guid":{"rendered":"http:\/\/toravilla.com\/?page_id=1237"},"modified":"2022-12-13T18:01:10","modified_gmt":"2022-12-13T18:01:10","slug":"turkiyede-nasil-emlak-alinir","status":"publish","type":"page","link":"https:\/\/toravilla.com\/zh\/turkiyede-nasil-emlak-alinir\/","title":{"rendered":"T\u00fcrkiye&#8217;de nas\u0131l emlak al\u0131n\u0131r?"},"content":{"rendered":"<p><strong><span>Sat\u0131n Alma S\u00fcrecinde\u00a0<\/span><\/strong><strong><span>hangi belgeler gereklidir?<\/span><\/strong><\/p>\n<p><b>Sat\u0131c\u0131<\/b><\/p>\n<ul>\n<li>N\u00fcfus c\u00fczdan\u0131 asl\u0131 ve fotokopisi<\/li>\n<li>1 adet foto\u011fraf<\/li>\n<li>Tapu fotokopisi<\/li>\n<li>Belediyeden al\u0131nan beyan de\u011feri<\/li>\n<li>Deprem sigortas\u0131 fotokopisi (ferdi iskan\u0131 al\u0131nm\u0131\u015f konut i\u00e7in)<\/li>\n<\/ul>\n<p><b>Al\u0131c\u0131<\/b><\/p>\n<ul>\n<li>N\u00fcfus c\u00fczdan\u0131 asl\u0131 ve fotokopisi<\/li>\n<li>2 adet foto\u011fraf<\/li>\n<\/ul>","protected":false},"excerpt":{"rendered":"<p>Sat\u0131n Alma S\u00fcrecinde\u00a0hangi belgeler gereklidir? Sat\u0131c\u0131 N\u00fcfus c\u00fczdan\u0131 asl\u0131 ve fotokopisi 1 adet foto\u011fraf Tapu fotokopisi Belediyeden al\u0131nan beyan de\u011feri Deprem sigortas\u0131 fotokopisi (ferdi iskan\u0131 al\u0131nm\u0131\u015f konut i\u00e7in) Al\u0131c\u0131 N\u00fcfus c\u00fczdan\u0131 asl\u0131 ve fotokopisi 2 adet foto\u011fraf<\/p>","protected":false},"author":1,"featured_media":0,"parent":0,"menu_order":0,"comment_status":"closed","ping_status":"closed","template":"","meta":{"_mi_skip_tracking":false,"footnotes":""},"class_list":["post-1237","page","type-page","status-publish","hentry"],"yoast_head":"<!-- This site is optimized with the Yoast SEO plugin v20.1 - https:\/\/yoast.com\/wordpress\/plugins\/seo\/ -->\n<title>T\u00fcrkiye&#039;de nas\u0131l emlak al\u0131n\u0131r? - Toravilla<\/title>\n<meta name=\"robots\" content=\"index, follow, max-snippet:-1, max-image-preview:large, max-video-preview:-1\" \/>\n<link rel=\"canonical\" href=\"https:\/\/toravilla.com\/zh\/turkiyede-nasil-emlak-alinir\/\" \/>\n<meta property=\"og:locale\" content=\"zh_CN\" \/>\n<meta property=\"og:type\" content=\"article\" \/>\n<meta property=\"og:title\" content=\"T\u00fcrkiye&#039;de nas\u0131l emlak al\u0131n\u0131r? - Toravilla\" \/>\n<meta property=\"og:description\" content=\"Sat\u0131n Alma S\u00fcrecinde\u00a0hangi belgeler gereklidir? Sat\u0131c\u0131 N\u00fcfus c\u00fczdan\u0131 asl\u0131 ve fotokopisi 1 adet foto\u011fraf Tapu fotokopisi Belediyeden al\u0131nan beyan de\u011feri Deprem sigortas\u0131 fotokopisi (ferdi iskan\u0131 al\u0131nm\u0131\u015f konut i\u00e7in) Al\u0131c\u0131 N\u00fcfus c\u00fczdan\u0131 asl\u0131 ve fotokopisi 2 adet foto\u011fraf\" \/>\n<meta property=\"og:url\" content=\"https:\/\/toravilla.com\/zh\/turkiyede-nasil-emlak-alinir\/\" \/>\n<meta property=\"og:site_name\" content=\"Toravilla\" \/>\n<meta property=\"article:publisher\" content=\"https:\/\/www.facebook.com\/people\/Toravilla-Alanya\/100086007282611\/\" \/>\n<meta property=\"article:modified_time\" content=\"2022-12-13T18:01:10+00:00\" \/>\n<meta name=\"twitter:card\" content=\"summary_large_image\" \/>\n<meta name=\"twitter:site\" content=\"@Toravilla\" \/>\n<script type=\"application\/ld+json\" class=\"yoast-schema-graph\">{\"@context\":\"https:\/\/schema.org\",\"@graph\":[{\"@type\":\"WebPage\",\"@id\":\"https:\/\/toravilla.com\/turkiyede-nasil-emlak-alinir\/\",\"url\":\"https:\/\/toravilla.com\/turkiyede-nasil-emlak-alinir\/\",\"name\":\"T\u00fcrkiye'de nas\u0131l emlak al\u0131n\u0131r? - Toravilla\",\"isPartOf\":{\"@id\":\"https:\/\/toravilla.com\/#website\"},\"datePublished\":\"2021-06-30T16:46:23+00:00\",\"dateModified\":\"2022-12-13T18:01:10+00:00\",\"breadcrumb\":{\"@id\":\"https:\/\/toravilla.com\/turkiyede-nasil-emlak-alinir\/#breadcrumb\"},\"inLanguage\":\"zh-Hans\",\"potentialAction\":[{\"@type\":\"ReadAction\",\"target\":[\"https:\/\/toravilla.com\/turkiyede-nasil-emlak-alinir\/\"]}]},{\"@type\":\"BreadcrumbList\",\"@id\":\"https:\/\/toravilla.com\/turkiyede-nasil-emlak-alinir\/#breadcrumb\",\"itemListElement\":[{\"@type\":\"ListItem\",\"position\":1,\"name\":\"Anasayfa\",\"item\":\"https:\/\/toravilla.com\/\"},{\"@type\":\"ListItem\",\"position\":2,\"name\":\"T\u00fcrkiye&#8217;de nas\u0131l emlak al\u0131n\u0131r?\"}]},{\"@type\":\"WebSite\",\"@id\":\"https:\/\/toravilla.com\/#website\",\"url\":\"https:\/\/toravilla.com\/\",\"name\":\"Toravilla\",\"description\":\"building your future\",\"publisher\":{\"@id\":\"https:\/\/toravilla.com\/#organization\"},\"potentialAction\":[{\"@type\":\"SearchAction\",\"target\":{\"@type\":\"EntryPoint\",\"urlTemplate\":\"https:\/\/toravilla.com\/?s={search_term_string}\"},\"query-input\":\"required name=search_term_string\"}],\"inLanguage\":\"zh-Hans\"},{\"@type\":\"Organization\",\"@id\":\"https:\/\/toravilla.com\/#organization\",\"name\":\"Toravilla\",\"url\":\"https:\/\/toravilla.com\/\",\"logo\":{\"@type\":\"ImageObject\",\"inLanguage\":\"zh-Hans\",\"@id\":\"https:\/\/toravilla.com\/#\/schema\/logo\/image\/\",\"url\":\"https:\/\/toravilla.com\/wp-content\/uploads\/2020\/02\/toravilla-site-logo-yeni-2.png\",\"contentUrl\":\"https:\/\/toravilla.com\/wp-content\/uploads\/2020\/02\/toravilla-site-logo-yeni-2.png\",\"width\":300,\"height\":100,\"caption\":\"Toravilla\"},\"image\":{\"@id\":\"https:\/\/toravilla.com\/#\/schema\/logo\/image\/\"},\"sameAs\":[\"https:\/\/www.facebook.com\/people\/Toravilla-Alanya\/100086007282611\/\",\"https:\/\/twitter.com\/Toravilla\",\"https:\/\/www.instagram.com\/toravillaemlak\/\",\"https:\/\/www.linkedin.com\/company\/toravilla\/\",\"https:\/\/www.youtube.com\/channel\/UCQWd3zRkPFLlIlRuDRZafNg\"]}]}<\/script>\n<!-- \/ Yoast SEO plugin. -->","yoast_head_json":{"title":"T\u00fcrkiye'de nas\u0131l emlak al\u0131n\u0131r? - Toravilla","robots":{"index":"index","follow":"follow","max-snippet":"max-snippet:-1","max-image-preview":"max-image-preview:large","max-video-preview":"max-video-preview:-1"},"canonical":"https:\/\/toravilla.com\/zh\/turkiyede-nasil-emlak-alinir\/","og_locale":"zh_CN","og_type":"article","og_title":"T\u00fcrkiye'de nas\u0131l emlak al\u0131n\u0131r? - Toravilla","og_description":"Sat\u0131n Alma S\u00fcrecinde\u00a0hangi belgeler gereklidir? Sat\u0131c\u0131 N\u00fcfus c\u00fczdan\u0131 asl\u0131 ve fotokopisi 1 adet foto\u011fraf Tapu fotokopisi Belediyeden al\u0131nan beyan de\u011feri Deprem sigortas\u0131 fotokopisi (ferdi iskan\u0131 al\u0131nm\u0131\u015f konut i\u00e7in) Al\u0131c\u0131 N\u00fcfus c\u00fczdan\u0131 asl\u0131 ve fotokopisi 2 adet foto\u011fraf","og_url":"https:\/\/toravilla.com\/zh\/turkiyede-nasil-emlak-alinir\/","og_site_name":"Toravilla","article_publisher":"https:\/\/www.facebook.com\/people\/Toravilla-Alanya\/100086007282611\/","article_modified_time":"2022-12-13T18:01:10+00:00","twitter_card":"summary_large_image","twitter_site":"@Toravilla","schema":{"@context":"https:\/\/schema.org","@graph":[{"@type":"WebPage","@id":"https:\/\/toravilla.com\/turkiyede-nasil-emlak-alinir\/","url":"https:\/\/toravilla.com\/turkiyede-nasil-emlak-alinir\/","name":"T\u00fcrkiye'de nas\u0131l emlak al\u0131n\u0131r? - Toravilla","isPartOf":{"@id":"https:\/\/toravilla.com\/#website"},"datePublished":"2021-06-30T16:46:23+00:00","dateModified":"2022-12-13T18:01:10+00:00","breadcrumb":{"@id":"https:\/\/toravilla.com\/turkiyede-nasil-emlak-alinir\/#breadcrumb"},"inLanguage":"zh-Hans","potentialAction":[{"@type":"ReadAction","target":["https:\/\/toravilla.com\/turkiyede-nasil-emlak-alinir\/"]}]},{"@type":"BreadcrumbList","@id":"https:\/\/toravilla.com\/turkiyede-nasil-emlak-alinir\/#breadcrumb","itemListElement":[{"@type":"ListItem","position":1,"name":"Anasayfa","item":"https:\/\/toravilla.com\/"},{"@type":"ListItem","position":2,"name":"T\u00fcrkiye&#8217;de nas\u0131l emlak al\u0131n\u0131r?"}]},{"@type":"WebSite","@id":"https:\/\/toravilla.com\/#website","url":"https:\/\/toravilla.com\/","name":"Toravilla","description":"building your future","publisher":{"@id":"https:\/\/toravilla.com\/#organization"},"potentialAction":[{"@type":"SearchAction","target":{"@type":"EntryPoint","urlTemplate":"https:\/\/toravilla.com\/?s={search_term_string}"},"query-input":"required name=search_term_string"}],"inLanguage":"zh-Hans"},{"@type":"Organization","@id":"https:\/\/toravilla.com\/#organization","name":"Toravilla","url":"https:\/\/toravilla.com\/","logo":{"@type":"ImageObject","inLanguage":"zh-Hans","@id":"https:\/\/toravilla.com\/#\/schema\/logo\/image\/","url":"https:\/\/toravilla.com\/wp-content\/uploads\/2020\/02\/toravilla-site-logo-yeni-2.png","contentUrl":"https:\/\/toravilla.com\/wp-content\/uploads\/2020\/02\/toravilla-site-logo-yeni-2.png","width":300,"height":100,"caption":"Toravilla"},"image":{"@id":"https:\/\/toravilla.com\/#\/schema\/logo\/image\/"},"sameAs":["https:\/\/www.facebook.com\/people\/Toravilla-Alanya\/100086007282611\/","https:\/\/twitter.com\/Toravilla","https:\/\/www.instagram.com\/toravillaemlak\/","https:\/\/www.linkedin.com\/company\/toravilla\/","https:\/\/www.youtube.com\/channel\/UCQWd3zRkPFLlIlRuDRZafNg"]}]}},"_links":{"self":[{"href":"https:\/\/toravilla.com\/zh\/wp-json\/wp\/v2\/pages\/1237","targetHints":{"allow":["GET"]}}],"collection":[{"href":"https:\/\/toravilla.com\/zh\/wp-json\/wp\/v2\/pages"}],"about":[{"href":"https:\/\/toravilla.com\/zh\/wp-json\/wp\/v2\/types\/page"}],"author":[{"embeddable":true,"href":"https:\/\/toravilla.com\/zh\/wp-json\/wp\/v2\/users\/1"}],"replies":[{"embeddable":true,"href":"https:\/\/toravilla.com\/zh\/wp-json\/wp\/v2\/comments?post=1237"}],"version-history":[{"count":1,"href":"https:\/\/toravilla.com\/zh\/wp-json\/wp\/v2\/pages\/1237\/revisions"}],"predecessor-version":[{"id":7889,"href":"https:\/\/toravilla.com\/zh\/wp-json\/wp\/v2\/pages\/1237\/revisions\/7889"}],"wp:attachment":[{"href":"https:\/\/toravilla.com\/zh\/wp-json\/wp\/v2\/media?parent=1237"}],"curies":[{"name":"wp","href":"https:\/\/api.w.org\/{rel}","templated":true}]}}