{"id":8813,"date":"2023-03-29T07:02:09","date_gmt":"2023-03-29T07:02:09","guid":{"rendered":"https:\/\/toravilla.com\/?page_id=8813"},"modified":"2023-03-29T07:02:09","modified_gmt":"2023-03-29T07:02:09","slug":"gayrimenkul-degerleme-raporu","status":"publish","type":"page","link":"https:\/\/toravilla.com\/zh\/hizmetlerimiz\/gayrimenkul-degerleme-raporu\/","title":{"rendered":"\u7269\u4e1a\u4f30\u4ef7\u62a5\u544a"},"content":{"rendered":"<p>Gayrimenkul de\u011ferleme raporu, yabanc\u0131 emlak al\u0131c\u0131lar\u0131n\u0131 do\u011frulamak i\u00e7in olan bir rapordur.\u00a0Bu m\u00fclk\u00fcn\u00fcz i\u00e7in de\u011ferleme raporundan yap\u0131lacak evraklar ve de\u011ferlendirme raporu hakk\u0131nda bilgi bulabilirsiniz.\u00a0TC \u00c7evre ve \u015eehircilik Tapu ve Kadastro Genel M\u00fcd\u00fcrl\u00fc\u011f\u00fc Yabanc\u0131 \u0130\u015fler Daire Ba\u015fkanl\u0131\u011f\u0131\u2019n\u0131n.02.2019\u00a0\u00a0<a href=\"https:\/\/www.tkgm.gov.tr\/sites\/default\/files\/icerik\/ekleri\/yabancilarin_tasinmaz_ediniminde_degerleme_raporu_alinmasi_hakkinda_2019-1_ocr.pdf\">genelgesi<\/a>\u00a0\u00a0ile T\u00fcrkiye\u2019de yer gibi ger\u00e7ek olmayan sat\u0131n al\u0131nmak i\u00e7in hale geldi.\u00a0Ger\u00e7ekle\u015ftirilecek, sat\u0131n al\u0131nmak \u00fczere sat\u0131n al\u0131nabilecek bir nesnel m\u00fclk sat\u0131n al\u0131nmak \u00fczere de\u011ferlendirilebilecek bir incelemede aranacak \u015fekilde g\u00f6zden ge\u00e7irilecek 3 s\u00fcre ba\u015fvurulmak kay\u0131tlar\u0131yla tamamlanamayacak kadar ge\u00e7erlili\u011fi.\u00a0Yabanc\u0131ya sat\u0131\u015f, sat\u0131\u015f raporundaki tahmin raporu, tamam\u0131 i\u00e7in ekspertiz raporu al\u0131c\u0131lar\u0131 birtur.\u00a0<strong>De\u011ferleme verileri verileri<\/strong>\u00a0\u00a0:<\/p>\n<ul>\n<li>\u771f\u5b9e\u56fe\u7247<\/li>\n<li>\u5730\u5951\u4fe1\u606f<\/li>\n<li>Konum hakk\u0131nda bilgiler<\/li>\n<li>Tapu ve Kadastro Genel M\u00fcd\u00fcrl\u00fc\u011f\u00fc teknik bilgiler ve bor\u00e7 durumudur<\/li>\n<li>benzer \u015fekilde m\u00fclklerin fiyatlar\u0131n\u0131n yan\u0131 s\u0131ra fiyattan u\u00e7ak bileti<\/li>\n<\/ul>\n<p><strong>T\u00fcrkiye\u2019de \u0130ki \u00c7e\u015fit De\u011ferleme Raporu Vard\u0131r<\/strong><\/p>\n<ul>\n<li>\u5b83\u9002\u7528\u4e8e\u8d22\u4ea7\u8bc4\u4f30\u62a5\u544a\uff1a\u00a0<em>\u516c\u5bd3\u6216\u72ec\u7acb\u5f0f\u4f4f\u5b85\u3001\u8d2d\u7269\u4e2d\u5fc3\u3001\u529e\u516c\u5ba4\u3001\u519c\u7530\u7b49\u3002<\/em><\/li>\n<li>\u5bf9\u9644\u6709\u53ef\u884c\u6027\u62a5\u544a\u7684\u9152\u5e97\u9879\u76ee\u8bc4\u4f30\u6709\u6548\uff1a\u00a0<em>\u571f\u5730\u6295\u8d44\u3001\u5546\u4e1a\u6295\u8d44\u3001\u73af\u5883\u6295\u8d44\u3001\u8d2d\u7269\u4e2d\u5fc3\u6295\u8d44\u3001\u5efa\u7b51\u6295\u8d44\u7b49\u3002<\/em><\/li>\n<\/ul>\n<p>&nbsp;<\/p>\n<h4>Toravilla Gayrimenkul Olarak Rol\u00fcm\u00fcz\u2026<\/h4>\n<p>Toravilla Emlak olarak, kolay bir i\u015fi i\u00e7in \u00e7ok \u00e7aba sarf etmek.\u00a0Sadece SPK taraf\u0131ndan yetkilendirilen puanlanma ile yard\u0131m yap\u0131yoruz.\u00a0<em>\u623f\u5730\u4ea7\u4f30\u4ef7\u62a5\u544a\u53ef\u5728 2-3 \u5929\u5185\u5b8c\u6210\u3002\u00a0<\/em>\u00a0<em>\u4f01\u4e1a\u3001\u4e1a\u52a1\u6216\u571f\u5730\u7684\u53ef\u884c\u6027\u7814\u7a76\u53ef\u80fd\u9700\u8981 2 \u5468\u5230 1 \u4e2a\u6708\u7684\u65f6\u95f4\u3002\u00a0<\/em><\/p>","protected":false},"excerpt":{"rendered":"<p>Gayrimenkul de\u011ferleme raporu, yabanc\u0131 emlak al\u0131c\u0131lar\u0131n\u0131 do\u011frulamak i\u00e7in olan bir rapordur.\u00a0Bu m\u00fclk\u00fcn\u00fcz i\u00e7in de\u011ferleme raporundan yap\u0131lacak evraklar ve de\u011ferlendirme raporu hakk\u0131nda bilgi bulabilirsiniz.\u00a0TC \u00c7evre ve \u015eehircilik Tapu ve Kadastro Genel M\u00fcd\u00fcrl\u00fc\u011f\u00fc Yabanc\u0131 \u0130\u015fler Daire Ba\u015fkanl\u0131\u011f\u0131\u2019n\u0131n.02.2019\u00a0\u00a0genelgesi\u00a0\u00a0ile T\u00fcrkiye\u2019de yer gibi ger\u00e7ek olmayan sat\u0131n al\u0131nmak i\u00e7in hale geldi.\u00a0Ger\u00e7ekle\u015ftirilecek, sat\u0131n al\u0131nmak \u00fczere sat\u0131n al\u0131nabilecek bir nesnel m\u00fclk sat\u0131n al\u0131nmak&#8230;<\/p>","protected":false},"author":1,"featured_media":0,"parent":8765,"menu_order":0,"comment_status":"closed","ping_status":"closed","template":"","meta":{"_mi_skip_tracking":false,"footnotes":""},"class_list":["post-8813","page","type-page","status-publish","hentry"],"yoast_head":"<!-- This site is optimized with the Yoast SEO plugin v20.1 - https:\/\/yoast.com\/wordpress\/plugins\/seo\/ -->\n<title>Gayrimenkul De\u011ferleme Raporu - Toravilla<\/title>\n<meta name=\"description\" content=\"Gayrimenkul De\u011ferleme Raporu, yabanc\u0131 emlak al\u0131c\u0131lar\u0131n\u0131 do\u011frulamak i\u00e7in olan bir rapordur. Daha fazla bilgi i\u00e7in t\u0131klay\u0131n\u0131z...\" \/>\n<meta name=\"robots\" content=\"index, follow, max-snippet:-1, max-image-preview:large, max-video-preview:-1\" \/>\n<link rel=\"canonical\" href=\"https:\/\/toravilla.com\/zh\/hizmetlerimiz\/gayrimenkul-degerleme-raporu\/\" \/>\n<meta property=\"og:locale\" content=\"zh_CN\" \/>\n<meta property=\"og:type\" content=\"article\" \/>\n<meta property=\"og:title\" content=\"Gayrimenkul De\u011ferleme Raporu - Toravilla\" \/>\n<meta property=\"og:description\" content=\"Gayrimenkul De\u011ferleme Raporu, yabanc\u0131 emlak al\u0131c\u0131lar\u0131n\u0131 do\u011frulamak i\u00e7in olan bir rapordur. Daha fazla bilgi i\u00e7in t\u0131klay\u0131n\u0131z...\" \/>\n<meta property=\"og:url\" content=\"https:\/\/toravilla.com\/zh\/hizmetlerimiz\/gayrimenkul-degerleme-raporu\/\" \/>\n<meta property=\"og:site_name\" content=\"Toravilla\" \/>\n<meta property=\"article:publisher\" content=\"https:\/\/www.facebook.com\/people\/Toravilla-Alanya\/100086007282611\/\" \/>\n<meta name=\"twitter:card\" content=\"summary_large_image\" \/>\n<meta name=\"twitter:site\" content=\"@Toravilla\" \/>\n<meta name=\"twitter:label1\" content=\"\u9884\u8ba1\u9605\u8bfb\u65f6\u95f4\" \/>\n\t<meta name=\"twitter:data1\" content=\"2 \u5206\" \/>\n<script type=\"application\/ld+json\" class=\"yoast-schema-graph\">{\"@context\":\"https:\/\/schema.org\",\"@graph\":[{\"@type\":\"WebPage\",\"@id\":\"https:\/\/toravilla.com\/hizmetlerimiz\/gayrimenkul-degerleme-raporu\/\",\"url\":\"https:\/\/toravilla.com\/hizmetlerimiz\/gayrimenkul-degerleme-raporu\/\",\"name\":\"Gayrimenkul De\u011ferleme Raporu - Toravilla\",\"isPartOf\":{\"@id\":\"https:\/\/toravilla.com\/#website\"},\"datePublished\":\"2023-03-29T07:02:09+00:00\",\"dateModified\":\"2023-03-29T07:02:09+00:00\",\"description\":\"Gayrimenkul De\u011ferleme Raporu, yabanc\u0131 emlak al\u0131c\u0131lar\u0131n\u0131 do\u011frulamak i\u00e7in olan bir rapordur. Daha fazla bilgi i\u00e7in t\u0131klay\u0131n\u0131z...\",\"breadcrumb\":{\"@id\":\"https:\/\/toravilla.com\/hizmetlerimiz\/gayrimenkul-degerleme-raporu\/#breadcrumb\"},\"inLanguage\":\"zh-Hans\",\"potentialAction\":[{\"@type\":\"ReadAction\",\"target\":[\"https:\/\/toravilla.com\/hizmetlerimiz\/gayrimenkul-degerleme-raporu\/\"]}]},{\"@type\":\"BreadcrumbList\",\"@id\":\"https:\/\/toravilla.com\/hizmetlerimiz\/gayrimenkul-degerleme-raporu\/#breadcrumb\",\"itemListElement\":[{\"@type\":\"ListItem\",\"position\":1,\"name\":\"Anasayfa\",\"item\":\"https:\/\/toravilla.com\/\"},{\"@type\":\"ListItem\",\"position\":2,\"name\":\"Hizmetlerimiz\",\"item\":\"https:\/\/toravilla.com\/hizmetlerimiz\/\"},{\"@type\":\"ListItem\",\"position\":3,\"name\":\"Gayrimenkul De\u011ferleme Raporu\"}]},{\"@type\":\"WebSite\",\"@id\":\"https:\/\/toravilla.com\/#website\",\"url\":\"https:\/\/toravilla.com\/\",\"name\":\"Toravilla\",\"description\":\"building your future\",\"publisher\":{\"@id\":\"https:\/\/toravilla.com\/#organization\"},\"potentialAction\":[{\"@type\":\"SearchAction\",\"target\":{\"@type\":\"EntryPoint\",\"urlTemplate\":\"https:\/\/toravilla.com\/?s={search_term_string}\"},\"query-input\":\"required name=search_term_string\"}],\"inLanguage\":\"zh-Hans\"},{\"@type\":\"Organization\",\"@id\":\"https:\/\/toravilla.com\/#organization\",\"name\":\"Toravilla\",\"url\":\"https:\/\/toravilla.com\/\",\"logo\":{\"@type\":\"ImageObject\",\"inLanguage\":\"zh-Hans\",\"@id\":\"https:\/\/toravilla.com\/#\/schema\/logo\/image\/\",\"url\":\"https:\/\/toravilla.com\/wp-content\/uploads\/2020\/02\/toravilla-site-logo-yeni-2.png\",\"contentUrl\":\"https:\/\/toravilla.com\/wp-content\/uploads\/2020\/02\/toravilla-site-logo-yeni-2.png\",\"width\":300,\"height\":100,\"caption\":\"Toravilla\"},\"image\":{\"@id\":\"https:\/\/toravilla.com\/#\/schema\/logo\/image\/\"},\"sameAs\":[\"https:\/\/www.facebook.com\/people\/Toravilla-Alanya\/100086007282611\/\",\"https:\/\/twitter.com\/Toravilla\",\"https:\/\/www.instagram.com\/toravillaemlak\/\",\"https:\/\/www.linkedin.com\/company\/toravilla\/\",\"https:\/\/www.youtube.com\/channel\/UCQWd3zRkPFLlIlRuDRZafNg\"]}]}<\/script>\n<!-- \/ Yoast SEO plugin. -->","yoast_head_json":{"title":"Gayrimenkul De\u011ferleme Raporu - Toravilla","description":"Gayrimenkul De\u011ferleme Raporu, yabanc\u0131 emlak al\u0131c\u0131lar\u0131n\u0131 do\u011frulamak i\u00e7in olan bir rapordur. Daha fazla bilgi i\u00e7in t\u0131klay\u0131n\u0131z...","robots":{"index":"index","follow":"follow","max-snippet":"max-snippet:-1","max-image-preview":"max-image-preview:large","max-video-preview":"max-video-preview:-1"},"canonical":"https:\/\/toravilla.com\/zh\/hizmetlerimiz\/gayrimenkul-degerleme-raporu\/","og_locale":"zh_CN","og_type":"article","og_title":"Gayrimenkul De\u011ferleme Raporu - Toravilla","og_description":"Gayrimenkul De\u011ferleme Raporu, yabanc\u0131 emlak al\u0131c\u0131lar\u0131n\u0131 do\u011frulamak i\u00e7in olan bir rapordur. Daha fazla bilgi i\u00e7in t\u0131klay\u0131n\u0131z...","og_url":"https:\/\/toravilla.com\/zh\/hizmetlerimiz\/gayrimenkul-degerleme-raporu\/","og_site_name":"Toravilla","article_publisher":"https:\/\/www.facebook.com\/people\/Toravilla-Alanya\/100086007282611\/","twitter_card":"summary_large_image","twitter_site":"@Toravilla","twitter_misc":{"\u9884\u8ba1\u9605\u8bfb\u65f6\u95f4":"2 \u5206"},"schema":{"@context":"https:\/\/schema.org","@graph":[{"@type":"WebPage","@id":"https:\/\/toravilla.com\/hizmetlerimiz\/gayrimenkul-degerleme-raporu\/","url":"https:\/\/toravilla.com\/hizmetlerimiz\/gayrimenkul-degerleme-raporu\/","name":"Gayrimenkul De\u011ferleme Raporu - Toravilla","isPartOf":{"@id":"https:\/\/toravilla.com\/#website"},"datePublished":"2023-03-29T07:02:09+00:00","dateModified":"2023-03-29T07:02:09+00:00","description":"Gayrimenkul De\u011ferleme Raporu, yabanc\u0131 emlak al\u0131c\u0131lar\u0131n\u0131 do\u011frulamak i\u00e7in olan bir rapordur. Daha fazla bilgi i\u00e7in t\u0131klay\u0131n\u0131z...","breadcrumb":{"@id":"https:\/\/toravilla.com\/hizmetlerimiz\/gayrimenkul-degerleme-raporu\/#breadcrumb"},"inLanguage":"zh-Hans","potentialAction":[{"@type":"ReadAction","target":["https:\/\/toravilla.com\/hizmetlerimiz\/gayrimenkul-degerleme-raporu\/"]}]},{"@type":"BreadcrumbList","@id":"https:\/\/toravilla.com\/hizmetlerimiz\/gayrimenkul-degerleme-raporu\/#breadcrumb","itemListElement":[{"@type":"ListItem","position":1,"name":"Anasayfa","item":"https:\/\/toravilla.com\/"},{"@type":"ListItem","position":2,"name":"Hizmetlerimiz","item":"https:\/\/toravilla.com\/hizmetlerimiz\/"},{"@type":"ListItem","position":3,"name":"Gayrimenkul De\u011ferleme Raporu"}]},{"@type":"WebSite","@id":"https:\/\/toravilla.com\/#website","url":"https:\/\/toravilla.com\/","name":"Toravilla","description":"building your future","publisher":{"@id":"https:\/\/toravilla.com\/#organization"},"potentialAction":[{"@type":"SearchAction","target":{"@type":"EntryPoint","urlTemplate":"https:\/\/toravilla.com\/?s={search_term_string}"},"query-input":"required name=search_term_string"}],"inLanguage":"zh-Hans"},{"@type":"Organization","@id":"https:\/\/toravilla.com\/#organization","name":"Toravilla","url":"https:\/\/toravilla.com\/","logo":{"@type":"ImageObject","inLanguage":"zh-Hans","@id":"https:\/\/toravilla.com\/#\/schema\/logo\/image\/","url":"https:\/\/toravilla.com\/wp-content\/uploads\/2020\/02\/toravilla-site-logo-yeni-2.png","contentUrl":"https:\/\/toravilla.com\/wp-content\/uploads\/2020\/02\/toravilla-site-logo-yeni-2.png","width":300,"height":100,"caption":"Toravilla"},"image":{"@id":"https:\/\/toravilla.com\/#\/schema\/logo\/image\/"},"sameAs":["https:\/\/www.facebook.com\/people\/Toravilla-Alanya\/100086007282611\/","https:\/\/twitter.com\/Toravilla","https:\/\/www.instagram.com\/toravillaemlak\/","https:\/\/www.linkedin.com\/company\/toravilla\/","https:\/\/www.youtube.com\/channel\/UCQWd3zRkPFLlIlRuDRZafNg"]}]}},"_links":{"self":[{"href":"https:\/\/toravilla.com\/zh\/wp-json\/wp\/v2\/pages\/8813","targetHints":{"allow":["GET"]}}],"collection":[{"href":"https:\/\/toravilla.com\/zh\/wp-json\/wp\/v2\/pages"}],"about":[{"href":"https:\/\/toravilla.com\/zh\/wp-json\/wp\/v2\/types\/page"}],"author":[{"embeddable":true,"href":"https:\/\/toravilla.com\/zh\/wp-json\/wp\/v2\/users\/1"}],"replies":[{"embeddable":true,"href":"https:\/\/toravilla.com\/zh\/wp-json\/wp\/v2\/comments?post=8813"}],"version-history":[{"count":1,"href":"https:\/\/toravilla.com\/zh\/wp-json\/wp\/v2\/pages\/8813\/revisions"}],"predecessor-version":[{"id":8814,"href":"https:\/\/toravilla.com\/zh\/wp-json\/wp\/v2\/pages\/8813\/revisions\/8814"}],"up":[{"embeddable":true,"href":"https:\/\/toravilla.com\/zh\/wp-json\/wp\/v2\/pages\/8765"}],"wp:attachment":[{"href":"https:\/\/toravilla.com\/zh\/wp-json\/wp\/v2\/media?parent=8813"}],"curies":[{"name":"wp","href":"https:\/\/api.w.org\/{rel}","templated":true}]}}